{"id":16815,"date":"2023-09-20T17:08:35","date_gmt":"2023-09-20T09:08:35","guid":{"rendered":"https:\/\/www.garden-kit.com\/?page_id=16815"},"modified":"2023-09-21T17:27:55","modified_gmt":"2023-09-21T09:27:55","slug":"bonsai-starter-kit1","status":"publish","type":"page","link":"https:\/\/www.garden-kit.com\/de\/bonsai-starter-kit1\/","title":{"rendered":"Bonsai-Starter-Kit"},"content":{"rendered":"<div data-elementor-type=\"wp-page\" data-elementor-id=\"16815\" class=\"elementor elementor-16815\" data-elementor-settings=\"[]\">\n\t\t\t\t\t\t\t<div class=\"elementor-section-wrap\">\n\t\t\t\t\t\t\t<section class=\"elementor-section elementor-top-section elementor-element elementor-element-3aff889 elementor-section-boxed elementor-section-height-default elementor-section-height-default\" data-id=\"3aff889\" data-element_type=\"section\">\n\t\t\t\t\t\t<div class=\"elementor-container elementor-column-gap-default\">\n\t\t\t\t\t<div class=\"elementor-column elementor-col-100 elementor-top-column elementor-element elementor-element-49ff700\" data-id=\"49ff700\" data-element_type=\"column\">\n\t\t\t<div class=\"elementor-widget-wrap elementor-element-populated\">\n\t\t\t\t\t\t\t\t<div class=\"elementor-element elementor-element-64e6f5a elementor-widget elementor-widget-woocommerce-breadcrumb\" data-id=\"64e6f5a\" data-element_type=\"widget\" data-widget_type=\"woocommerce-breadcrumb.default\">\n\t\t\t\t<div class=\"elementor-widget-container\">\n\t\t\t<nav class=\"woocommerce-breadcrumb\" data-no-translation=\"\" data-trp-gettext=\"\">\uc9d1<\/nav>\t\t<\/div>\n\t\t\t\t<\/div>\n\t\t\t\t\t<\/div>\n\t\t<\/div>\n\t\t\t\t\t\t\t<\/div>\n\t\t<\/section>\n\t\t\t\t<section class=\"elementor-section elementor-top-section elementor-element elementor-element-f0cc7a0 elementor-section-full_width elementor-section-height-default elementor-section-height-default\" data-id=\"f0cc7a0\" data-element_type=\"section\">\n\t\t\t\t\t\t<div class=\"elementor-container elementor-column-gap-default\">\n\t\t\t\t\t<div class=\"elementor-column elementor-col-50 elementor-top-column elementor-element elementor-element-a4bafc9\" data-id=\"a4bafc9\" data-element_type=\"column\">\n\t\t\t<div class=\"elementor-widget-wrap elementor-element-populated\">\n\t\t\t\t\t\t\t\t<div class=\"elementor-element elementor-element-3e11e89 elementor-widget elementor-widget-image\" data-id=\"3e11e89\" data-element_type=\"widget\" data-widget_type=\"image.default\">\n\t\t\t\t<div class=\"elementor-widget-container\">\n\t\t\t<style>\/*! elementor - v3.5.4 - 23-01-2022 *\/\n.elementor-widget-image{text-align:center}.elementor-widget-image a{display:inline-block}.elementor-widget-image a img[src$=\".svg\"]{width:48px}.elementor-widget-image img{vertical-align:middle;display:inline-block}<\/style>\t\t\t\t\t\t\t\t\t\t\t\t<img decoding=\"async\" width=\"499\" height=\"499\" src=\"https:\/\/www.garden-kit.com\/wp-content\/uploads\/2023\/09\/bonsai-garden-kit.webp\" class=\"attachment-large size-large\" alt=\"Bonsai-Starter-Kit\" loading=\"lazy\" title=\"\">\t\t\t\t\t\t\t\t\t\t\t\t\t\t\t<\/div>\n\t\t\t\t<\/div>\n\t\t\t\t\t<\/div>\n\t\t<\/div>\n\t\t\t\t<div class=\"elementor-column elementor-col-50 elementor-top-column elementor-element elementor-element-ff51782\" data-id=\"ff51782\" data-element_type=\"column\">\n\t\t\t<div class=\"elementor-widget-wrap elementor-element-populated\">\n\t\t\t\t\t\t\t\t<div class=\"elementor-element elementor-element-dee6194 elementor-widget elementor-widget-heading\" data-id=\"dee6194\" data-element_type=\"widget\" data-widget_type=\"heading.default\">\n\t\t\t\t<div class=\"elementor-widget-container\">\n\t\t\t<style>\/*! elementor - v3.5.4 - 23-01-2022 *\/\n.elementor-heading-title{padding:0;margin:0;line-height:1}.elementor-widget-heading .elementor-heading-title[class*=elementor-size-]>a{color:inherit;font-size:inherit;line-height:inherit}.elementor-widget-heading .elementor-heading-title.elementor-size-small{font-size:15px}.elementor-widget-heading .elementor-heading-title.elementor-size-medium{font-size:19px}.elementor-widget-heading .elementor-heading-title.elementor-size-large{font-size:29px}.elementor-widget-heading .elementor-heading-title.elementor-size-xl{font-size:39px}.elementor-widget-heading .elementor-heading-title.elementor-size-xxl{font-size:59px}<\/style><h1 class=\"elementor-heading-title elementor-size-default\">Bonsai-Starter-Kit<\/h1>\t\t<\/div>\n\t\t\t\t<\/div>\n\t\t\t\t<div class=\"elementor-element elementor-element-9a8935a elementor-widget elementor-widget-text-editor\" data-id=\"9a8935a\" data-element_type=\"widget\" data-widget_type=\"text-editor.default\">\n\t\t\t\t<div class=\"elementor-widget-container\">\n\t\t\t<style>\/*! elementor - v3.5.4 - 23-01-2022 *\/\n.elementor-widget-text-editor.elementor-drop-cap-view-stacked .elementor-drop-cap{background-color:#818a91;color:#fff}.elementor-widget-text-editor.elementor-drop-cap-view-framed .elementor-drop-cap{color:#818a91;border:3px solid;background-color:transparent}.elementor-widget-text-editor:not(.elementor-drop-cap-view-default) .elementor-drop-cap{margin-top:8px}.elementor-widget-text-editor:not(.elementor-drop-cap-view-default) .elementor-drop-cap-letter{width:1em;height:1em}.elementor-widget-text-editor .elementor-drop-cap{float:left;text-align:center;line-height:1;font-size:50px}.elementor-widget-text-editor .elementor-drop-cap-letter{display:inline-block}<\/style>\t\t\t\t<p>Z\u00fcchten Sie Ihren Bonsai-Baum aus Samen!<\/p><p>Unsere verschiedenen Bonsai-Baum-Sets verleihen Ihrem Wohnraum einen Hauch von Freude. Unser Bonsai-Baum-Starterset enth\u00e4lt alles, was Sie zum Z\u00fcchten Ihres eigenen Bonsai-Baums ben\u00f6tigen. Wir w\u00e4hlen f\u00fcr Sie alle darin enthaltenen Teile sorgf\u00e4ltig aus, um eine gleichbleibend gute Qualit\u00e4t sicherzustellen. Selbstverst\u00e4ndlich k\u00f6nnen wir Ihnen auch ein individuelles Bonsai-Samen-Set entsprechend Ihren Bed\u00fcrfnissen anbieten. Sie k\u00f6nnen die Freude am Z\u00fcchten eines Bonsai-Baums erleben, sobald Sie unser Bonsai-Baum-Startpaket mit Samen erhalten, die ausgew\u00e4hlt und auf ihre Keimf\u00e4higkeit getestet wurden. Auch wenn sie auf den ersten Blick klein aussehen, sind sie robust und eine perfekte Erg\u00e4nzung f\u00fcr Ihr Zuhause.<\/p>\t\t\t\t\t\t<\/div>\n\t\t\t\t<\/div>\n\t\t\t\t<div class=\"elementor-element elementor-element-3dd92a2 elementor-widget elementor-widget-button\" data-id=\"3dd92a2\" data-element_type=\"widget\" data-widget_type=\"button.default\">\n\t\t\t\t<div class=\"elementor-widget-container\">\n\t\t\t\t\t<div class=\"elementor-button-wrapper\">\n\t\t\t<a href=\"#\" class=\"elementor-button-link elementor-button elementor-size-sm\" role=\"button\">\n\t\t\t\t\t\t<span class=\"elementor-button-content-wrapper\">\n\t\t\t\t\t\t<span class=\"elementor-button-text\">klicken Sie hier<\/span>\n\t\t<\/span>\n\t\t\t\t\t<\/a>\n\t\t<\/div>\n\t\t\t\t<\/div>\n\t\t\t\t<\/div>\n\t\t\t\t\t<\/div>\n\t\t<\/div>\n\t\t\t\t\t\t\t<\/div>\n\t\t<\/section>\n\t\t\t\t<section class=\"elementor-section elementor-top-section elementor-element elementor-element-2dc8fbc elementor-section-full_width elementor-section-height-default elementor-section-height-default\" data-id=\"2dc8fbc\" data-element_type=\"section\">\n\t\t\t\t\t\t<div class=\"elementor-container elementor-column-gap-default\">\n\t\t\t\t\t<div class=\"elementor-column elementor-col-50 elementor-top-column elementor-element elementor-element-e7bdc87\" data-id=\"e7bdc87\" data-element_type=\"column\">\n\t\t\t<div class=\"elementor-widget-wrap elementor-element-populated\">\n\t\t\t\t\t\t\t\t<div class=\"elementor-element elementor-element-90372c0 elementor-widget elementor-widget-heading\" data-id=\"90372c0\" data-element_type=\"widget\" data-widget_type=\"heading.default\">\n\t\t\t\t<div class=\"elementor-widget-container\">\n\t\t\t<h2 class=\"elementor-heading-title elementor-size-default\">Warum unsere Samenanbausets?<\/h2>\t\t<\/div>\n\t\t\t\t<\/div>\n\t\t\t\t<div class=\"elementor-element elementor-element-7d6a7fc elementor-widget elementor-widget-text-editor\" data-id=\"7d6a7fc\" data-element_type=\"widget\" data-widget_type=\"text-editor.default\">\n\t\t\t\t<div class=\"elementor-widget-container\">\n\t\t\t\t\t\t\t<ol><li>Wir sind eine professionelle Fabrik f\u00fcr Bonsai-Starterkits. Wir haben viele gro\u00dfe Amazon-Verk\u00e4ufer und gro\u00dfe Superm\u00e4rkte beliefert. Wir haben sehr reiche Erfahrung.<\/li><li>Der Gro\u00dfhandelspreis unseres Bonsai-Starterkits ist sehr gut, niedrige Mindestbestellmenge!<\/li><li>Komplette Zertifizierungen: Wir bieten USDA-Zertifizierung, OMRI-Zertifizierung und die Zertifizierungen, die Sie f\u00fcr den Import ben\u00f6tigen!<\/li><li>Jedes Bonsai-Samenset kann ein perfektes Geschenk f\u00fcr Ihre Familie, Freunde und Lehrer sein<\/li><\/ol><p>\u00a0<\/p><p>Wir nehmen jede Gelegenheit zur Zusammenarbeit sehr ernst. Deshalb investieren wir viel Zeit und Geld in die Perfektionierung unserer Produktionsprozesse, das Testen unserer Samen und den Anbau jeder Charge, bevor sie verkauft wird. Denn wir wollen sicherstellen, dass jeder Samen keimen und wachsen kann.<\/p>\t\t\t\t\t\t<\/div>\n\t\t\t\t<\/div>\n\t\t\t\t\t<\/div>\n\t\t<\/div>\n\t\t\t\t<div class=\"elementor-column elementor-col-50 elementor-top-column elementor-element elementor-element-aebafe3\" data-id=\"aebafe3\" data-element_type=\"column\">\n\t\t\t<div class=\"elementor-widget-wrap elementor-element-populated\">\n\t\t\t\t\t\t\t\t<div class=\"elementor-element elementor-element-bd942d6 elementor-widget elementor-widget-image\" data-id=\"bd942d6\" data-element_type=\"widget\" data-widget_type=\"image.default\">\n\t\t\t\t<div class=\"elementor-widget-container\">\n\t\t\t\t\t\t\t\t\t\t\t\t\t\t\t<img decoding=\"async\" width=\"450\" height=\"450\" src=\"https:\/\/www.garden-kit.com\/wp-content\/uploads\/2023\/09\/Why-our-seed-growing-kits.webp\" class=\"attachment-medium_large size-medium_large\" alt=\"Warum unsere Samenanbau-Sets\" loading=\"lazy\" title=\"\">\t\t\t\t\t\t\t\t\t\t\t\t\t\t\t<\/div>\n\t\t\t\t<\/div>\n\t\t\t\t\t<\/div>\n\t\t<\/div>\n\t\t\t\t\t\t\t<\/div>\n\t\t<\/section>\n\t\t\t\t<section class=\"elementor-section elementor-top-section elementor-element elementor-element-6a29830 elementor-section-full_width elementor-section-height-default elementor-section-height-default\" data-id=\"6a29830\" data-element_type=\"section\">\n\t\t\t\t\t\t<div class=\"elementor-container elementor-column-gap-default\">\n\t\t\t\t\t<div class=\"elementor-column elementor-col-50 elementor-top-column elementor-element elementor-element-8d206b1\" data-id=\"8d206b1\" data-element_type=\"column\">\n\t\t\t<div class=\"elementor-widget-wrap elementor-element-populated\">\n\t\t\t\t\t\t\t\t<div class=\"elementor-element elementor-element-6a06b34 elementor-widget elementor-widget-image\" data-id=\"6a06b34\" data-element_type=\"widget\" data-widget_type=\"image.default\">\n\t\t\t\t<div class=\"elementor-widget-container\">\n\t\t\t\t\t\t\t\t\t\t\t\t\t\t\t<img decoding=\"async\" width=\"800\" height=\"481\" src=\"https:\/\/advich-wordpress-static-resources.s3.us-west-2.amazonaws.com\/test\/20230904151659\/1693812267035.png\" class=\"attachment-large size-large\" alt=\"Bonsai-Baumsorten\" loading=\"lazy\" srcset=\"https:\/\/advich-wordpress-static-resources.s3.us-west-2.amazonaws.com\/test\/20230904151659\/1693812267035.png 801w, https:\/\/advich-wordpress-static-resources.s3.us-west-2.amazonaws.com\/test\/20230904151659\/1693812267035-300x181.png 300w, https:\/\/advich-wordpress-static-resources.s3.us-west-2.amazonaws.com\/test\/20230904151659\/1693812267035-768x462.png 768w, https:\/\/advich-wordpress-static-resources.s3.us-west-2.amazonaws.com\/test\/20230904151659\/1693812267035-18x12.png 18w, https:\/\/advich-wordpress-static-resources.s3.us-west-2.amazonaws.com\/test\/20230904151659\/1693812267035-600x361.png 600w\" sizes=\"(max-width: 800px) 100vw, 800px\" title=\"\">\t\t\t\t\t\t\t\t\t\t\t\t\t\t\t<\/div>\n\t\t\t\t<\/div>\n\t\t\t\t\t<\/div>\n\t\t<\/div>\n\t\t\t\t<div class=\"elementor-column elementor-col-50 elementor-top-column elementor-element elementor-element-dcdeb0b\" data-id=\"dcdeb0b\" data-element_type=\"column\">\n\t\t\t<div class=\"elementor-widget-wrap elementor-element-populated\">\n\t\t\t\t\t\t\t\t<div class=\"elementor-element elementor-element-424d7cb elementor-widget elementor-widget-heading\" data-id=\"424d7cb\" data-element_type=\"widget\" data-widget_type=\"heading.default\">\n\t\t\t\t<div class=\"elementor-widget-container\">\n\t\t\t<h2 class=\"elementor-heading-title elementor-size-default\">Z\u00fcchten Sie Ihren eigenen Bonsai-Baum-Starter-Set \u2013 Wir empfehlen die folgenden Bonsai-Baumsorten:<\/h2>\t\t<\/div>\n\t\t\t\t<\/div>\n\t\t\t\t<div class=\"elementor-element elementor-element-4fccb77 elementor-widget elementor-widget-text-editor\" data-id=\"4fccb77\" data-element_type=\"widget\" data-widget_type=\"text-editor.default\">\n\t\t\t\t<div class=\"elementor-widget-container\">\n\t\t\t\t\t\t\t<ul><li>Acer palmatum (Rotahorn)<\/li><li>Delonix Regia (Flammenbaum)<\/li><li>Jacaranda mimosifolia (Farnbaum)<\/li><li>Lagerstroemia indica (Kreppmyrte)<\/li><li>Picea Abies (Fichte)<\/li><li>Picea Mariana (Schwarzfichte)<\/li><li>Picea pungens (Blaufichte)<\/li><li>Pinus Aristata (Bristlecone Pine)<\/li><li>Pinus elliottii (Schr\u00e4gkiefer)<\/li><li>Pinus tabuliformis (Chinesische Rotkiefer)<\/li><li>Michaelhagedorn Glyzinie<\/li><li>sinensis (Chinesische Glyzinie)<\/li><\/ul>\t\t\t\t\t\t<\/div>\n\t\t\t\t<\/div>\n\t\t\t\t\t<\/div>\n\t\t<\/div>\n\t\t\t\t\t\t\t<\/div>\n\t\t<\/section>\n\t\t\t\t<section class=\"elementor-section elementor-top-section elementor-element elementor-element-7c83c71 elementor-section-full_width elementor-section-height-default elementor-section-height-default\" data-id=\"7c83c71\" data-element_type=\"section\">\n\t\t\t\t\t\t<div class=\"elementor-container elementor-column-gap-default\">\n\t\t\t\t\t<div class=\"elementor-column elementor-col-50 elementor-top-column elementor-element elementor-element-9b3ec75\" data-id=\"9b3ec75\" data-element_type=\"column\">\n\t\t\t<div class=\"elementor-widget-wrap elementor-element-populated\">\n\t\t\t\t\t\t\t\t<div class=\"elementor-element elementor-element-e2591fc elementor-widget elementor-widget-heading\" data-id=\"e2591fc\" data-element_type=\"widget\" data-widget_type=\"heading.default\">\n\t\t\t\t<div class=\"elementor-widget-container\">\n\t\t\t<h2 class=\"elementor-heading-title elementor-size-default\">Unsere Growkit-Liste?<\/h2>\t\t<\/div>\n\t\t\t\t<\/div>\n\t\t\t\t<div class=\"elementor-element elementor-element-ddc082f elementor-widget elementor-widget-text-editor\" data-id=\"ddc082f\" data-element_type=\"widget\" data-widget_type=\"text-editor.default\">\n\t\t\t\t<div class=\"elementor-widget-container\">\n\t\t\t\t\t\t\t<p>Jedes unserer Bonsai-Sets ist ein Unikat. Wir stellen Ihnen in jedem Bonsai-Startset eine gro\u00dfe Auswahl an Bonsai-Baumsamen zur Verf\u00fcgung und stellen au\u00dferdem sicher, dass wir Ihnen alles bieten, was Sie zum Z\u00fcchten Ihres eigenen Bonsai-Baums ben\u00f6tigen. An Pflanzsorgen wird es Ihnen nicht mangeln \u00fcber Werkzeuge.<\/p><p>Jedes Bonsai-Set kann Folgendes enthalten: Passend zu Ihren Bed\u00fcrfnissen<\/p><ul><li>Eine Vielzahl nat\u00fcrlicher Bonsai-Baumsamen (Glyzinie, Flammenbaum, japanische Schwarzkiefer, Granatapfel, Jacaranda und Eukalyptus).<\/li><li>Biologisch abbaubare Blument\u00f6pfe<\/li><li>Plastikbecken<\/li><li>Kokosfaser<\/li><li>Namensschild aus Holz<\/li><li>Pflanzenschneider<\/li><li>Werkzeugset aus Holz<\/li><li>Ausbildung zum Wurzelbonsai<\/li><li>Draht (1mm)<\/li><li>Wachstumsf\u00fchrer<\/li><li>Hygrometer<\/li><\/ul>\t\t\t\t\t\t<\/div>\n\t\t\t\t<\/div>\n\t\t\t\t\t<\/div>\n\t\t<\/div>\n\t\t\t\t<div class=\"elementor-column elementor-col-50 elementor-top-column elementor-element elementor-element-4fe30ca\" data-id=\"4fe30ca\" data-element_type=\"column\">\n\t\t\t<div class=\"elementor-widget-wrap elementor-element-populated\">\n\t\t\t\t\t\t\t\t<div class=\"elementor-element elementor-element-8684c01 elementor-widget elementor-widget-image\" data-id=\"8684c01\" data-element_type=\"widget\" data-widget_type=\"image.default\">\n\t\t\t\t<div class=\"elementor-widget-container\">\n\t\t\t\t\t\t\t\t\t\t\t\t\t\t\t<img decoding=\"async\" width=\"800\" height=\"807\" src=\"https:\/\/advich-wordpress-static-resources.s3.us-west-2.amazonaws.com\/test\/20230904142924\/p3apn7h50f_1661262082924.jpg\" class=\"attachment-large size-large\" alt=\"Liste der Anzuchtsets\" loading=\"lazy\" srcset=\"https:\/\/advich-wordpress-static-resources.s3.us-west-2.amazonaws.com\/test\/20230904142924\/p3apn7h50f_1661262082924.jpg 850w, https:\/\/advich-wordpress-static-resources.s3.us-west-2.amazonaws.com\/test\/20230904142924\/p3apn7h50f_1661262082924-298x300.jpg 298w, https:\/\/advich-wordpress-static-resources.s3.us-west-2.amazonaws.com\/test\/20230904142924\/p3apn7h50f_1661262082924-150x150.jpg 150w, https:\/\/advich-wordpress-static-resources.s3.us-west-2.amazonaws.com\/test\/20230904142924\/p3apn7h50f_1661262082924-768x774.jpg 768w, https:\/\/advich-wordpress-static-resources.s3.us-west-2.amazonaws.com\/test\/20230904142924\/p3apn7h50f_1661262082924-12x12.jpg 12w, https:\/\/advich-wordpress-static-resources.s3.us-west-2.amazonaws.com\/test\/20230904142924\/p3apn7h50f_1661262082924-600x605.jpg 600w, https:\/\/advich-wordpress-static-resources.s3.us-west-2.amazonaws.com\/test\/20230904142924\/p3apn7h50f_1661262082924-100x100.jpg 100w\" sizes=\"(max-width: 800px) 100vw, 800px\" title=\"\">\t\t\t\t\t\t\t\t\t\t\t\t\t\t\t<\/div>\n\t\t\t\t<\/div>\n\t\t\t\t\t<\/div>\n\t\t<\/div>\n\t\t\t\t\t\t\t<\/div>\n\t\t<\/section>\n\t\t\t\t<section class=\"elementor-section elementor-top-section elementor-element elementor-element-03dd56c elementor-section-full_width elementor-section-height-default elementor-section-height-default\" data-id=\"03dd56c\" data-element_type=\"section\">\n\t\t\t\t\t\t<div class=\"elementor-container elementor-column-gap-default\">\n\t\t\t\t\t<div class=\"elementor-column elementor-col-100 elementor-top-column elementor-element elementor-element-777a3d0\" data-id=\"777a3d0\" data-element_type=\"column\">\n\t\t\t<div class=\"elementor-widget-wrap\">\n\t\t\t\t\t\t\t\t\t<\/div>\n\t\t<\/div>\n\t\t\t\t\t\t\t<\/div>\n\t\t<\/section>\n\t\t\t\t\t\t<\/div>\n\t\t\t\t\t<\/div>","protected":false},"excerpt":{"rendered":"<p>Bonsai-Starterset Ziehen Sie Ihren Bonsaibaum aus Samen auf! Unsere verschiedenen Bonsai-Baum-Sets bringen Freude in Ihren Lebensraum. Unser Bonsai-Baum-Starterkit enth\u00e4lt alles, was Sie brauchen, um Ihren eigenen Bonsai-Baum zu z\u00fcchten. Wir w\u00e4hlen jedes Teil sorgf\u00e4ltig f\u00fcr Sie aus, um sicherzustellen, dass die Qualit\u00e4t gleichbleibend gut ist. [...]<\/p>","protected":false},"author":3,"featured_media":16714,"parent":0,"menu_order":0,"comment_status":"closed","ping_status":"closed","template":"","meta":[],"acf":[],"_links":{"self":[{"href":"https:\/\/www.garden-kit.com\/de\/wp-json\/wp\/v2\/pages\/16815"}],"collection":[{"href":"https:\/\/www.garden-kit.com\/de\/wp-json\/wp\/v2\/pages"}],"about":[{"href":"https:\/\/www.garden-kit.com\/de\/wp-json\/wp\/v2\/types\/page"}],"author":[{"embeddable":true,"href":"https:\/\/www.garden-kit.com\/de\/wp-json\/wp\/v2\/users\/3"}],"replies":[{"embeddable":true,"href":"https:\/\/www.garden-kit.com\/de\/wp-json\/wp\/v2\/comments?post=16815"}],"version-history":[{"count":0,"href":"https:\/\/www.garden-kit.com\/de\/wp-json\/wp\/v2\/pages\/16815\/revisions"}],"wp:featuredmedia":[{"embeddable":true,"href":"https:\/\/www.garden-kit.com\/de\/wp-json\/wp\/v2\/media\/16714"}],"wp:attachment":[{"href":"https:\/\/www.garden-kit.com\/de\/wp-json\/wp\/v2\/media?parent=16815"}],"curies":[{"name":"wp","href":"https:\/\/api.w.org\/{rel}","templated":true}]}}