{"id":1419,"date":"2022-08-23T23:32:04","date_gmt":"2022-08-23T15:32:04","guid":{"rendered":"http:\/\/www.garden-kit.com\/product\/bonsai-seed-kit\/"},"modified":"2023-09-02T14:30:56","modified_gmt":"2023-09-02T06:30:56","slug":"bonsai-seed-kit","status":"publish","type":"product","link":"https:\/\/www.garden-kit.com\/de\/product\/bonsai-seed-kit\/","title":{"rendered":"Bonsai-Samen-Kit"},"content":{"rendered":"<h1>Bonsai-Samen-Kit<\/h1>\n<h3 style=\"line-height: 1.5; font-size: 19px;\"><span style=\"font-family: arial, helvetica, sans-serif; font-size: 16px;\">\u00dcberblick<\/span><\/h3>\n<table style=\"border-collapse: collapse; width: 100%; height: 168px;\">\n<tbody>\n<tr style=\"height: 21px;\">\n<td style=\"height: 21px;\" width=\"298\"><span style=\"font-family: arial, helvetica, sans-serif; font-size: 16px;\">Produktpflegehinweise<\/span><\/td>\n<td style=\"height: 21px;\" width=\"298\"><span style=\"font-family: arial, helvetica, sans-serif; font-size: 16px;\">Verf\u00fcgbar<\/span><\/td>\n<\/tr>\n<tr style=\"height: 21px;\">\n<td style=\"height: 21px;\" width=\"298\"><span style=\"font-family: arial, helvetica, sans-serif; font-size: 16px;\">Art des Pflanzenprodukts<\/span><\/td>\n<td style=\"height: 21px;\" width=\"298\"><span style=\"font-family: arial, helvetica, sans-serif; font-size: 16px;\">Bonsai Baum<\/span><\/td>\n<\/tr>\n<tr style=\"height: 21px;\">\n<td style=\"height: 21px;\" width=\"298\"><span style=\"font-family: arial, helvetica, sans-serif; font-size: 16px;\">Besondere Funktion<\/span><\/td>\n<td style=\"height: 21px;\" width=\"298\"><span style=\"font-family: arial, helvetica, sans-serif; font-size: 16px;\">Indoor-Outdoor-Anbau<\/span><\/td>\n<\/tr>\n<tr style=\"height: 21px;\">\n<td style=\"height: 21px;\" width=\"298\"><span style=\"font-family: arial, helvetica, sans-serif; font-size: 16px;\">Marke<\/span><\/td>\n<td style=\"height: 21px;\" width=\"298\"><span style=\"font-family: arial, helvetica, sans-serif; font-size: 16px;\">Garten-Kit<\/span><\/td>\n<\/tr>\n<tr style=\"height: 21px;\">\n<td style=\"height: 21px;\" width=\"298\"><span style=\"font-family: arial, helvetica, sans-serif; font-size: 16px;\">Herkunftsort<\/span><\/td>\n<td style=\"height: 21px;\" width=\"298\"><span style=\"font-family: arial, helvetica, sans-serif; font-size: 16px;\">Fujian, China<\/span><\/td>\n<\/tr>\n<tr style=\"height: 21px;\">\n<td style=\"height: 21px;\" width=\"298\"><span style=\"font-family: arial, helvetica, sans-serif; font-size: 16px;\">ODM\/OEM<\/span><\/td>\n<td style=\"height: 21px;\" width=\"298\"><span style=\"font-family: arial, helvetica, sans-serif; font-size: 16px;\">Verf\u00fcgbar<\/span><\/td>\n<\/tr>\n<tr style=\"height: 21px;\">\n<td style=\"height: 21px;\" width=\"298\"><span style=\"font-family: arial, helvetica, sans-serif; font-size: 16px;\">MOQ f\u00fcr kundenspezifische Bestellung<\/span><\/td>\n<td style=\"height: 21px;\" width=\"298\"><span style=\"font-family: arial, helvetica, sans-serif; font-size: 16px;\">3000 Stk<\/span><\/td>\n<\/tr>\n<tr style=\"height: 21px;\">\n<td style=\"height: 21px;\" width=\"298\"><span style=\"font-family: arial, helvetica, sans-serif; font-size: 16px;\">Beispielkosten<\/span><\/td>\n<td style=\"height: 21px;\" width=\"298\"><span style=\"font-family: arial, helvetica, sans-serif; font-size: 16px;\">US$400\/Sample, volle R\u00fccksendung nach einer Bestellung bei uns<\/span><\/td>\n<\/tr>\n<\/tbody>\n<\/table>\n<p style=\"line-height: 1.5;\"><span style=\"font-family: arial, helvetica, sans-serif; font-size: 16px;\">Beschreibung<\/span><\/p>\n<p style=\"line-height: 1.5;\"><span style=\"font-family: arial, helvetica, sans-serif; font-size: 16px;\">Vorbereitetes 15-teiliges Bonsai-Zuchtset: Alles, was Sie brauchen, um die Freude am Blumentopfen in Ihr Leben oder das Ihrer Liebsten zu bringen \u2013 in einer eleganten Box: Enth\u00e4lt 4 Samen (Pinus aristata, Jacaranda mimosifolia, Picea abies, Delonix regia). F\u00fcr eine bessere Keimung, aufbewahrt in einer samensicheren Verpackung, 4 gut durchl\u00e4ssigen Pflanzgef\u00e4\u00dfen, 1 erweiterbaren Erdschalen, 4 Bambus-Pflanzenmarkern, 1 Bonsai-Schere und einer sch\u00f6nen, umfassenden und einfachen Bedienungsanleitung.<\/span><\/p>\n<p style=\"line-height: 1.5;\"><span style=\"font-family: arial, helvetica, sans-serif;\">\u00a0<\/span><\/p>\n<p style=\"line-height: 1.5;\"><span style=\"font-family: arial, helvetica, sans-serif; font-size: 16px;\">Die folgenden Artikel sind im Kit enthalten.<\/span><\/p>\n<p style=\"line-height: 1.5;\"><span style=\"font-family: arial, helvetica, sans-serif; font-size: 16px;\">4 wasserdichte Sackleinen-T\u00f6pfe<\/span><\/p>\n<p style=\"line-height: 1.5;\"><span style=\"font-family: arial, helvetica, sans-serif; font-size: 16px;\">1 vorged\u00fcngte Erde dis<\/span><\/p>\n<p style=\"line-height: 1.5;\"><span style=\"font-family: arial, helvetica, sans-serif; font-size: 16px;\">4 Frischhalte-Saatpakete<\/span><\/p>\n<p style=\"line-height: 1.5;\"><span style=\"font-family: arial, helvetica, sans-serif; font-size: 16px;\">4 gut durchl\u00e4ssige Jute-T\u00f6pfe<\/span><\/p>\n<p style=\"line-height: 1.5;\"><span style=\"font-family: arial, helvetica, sans-serif; font-size: 16px;\">1 Gartenschere<\/span><\/p>\n<p style=\"line-height: 1.5;\"><span style=\"font-family: arial, helvetica, sans-serif; font-size: 16px;\">1 Bodenscheibe<\/span><\/p>\n<p style=\"line-height: 1.5;\"><span style=\"font-family: arial, helvetica, sans-serif; font-size: 16px;\">4 Bambusmarker<\/span><\/p>\n<p style=\"line-height: 1.5;\"><span style=\"font-family: arial, helvetica, sans-serif; font-size: 16px;\">1 Schritt-f\u00fcr-Schritt-Anleitung zum Pflanzen<\/span><\/p>\n<p style=\"line-height: 1.5;\"><span style=\"font-family: arial, helvetica, sans-serif; font-size: 16px;\">1 Topf: 4 Jute-T\u00f6pfe \u2013 ideal f\u00fcr gut durchl\u00e4ssiges Setzlingswachstum. Speichern und wiederverwenden.<\/span><\/p>\n<p style=\"line-height: 1.5;\"><span style=\"font-family: arial, helvetica, sans-serif; font-size: 16px;\">2 Pflanzungen: 4 Packungen Premium-Samen \u2013 mit 4 verschiedenen Arten: Rocky Mountain Pine, Royal Phoenix, Jacaranda, Gemeine Fichte. Alle Samen werden auf die h\u00f6chste Keimrate getestet.<\/span><\/p>\n<p style=\"line-height: 1.5;\"><span style=\"font-family: arial, helvetica, sans-serif; font-size: 16px;\">3 D\u00fcngung: N\u00e4hrstoffreiche vorged\u00fcngte Erdscheiben \u2013 f\u00fcgen Sie Wasser hinzu und sie werden 6-8 Mal so stark expandieren.<\/span><\/p>\n<p style=\"line-height: 1.5;\"><span style=\"font-family: arial, helvetica, sans-serif; font-size: 16px;\">4 Markierung: 4 Bambusmarker \u2013 Markierungen helfen Ihnen, Ihre S\u00e4mlinge zu identifizieren, w\u00e4hrend sie wachsen. Trainieren Sie es: Gartenschere \u2013 Gro\u00dfartig zum Trimmen \u00fcbersch\u00fcssiger Bl\u00e4tter und Wurzeln.<\/span><\/p>\n<p style=\"line-height: 1.5;\"><span style=\"font-family: arial, helvetica, sans-serif;\">\u00a0<\/span><\/p>\n<p style=\"line-height: 1.5;\"><span style=\"font-family: arial, helvetica, sans-serif; font-size: 16px;\">Samen mit hoher Keimf\u00e4higkeit: Samen werden in unserem Seed Safety Pack aufbewahrt, um eine ordnungsgem\u00e4\u00dfe Keimung zu gew\u00e4hrleisten.<\/span><\/p>\n<p style=\"line-height: 1.5;\"><span style=\"font-family: arial, helvetica, sans-serif; font-size: 16px;\">PERFEKTES DIY-GESCHENK: F\u00fcr Mama, Papa, ihn oder sie ist dies das perfekte Geschenk zum Geburtstag, Jubil\u00e4um, Urlaub, Einweihungsparty oder zu jedem anderen Anlass \u2013 ideal f\u00fcr Anf\u00e4nger, Meister und Kinder gleicherma\u00dfen. Sehen Sie die Aufregung in ihren Augen, wenn sie erleben, wie sie einen Indoor-Bonsai-Baum z\u00fcchten.<\/span><\/p>\n<p style=\"line-height: 1.5;\"><span style=\"font-family: arial, helvetica, sans-serif;\">\u00a0<\/span><\/p>\n<p style=\"line-height: 1.5;\"><span style=\"font-family: arial, helvetica, sans-serif; font-size: 16px;\">Kein gr\u00fcner Daumen n\u00f6tig: Folgen Sie einfach der einfachen Schritt-f\u00fcr-Schritt-Anleitung und schon kann es losgehen! Alle 4 B\u00e4ume k\u00f6nnen zu jeder Jahreszeit im Innen- und Au\u00dfenbereich gepflanzt und gehalten werden, ohne dass eine Schichtung von Samen erforderlich ist. Die mitgelieferte Brosch\u00fcre ist umfassend und wundersch\u00f6n gestaltet, sodass Sie die Reise jedes Samens, seine Geschichte und die beste Art, ihn zu pflanzen, um sicherzustellen, dass er keimt, verfolgen k\u00f6nnen.<\/span><\/p>","protected":false},"excerpt":{"rendered":"<p>Bonsai-Samen-Set f\u00fcr Frauen und M\u00e4nner \u2013 Bonsai-Baum-Anbau-Garten-Bastel-Hobby-Sets f\u00fcr Erwachsene, einzigartige DIY-Hobbys f\u00fcr Pflanzenliebhaber \u2013 ungew\u00f6hnliche Weihnachtsgeschenkideen oder G\u00e4rtnerm\u00fctter<\/p>","protected":false},"featured_media":12453,"comment_status":"closed","ping_status":"closed","template":"","meta":[],"product_cat":[40],"product_tag":[104,42,214,102,103,112],"acf":[],"_links":{"self":[{"href":"https:\/\/www.garden-kit.com\/de\/wp-json\/wp\/v2\/product\/1419"}],"collection":[{"href":"https:\/\/www.garden-kit.com\/de\/wp-json\/wp\/v2\/product"}],"about":[{"href":"https:\/\/www.garden-kit.com\/de\/wp-json\/wp\/v2\/types\/product"}],"replies":[{"embeddable":true,"href":"https:\/\/www.garden-kit.com\/de\/wp-json\/wp\/v2\/comments?post=1419"}],"wp:featuredmedia":[{"embeddable":true,"href":"https:\/\/www.garden-kit.com\/de\/wp-json\/wp\/v2\/media\/12453"}],"wp:attachment":[{"href":"https:\/\/www.garden-kit.com\/de\/wp-json\/wp\/v2\/media?parent=1419"}],"wp:term":[{"taxonomy":"product_cat","embeddable":true,"href":"https:\/\/www.garden-kit.com\/de\/wp-json\/wp\/v2\/product_cat?post=1419"},{"taxonomy":"product_tag","embeddable":true,"href":"https:\/\/www.garden-kit.com\/de\/wp-json\/wp\/v2\/product_tag?post=1419"}],"curies":[{"name":"wp","href":"https:\/\/api.w.org\/{rel}","templated":true}]}}