{"id":1444,"date":"2022-08-23T23:34:22","date_gmt":"2022-08-23T15:34:22","guid":{"rendered":"http:\/\/www.garden-kit.com\/product\/bonsai-tree-seed-starter-kit\/"},"modified":"2024-03-07T10:17:55","modified_gmt":"2024-03-07T02:17:55","slug":"bonsai-tree-seed-starter-kit","status":"publish","type":"product","link":"https:\/\/www.garden-kit.com\/de\/product\/bonsai-tree-seed-starter-kit\/","title":{"rendered":"Bonsai-Baum-Samen-Starter-Kit"},"content":{"rendered":"<h3 style=\"line-height: 1.5;font-size: 19px\"><span style=\"color: #000000;font-family: 'PingFang SC', 'Microsoft YaHei', sans-serif\"><strong><strong>\u00dcberblick<\/strong><\/strong><\/span><\/h3>\n<table style=\"border-collapse: collapse;width: 100%;height: 168px\">\n<tbody>\n<tr style=\"height: 21px\">\n<td width=\"298\" style=\"height: 21px\"><span style=\"color: #000000;font-family: 'PingFang SC', 'Microsoft YaHei', sans-serif\">Produktpflegehinweise<\/span><\/td>\n<td width=\"298\" style=\"height: 21px\"><span style=\"color: #000000;font-family: 'PingFang SC', 'Microsoft YaHei', sans-serif\">Verf\u00fcgbar<\/span><\/td>\n<\/tr>\n<tr style=\"height: 21px\">\n<td width=\"298\" style=\"height: 21px\"><span style=\"color: #000000;font-family: 'PingFang SC', 'Microsoft YaHei', sans-serif\">Art des Pflanzenprodukts<\/span><\/td>\n<td width=\"298\" style=\"height: 21px\"><span style=\"color: #000000;font-family: 'PingFang SC', 'Microsoft YaHei', sans-serif\">Bonsai Baum<\/span><\/td>\n<\/tr>\n<tr style=\"height: 21px\">\n<td width=\"298\" style=\"height: 21px\"><span style=\"color: #000000;font-family: 'PingFang SC', 'Microsoft YaHei', sans-serif\">Besondere Funktion<\/span><\/td>\n<td width=\"298\" style=\"height: 21px\"><span style=\"color: #000000;font-family: 'PingFang SC', 'Microsoft YaHei', sans-serif\">Indoor-Outdoor-Anbau<\/span><\/td>\n<\/tr>\n<tr style=\"height: 21px\">\n<td width=\"298\" style=\"height: 21px\"><span style=\"color: #000000;font-family: 'PingFang SC', 'Microsoft YaHei', sans-serif\">Marke<\/span><\/td>\n<td width=\"298\" style=\"height: 21px\"><span style=\"color: #000000;font-family: 'PingFang SC', 'Microsoft YaHei', sans-serif\">Garten-Kit<\/span><\/td>\n<\/tr>\n<tr style=\"height: 21px\">\n<td width=\"298\" style=\"height: 21px\"><span style=\"color: #000000;font-family: 'PingFang SC', 'Microsoft YaHei', sans-serif\">Herkunftsort<\/span><\/td>\n<td width=\"298\" style=\"height: 21px\"><span style=\"color: #000000;font-family: 'PingFang SC', 'Microsoft YaHei', sans-serif\">Fujian, China<\/span><\/td>\n<\/tr>\n<tr style=\"height: 21px\">\n<td width=\"298\" style=\"height: 21px\"><span style=\"color: #000000;font-family: 'PingFang SC', 'Microsoft YaHei', sans-serif\">ODM\/OEM<\/span><\/td>\n<td width=\"298\" style=\"height: 21px\"><span style=\"color: #000000;font-family: 'PingFang SC', 'Microsoft YaHei', sans-serif\">Verf\u00fcgbar<\/span><\/td>\n<\/tr>\n<tr style=\"height: 21px\">\n<td width=\"298\" style=\"height: 21px\"><span style=\"color: #000000;font-family: 'PingFang SC', 'Microsoft YaHei', sans-serif\">MOQ f\u00fcr kundenspezifische Bestellung<\/span><\/td>\n<td width=\"298\" style=\"height: 21px\"><span style=\"color: #000000;font-family: 'PingFang SC', 'Microsoft YaHei', sans-serif\">3000 Stk<\/span><\/td>\n<\/tr>\n<tr style=\"height: 21px\">\n<td width=\"298\" style=\"height: 21px\"><span style=\"color: #000000;font-family: 'PingFang SC', 'Microsoft YaHei', sans-serif\">Beispielkosten<\/span><\/td>\n<td width=\"298\" style=\"height: 21px\"><span style=\"color: #000000;font-family: 'PingFang SC', 'Microsoft YaHei', sans-serif\">US$400\/Sample, volle R\u00fccksendung nach der Bestellung bei uns<\/span><\/td>\n<\/tr>\n<\/tbody>\n<\/table>\n<p style=\"line-height: 1.5\">\n<p style=\"line-height: 1.5\"><span style=\"color: #000000;font-family: 'PingFang SC', 'Microsoft YaHei', sans-serif\">Vorbereitetes 18-teiliges Bonsai Grow Kit: Es ist ganz einfach - wir nehmen Ihnen das R\u00e4tselraten ab, wenn Sie einen Bonsai-Baum aus Samen ziehen, und leiten Sie bei jedem Schritt des Weges an. Alles, was Sie brauchen, um die Freude am Bonsai in Ihr Leben oder das Ihrer Lieben zu bringen, befindet sich in einer sch\u00f6nen Geschenkbox. Pflanzen Sie ihn!<\/span><\/p>\n<p style=\"line-height: 1.5\"><span style=\"font-family: 'PingFang SC', 'Microsoft YaHei', sans-serif\">&nbsp;<\/span><\/p>\n<h3 style=\"line-height: 1.5;font-size: 19px\"><span style=\"color: #000000;font-family: 'PingFang SC', 'Microsoft YaHei', sans-serif\"><strong><strong>Die folgenden Artikel sind im Kit enthalten:<\/strong><\/strong><\/span><\/h3>\n<p style=\"line-height: 1.5\"><span style=\"color: #000000;font-family: 'PingFang SC', 'Microsoft YaHei', sans-serif\">4 Keramikt\u00f6pfe<\/span><\/p>\n<p style=\"line-height: 1.5\"><span style=\"color: #000000;font-family: 'PingFang SC', 'Microsoft YaHei', sans-serif\">4 Wasserschalen aus Bambus<\/span><\/p>\n<p style=\"line-height: 1.5\"><span style=\"color: #000000;font-family: 'PingFang SC', 'Microsoft YaHei', sans-serif\">4 vorged\u00fcngte Erdscheiben<\/span><\/p>\n<p style=\"line-height: 1.5\"><span style=\"color: #000000;font-family: 'PingFang SC', 'Microsoft YaHei', sans-serif\">4 Frischhalte-Saatpakete<\/span><\/p>\n<p style=\"line-height: 1.5\"><span style=\"color: #000000;font-family: 'PingFang SC', 'Microsoft YaHei', sans-serif\">4 Pflanzenmarker aus Bambus<\/span><\/p>\n<p style=\"line-height: 1.5\"><span style=\"color: #000000;font-family: 'PingFang SC', 'Microsoft YaHei', sans-serif\">1 Ern\u00e4hrungspaket<\/span><\/p>\n<p style=\"line-height: 1.5\"><span style=\"color: #000000;font-family: 'PingFang SC', 'Microsoft YaHei', sans-serif\">Schritt-f\u00fcr-Schritt-Anleitung<\/span><\/p>\n<p style=\"line-height: 1.5\"><span style=\"color: #000000;font-family: 'PingFang SC', 'Microsoft YaHei', sans-serif\">Leicht zu z\u00fcchtender sch\u00f6ner Bonsai: Bei der Auswahl eines Bonsai ist es sinnvoll, den sch\u00f6nsten Baum zu w\u00e4hlen, nicht wahr? Deshalb w\u00e4hlen wir nur die farbenpr\u00e4chtigsten B\u00e4ume f\u00fcr unsere Bonsai-Saatgutsets aus. Genie\u00dfen Sie diese feurigen Rott\u00f6ne, k\u00f6stlichen Lila-T\u00f6ne und aromatischen Gr\u00fcnt\u00f6ne in Ihrem Zuhause.<\/span><\/p>\n<p style=\"line-height: 1.5\"><span style=\"font-family: 'PingFang SC', 'Microsoft YaHei', sans-serif;font-size: 16px\"><span style=\"color: #000000\">Es ist kein gr\u00fcner Daumen erforderlich. Ihr Bonsai-Starter-Kit wird mit vier Samenarten geliefert:<\/span><\/span><\/p>\n<p style=\"line-height: 1.5\"><span style=\"font-family: 'PingFang SC', 'Microsoft YaHei', sans-serif;font-size: 16px\"><span style=\"color: #000000\">&nbsp; &nbsp; &nbsp; Felsenspray Cotoneaster (Cotoneaster Horizontalis): Cotoneaster horizontalis ist eine Bl\u00fctenpflanzenart aus der Gattung Cotoneaster in der Familie der Rosengew\u00e4chse (Rosaceae).<\/span><\/span><\/p>\n<p style=\"line-height: 1.5\"><span style=\"font-family: 'PingFang SC', 'Microsoft YaHei', sans-serif;font-size: 16px\"><span style=\"color: #000000\">Heilige Feige (Ficus Religiosa): Ficus religiosa, oder heilige Feige, ist eine auf dem indischen Subkontinent und in Indochina beheimatete Feigenart, die zur Familie der Moraceae, der Feigen- oder Maulbeergew\u00e4chse, geh\u00f6rt. Sie ist auch als Bodhi-Baum, Pippala-Baum, Pepul-Baum, Pepal-Baum, Pipal-Baum oder Ashvattha-Baum (in Indien und Nepal) bekannt. <\/span><\/span><\/p>\n<p style=\"line-height: 1.5\"><span style=\"font-family: 'PingFang SC', 'Microsoft YaHei', sans-serif;font-size: 16px\"><span style=\"color: #000000\">&nbsp; &nbsp; &nbsp; Japanischer Ahorn (Acer Palmatum) \u2013 Acer palmatum, allgemein bekannt als japanischer Ahorn, Palmenahorn oder glatter japanischer Ahorn (japanisch: irohamomiji, \u30a4\u30ed\u30cf\u30e2\u30df\u30b8, oder Momiji, (\u6834), ist eine in Japan, Korea, China beheimatete Holzpflanzenart , der \u00f6stlichen Mongolei und dem S\u00fcdosten Russlands. <\/span><\/span><\/p>\n<p style=\"line-height: 1.5\"><span style=\"font-family: 'PingFang SC', 'Microsoft YaHei', sans-serif;font-size: 16px\"><span style=\"color: #000000\">&nbsp; &nbsp; &nbsp; Japanischer Liguster (Ligustrum Japonicum) \u2013 Ligustrum japonicum, bekannt als Wachsblatt-Liguster oder Japanischer Liguster (Japanisch: \u30cd\u30ba\u30df\u30e2\u30c1) ist eine Art von Ligustrum (Liguster), die in Zentral- und S\u00fcdjapan (Honsh\u016b, Shikoku, Ky\u016bsh\u016b, Okinawa) und Korea beheimatet ist. . Jeder Samen ist frisch und bereit zu keimen. Wie Sie wissen, haben S\u00e4mlinge manchmal einen schlechten Tag, also f\u00fcgen wir Extras hinzu!&nbsp;<\/span><\/span><\/p>\n<p style=\"line-height: 1.5\"><span style=\"font-family: 'PingFang SC', 'Microsoft YaHei', sans-serif\">&nbsp;<\/span><\/p>\n<p style=\"line-height: 1.5\"><span style=\"color: #000000;font-family: 'PingFang SC', 'Microsoft YaHei', sans-serif\">Alles in einem, einschlie\u00dflich Zubeh\u00f6r: Ihr Bonsai Tree Plant Growth Kit enth\u00e4lt: (4) robuste Pflanzgef\u00e4\u00dfe; (5) Tropfschale; (4) h\u00f6lzerne Pflanzmarker; (3) Torferde; (1) Bonsai-D\u00fcnger-Packung; und (1) Anleitung. Wir geben Ihnen auch unsere digitale Anleitung, so dass Sie nicht haben, um das Internet f\u00fcr Profi-Tipps und Pflege zu suchen.<\/span><\/p>\n<p style=\"line-height: 1.5\"><span style=\"color: #000000;font-family: 'PingFang SC', 'Microsoft YaHei', sans-serif\">Amerikanisches Saatgut: Homegrown Indoor Garden Kits werden in den Vereinigten Staaten hergestellt, mit gentechnikfreiem Saatgut und Torf, und mit haltbaren T\u00f6pfen versehen. Ein wundersch\u00f6nes Geschenk, aber auch das perfekte Geschenk f\u00fcr Pflanzenliebhaber, die sich um den Planeten k\u00fcmmern und Kindern die Sch\u00f6nheit der Natur n\u00e4her bringen wollen!<\/span><\/p>\n<p style=\"line-height: 1.5\"><span style=\"color: #000000;font-family: 'PingFang SC', 'Microsoft YaHei', sans-serif\">Ein durchdachtes Geschenk: Lieben Sie das selbstgezogene Mini-Bonsai-Pflanzenset mit seiner erstaunlichen Sch\u00f6nheit, seiner farbenfrohen Pflanzendekoration und seiner Benutzerfreundlichkeit, oder wir ersetzen Ihr gesamtes Pflanzenset oder erstatten Ihnen jeden Cent. Pflanzen Sie Bonsai-B\u00e4ume im Haus oder im Freien (folgen Sie unserer Anleitung), und Sie werden das Ergebnis lieben. Probieren Sie es jetzt aus!<\/span><\/p>\n<p style=\"line-height: 1.5\"><span style=\"color: #000000;font-family: 'PingFang SC', 'Microsoft YaHei', sans-serif\"><\/span><\/p>\n<p style=\"line-height: 1.5\"><span style=\"color: #000000;font-family: 'PingFang SC', 'Microsoft YaHei', sans-serif\">Haben Sie genug von Ihren langweiligen alten Pflanzen? M\u00f6chten Sie etwas Abwechslung und ein bisschen Zen in Ihr Leben bringen? Suchen Sie nicht weiter als die <strong><a href=\"https:\/\/www.garden-kit.com\/de\/product\/bonsai-tree-seed-starter-kit\/\">Bonsai-Samen-Starter-Kit<\/a><\/strong>! Das ist richtig, auch Sie k\u00f6nnen einen kleinen Baum haben, der stundenlange Pflege und Aufmerksamkeit erfordert. Aber keine Sorge, mit dem Bonsai-Baum-Samen-Starterkit ist das kinderleicht! Befolge einfach die Anweisungen und du hast im Handumdrehen ein kleines Meisterwerk. Und wenn du dich wirklich abenteuerlich f\u00fchlst, kannst du deinen Bonsai in ein einzigartiges Design verwandeln, z. B. in eine Miniatur-Giraffe oder einen winzigen Eiffelturm. Ihr neuer Bonsai-Baum wird nicht nur das dringend ben\u00f6tigte Gr\u00fcn in Ihren Raum bringen, er wird auch f\u00fcr Gespr\u00e4chsstoff sorgen. Stellen Sie sich nur die Gesichter Ihrer G\u00e4ste vor, wenn sie Ihren Miniaturbaum sehen und fragen: \"Ist das ein echter Baum?\" Sie k\u00f6nnen dann voller Stolz antworten: \"Ja, das ist er. Und ich habe ihn mit meinem Bonsai-Samen-Starterkit selbst gezogen. Und vergessen wir nicht die zus\u00e4tzlichen Vorteile eines Bonsaibaums. M\u00f6chten Sie nach einem langen Tag abschalten? Setzen Sie sich einfach neben Ihren kleinen Baum und atmen Sie die beruhigenden Schwingungen ein. Au\u00dferdem ist die Pflege deines Bonsai eine gute M\u00f6glichkeit, Achtsamkeit zu \u00fcben und im gegenw\u00e4rtigen Moment zu leben. Worauf wartest du also noch? Besorgen Sie sich ein Bonsai-Samen-Starter-Set und beginnen Sie Ihre Reise in die Welt der Miniaturb\u00e4ume. Wer wei\u00df, vielleicht wirst du eines Tages ein Bonsai-Meister und hast einen ganzen Wald von kleinen B\u00e4umen in deinem Zuhause. Die M\u00f6glichkeiten sind endlos mit dem Bonsai-Baumsamen-Starterkit!<\/span><\/p>\n<h3 style=\"font-size: 19px\">Vorsichtsma\u00dfnahmen f\u00fcr die Verwendung des Bonsai-Samen-Starterkits<\/h3>\n<p>Hier sind einige Vorsichtsma\u00dfnahmen, die Sie bei der Verwendung eines Bonsai-Samen-Starterkits beachten sollten:<\/p>\n<ol style=\"list-style-type: decimal\">\n<li>\n<p>Lesen Sie die Anweisungen sorgf\u00e4ltig durch, bevor Sie beginnen: Stellen Sie sicher, dass Sie alle erforderlichen Schritte und Materialien verstanden haben, bevor Sie mit dem Pflanzen beginnen.<\/p>\n<\/li>\n<li>\n<p>Verwenden Sie die richtige Erde und den richtigen Beh\u00e4lter: Bonsai-B\u00e4ume ben\u00f6tigen spezifische Anforderungen an Erde und Beh\u00e4lter, um zu gedeihen. Stellen Sie sicher, dass Sie die richtige Art von Erde und Beh\u00e4lter verwenden, die f\u00fcr Ihre spezielle Art von Bonsai-Baum empfohlen werden.<\/p>\n<\/li>\n<li>\n<p>Vermeiden Sie \u00dcberw\u00e4sserung: \u00dcberw\u00e4sserung kann Wurzelf\u00e4ule verursachen, die Ihren Bonsai-Baum t\u00f6ten kann. Stellen Sie sicher, dass Sie die Anweisungen zur Bew\u00e4sserungsh\u00e4ufigkeit befolgen und Ihren Baum nicht zu oft gie\u00dfen.<\/p>\n<\/li>\n<li>\n<p>Sorgen Sie f\u00fcr ausreichend Sonnenlicht: Bonsai-B\u00e4ume ben\u00f6tigen ausreichend Sonnenlicht, um zu wachsen und zu gedeihen. Stellen Sie sicher, dass Sie Ihren Baum in einem Bereich platzieren, der die empfohlene Menge an Sonnenlicht erh\u00e4lt, basierend auf der spezifischen Art des Bonsai-Baums.<\/p>\n<\/li>\n<li>\n<p>Seien Sie geduldig: Das Z\u00fcchten eines Bonsai-Baums aus Samen braucht Zeit und Geduld. Seien Sie nicht frustriert, wenn Sie nicht sofort Ergebnisse sehen. Befolgen Sie die Anweisungen und seien Sie geduldig mit dem Vorgang.<\/p>\n<\/li>\n<\/ol>\n<h3 style=\"font-size: 19px\">Wer eignet sich f\u00fcr Bonsai-Baum Samen Starter-Kit<\/h3>\n<p>Jeder, der Interesse an der Pflanzenzucht hat und sich an der Z\u00fcchtung eines Bonsaibaums versuchen m\u00f6chte, kann f\u00fcr ein Bonsaibaum-Samenset geeignet sein. Diese Kits sind oft f\u00fcr Anf\u00e4nger konzipiert und k\u00f6nnen eine gro\u00dfartige M\u00f6glichkeit sein, etwas \u00fcber Bonsai-B\u00e4ume und ihre einzigartigen Kultivierungsanforderungen zu lernen.<\/p>\n<p>Es ist jedoch wichtig zu bedenken, dass das Wachsen von Bonsai-B\u00e4umen Geduld, Liebe zum Detail und Lernbereitschaft erfordert. Wenn Sie nicht bereit sind, die Zeit und M\u00fche zu investieren, die f\u00fcr die Pflege Ihres Bonsai-Baums erforderlich sind, ist ein Bonsai-Samen-Starterkit m\u00f6glicherweise nicht die beste Option f\u00fcr Sie.<\/p>\n<p>Dar\u00fcber hinaus ist der Anbau von Bonsai-B\u00e4umen m\u00f6glicherweise nicht f\u00fcr Menschen mit Allergien oder Atemwegsproblemen geeignet, da manche Menschen m\u00f6glicherweise empfindlich auf bestimmte Arten von Erde, Pflanzen oder D\u00fcngemitteln reagieren, die dabei verwendet werden.<\/p>\n<p>Insgesamt kann jeder, der bereit ist zu lernen, geduldig ist und sich der Pflege seines Bonsai-Baums verschrieben hat, von der Verwendung eines Bonsai-Samen-Starterkits profitieren.<\/p>\n<h3 style=\"font-size: 19px\">Merkmale des Samenkits f\u00fcr Bonsai-B\u00e4ume<\/h3>\n<p>Ein Bonsai-Samen-Starter-Kit enth\u00e4lt typischerweise die folgenden Merkmale:<\/p>\n<ol>\n<li>Samen: Das Kit enth\u00e4lt Samen einer bestimmten Art von Bonsai-Baumart.<\/li>\n<li>Erde: Das Kit enth\u00e4lt hochwertige Erde, die speziell formuliert wurde, um die notwendigen N\u00e4hrstoffe bereitzustellen und das Wachstum des Bonsai-Baums zu unterst\u00fctzen.<\/li>\n<li>Beh\u00e4lter: Das Kit enth\u00e4lt einen kleinen Beh\u00e4lter oder Topf, der f\u00fcr die Aufzucht des Bonsai-Baums geeignet ist.<\/li>\n<li>Anleitung: Das Kit wird mit einer detaillierten Anleitung geliefert, die Sie durch den Prozess des Pflanzens und Wachsens des Bonsai-Baums f\u00fchrt.<\/li>\n<li>Werkzeuge: Einige Kits k\u00f6nnen Werkzeuge wie eine Gartenschere, einen kleinen Rechen und eine Gie\u00dfkanne enthalten.<\/li>\n<li>D\u00fcnger: Einige Kits k\u00f6nnen auch eine kleine Menge D\u00fcnger enthalten, um dem Bonsai-Baum zu helfen, stark und gesund zu wachsen.<\/li>\n<li>Support: Einige Kits k\u00f6nnen mit fortlaufender Unterst\u00fctzung und Beratung durch den Hersteller oder Verk\u00e4ufer geliefert werden, um Ihnen bei der Pflege Ihres Bonsai-Baums zu helfen, w\u00e4hrend er w\u00e4chst.<\/li>\n<\/ol>\n<h3 style=\"font-size: 19px\">Kann das Samen-Starter-Kit f\u00fcr Bonsai-B\u00e4ume drinnen oder drau\u00dfen angebaut werden?<\/h3>\n<p>Ob ein&nbsp;<a>Bonsai Baum<\/a>&nbsp;aus einem Samen-Starter-Kit gez\u00fcchtet werden kann, h\u00e4ngt von der spezifischen Art des Bonsai-Baums und den erforderlichen Wachstumsbedingungen ab.<\/p>\n<p>Manche&nbsp;<a>Bonsai-Samen-Starter-Kit<\/a>&nbsp;ziehen es vor, im Freien in voller Sonne angebaut zu werden, w\u00e4hrend andere drinnen mit m\u00e4\u00dfigem bis hellem Licht gehalten werden k\u00f6nnen. F\u00fcr Indoor-Bonsai-B\u00e4ume sind m\u00f6glicherweise zus\u00e4tzliche erforderlich&nbsp;<a>Lichtquellen<\/a>, wie Pflanzenlampen, um zu gedeihen.<\/p>\n<p>Es ist wichtig, die spezifische Art des Bonsai-Baums, den Sie anbauen, und seine bevorzugten Wachstumsbedingungen zu erforschen. Einige Bonsai-B\u00e4ume ben\u00f6tigen m\u00f6glicherweise eine gewisse Zeit im Freien, um zu gedeihen, w\u00e4hrend andere das ganze Jahr \u00fcber im Haus gehalten werden k\u00f6nnen.<\/p>\n<p>Dar\u00fcber hinaus ist es wichtig, das Klima zu ber\u00fccksichtigen und&nbsp;<a>Wetterverh\u00e4ltnisse<\/a>&nbsp;in Ihrer N\u00e4he. Bonsai-B\u00e4ume im Freien m\u00fcssen in der Lage sein, den \u00f6rtlichen Wetterbedingungen, einschlie\u00dflich Temperatur- und Feuchtigkeitsschwankungen, standzuhalten, w\u00e4hrend Bonsai-B\u00e4ume im Innenbereich m\u00f6glicherweise zus\u00e4tzliche Pflege ben\u00f6tigen, um ein angemessenes Feuchtigkeitsniveau aufrechtzuerhalten.<\/p>\n<p>Insgesamt h\u00e4ngt es von der spezifischen Baumart und den erforderlichen Wachstumsbedingungen ab, ob ein aus einem Samen-Starterkit gezogener Bonsai-Baum drinnen oder drau\u00dfen gehalten werden kann. Es ist wichtig, die spezifischen Bed\u00fcrfnisse Ihres Bonsai-Baums zu erforschen und zu verstehen, um seine Gesundheit und sein Wachstum sicherzustellen.<\/p>\n<h3 style=\"font-size: 19px\">Wie lange dauert es, bis ein Bonsai-Samen-Starterkit aus einem Samen w\u00e4chst?<\/h3>\n<p>Die Zeit, die f\u00fcr a&nbsp;<a>Bonsai Baum<\/a> Samen-Starter-Kit zum Z\u00fcchten aus einem Samen kann je nach Art des Bonsai-Baums und den Wachstumsbedingungen variieren. Im Allgemeinen kann es mehrere Jahre dauern, bis ein Bonsaibaum ausgewachsen ist und die gew\u00fcnschten Eigenschaften entwickelt.<\/p>\n<p>Es ist wichtig zu beachten, dass das Z\u00fcchten eines Bonsai-Baums aus Samen ein langsamer und geduldiger Prozess sein kann und konsequente Sorgfalt und Aufmerksamkeit erfordert.&nbsp;<a>Bonsai-B\u00e4ume<\/a>&nbsp;erfordern regelm\u00e4\u00dfiges Beschneiden, Formen und Training, um die gew\u00fcnschte \u00c4sthetik zu erreichen.<\/p>\n<p>Manche&nbsp;<a>Bonsai-Baumarten<\/a>&nbsp;Das Wachstum kann l\u00e4nger dauern als bei anderen. Zum Beispiel ein&nbsp;<a>Bonsai-Baum der japanischen Schwarzkiefer<\/a>&nbsp;kann bis zu 5-7 Jahre dauern, um aus Samen zu wachsen, w\u00e4hrend a&nbsp;<a>Bonsai-Baum der chinesischen Ulme<\/a>&nbsp;kann 2-3 Jahre dauern.<\/p>\n<p>Es ist wichtig, die spezifische Art des Bonsaibaums, den Sie anbauen, und seine erwartete Wachstumsrate zu erforschen, um zu verstehen, wie lange es dauern kann, bis er ausgewachsen ist. Dar\u00fcber hinaus ist es wichtig, die geeigneten Wachstumsbedingungen wie geeignete Erde, Licht und Wasser bereitzustellen, um sicherzustellen, dass der Bonsai w\u00e4chst und gedeiht.<\/p>\n<h3 style=\"font-size: 19px\">Wie pflegen Sie ein Bonsai-Samen-Starter-Kit?<\/h3>\n<p>Betreuung von a&nbsp;<a>Bonsai Baum<\/a>&nbsp;mit einem Samen-Starter-Kit gez\u00fcchtet wird, ist wichtig, um seine Gesundheit und sein Wachstum zu gew\u00e4hrleisten. Hier sind einige Tipps zur Pflege eines Bonsai-Baums, der mit einem Samen-Starter-Kit gez\u00fcchtet wurde:<\/p>\n<ol style=\"list-style-type: decimal\">\n<li>\n<p>Bew\u00e4sserung:&nbsp;<a>Bonsai-Samen-Starter-Kit<\/a>&nbsp;m\u00fcssen regelm\u00e4\u00dfig gegossen werden, aber achten Sie darauf, den Baum nicht zu \u00fcberw\u00e4ssern oder unter Wasser zu setzen. \u00dcberpr\u00fcfen Sie die Erde regelm\u00e4\u00dfig und gie\u00dfen Sie sie nach Bedarf.<\/p>\n<\/li>\n<li>\n<p>Boden: Bonsai-B\u00e4ume ben\u00f6tigen eine gut durchl\u00e4ssige Bodenmischung, die eine gute Wasser- und Luftzirkulation erm\u00f6glicht. Verwenden Sie eine Erdmischung, die f\u00fcr die spezielle Art von Bonsai-Baum geeignet ist, die Sie anbauen.<\/p>\n<\/li>\n<li>\n<p>Licht: Die meisten Bonsai-B\u00e4ume ben\u00f6tigen ausreichend Sonnenlicht zum Wachsen, stellen Sie den Baum also an einen Ort, der f\u00fcr die jeweilige Baumart angemessenes Sonnenlicht erh\u00e4lt. Achten Sie jedoch darauf, den Baum nicht zu viel direktem Sonnenlicht auszusetzen, da dies zu Sonnenbrand oder Austrocknen des Laubs f\u00fchren kann.<\/p>\n<\/li>\n<li>\n<p>Temperatur: Bewahren Sie den Bonsai-Baum an einem Ort mit konstanter Temperatur auf. Vermeiden Sie es, den Baum in Gebieten mit extremen Temperaturen oder Temperaturschwankungen aufzustellen.<\/p>\n<\/li>\n<li>\n<p>D\u00fcnger: Das Bonsai-Samen-Starter-Kit erfordert eine regelm\u00e4\u00dfige D\u00fcngung, um die notwendigen N\u00e4hrstoffe f\u00fcr das Wachstum bereitzustellen. Verwenden Sie einen D\u00fcnger, der f\u00fcr die spezielle Art von Bonsai-Baum, den Sie anbauen, geeignet ist.<\/p>\n<\/li>\n<li>\n<p>Beschneiden: Wenn der Bonsai w\u00e4chst, muss er regelm\u00e4\u00dfig beschnitten werden, um seine Form zu erhalten und ein gesundes Wachstum zu f\u00f6rdern. Beschneiden Sie den Baum regelm\u00e4\u00dfig, um alle toten oder&nbsp;<a>erkrankte \u00c4ste<\/a>, und den Baum wie gew\u00fcnscht zu formen.<\/p>\n<\/li>\n<li>\n<p>Umtopfen: Bonsai-B\u00e4ume m\u00fcssen regelm\u00e4\u00dfig umgetopft werden, um ein gesundes Wurzelwachstum zu erhalten. Topfen Sie den Baum alle 1-2 Jahre oder nach Bedarf um, indem Sie eine Erdmischung verwenden, die f\u00fcr die jeweilige Bonsai-Art geeignet ist.<\/p>\n<\/li>\n<\/ol>\n<p>Indem Sie diese Tipps befolgen, k\u00f6nnen Sie einen mit einem Samen-Starterkit gez\u00fcchteten Bonsai-Baum pflegen und seine Gesundheit und sein Wachstum sicherstellen. Es ist wichtig, die spezifische Art des Bonsai-Baums, den Sie anbauen, f\u00fcr zus\u00e4tzliche Pflegetipps zu recherchieren und die Anweisungen zu befolgen, die dem Samen-Starter-Kit beiliegen.<\/p>\n<div>\n<div>\n<div>\n<div>\n<div>\n<h3 style=\"font-size: 19px\">Ist das Bonsai-Samen-Starter-Kit f\u00fcr Kinder geeignet?<\/h3>\n<\/div>\n<\/div>\n<\/div>\n<\/div>\n<\/div>\n<p>Bonsaibaumsamen k\u00f6nnen f\u00fcr Kinder geeignet sein, aber es ist wichtig, ein Set zu w\u00e4hlen, das f\u00fcr ihr Alter und ihre F\u00e4higkeiten geeignet ist. Einige Bonsai-Samen-Kits sind m\u00f6glicherweise komplexer und erfordern mehr Sorgfalt und Aufmerksamkeit als andere, die m\u00f6glicherweise nicht f\u00fcr j\u00fcngere Kinder geeignet sind.<\/p>\n<p>Es gibt jedoch viele Bonsai-Samen-Starter-Kits, die speziell f\u00fcr Kinder entwickelt wurden und einfach zu verwenden sind. Diese Kits k\u00f6nnen einfachere Anweisungen, kleinere B\u00e4ume oder Setzlinge enthalten und Fehler eher verzeihen. Sie k\u00f6nnen eine gro\u00dfartige M\u00f6glichkeit sein, Kindern die Freuden der Gartenarbeit n\u00e4her zu bringen und ihnen beizubringen, wie wichtig es ist, sich um Lebewesen zu k\u00fcmmern.<\/p>\n<p>Bei der Wahl eines&nbsp;<a>Samen von Bonsai-B\u00e4umen<\/a>&nbsp;F\u00fcr Kinder ist es wichtig, ihr Alter, ihr K\u00f6nnen und ihr Interesse an der Gartenarbeit zu ber\u00fccksichtigen. Es ist auch wichtig, Kinder w\u00e4hrend des Pflanz- und Pflegeprozesses zu beaufsichtigen, um ihre Sicherheit und die Gesundheit der Kinder zu gew\u00e4hrleisten&nbsp;<a>Bonsai Baum<\/a>. Gesamt,&nbsp;<a>Bonsai-Samen-Starter-Kits<\/a>&nbsp;kann eine lustige und lehrreiche Aktivit\u00e4t f\u00fcr Kinder sein, aber es ist wichtig, ein Kit zu w\u00e4hlen, das f\u00fcr ihr Alter und ihr K\u00f6nnen geeignet ist.<\/p>","protected":false},"excerpt":{"rendered":"<p>Premium Bonsai Baum Starter Kit: 4 Sorten von Samen: Japanischer Ahorn, Heilige Feige, Japanischer Liguster und Cotoneaster; Wachsen Sie Ihre eigenen Bonsai-B\u00e4ume<\/p>\n<p>Ein Bonsai-Baum-Samen-Starter-Kit enth\u00e4lt in der Regel alle notwendigen Materialien, um Bonsai-B\u00e4ume aus Samen zu ziehen und zu kultivieren. Diese Kits enthalten in der Regel einen kleinen Beh\u00e4lter oder Topf f\u00fcr die Bepflanzung, Erde, Samen, und manchmal D\u00fcnger, sowie Anweisungen f\u00fcr die Pflege. Bonsai-Baumsamen-Starterkits sind oft f\u00fcr Anf\u00e4nger gedacht und k\u00f6nnen eine gute M\u00f6glichkeit sein, mit der Aufzucht eigener Bonsaib\u00e4ume zu beginnen. Das Kit wird in der Regel bieten Ihnen mit einer bestimmten Art von Bonsai-Baum Samen, wie japanischer Ahorn, Kiefer oder Wacholder, so dass Sie den Baum, der am besten Ihren Vorlieben w\u00e4hlen k\u00f6nnen.<\/p><\/p>","protected":false},"featured_media":17928,"comment_status":"closed","ping_status":"closed","template":"","meta":[],"product_cat":[40],"product_tag":[48,42,102,103,46,725,721,722,724,723],"acf":[],"_links":{"self":[{"href":"https:\/\/www.garden-kit.com\/de\/wp-json\/wp\/v2\/product\/1444"}],"collection":[{"href":"https:\/\/www.garden-kit.com\/de\/wp-json\/wp\/v2\/product"}],"about":[{"href":"https:\/\/www.garden-kit.com\/de\/wp-json\/wp\/v2\/types\/product"}],"replies":[{"embeddable":true,"href":"https:\/\/www.garden-kit.com\/de\/wp-json\/wp\/v2\/comments?post=1444"}],"wp:featuredmedia":[{"embeddable":true,"href":"https:\/\/www.garden-kit.com\/de\/wp-json\/wp\/v2\/media\/17928"}],"wp:attachment":[{"href":"https:\/\/www.garden-kit.com\/de\/wp-json\/wp\/v2\/media?parent=1444"}],"wp:term":[{"taxonomy":"product_cat","embeddable":true,"href":"https:\/\/www.garden-kit.com\/de\/wp-json\/wp\/v2\/product_cat?post=1444"},{"taxonomy":"product_tag","embeddable":true,"href":"https:\/\/www.garden-kit.com\/de\/wp-json\/wp\/v2\/product_tag?post=1444"}],"curies":[{"name":"wp","href":"https:\/\/api.w.org\/{rel}","templated":true}]}}