{"id":1458,"date":"2022-08-23T23:35:33","date_gmt":"2022-08-23T15:35:33","guid":{"rendered":"http:\/\/www.garden-kit.com\/product\/bonsai-growing-kit\/"},"modified":"2023-11-24T11:54:31","modified_gmt":"2023-11-24T03:54:31","slug":"bonsai-growing-kit","status":"publish","type":"product","link":"https:\/\/www.garden-kit.com\/de\/product\/bonsai-growing-kit\/","title":{"rendered":"Bonsai-Zuchtset"},"content":{"rendered":"<h3 style=\"line-height: 1.5;font-size: 19px\"><span style=\"color: #000000;font-family: 'PingFang SC', 'Microsoft YaHei', sans-serif\"><strong><strong>\u00dcberblick<\/strong><\/strong><\/span><\/h3>\n<table style=\"border-collapse: collapse;width: 100%\">\n<tbody>\n<tr>\n<td width=\"298\" style=\"line-height: 2\"><span style=\"color: #000000;font-family: 'PingFang SC', 'Microsoft YaHei', sans-serif\">Produktpflegehinweise<\/span><\/td>\n<td width=\"298\" style=\"line-height: 2\"><span style=\"color: #000000;font-family: 'PingFang SC', 'Microsoft YaHei', sans-serif\">Verf\u00fcgbar<\/span><\/td>\n<\/tr>\n<tr>\n<td width=\"298\" style=\"line-height: 2\"><span style=\"color: #000000;font-family: 'PingFang SC', 'Microsoft YaHei', sans-serif\">Art des Pflanzenprodukts<\/span><\/td>\n<td width=\"298\" style=\"line-height: 2\"><span style=\"color: #000000;font-family: 'PingFang SC', 'Microsoft YaHei', sans-serif\">Bonsai Baum<\/span><\/td>\n<\/tr>\n<tr>\n<td width=\"298\" style=\"line-height: 2\"><span style=\"color: #000000;font-family: 'PingFang SC', 'Microsoft YaHei', sans-serif\">Besondere Funktion<\/span><\/td>\n<td width=\"298\" style=\"line-height: 2\"><span style=\"color: #000000;font-family: 'PingFang SC', 'Microsoft YaHei', sans-serif\">Indoor-Outdoor-Anbau<\/span><\/td>\n<\/tr>\n<tr>\n<td width=\"298\" style=\"line-height: 2\"><span style=\"color: #000000;font-family: 'PingFang SC', 'Microsoft YaHei', sans-serif\">Marke<\/span><\/td>\n<td width=\"298\" style=\"line-height: 2\"><span style=\"color: #000000;font-family: 'PingFang SC', 'Microsoft YaHei', sans-serif\">Garten-Kit<\/span><\/td>\n<\/tr>\n<tr>\n<td width=\"298\" style=\"line-height: 2\"><span style=\"color: #000000;font-family: 'PingFang SC', 'Microsoft YaHei', sans-serif\">Herkunftsort<\/span><\/td>\n<td width=\"298\" style=\"line-height: 2\"><span style=\"color: #000000;font-family: 'PingFang SC', 'Microsoft YaHei', sans-serif\">Fujian, China<\/span><\/td>\n<\/tr>\n<tr>\n<td width=\"298\" style=\"line-height: 2\"><span style=\"color: #000000;font-family: 'PingFang SC', 'Microsoft YaHei', sans-serif\">ODM\/OEM<\/span><\/td>\n<td width=\"298\" style=\"line-height: 2\"><span style=\"color: #000000;font-family: 'PingFang SC', 'Microsoft YaHei', sans-serif\">Verf\u00fcgbar<\/span><\/td>\n<\/tr>\n<tr>\n<td width=\"298\" style=\"line-height: 2\"><span style=\"color: #000000;font-family: 'PingFang SC', 'Microsoft YaHei', sans-serif\">MOQ f\u00fcr kundenspezifische Bestellung<\/span><\/td>\n<td width=\"298\" style=\"line-height: 2\"><span style=\"color: #000000;font-family: 'PingFang SC', 'Microsoft YaHei', sans-serif\">3000 Stk<\/span><\/td>\n<\/tr>\n<tr>\n<td width=\"298\" style=\"line-height: 2\"><span style=\"color: #000000;font-family: 'PingFang SC', 'Microsoft YaHei', sans-serif\">Beispielkosten<\/span><\/td>\n<td width=\"298\" style=\"line-height: 2\"><span style=\"color: #000000;font-family: 'PingFang SC', 'Microsoft YaHei', sans-serif\">US$400\/Sample, volle R\u00fccksendung nach einer Bestellung bei uns<\/span><\/td>\n<\/tr>\n<\/tbody>\n<\/table>\n<p style=\"line-height: 1.5\"><span style=\"font-family: 'PingFang SC', 'Microsoft YaHei', sans-serif\">&nbsp;<\/span><\/p>\n<p style=\"line-height: 1.5\"><span style=\"color: #000000;font-family: 'PingFang SC', 'Microsoft YaHei', sans-serif\">Vorbereitetes 18-teiliges Bonsai Grow Kit: Es ist ganz einfach - wir nehmen Ihnen das R\u00e4tselraten ab, wenn Sie einen Bonsai-Baum aus Samen ziehen, und leiten Sie bei jedem Schritt des Weges an. Alles, was Sie brauchen, um die Freude am Bonsai in Ihr Leben oder das Ihrer Lieben zu bringen, befindet sich in einer sch\u00f6nen Geschenkbox. Pflanzen Sie ihn!<\/span><\/p>\n<p style=\"line-height: 1.5\"><span style=\"font-family: 'PingFang SC', 'Microsoft YaHei', sans-serif\">&nbsp;<\/span><\/p>\n<h3 style=\"line-height: 1.5;font-size: 19px\"><span style=\"color: #000000;font-family: 'PingFang SC', 'Microsoft YaHei', sans-serif\"><strong><strong>Die folgenden Artikel sind im Kit enthalten:<\/strong><\/strong><\/span><\/h3>\n<p style=\"line-height: 1.5\"><span style=\"color: #000000;font-family: 'PingFang SC', 'Microsoft YaHei', sans-serif\">4 Keramikt\u00f6pfe mit Wasserschalen<\/span><\/p>\n<p style=\"line-height: 1.5\"><span style=\"color: #000000;font-family: 'PingFang SC', 'Microsoft YaHei', sans-serif\">4 vorged\u00fcngte Bodenpellets<\/span><\/p>\n<p style=\"line-height: 1.5\"><span style=\"color: #000000;font-family: 'PingFang SC', 'Microsoft YaHei', sans-serif\">4 Frischhalte-Saatpakete<\/span><\/p>\n<p style=\"line-height: 1.5\"><span style=\"color: #000000;font-family: 'PingFang SC', 'Microsoft YaHei', sans-serif\">4 Pflanzenmarkierungen aus Holz<\/span><\/p>\n<p style=\"line-height: 1.5\"><span style=\"color: #000000;font-family: 'PingFang SC', 'Microsoft YaHei', sans-serif\">1 Ern\u00e4hrungspaket<\/span><\/p>\n<p style=\"line-height: 1.5\"><span style=\"color: #000000;font-family: 'PingFang SC', 'Microsoft YaHei', sans-serif\">1 Schritt-f\u00fcr-Schritt-Anleitung<\/span><\/p>\n<p style=\"line-height: 1.5\"><span style=\"color: #000000;font-family: 'PingFang SC', 'Microsoft YaHei', sans-serif\">Ideal f\u00fcr Anf\u00e4nger - Pflanzen Sie wundersch\u00f6ne Miniaturb\u00e4ume mit dem anf\u00e4ngerfreundlichen Bonsai-Kit von Homemade. Fangen Sie jetzt an, die Grundlagen zu lernen. Tauchen Sie sp\u00e4ter in die Feinheiten des Beschneidens, Trimmens und Fr\u00e4sens ein.<\/span><\/p>\n<p style=\"line-height: 1.5\"><span style=\"color: #000000;font-family: 'PingFang SC', 'Microsoft YaHei', sans-serif\">Was ist ein Bonsai? Ein Bonsai ist kein einzelner Baum, sondern eine reichhaltige Kunst, die Ihnen helfen kann, Geduld und Wertsch\u00e4tzung f\u00fcr kleine Dinge zu entwickeln. Lebende Bonsai-B\u00e4ume zu schaffen ist eine lohnende Herausforderung.<\/span><\/p>\n<p style=\"line-height: 1.5\"><span style=\"color: #000000;font-family: 'PingFang SC', 'Microsoft YaHei', sans-serif\">Lebendige Sorten \u2013 Pflanzen Sie 4 echte Bonsai-Baumsamen und kultivieren Sie einen Miniaturwald voller Farben. Genie\u00dfen Sie \u00fcppige Gr\u00fcn-, Rot- und Violettt\u00f6ne von Ihrem <strong><strong>Blauer Jacaranda, Chinesische Ulme, Hinoki-Zypresse und Kreppmyrte<\/strong><\/strong><\/span><\/p>\n<p style=\"line-height: 1.5\"><span style=\"color: #000000;font-family: 'PingFang SC', 'Microsoft YaHei', sans-serif\">Grow Guide \u2013 Beginnen Sie Ihre Indoor-Gartenreise nicht alleine. Holen Sie sich fachm\u00e4nnische Hilfe mit den detaillierten gedruckten und digitalen Anleitungen zum Bonsai-Baum-Zuchtset. Erfahren Sie, wie Sie daf\u00fcr sorgen, dass Ihre Flora gedeiht.<\/span><\/p>\n<p style=\"line-height: 1.5\"><span style=\"color: #000000;font-family: 'PingFang SC', 'Microsoft YaHei', sans-serif\">Native Hearts - Lassen Sie uns Ihnen helfen, Ihre Daumen auf die gr\u00fcne Bonsai-Pflanzung Kit f\u00fcr G\u00e4rtner aller Qualifikationsstufen entwickelt. Ihre Bonsai-Samen-Paket ist unser Engagement f\u00fcr Ihr Wachstum als Z\u00fcchter zu unterst\u00fctzen.<\/span><\/p>\n<h3 style=\"font-size: 19px;line-height: 1.5\"><span style=\"font-family: 'PingFang SC', 'Microsoft YaHei', sans-serif\">Grundlegende Tipps zum Topfpflanzen<\/span><\/h3>\n<p style=\"line-height: 1.5\"><span style=\"font-family: 'PingFang SC', 'Microsoft YaHei', sans-serif\">1. Beckenboden<\/span><br \/><span style=\"font-family: 'PingFang SC', 'Microsoft YaHei', sans-serif\">Die Bepflanzung von Blumen in T\u00f6pfen unterscheidet sich von der Bepflanzung in der Erde, daher m\u00fcssen wir die Erde verwenden, die wir f\u00fcr die Bepflanzung bereitstellen. Die Fruchtbarkeit kann die Pflanzen mit N\u00e4hrstoffen versorgen, und gleichzeitig ist die Luftdurchl\u00e4ssigkeit gut, denn Topfpflanzen m\u00fcssen h\u00e4ufig und wiederholt gegossen werden, um einen Wasserfluss zu vermeiden, der dazu f\u00fchrt, dass die Blumenerde verh\u00e4rtet, was das Wachstum des Wurzelsystems beeintr\u00e4chtigt, Probleme verursacht oder die Pflanze sogar welken l\u00e4sst.<\/span><\/p>\n<p style=\"line-height: 1.5\"><span style=\"font-family: 'PingFang SC', 'Microsoft YaHei', sans-serif\">2. Bew\u00e4sserung<\/span><br \/><span style=\"font-family: 'PingFang SC', 'Microsoft YaHei', sans-serif\">Zu viel Gie\u00dfen ist die Achillesferse vieler Neulinge. Sie haben immer das Gef\u00fchl, dass die Pflanzen an der Trockenheit sterben werden und denken st\u00e4ndig an Wasser, aber die Blumenerde ist den ganzen Tag \u00fcber nass.<\/span><br \/><span style=\"font-family: 'PingFang SC', 'Microsoft YaHei', sans-serif\">Denken Sie dar\u00fcber nach: Sehen Sie oft Berichte \u00fcber Menschen, die zu viel Wasser auf einmal trinken und eine Wasservergiftung erleiden?<\/span><br \/><span style=\"font-family: 'PingFang SC', 'Microsoft YaHei', sans-serif\">Dasselbe gilt auch f\u00fcr Pflanzen. Obwohl Wasser notwendig ist, bedeutet das nicht, dass sie sich st\u00e4ndig in einer feuchten Umgebung befinden m\u00fcssen. Auch das Wurzelsystem von Pflanzen ben\u00f6tigt eine trockene und feuchte Umgebung, die wir als Trocken-Nass-Zyklus bezeichnen.<\/span><br \/><span style=\"font-family: 'PingFang SC', 'Microsoft YaHei', sans-serif\">Gie\u00dfen Sie also nicht nach Belieben, insbesondere nicht auf dem Balkon mit schlechter Bel\u00fcftung. Sie m\u00fcssen vor dem Gie\u00dfen warten, bis die 2 cm unter der Topfoberfl\u00e4che liegende Erde getrocknet ist.<\/span><\/p>\n<p style=\"line-height: 1.5\"><span style=\"font-family: 'PingFang SC', 'Microsoft YaHei', sans-serif\">3. Befruchtung<\/span><\/p>\n<p style=\"line-height: 1.5\"><span style=\"font-family: 'PingFang SC', 'Microsoft YaHei', sans-serif\">Viele Menschen z\u00fcchten Pflanzen und wissen nicht, wie sie sie d\u00fcngen sollen. F\u00fcr Anf\u00e4nger, die nicht wissen, welche Art von D\u00fcnger verwendet werden kann und welche nicht, wenn das N\u00e4hrstoffpaket aufgebraucht ist, werde ich Ihnen den einfachsten Trick beibringen: Kaufen Sie fermentierten H\u00fchnermist oder Schafsmist; das ist genug. Er hat einen umfassenden N\u00e4hrwert und verbrennt die Setzlinge nicht so leicht, daher ist er die beste Wahl f\u00fcr Anf\u00e4nger.<\/span><\/p>\n<p style=\"line-height: 1.5\"><span style=\"font-family: 'PingFang SC', 'Microsoft YaHei', sans-serif\">4. Beleuchtung<\/span><br \/><span style=\"font-family: 'PingFang SC', 'Microsoft YaHei', sans-serif\">Beleuchtung scheint einfach zu sein, aber es versteht sich von selbst, dass Licht oft einen direkten Einfluss auf das Leben und Sterben von Pflanzen hat.<\/span><br \/><span style=\"font-family: 'PingFang SC', 'Microsoft YaHei', sans-serif\">Einige schattentolerante Zimmerpflanzen vertragen kein direktes Sonnenlicht. Nat\u00fcrlich f\u00fchren einige lichtliebende Pflanzen auch zu schwachen Pflanzen, wenn sie l\u00e4ngere Zeit nicht der Sonne ausgesetzt sind. Daher sollte das Licht entsprechend der Lichtempfindlichkeit der Pflanzen angepasst werden. Suchen Sie einfach nach relevanten Informationen zur Pflanzenart.<\/span><\/p>\n<p style=\"line-height: 1.5\"><span style=\"font-family: 'PingFang SC', 'Microsoft YaHei', sans-serif\">5. Bel\u00fcftung<\/span><\/p>\n<p style=\"line-height: 1.5\"><span style=\"font-family: 'PingFang SC', 'Microsoft YaHei', sans-serif\">Unter Bel\u00fcftung verstehen viele Menschen die Bel\u00fcftung der Umgebung. Die Bel\u00fcftung der Umgebung ist sehr wichtig, aber auch die interne Bel\u00fcftung der Anlage selbst ist sehr wichtig.<\/span><br \/><span style=\"font-family: 'PingFang SC', 'Microsoft YaHei', sans-serif\">Sowohl bei schlechter Bel\u00fcftung in der Umgebung als auch bei schlechter Bel\u00fcftung im Inneren der Pflanze kann es leicht zu Krankheiten und Sch\u00e4dlingsbefall kommen. Bei der Kultivierung auf dem Balkon sollten die Fenster zur Bel\u00fcftung h\u00e4ufig ge\u00f6ffnet werden, und bei der Kultivierung im Freien sollten Sie darauf achten, dass die Pflanzen nicht zu dicht stehen und zu dichte Zweige zur\u00fcckgeschnitten werden. F\u00fcr gute Bel\u00fcftung sorgen.<\/span><\/p>\n<p style=\"line-height: 1.5\"><span style=\"font-family: 'PingFang SC', 'Microsoft YaHei', sans-serif\">6. Sch\u00e4dlingsbek\u00e4mpfung<\/span><br \/><span style=\"font-family: 'PingFang SC', 'Microsoft YaHei', sans-serif\">Die Vorbeugung und Bek\u00e4mpfung von Krankheiten und Sch\u00e4dlingen ist ebenfalls sehr wichtig f\u00fcr die Pflege von K\u00fcbelpflanzen. Der Schwerpunkt sollte auf der Vorbeugung von Krankheiten und Sch\u00e4dlingen liegen, und wir k\u00f6nnen nicht warten, bis Krankheiten und Sch\u00e4dlinge auftreten, um \u00fcber eine Behandlung nachzudenken. Sobald Krankheiten oder Sch\u00e4dlinge auftreten, sind die Auswirkungen auf die Pflanzen irreversibel.<\/span><br \/><span style=\"font-family: 'PingFang SC', 'Microsoft YaHei', sans-serif\">Topfpflanzen, die im Freien gez\u00fcchtet werden, sollten wegen des Auftretens von Krankheiten und Sch\u00e4dlingsbefall regelm\u00e4\u00dfig mit Pestiziden behandelt werden. Um den Einsatz von weniger Pestiziden zu vermeiden, k\u00f6nnen Topfpflanzen regelm\u00e4\u00dfig 500 Mal mit Alkohol oder Essig verd\u00fcnnt werden, um sie zu sterilisieren und Krankheiten vorzubeugen.<\/span><\/p>\n<p style=\"line-height: 1.5\"><span style=\"font-family: 'PingFang SC', 'Microsoft YaHei', sans-serif\">In der Jahreszeit mit hohem Insektenaufkommen kann es 200-fach mit Wind\u00f6lessenz verd\u00fcnnt und auf die Pflanzen gespr\u00fcht werden, was die Aufgabe hat, Insekten abzuwehren und zu t\u00f6ten.<\/span><br \/><span style=\"font-family: 'PingFang SC', 'Microsoft YaHei', sans-serif\">F\u00fcr Anf\u00e4nger, die Blumen anbauen, ist es grunds\u00e4tzlich kein Problem, Pflanzen zu f\u00fcttern und sie kr\u00e4ftig wachsen zu lassen, wenn sie die oben genannten 6 Punkte beherrschen.<\/span><\/p>\n<p style=\"line-height: 1.5\"><span style=\"font-family: 'PingFang SC', 'Microsoft YaHei', sans-serif\">\u00dcber diesen Artikel<\/span><\/p>\n<p style=\"line-height: 1.5\"><span style=\"font-family: 'PingFang SC', 'Microsoft YaHei', sans-serif\">1\u3001Ideal f\u00fcr Anf\u00e4nger \u2013 Z\u00fcchten Sie wundersch\u00f6ne Miniaturb\u00e4ume mit Ihrem anf\u00e4ngerfreundlichen Bonsai-Set von Homegrown. Lernen Sie jetzt die Grundlagen. Tauchen Sie sp\u00e4ter in die Komplexit\u00e4t des Beschneidens, Beschneidens und Verdrahtens ein.<\/span><\/p>\n<p style=\"line-height: 1.5\"><span style=\"font-family: 'PingFang SC', 'Microsoft YaHei', sans-serif\">2\u3001Was ist Bonsai? \u2013 Bonsai ist keine einzelne Baumart; Es ist eine reichhaltige Kunst, die Ihnen hilft, Geduld und Wertsch\u00e4tzung f\u00fcr kleine Dinge zu entwickeln. Die Schaffung lebender Bonsai-B\u00e4ume ist eine lohnende Herausforderung.<\/span><\/p>\n<p style=\"line-height: 1.5\"><span style=\"font-family: 'PingFang SC', 'Microsoft YaHei', sans-serif\">3\u3001Lebendige Vielfalt \u2013 Pflanzen Sie 4 Arten echter Bonsai-Baumsamen und kultivieren Sie einen Miniaturwald voller Farben. Genie\u00dfen Sie \u00fcppige Gr\u00fcn-, Rot- und Violettt\u00f6ne von Jacaranda, Hinoki, chinesischer Ulme und Kreppmyrte.<\/span><\/p>\n<p style=\"line-height: 1.5\"><span style=\"font-family: 'PingFang SC', 'Microsoft YaHei', sans-serif\">4\u3001Grow Guide - Beginnen Sie Ihre Reise durch den Indoor-Garten nicht alleine. Holen Sie sich fachkundige Unterst\u00fctzung von Ihrem detaillierten Bonsai-Baumzucht-Kit mit gedrucktem und digitalem Anzuchtleitfaden. Erfahren Sie, was n\u00f6tig ist, um Ihre Pflanzen zum Bl\u00fchen zu bringen.<\/span><\/p>\n<p style=\"line-height: 1.5\"><span style=\"font-family: 'PingFang SC', 'Microsoft YaHei', sans-serif\">5\u3001Homegrown Heart \u2013 Wir helfen Ihnen dabei, Ihren Daumen gr\u00fcn zu machen mit Bonsai-Zuchtsets, die f\u00fcr G\u00e4rtner aller Erfahrungsstufen entwickelt wurden. Ihr Bonsai-Samenset wird durch unser Engagement f\u00fcr Ihr Wachstum als Z\u00fcchter unterst\u00fctzt.<\/span><\/p>\n<h3 style=\"line-height: 1.5;font-size: 19px\"><span style=\"font-family: 'PingFang SC', 'Microsoft YaHei', sans-serif\"><strong>Sameninformationen, die Sie kennen k\u00f6nnen&nbsp;<\/strong><\/span><\/h3>\n<h3 style=\"line-height: 1.5;font-size: 19px\"><span style=\"font-family: 'PingFang SC', 'Microsoft YaHei', sans-serif\"><strong>Japanischer Ahorn<\/strong>&nbsp;<\/span><\/h3>\n<p style=\"line-height: 1.5\"><span style=\"font-family: 'PingFang SC', 'Microsoft YaHei', sans-serif\">Tats\u00e4chlich ist der Japanische Rot-Ahorn kein Ahornbaum, ebenso wie der Podocarpus keine Kiefer ist. Die dem Namen beigef\u00fcgten W\u00f6rter stellen nicht seine Attribute dar. Der Japanische Rotahorn hat einen hohen Zierwert und die Bl\u00e4tter sind heller als die des allgemeinen Acer palmatum. Der Japanische Rotahorn hat in der Bonsai-Welt viele Fans.<\/span><\/p>\n<p style=\"line-height: 1.5\"><span style=\"font-family: 'PingFang SC', 'Microsoft YaHei', sans-serif\">Seine Bl\u00e4tter sind wundersch\u00f6n. Leuchtend gelb im zeitigen Fr\u00fchjahr, goldgelb im Fr\u00fchjahr (M\u00e4rz-Juni), goldgelb oder r\u00f6tlich im Herbst (September-Oktober), und leuchtend rot vor dem Laubfall<\/span><\/p>\n<p style=\"line-height: 1.5\"><span style=\"font-family: 'PingFang SC', 'Microsoft YaHei', sans-serif\">Heilige Feige&nbsp;<\/span><\/p>\n<p style=\"line-height: 1.5\"><span style=\"font-family: 'PingFang SC', 'Microsoft YaHei', sans-serif\">Japanischer Liguster<\/span><\/p>\n<p style=\"line-height: 1.5\"><span style=\"font-family: 'PingFang SC', 'Microsoft YaHei', sans-serif\">Zwergmispel<\/span><\/p>\n<\/p>\n<p>Bonsai-Anbaus\u00e4tze sind eine fantastische M\u00f6glichkeit f\u00fcr Anf\u00e4nger, mit der Kultivierung und Pflege ihrer Bonsaib\u00e4ume zu beginnen. Diese Kits enthalten in der Regel die wichtigsten Werkzeuge, Samen oder einen jungen Baum, Erde, T\u00f6pfe und Anleitungen, um den Anfang zu machen. Hier ist, was Sie erwarten k\u00f6nnen, in einem Bonsai wachsen Kit zu finden:<\/p>\n<ul>\n<li>\n<p><strong>Bonsai Baum Samen oder Setzling:<\/strong> Einige Baus\u00e4tze enthalten Samen beliebter Bonsaibaumsorten wie japanischer Ahorn, Wacholder, Kiefer oder Kirschbl\u00fcte. Andere enthalten einen kleinen, vorgez\u00fcchteten B\u00e4umchen.<\/p>\n<\/li>\n<li>\n<p><strong>Bonsai-Topf:<\/strong> In der Regel ist ein kleiner Topf speziell f\u00fcr die Bonsaipflanzung enthalten. Diese T\u00f6pfe haben oft eine gute Drainage, um Staun\u00e4sse zu verhindern.<\/p>\n<\/li>\n<li>\n<p><strong>Bonsai-Erde:<\/strong> Speziell formulierte Erdmischungen, die eine angemessene Drainage und f\u00fcr das Bonsai-Wachstum geeignete N\u00e4hrstoffe bieten.<\/p>\n<\/li>\n<li>\n<p><strong>Grundlegende Werkzeuge:<\/strong> Die Kits k\u00f6nnen einige grundlegende Bonsai-Werkzeuge enthalten, wie z. B. eine Baumschere, Draht zum Formen, eine Harke und vielleicht eine kleine Schaufel oder Kelle.<\/p>\n<\/li>\n<li>\n<p><strong>Anleitung oder Leitfaden:<\/strong> Detaillierte Anleitungen oder ein Leitfaden, der die Grundlagen der Bonsaipflege erkl\u00e4rt, einschlie\u00dflich Bew\u00e4sserung, Beschneidung, Verdrahtung und Umtopfen.<\/p>\n<\/li>\n<li>\n<p><strong>D\u00fcngemittel:<\/strong> Einige Kits enthalten auch eine kleine Menge bonsaispezifischen D\u00fcngers, um den Baum zu n\u00e4hren.<\/p>\n<\/li>\n<\/ul>\n<p>Bei der Auswahl eines Bonsai-Anbausatzes sollten Sie die Art des Baumes, den Sie anbauen m\u00f6chten, Ihre Erfahrung und die Qualit\u00e4t der enthaltenen Werkzeuge und Materialien ber\u00fccksichtigen. Kits k\u00f6nnen in Bezug auf den Preis und die Qualit\u00e4t sehr unterschiedlich sein. Einige Kits sind speziell f\u00fcr Bonsai f\u00fcr den Innenbereich geeignet, w\u00e4hrend andere sich auf Sorten f\u00fcr den Au\u00dfenbereich konzentrieren.<\/p>\n<p>Denken Sie daran, dass die Aufzucht eines Bonsaibaums ein geduldiges und langfristiges Unterfangen ist. Sie erfordert regelm\u00e4\u00dfige Pflege, Geduld und Liebe zum Detail. Es kann mehrere Jahre dauern, bis Sie das gew\u00fcnschte Aussehen und den gew\u00fcnschten Stil Ihres Bonsais erreicht haben.<\/p>\n<p>Wenn Sie an einem praktischen Ansatz interessiert sind, k\u00f6nnen Sie auch Ihren eigenen Bausatz zusammenstellen, indem Sie einzelne Komponenten separat kaufen, spezifische Werkzeuge ausw\u00e4hlen und die Art des Bonsai-Baums w\u00e4hlen, den Sie z\u00fcchten m\u00f6chten.<\/p>\n<p>Denken Sie daran, sich \u00fcber die spezifischen Pflegeanforderungen der Baumart in Ihrem Bausatz zu informieren, um das richtige Wachstum und die Gesundheit des Baumes zu gew\u00e4hrleisten.<\/p>","protected":false},"excerpt":{"rendered":"<p>Premium Bonsai Baum Starter Kit - 4 Sorten Samen - Japanischer Ahorn, Heilige Feige, Japanischer Liguster und Cotoneaster - Z\u00fcchten Sie Ihre eigenen Bonsai-B\u00e4ume Wir bieten einen individuellen Service; Sie k\u00f6nnen uns Ihre Bed\u00fcrfnisse mitteilen<\/p>","protected":false},"featured_media":17440,"comment_status":"closed","ping_status":"closed","template":"","meta":[],"product_cat":[40],"product_tag":[48,104,42,103,112,108],"acf":[],"_links":{"self":[{"href":"https:\/\/www.garden-kit.com\/de\/wp-json\/wp\/v2\/product\/1458"}],"collection":[{"href":"https:\/\/www.garden-kit.com\/de\/wp-json\/wp\/v2\/product"}],"about":[{"href":"https:\/\/www.garden-kit.com\/de\/wp-json\/wp\/v2\/types\/product"}],"replies":[{"embeddable":true,"href":"https:\/\/www.garden-kit.com\/de\/wp-json\/wp\/v2\/comments?post=1458"}],"wp:featuredmedia":[{"embeddable":true,"href":"https:\/\/www.garden-kit.com\/de\/wp-json\/wp\/v2\/media\/17440"}],"wp:attachment":[{"href":"https:\/\/www.garden-kit.com\/de\/wp-json\/wp\/v2\/media?parent=1458"}],"wp:term":[{"taxonomy":"product_cat","embeddable":true,"href":"https:\/\/www.garden-kit.com\/de\/wp-json\/wp\/v2\/product_cat?post=1458"},{"taxonomy":"product_tag","embeddable":true,"href":"https:\/\/www.garden-kit.com\/de\/wp-json\/wp\/v2\/product_tag?post=1458"}],"curies":[{"name":"wp","href":"https:\/\/api.w.org\/{rel}","templated":true}]}}