{"id":14885,"date":"2023-05-09T11:24:59","date_gmt":"2023-05-09T03:24:59","guid":{"rendered":"https:\/\/www.garden-kit.com\/product\/paper-pen-with-seed\/"},"modified":"2024-03-07T10:17:20","modified_gmt":"2024-03-07T02:17:20","slug":"paper-pen-with-seed","status":"publish","type":"product","link":"https:\/\/www.garden-kit.com\/de\/product\/paper-pen-with-seed\/","title":{"rendered":"Papierstift mit Samen"},"content":{"rendered":"<p>Papierstift mit Samen ist ein umweltfreundliches kreatives Produkt, sein K\u00f6rper besteht aus Spezialpapier, dieses Papier ist mit Samen bepflanzt, die in der Erde vergraben werden k\u00f6nnen, um zu Pflanzen heranzuwachsen. Diese Stifte werden h\u00e4ufig bei kreativen Aktivit\u00e4ten wie Schreiben, Zeichnen, Kritzeln usw. verwendet. Sie erm\u00f6glichen Ihnen nicht nur, Ihrer Kreativit\u00e4t und Fantasie freien Lauf zu lassen, sondern machen Ihre Arbeit auch umweltfreundlich und nachhaltig.<\/p>\n<h3 style=\"font-size: 19px\">Die Vorteile des Papierstifts mit Samen sind:<\/h3>\n<ol>\n<li>Umweltfreundlich: Da der K\u00f6rper des Samenpapierstifts aus biologisch abbaubarem Papier besteht, kann dieser Stift nach Gebrauch in der Erde vergraben werden, sodass die darin gepflanzten Samen unter den richtigen Bedingungen zu Pflanzen heranwachsen k\u00f6nnen. Sein umweltfreundlicher Charakter ist nicht nur ein umweltfreundlicher Akt, sondern auch eine gute M\u00f6glichkeit, mehr Menschen f\u00fcr Umweltschutzthemen zu sensibilisieren.<\/li>\n<li>Kreativit\u00e4t: Das einzigartige Material des Samenpapierstifts erm\u00f6glicht es Ihnen, bei Ihrer Kreation kreativer zu sein. Sie k\u00f6nnen beispielsweise die Worte schreiben, mit denen die Pflanze wachsen soll, oder einige Pflanzenmuster auf den Stiftk\u00f6rper zeichnen, und das ist auch gut Art zu f\u00f6rdern.<\/li>\n<li>Nachhaltigkeit: Der Samenpapierstift ist nicht nur umweltfreundlich, sondern auch nachhaltig, da er eine M\u00f6glichkeit zum Pflanzenanbau sein kann. Indem man es im Boden vergr\u00e4bt und die darin gepflanzten Samen unter den richtigen Bedingungen zu Pflanzen heranwachsen l\u00e4sst, verringert es nicht nur die Umweltverschmutzung, sondern tr\u00e4gt auch dazu bei, die Pflanzenressourcen zu sch\u00fctzen und zu vergr\u00f6\u00dfern.<\/li>\n<\/ol>\n<h3 style=\"font-size: 19px\">Vorsichtsma\u00dfnahmen f\u00fcr Papierstift mit Samen<\/h3>\n<ol>\n<li>Es ist m\u00f6glicherweise weniger haltbar: Da der K\u00f6rper des Samenpapierstifts zerbrechlich ist, kann es bei versehentlichem Fallenlassen oder Druckeinwirkung zu einer Verformung oder Besch\u00e4digung des K\u00f6rpers kommen, was die Wirksamkeit seiner Verwendung beeintr\u00e4chtigt.<\/li>\n<li>Die \u00dcberlebensrate der Samen ist ungewiss: Obwohl die Samen in den Samenpapierstift gepflanzt werden, ist die \u00dcberlebensrate der Samen nicht immer garantiert. Das Ergebnis ihres Wachstums h\u00e4ngt auch von vielen Faktoren ab, wie zum Beispiel Boden, Feuchtigkeit, Licht usw.<\/li>\n<li>Lagerung: Da die Samen in den K\u00f6rper einer Samenbucht gepflanzt werden, muss darauf geachtet werden, dass sie bei der Lagerung trocken und vor Feuchtigkeit gesch\u00fctzt bleibt.<\/li>\n<\/ol>\n<h3 style=\"font-size: 19px\">Wie man einen Papierstift mit Samen richtig anbaut<\/h3>\n<p>Der Samenpapierstift ist ein umweltfreundliches Kreativprodukt, das nach Gebrauch in die Erde eingegraben werden kann, sodass die darin gepflanzten Samen unter den richtigen Bedingungen zu Pflanzen heranwachsen k\u00f6nnen. Hier sind einige Schritte, um einen Samenstift richtig zu pflanzen:<\/p>\n<ol>\n<li>Auswahl der richtigen Erde und des richtigen Beh\u00e4lters: Bevor Sie Samenpapierstifte pflanzen, m\u00fcssen Sie die richtige Erde und den richtigen Beh\u00e4lter f\u00fcr das Wachstum vorbereiten. Generell eignen sich Samenpapierstifte f\u00fcr den Anbau in feuchten, gut durchl\u00e4ssigen und n\u00e4hrstoffreichen B\u00f6den. Als Gef\u00e4\u00dfe k\u00f6nnen T\u00f6pfe oder andere Pflanzgef\u00e4\u00dfe gew\u00e4hlt werden, es muss jedoch darauf geachtet werden, dass die Gr\u00f6\u00dfe angemessen und nicht zu gro\u00df oder zu klein ist.<\/li>\n<li>Vorbereiten des Bodens und Gie\u00dfen: Gie\u00dfen Sie den vorbereiteten Boden in den Beh\u00e4lter und gie\u00dfen Sie die richtige Menge Wasser ein, um den Boden zu befeuchten. Es ist wichtig zu beachten, dass der Boden nicht zu nass werden darf, damit die Samen nicht verfaulen.<\/li>\n<li>Vergraben Sie den Papierstift mit dem Saatgut in der Erde: Stecken Sie den benutzten Saatgut-Papierstift in den Boden, aber nicht zu tief, sondern nur in die Oberfl\u00e4che des Bodens.<\/li>\n<li>Sonnenlicht und Pflege: Stellen Sie das Pflanzgef\u00e4\u00df in die volle Sonne, halten Sie die Erde feucht und gie\u00dfen Sie zum richtigen Zeitpunkt. Je nach Pflanzenart m\u00fcssen Sie m\u00f6glicherweise auf Details wie Temperatur, Licht und D\u00fcngung achten.<\/li>\n<li>Warten Sie auf die Keimung: Warten Sie eine gewisse Zeit, normalerweise einige Tage bis einige Wochen, bis die Samen keimen und wachsen.<\/li>\n<\/ol>\n<p>Es ist wichtig zu beachten, dass verschiedene Pflanzenarten unterschiedliche Wachstumsanforderungen haben. Wenn Sie sich also nicht sicher sind, wie Sie sie anbauen sollen, informieren Sie sich \u00fcber die Wachstumsbedingungen und Bed\u00fcrfnisse der von Ihnen ausgew\u00e4hlten Pflanzen, um eine erfolgreiche Pflanzung sicherzustellen. Au\u00dferdem ist die Lebensf\u00e4higkeit der Samen bei Samenpapierstiften nicht immer gew\u00e4hrleistet, und manchmal keimen und wachsen die Samen m\u00f6glicherweise nicht erfolgreich, sodass es keine Garantie daf\u00fcr gibt, dass jeder Samenpapierstift erfolgreich gepflanzt wird.<\/p>\n<h3 style=\"font-size: 19px\">So pflegt man einen Papierstift mit Samen<\/h3>\n<p>Ein ges\u00e4ter Papierstift ist eigentlich ein Samen, der direkt in die Erde eingegraben werden kann und zu einer Pflanze heranw\u00e4chst. Daher ist die Pflege eines ges\u00e4ten Papierstifts dieselbe wie die Pflege anderer Pflanzen, die haupts\u00e4chlich die folgenden Punkte umfasst:<\/p>\n<ol>\n<li>Umgebung: Verschiedene Pflanzenarten haben unterschiedliche Anforderungen an ihre Umgebung. Einige ben\u00f6tigen volles Sonnenlicht, andere Halbschatten. Daher m\u00fcssen Sie bei der Auswahl eines Papierstifts mit Samen zum Pflanzen die Wachstumsumgebung und die Wachstumsgewohnheiten der Art kennen, um geeignete Wachstumsbedingungen zu schaffen.<\/li>\n<li>Temperatur und Luftfeuchtigkeit: Die meisten Pflanzen ben\u00f6tigen eine warme und feuchte Umgebung, es gibt jedoch einige Pflanzen, die f\u00fcr den Anbau in einer trockenen Umgebung geeignet sind. Daher m\u00fcssen Sie beim Pflanzen auf die Temperatur und Luftfeuchtigkeit der Umgebung achten. Durch regelm\u00e4\u00dfiges Gie\u00dfen und Bespr\u00fchen k\u00f6nnen Sie die f\u00fcr das Pflanzenwachstum erforderliche Luftfeuchtigkeit aufrechterhalten.<\/li>\n<li>Boden und D\u00fcnger: Der Boden ist eine wichtige Grundlage f\u00fcr das Pflanzenwachstum und ein geeigneter Boden kann ausreichend N\u00e4hrstoffe liefern, um das Pflanzenwachstum zu unterst\u00fctzen. Wenn Sie Papierstifte mit Samen pflanzen, m\u00fcssen Sie einen Boden w\u00e4hlen, der f\u00fcr das Wachstum geeignet ist, und darauf achten, dass der Boden nicht zu nass oder zu trocken wird. Gegebenenfalls kann eine m\u00e4\u00dfige Menge D\u00fcnger ausgebracht werden, um das Wachstum der Pflanze zu unterst\u00fctzen.<\/li>\n<li>Licht: Licht ist f\u00fcr das Pflanzenwachstum von entscheidender Bedeutung, da es die f\u00fcr das Pflanzenwachstum ben\u00f6tigte Energie liefert und Pflanzen bei der Photosynthese unterst\u00fctzt. Beim Anbau von Samenpapierstiften m\u00fcssen Sie die richtige Lichtumgebung w\u00e4hlen, damit die Pflanze wachsen kann. Manche Pflanzen brauchen volles Sonnenlicht, andere brauchen Halbschatten.<\/li>\n<\/ol>\n<p>Kurz gesagt, ein Samenpapierstift ist lediglich ein Samen, der die richtige Umgebung und die richtige Menge an Wasser, N\u00e4hrstoffen, Licht und Temperatur ben\u00f6tigt, um zu einer Pflanze heranzuwachsen. Bei der Pflege von ges\u00e4ten Papierstiften muss entsprechend den Bed\u00fcrfnissen der verschiedenen Pflanzen darauf geachtet werden, dass sie wachsen k\u00f6nnen.<\/p>\n<h3 style=\"font-size: 19px\">F\u00fcr welches Alter ist ein Papierstift mit Samen geeignet?<\/h3>\n<p>Samenpapierstifte sind f\u00fcr Menschen jeden Alters geeignet. Sowohl Kinder als auch Erwachsene k\u00f6nnen mit Samenpapierstiften den Prozess des Pflanzenwachstums erlernen und erleben und ihr Bewusstsein f\u00fcr den Umweltschutz sch\u00e4rfen.<\/p>\n<p>F\u00fcr Kinder sind Samenpapierstifte ein sehr interessantes Lernmittel, mit dem sie den grundlegenden Prozess des Pflanzenwachstums verstehen und ein Gef\u00fchl f\u00fcr den Umgang mit der Natur entwickeln k\u00f6nnen. Gleichzeitig kann die umweltfreundliche Natur des Papierstifts mit Samen auch Kinder \u00fcber die Bedeutung von Umweltschutz und nachhaltiger Entwicklung aufkl\u00e4ren.<\/p>\n<p>F\u00fcr Erwachsene sind Samenpapierstifte auch ein kreatives und umweltfreundliches Geschenk, das als Weihnachtsgeschenk oder Gesch\u00e4ftsgeschenk an Freunde, Familie oder Kunden verschenkt werden kann. Durch die Verwendung von Samenpapierstiften k\u00f6nnen Menschen den Prozess des Pflanzenanbaus sp\u00fcren und sich mehr Gedanken \u00fcber Umweltschutz und Nachhaltigkeit machen.<\/p>\n<p>Zusammenfassend l\u00e4sst sich sagen, dass der Samenpapierstift ein sehr unterhaltsames und umweltfreundliches Produkt f\u00fcr Menschen jeden Alters ist. Sowohl Kinder als auch Erwachsene k\u00f6nnen Spa\u00df daran haben und etwas N\u00fctzliches daraus lernen.<\/p>\n<h3 style=\"font-size: 19px\">FAQ<\/h3>\n<p>F: Kann ein Papierstift mit Samen zum Schreiben verwendet werden?<\/p>\n<p>A: Ja, der Samenpapierstift kann zum Schreiben verwendet werden, es muss jedoch darauf geachtet werden, nicht zu viel Kraft anzuwenden, da die Samen sonst leicht besch\u00e4digt werden.<\/p>\n<p>F: Wie oft k\u00f6nnen die Samen des Samenpapierstifts gepflanzt werden?<\/p>\n<p>A: Das h\u00e4ngt von der Art des Saatguts und den Wachstumsbedingungen ab. Manche Samen k\u00f6nnen nur einmal gepflanzt werden, w\u00e4hrend andere mehrmals gepflanzt werden k\u00f6nnen.<\/p>\n<p>F: F\u00fcr welche Anwendungen k\u00f6nnen Samenpapierstifte verwendet werden?<\/p>\n<p>A: Samenpapierstifte k\u00f6nnen in einer Vielzahl von Situationen verwendet werden, z. B. beim allt\u00e4glichen Schreiben, Zeichnen und als Geschenk. Es kann auch in Schulen, Unternehmen und anderen Einrichtungen als Werbe- und Umweltschutzinstrument eingesetzt werden.<\/p>\n<p>F: Wie lange ist der Samenpapierstift haltbar?<\/p>\n<p>A: Die Haltbarkeitsdauer von Papierstiften mit Samen betr\u00e4gt im Allgemeinen etwa ein Jahr, die tats\u00e4chliche Haltbarkeitsdauer kann jedoch aufgrund unterschiedlicher Samensorten und Lagerbedingungen variieren.<\/p>","protected":false},"excerpt":{"rendered":"<p>Wir stellen unseren innovativen Papierstift mit Samen vor \u2013 das perfekte Schreibger\u00e4t f\u00fcr umweltbewusste Menschen! Dieser Stift besteht nicht nur aus Recyclingpapier, sondern verf\u00fcgt auch \u00fcber eine Samenkapsel am Ende des Stifts, die nach Gebrauch eingepflanzt werden kann. Nehmen Sie einfach die Kapsel ab, pflanzen Sie sie in die Erde und beobachten Sie, wie sie zu einer wundersch\u00f6nen Pflanze heranw\u00e4chst. Mit einem angenehmen Schreiberlebnis und einer umweltfreundlichen Note ist dieser Papierstift mit Samen ein Muss f\u00fcr jeden, der einen positiven Einfluss auf den Planeten haben m\u00f6chte.<\/p><\/p>","protected":false},"featured_media":17894,"comment_status":"open","ping_status":"closed","template":"","meta":[],"product_cat":[67],"product_tag":[752,753,749,750,647,754,747,746,751,748],"acf":[],"_links":{"self":[{"href":"https:\/\/www.garden-kit.com\/de\/wp-json\/wp\/v2\/product\/14885"}],"collection":[{"href":"https:\/\/www.garden-kit.com\/de\/wp-json\/wp\/v2\/product"}],"about":[{"href":"https:\/\/www.garden-kit.com\/de\/wp-json\/wp\/v2\/types\/product"}],"replies":[{"embeddable":true,"href":"https:\/\/www.garden-kit.com\/de\/wp-json\/wp\/v2\/comments?post=14885"}],"wp:featuredmedia":[{"embeddable":true,"href":"https:\/\/www.garden-kit.com\/de\/wp-json\/wp\/v2\/media\/17894"}],"wp:attachment":[{"href":"https:\/\/www.garden-kit.com\/de\/wp-json\/wp\/v2\/media?parent=14885"}],"wp:term":[{"taxonomy":"product_cat","embeddable":true,"href":"https:\/\/www.garden-kit.com\/de\/wp-json\/wp\/v2\/product_cat?post=14885"},{"taxonomy":"product_tag","embeddable":true,"href":"https:\/\/www.garden-kit.com\/de\/wp-json\/wp\/v2\/product_tag?post=14885"}],"curies":[{"name":"wp","href":"https:\/\/api.w.org\/{rel}","templated":true}]}}