{"id":1516,"date":"2022-08-23T23:41:47","date_gmt":"2022-08-23T15:41:47","guid":{"rendered":"http:\/\/www.garden-kit.com\/product\/indoor-herb-garden-kit\/"},"modified":"2023-04-03T11:34:17","modified_gmt":"2023-04-03T03:34:17","slug":"indoor-herb-garden-kit","status":"publish","type":"product","link":"https:\/\/www.garden-kit.com\/de\/product\/indoor-herb-garden-kit\/","title":{"rendered":"Indoor-Kr\u00e4utergarten-Kit"},"content":{"rendered":"<h3 style=\"font-size: 19px\"><span style=\"font-family: arial, helvetica, sans-serif;font-size: 16px\">\u00dcberblick<\/span><\/h3>\n<table style=\"border-collapse: collapse;width: 100%;height: 300px\">\n<tbody>\n<tr style=\"height: 21px\">\n<td style=\"width: 49.2308%;height: 21px\" width=\"224\"><span style=\"font-family: arial, helvetica, sans-serif;font-size: 16px\">Produktpflegehinweise<\/span><\/td>\n<td style=\"width: 49.2308%;height: 21px\" width=\"224\"><span style=\"font-family: arial, helvetica, sans-serif;font-size: 16px\">Verf\u00fcgbar<\/span><\/td>\n<\/tr>\n<tr style=\"height: 21px\">\n<td style=\"width: 49.2308%;height: 21px\" width=\"224\"><span style=\"font-family: arial, helvetica, sans-serif;font-size: 16px\">Art des Pflanzenprodukts<\/span><\/td>\n<td style=\"width: 49.2308%;height: 21px\" width=\"224\"><span style=\"font-family: arial, helvetica, sans-serif;font-size: 16px\">Kr\u00e4uter<\/span><\/td>\n<\/tr>\n<tr style=\"height: 21px\">\n<td style=\"width: 49.2308%;height: 21px\" width=\"224\"><span style=\"font-family: arial, helvetica, sans-serif;font-size: 16px\">Besondere Funktion<\/span><\/td>\n<td style=\"width: 49.2308%;height: 21px\" width=\"224\"><span style=\"font-family: arial, helvetica, sans-serif;font-size: 16px\">Indoor-Outdoor-Anbau<\/span><\/td>\n<\/tr>\n<tr style=\"height: 21px\">\n<td style=\"width: 49.2308%;height: 21px\" width=\"224\"><span style=\"font-family: arial, helvetica, sans-serif;font-size: 16px\">Marke<\/span><\/td>\n<td style=\"width: 49.2308%;height: 21px\" width=\"224\"><span style=\"font-family: arial, helvetica, sans-serif;font-size: 16px\">Garten-Kit<\/span><\/td>\n<\/tr>\n<tr style=\"height: 21px\">\n<td style=\"width: 49.2308%;height: 21px\" width=\"224\"><span style=\"font-family: arial, helvetica, sans-serif;font-size: 16px\">Herkunftsort<\/span><\/td>\n<td style=\"width: 49.2308%;height: 21px\" width=\"224\"><span style=\"font-family: arial, helvetica, sans-serif;font-size: 16px\">Fujian, China<\/span><\/td>\n<\/tr>\n<tr style=\"height: 21px\">\n<td style=\"width: 49.2308%;height: 21px\" width=\"224\"><span style=\"font-family: arial, helvetica, sans-serif;font-size: 16px\">ODM\/OEM<\/span><\/td>\n<td style=\"width: 49.2308%;height: 21px\" width=\"224\"><span style=\"font-family: arial, helvetica, sans-serif;font-size: 16px\">Verf\u00fcgbar<\/span><\/td>\n<\/tr>\n<tr style=\"height: 21px\">\n<td style=\"width: 49.2308%;height: 21px\" width=\"224\"><span style=\"font-family: arial, helvetica, sans-serif;font-size: 16px\">MOQ f\u00fcr kundenspezifische Bestellung<\/span><\/td>\n<td style=\"width: 49.2308%;height: 21px\" width=\"224\"><span style=\"font-family: arial, helvetica, sans-serif;font-size: 16px\">3000 Stk<\/span><\/td>\n<\/tr>\n<tr style=\"height: 28px\">\n<td style=\"width: 49.2308%;height: 28px\" width=\"224\"><span style=\"font-family: arial, helvetica, sans-serif;font-size: 16px\">Beispielkosten<\/span><\/td>\n<td style=\"width: 49.2308%;height: 28px\" width=\"224\"><span style=\"font-family: arial, helvetica, sans-serif;font-size: 16px\">US$400\/Sample, volle R\u00fccksendung nach der Bestellung bei uns<\/span><\/td>\n<\/tr>\n<\/tbody>\n<\/table>\n<pre>&nbsp;<\/pre>\n<p style=\"line-height: 1.5\"><span style=\"font-family: arial, helvetica, sans-serif;font-size: 16px\">Alles, was Sie brauchen, in einem Paket \u2013 dieses Set enth\u00e4lt alles, was Sie brauchen, um Ihren eigenen Kr\u00e4utergarten anzulegen. 5 Arten von Kr\u00e4utersamen, Erde, Pflanzenmarkierungen, wiederverwendbare T\u00f6pfe, Schalen und leicht verst\u00e4ndliche Pflanzanleitungen werden mitgeliefert. Sie brauchen \u00fcberhaupt keine Kenntnisse oder Erfahrungen! Unsere Kits werden mit detaillierten und illustrierten Anleitungen und PDF-Leitf\u00e4den zu Best Practices geliefert.<\/span><\/p>\n<p style=\"line-height: 1.5\"><span style=\"font-family: arial, helvetica, sans-serif;font-size: 16px\">Vorbereitetes 20-teiliges Indoor-Kr\u00e4uter-Starter-Kit: Alles, was Sie brauchen, um die Freude am Anbau von wohlschmeckenden Kr\u00e4utern in Ihr Leben oder das Leben eines geliebten Menschen zu bringen. Es ist ganz einfach \u2013 unsere Vermutungen zum Anbau von Kr\u00e4utern aus Samen, die Sie bei jedem Schritt anleiten. Pflanze es!<\/span><\/p>\n<pre><span style=\"font-family: arial, helvetica, sans-serif;font-size: 16px\"><br \/>Die folgenden Artikel sind im Kit enthalten.<\/span><\/pre>\n<p style=\"line-height: 1.5\"><span style=\"font-family: arial, helvetica, sans-serif;font-size: 16px\">4 wiederverwendbare T\u00f6pfe mit Wasserschalen<\/span><\/p>\n<p style=\"line-height: 1.5\"><span style=\"font-family: arial, helvetica, sans-serif;font-size: 16px\">1 Ern\u00e4hrungspaket<\/span><\/p>\n<p style=\"line-height: 1.5\"><span style=\"font-family: arial, helvetica, sans-serif;font-size: 16px\">4 Blumenerdescheiben,<\/span><\/p>\n<p style=\"line-height: 1.5\"><span style=\"font-family: arial, helvetica, sans-serif;font-size: 16px\">4 Pflanzenmarker,<\/span><\/p>\n<p style=\"line-height: 1.5\"><span style=\"font-family: arial, helvetica, sans-serif;font-size: 16px\">5 Sorten Kr\u00e4utersamen<\/span><\/p>\n<p style=\"line-height: 1.5\"><span style=\"font-family: arial, helvetica, sans-serif;font-size: 16px\">1 Grow-Leitfaden<\/span><\/p>\n<p style=\"line-height: 1.5\"><span style=\"font-family: arial, helvetica, sans-serif;font-size: 16px\">1 Geschenkbox<\/span><\/p>\n<p style=\"line-height: 1.5\">&nbsp;<\/p>\n<p style=\"line-height: 1.5\"><span style=\"font-family: arial, helvetica, sans-serif;font-size: 16px\">Ein durchdachtes Geschenk \u2013 die selbstwachsende Gartenumgebung f\u00fcr Anf\u00e4nger wird sicher \u00fcberall ein L\u00e4cheln hervorrufen und viel Freude bereiten. F\u00fcr M\u00fctter, V\u00e4ter, vegane Freunde, Hausk\u00f6che oder Gartenliebhaber werden Sie sie alle gewinnen! Holen Sie sich noch heute dieses perfekte Gartengeschenk.<\/span><\/p>\n<p style=\"line-height: 1.5\"><span style=\"font-family: arial, helvetica, sans-serif;font-size: 16px\">Unser Engagement f\u00fcr Sie \u2013 Saatgut und Erde werden in den USA angebaut, geerntet und verpackt. Wir haben daf\u00fcr gesorgt, dass Sie Ihren eigenen Kr\u00e4utergarten ganz einfach zu Hause anlegen k\u00f6nnen. Unsere Unterst\u00fctzung endet hier nicht, denn wir m\u00f6chten, dass Ihre Vanillesamen wachsen. Unser Team wird sich darum k\u00fcmmern, Ihnen zu antworten und Ihnen bei Ihrer Pflanzreise zu helfen. Wenn Ihre Samen nicht keimen, teilen Sie uns dies bitte mit und wir senden Ihnen eine neue zu<\/span><\/p>\n<p style=\"line-height: 1.5\">&nbsp;<\/p>\n<p style=\"line-height: 1.5\"><span style=\"font-family: arial, helvetica, sans-serif;font-size: 16px\">Hohe Keimrate, Erbst\u00fcck und gentechnikfrei \u2013 Ihre Samen werden vor Ort angebaut, geerntet und vor der Freigabe getestet. Nicht jeder hat g\u00e4rtnerische F\u00e4higkeiten, deshalb haben wir daf\u00fcr gesorgt, dass dieses DIY-Kit sowohl f\u00fcr Bastler als auch f\u00fcr Anf\u00e4nger geeignet ist. Neben Pflanzanleitungen werden Tipps und Tricks zur Aussaat und Keimung gegeben.<\/span><\/p>\n<p style=\"line-height: 1.5\"><span style=\"font-family: arial, helvetica, sans-serif;font-size: 16px\">Starten Sie Ihren Kr\u00e4utergarten drinnen oder drau\u00dfen, sogar in Ihrer eigenen K\u00fcche! \u2013 Dieses Set wird mit langlebigen Pflanzgef\u00e4\u00dfen, Tropfschalen und Holzpflanzenmarkern geliefert, die Sie \u00fcberall auf Ihrer Terrasse, Fensterbank oder K\u00fcche platzieren k\u00f6nnen. Sie k\u00f6nnen jetzt Ihr eigenes frisches Basilikum, Minze, Koriander, Schnittlauchkr\u00e4uter und k\u00f6stliche Hausmannskost anbauen und ernten.<\/span><\/p><\/p>","protected":false},"excerpt":{"rendered":"<p>5-Kr\u00e4uter-Pflanzen-Growkit mit T\u00f6pfen und Erde \u2013 DIY Heirloom-Kr\u00e4utersamen-Kit f\u00fcr den Heimgarten \u2013 K\u00fcchenfenster-Garten-Growkit \u2013 einzigartige Gartengeschenke f\u00fcr Frauen und M\u00e4nner<\/p>","protected":false},"featured_media":13334,"comment_status":"open","ping_status":"closed","template":"","meta":[],"product_cat":[50],"product_tag":[570,180,179,56,569,58],"acf":[],"_links":{"self":[{"href":"https:\/\/www.garden-kit.com\/de\/wp-json\/wp\/v2\/product\/1516"}],"collection":[{"href":"https:\/\/www.garden-kit.com\/de\/wp-json\/wp\/v2\/product"}],"about":[{"href":"https:\/\/www.garden-kit.com\/de\/wp-json\/wp\/v2\/types\/product"}],"replies":[{"embeddable":true,"href":"https:\/\/www.garden-kit.com\/de\/wp-json\/wp\/v2\/comments?post=1516"}],"wp:featuredmedia":[{"embeddable":true,"href":"https:\/\/www.garden-kit.com\/de\/wp-json\/wp\/v2\/media\/13334"}],"wp:attachment":[{"href":"https:\/\/www.garden-kit.com\/de\/wp-json\/wp\/v2\/media?parent=1516"}],"wp:term":[{"taxonomy":"product_cat","embeddable":true,"href":"https:\/\/www.garden-kit.com\/de\/wp-json\/wp\/v2\/product_cat?post=1516"},{"taxonomy":"product_tag","embeddable":true,"href":"https:\/\/www.garden-kit.com\/de\/wp-json\/wp\/v2\/product_tag?post=1516"}],"curies":[{"name":"wp","href":"https:\/\/api.w.org\/{rel}","templated":true}]}}