{"id":1526,"date":"2022-08-23T23:42:28","date_gmt":"2022-08-23T15:42:28","guid":{"rendered":"http:\/\/www.garden-kit.com\/product\/indoor-herb-gardening-kit\/"},"modified":"2023-11-04T22:25:51","modified_gmt":"2023-11-04T14:25:51","slug":"indoor-herb-gardening-kit","status":"publish","type":"product","link":"https:\/\/www.garden-kit.com\/de\/product\/indoor-herb-gardening-kit\/","title":{"rendered":"Indoor-Kr\u00e4utergarten-Kit"},"content":{"rendered":"<h2>Indoor-Kr\u00e4utergarten-Kit<\/h2>\n<p style=\"font-size: 16px; line-height: 1.5;\">Kr\u00e4uterpflanzen k\u00f6nnen ein einzigartiges Aroma abgeben, wie Basilikum, Minze, Lavendel und so weiter. Unsere Kr\u00e4uteranbau-Sets enthalten eine Vielzahl von Kr\u00e4utersamen, und Sie k\u00f6nnen sie jederzeit drinnen pflanzen, dies erfordert nicht, dass Sie einen gr\u00fcnen Daumen haben, denn im Inneren des Kits, enthalten wir die notwendige Bepflanzung, mehr und mehr Menschen wie Kr\u00e4uterpflanzen zu Hause zu wachsen, kann nicht nur die Raumluft zu reinigen, sondern hat auch die Wirkung der Erfrischung und Revitalisierung des Gehirns, die sehr vorteilhaft f\u00fcr die Gesundheit der Familie ist. Gleichzeitig haben die meisten Kr\u00e4uterpflanzen einen kleinen Frischeeffekt, der Ihr Haus in wenigen Minuten versch\u00f6nern kann. Einige Kr\u00e4uter k\u00f6nnen auch in der K\u00fcche verwendet werden, um die K\u00fcche zu verfeinern!<\/p>\n<h3 style=\"font-size: 19px; line-height: 1.5;\"><span style=\"font-family: arial, helvetica, sans-serif; font-size: 16px;\">\u00dcberblick<\/span><\/h3>\n<table style=\"border-collapse: collapse; width: 100%;\">\n<tbody>\n<tr>\n<td style=\"width: 50%; line-height: 1.5;\" width=\"224\"><span style=\"font-family: arial, helvetica, sans-serif; font-size: 16px;\">Produktpflegehinweise<\/span><\/td>\n<td style=\"width: 50%; line-height: 1.5;\" width=\"224\"><span style=\"font-family: arial, helvetica, sans-serif; font-size: 16px;\">Verf\u00fcgbar<\/span><\/td>\n<\/tr>\n<tr>\n<td style=\"width: 50%; line-height: 1.5;\" width=\"224\"><span style=\"font-family: arial, helvetica, sans-serif; font-size: 16px;\">Art des Pflanzenprodukts<\/span><\/td>\n<td style=\"width: 50%; line-height: 1.5;\" width=\"224\"><span style=\"font-family: arial, helvetica, sans-serif; font-size: 16px;\">Kr\u00e4uter<\/span><\/td>\n<\/tr>\n<tr>\n<td style=\"width: 50%; line-height: 1.5;\" width=\"224\"><span style=\"font-family: arial, helvetica, sans-serif; font-size: 16px;\">Besondere Funktion<\/span><\/td>\n<td style=\"width: 50%; line-height: 1.5;\" width=\"224\"><span style=\"font-family: arial, helvetica, sans-serif; font-size: 16px;\">Indoor-Outdoor-Anbau<\/span><\/td>\n<\/tr>\n<tr>\n<td style=\"width: 50%; line-height: 1.5;\" width=\"224\"><span style=\"font-family: arial, helvetica, sans-serif; font-size: 16px;\">Marke<\/span><\/td>\n<td style=\"width: 50%; line-height: 1.5;\" width=\"224\"><span style=\"font-family: arial, helvetica, sans-serif; font-size: 16px;\">Garten-Kit<\/span><\/td>\n<\/tr>\n<tr>\n<td style=\"width: 50%; line-height: 1.5;\" width=\"224\"><span style=\"font-family: arial, helvetica, sans-serif; font-size: 16px;\">Herkunftsort<\/span><\/td>\n<td style=\"width: 50%; line-height: 1.5;\" width=\"224\"><span style=\"font-family: arial, helvetica, sans-serif; font-size: 16px;\">Fujian, China<\/span><\/td>\n<\/tr>\n<tr>\n<td style=\"width: 50%; line-height: 1.5;\" width=\"224\"><span style=\"font-family: arial, helvetica, sans-serif; font-size: 16px;\">ODM\/OEM<\/span><\/td>\n<td style=\"width: 50%; line-height: 1.5;\" width=\"224\"><span style=\"font-family: arial, helvetica, sans-serif; font-size: 16px;\">Verf\u00fcgbar<\/span><\/td>\n<\/tr>\n<tr>\n<td style=\"width: 50%; line-height: 1.5;\" width=\"224\"><span style=\"font-family: arial, helvetica, sans-serif; font-size: 16px;\">MOQ f\u00fcr kundenspezifische Bestellung<\/span><\/td>\n<td style=\"width: 50%; line-height: 1.5;\" width=\"224\"><span style=\"font-family: arial, helvetica, sans-serif; font-size: 16px;\">3000 Stk<\/span><\/td>\n<\/tr>\n<tr>\n<td style=\"width: 50%; line-height: 1.5;\" width=\"224\"><span style=\"font-family: arial, helvetica, sans-serif; font-size: 16px;\">Beispielkosten<\/span><\/td>\n<td style=\"width: 50%; line-height: 1.5;\" width=\"224\"><span style=\"font-family: arial, helvetica, sans-serif; font-size: 16px;\">US$400\/Sample, volle R\u00fccksendung nach der Bestellung bei uns<\/span><\/td>\n<\/tr>\n<\/tbody>\n<\/table>\n<h2 style=\"line-height: 1.5;\">\u00dcber die Bestellung von Herb Gardening Kits<\/h2>\n<p style=\"line-height: 1.5;\"><strong><span style=\"font-family: arial, helvetica, sans-serif; font-size: 16px;\">Individuelle Geschenkbox<\/span><\/strong><\/p>\n<p>Die \u00e4u\u00dfere Verpackung der Kits kann nach Ihren Ideen angepasst werden, wenn Sie kein Design haben, k\u00f6nnen wir auch das Design der \u00e4u\u00dferen Verpackung zur Verf\u00fcgung stellen, wir sowie haben auch die \u00e4u\u00dfere Verpackung vieler Marken entworfen, so dass ihr Gesch\u00e4ft sehr erfolgreich. Wenn Sie also Ihr eigenes Kr\u00e4utergartengesch\u00e4ft starten wollen, kontaktieren Sie uns\uff01<\/p>\n<p><strong>Umweltfreundliches Herbal Start Kit<\/strong><\/p>\n<p>Jedes Indoor Herb Gardening Kit enth\u00e4lt zertifizierte biologische, nicht gentechnisch ver\u00e4nderte Samen. Zu den Kr\u00e4utern f\u00fcr die Innenraumbepflanzung geh\u00f6ren au\u00dferdem italienisches Basilikum, Koriander, Petersilie, Salbei und Thymian, 5 kompostierbare Torft\u00f6pfe, 5 OMRI-zertifizierte fruchtbare Blumenerden, 5 individuell gestaltete h\u00f6lzerne Pflanzmarker und eine sch\u00f6ne Pflanzanleitung.<\/p>\n<p>Das gesamte Set ist bio-zertifiziert, die meisten K\u00fcchenkr\u00e4utergarten-Starter-Sets enthalten Bio-Saatgut, und die Erde und T\u00f6pfe sind mit sch\u00e4dlichen Chemikalien und Pestiziden behandelt. Sie sind also umweltfreundlich, und wir sind der festen \u00dcberzeugung, dass nachhaltige, umweltfreundliche, vollst\u00e4ndig biologische Systeme sicher f\u00fcr unsere Familien, Frauen, M\u00e4nner, Kinder und jeden G\u00e4rtner sind.<\/p>\n<p><strong>Perfektes besonderes Geschenk\u00a0<\/strong><\/p>\n<p>Unsere Indoor Herb gardening Kits sind perfekt f\u00fcr jedermann, Mann oder Frau, Vegetarier oder Veganer, Mutter, Vater, beste K\u00fcche und Gartenarbeit Geschenk oder Housewarming Geschenk. Unsere Indoor-Kr\u00e4utergarten-Kits sind perfekt f\u00fcr den Anbau auf Fensterb\u00e4nken, Wohnungen, pers\u00f6nliche Outdoor, K\u00fcche\u3001Balkone, und sogar Arbeitsplatten.<\/p>\n<p><strong>Erwecken Sie Ihre K\u00fcche zum Leben<\/strong><\/p>\n<p>Pflanzen Sie Samen f\u00fcr den Indoor-Garten, denn jede K\u00fcche sieht besser aus mit frischen Kr\u00e4utern und Pflanzen auf der Arbeitsplatte. Unsere Indoor Herb Kits mit Heirloom Seeds sind eine einzigartige M\u00f6glichkeit, Ihre Plantage mit Lebensmitteln zu bereichern und Ihre Mahlzeiten mit ein wenig Gourmet-Geschmack aus Ihrem eigenen Home-Grow-Kit aufzupeppen!<\/p>\n<p style=\"line-height: 1.5;\"><strong><span style=\"font-family: arial, helvetica, sans-serif; font-size: 16px;\">Vorbereitetes 23-teiliges Indoor Herb Starter Kit<\/span><\/strong><\/p>\n<p>Enth\u00e4lt alles, was Sie brauchen, um k\u00f6stliche Kr\u00e4uter anzubauen. Beginnen Sie mit der Anzucht Ihrer Kr\u00e4uter aus Samen und wir f\u00fchren Sie m\u00fchelos durch jeden Schritt des Prozesses. Die folgenden Artikel sind im Indoor Herb Gardening Kit enthalten.<\/p>\n<p>5 individuelle Saatgutpakete<br \/>\n5 Pflanzenmarker aus Holz<br \/>\n5 OMRI-zertifizierte Blumenerdenscheibe<br \/>\n4 OMRI-zertifizierte kompostierbare Torft\u00f6pfe<\/p>\n<p style=\"line-height: 1.5;\"><strong>Bevor Sie mit der Bepflanzung Ihres Indoor Herb Gardening Kits beginnen, sollten Sie einige Dinge beachten<\/strong><\/p>\n<p style=\"line-height: 1.5;\">\n1. W\u00e4hlen Sie ein geeignetes Pflanzgef\u00e4\u00df:<\/p>\n<p style=\"line-height: 1.5;\">Kr\u00e4uter sind Flachwurzler, daher ist es am besten, einen flachen Topf f\u00fcr die Bepflanzung zu w\u00e4hlen. G\u00e4ngige Pflanzenfasert\u00f6pfe und Tont\u00f6pfe sind besser geeignet, da sie atmungsaktiver sind. Legen Sie Granulatsteine auf den Boden des Topfes, um die Drainage zu verbessern und Verstopfungen zu vermeiden.<\/p>\n<p style=\"line-height: 1.5;\">\n2. Platzierung von Topfpflanzen:<\/p>\n<p style=\"line-height: 1.5;\">Kr\u00e4uter k\u00f6nnen an Orten mit diffusem Licht wachsen, aber sie gedeihen gut, wenn sie 5-6 Stunden gebrochenes Licht pro Tag erhalten. Stellen Sie sie im Sommer auf einen nach S\u00fcden ausgerichteten Balkon. Um ein Verwelken und Verf\u00e4rben der Bl\u00e4tter zu vermeiden, sollten sie nicht in der prallen Sonne stehen.<\/p>\n<p style=\"line-height: 1.5;\">\n3. Boden:<\/p>\n<p style=\"line-height: 1.5;\">Kr\u00e4uter wachsen gut in gut durchl\u00e4ssigem, gut durchl\u00fcftetem, lockerem und fruchtbarem Boden. Halten Sie also den Boden in gutem Zustand, nicht verklumpt und ausgetrocknet.<\/p>\n<p style=\"line-height: 1.5;\">\n4. Aussaat:<\/p>\n<p style=\"line-height: 1.5;\">Weichen Sie die Samen vor der Aussaat 24 Stunden lang ein, um die Keimung zu verbessern.<\/p>\n<p style=\"line-height: 1.5;\">\n5. D\u00fcngen:<\/p>\n<p style=\"line-height: 1.5;\">Achten Sie auf die Bew\u00e4sserung Ihrer Kr\u00e4uter und vermeiden Sie \u00dcberw\u00e4sserung oder lange Zeitr\u00e4ume ohne Bew\u00e4sserung.<\/p>","protected":false},"excerpt":{"rendered":"<p>Zertifiziert USDA Bio Non-GMO - 5 Kr\u00e4uter Samen Basilikum, Koriander, Petersilie, Salbei, Thymian, Blumenerde, Pflanze Kit - DIY K\u00fcche Indoor Herb Gardening Kit<\/p>","protected":false},"featured_media":13325,"comment_status":"open","ping_status":"closed","template":"","meta":[],"product_cat":[50],"product_tag":[180,183,179,176,181,177,56,57,178,182],"acf":[],"_links":{"self":[{"href":"https:\/\/www.garden-kit.com\/de\/wp-json\/wp\/v2\/product\/1526"}],"collection":[{"href":"https:\/\/www.garden-kit.com\/de\/wp-json\/wp\/v2\/product"}],"about":[{"href":"https:\/\/www.garden-kit.com\/de\/wp-json\/wp\/v2\/types\/product"}],"replies":[{"embeddable":true,"href":"https:\/\/www.garden-kit.com\/de\/wp-json\/wp\/v2\/comments?post=1526"}],"wp:featuredmedia":[{"embeddable":true,"href":"https:\/\/www.garden-kit.com\/de\/wp-json\/wp\/v2\/media\/13325"}],"wp:attachment":[{"href":"https:\/\/www.garden-kit.com\/de\/wp-json\/wp\/v2\/media?parent=1526"}],"wp:term":[{"taxonomy":"product_cat","embeddable":true,"href":"https:\/\/www.garden-kit.com\/de\/wp-json\/wp\/v2\/product_cat?post=1526"},{"taxonomy":"product_tag","embeddable":true,"href":"https:\/\/www.garden-kit.com\/de\/wp-json\/wp\/v2\/product_tag?post=1526"}],"curies":[{"name":"wp","href":"https:\/\/api.w.org\/{rel}","templated":true}]}}