{"id":1536,"date":"2022-08-23T23:44:47","date_gmt":"2022-08-23T15:44:47","guid":{"rendered":"http:\/\/www.garden-kit.com\/product\/kitchen-herbs-grow-kit\/"},"modified":"2023-08-14T19:57:40","modified_gmt":"2023-08-14T11:57:40","slug":"kitchen-herbs-grow-kit","status":"publish","type":"product","link":"https:\/\/www.garden-kit.com\/de\/product\/kitchen-herbs-grow-kit\/","title":{"rendered":"K\u00fcchenkr\u00e4utergarten-Set"},"content":{"rendered":"<p style=\"line-height: 1.5\"><span style=\"font-family: arial, helvetica, sans-serif;font-size: 16px\">Bewahren Sie einige Blumen zu Hause auf, wie Dill, Spinnenpflanze, Efeu usw., um Gr\u00fcn und frische Luft hinzuzuf\u00fcgen und eine sch\u00f6ne Landschaft zu schaffen. Allerdings eignen sich unterschiedliche Blumen und Pflanzen f\u00fcr die Platzierung an unterschiedlichen Orten. In der K\u00fcche ist es beispielsweise geeignet, einige Vanillepflanzen zu platzieren. W\u00e4hrend es frisch und auff\u00e4llig ist, k\u00f6nnen Sie auch ein Blatt als Gew\u00fcrz pfl\u00fccken, um das Essen aromatischer zu machen!<\/span><br \/><span style=\"font-family: arial, helvetica, sans-serif;font-size: 16px\">Der Anbau von Kochkr\u00e4utern ist der beste Weg, um in der eigenen K\u00fcche \u201evom Boden auf den Tisch\u201c zu gelangen. Sie ben\u00f6tigen eine kleine Pflanzfl\u00e4che, und sie k\u00f6nnen auch angesehen, gepfl\u00fcckt und direkt zum Kochen verwendet werden, was eine t\u00e4gliche F\u00e4higkeit mit einer \u201esehr niedrigen Schwelle\u201c ist.<\/span><\/p>\n<p style=\"line-height: 1.5\"><span style=\"font-family: arial, helvetica, sans-serif;font-size: 18px\"><\/span><\/p>\n<h3 style=\"line-height: 1.5;font-size: 19px\"><span style=\"font-family: arial, helvetica, sans-serif;font-size: 18px\">\u00dcberblick<\/span><\/h3>\n<table>\n<tbody>\n<tr>\n<td width=\"298\">\n<pre><span style=\"font-family: arial, helvetica, sans-serif;font-size: 16px\">Produktpflegehinweise<\/span><\/pre>\n<\/td>\n<td width=\"298\">\n<pre><span style=\"font-family: arial, helvetica, sans-serif;font-size: 16px\">Verf\u00fcgbar<\/span><\/pre>\n<\/td>\n<\/tr>\n<tr>\n<td width=\"298\">\n<pre><span style=\"font-family: arial, helvetica, sans-serif;font-size: 16px\">Art des Pflanzenprodukts<\/span><\/pre>\n<\/td>\n<td width=\"298\">\n<pre><span style=\"font-family: arial, helvetica, sans-serif;font-size: 16px\">Kr\u00e4uter<\/span><\/pre>\n<\/td>\n<\/tr>\n<tr>\n<td width=\"298\">\n<pre><span style=\"font-family: arial, helvetica, sans-serif;font-size: 16px\">Besondere Funktion<\/span><\/pre>\n<\/td>\n<td width=\"298\">\n<pre><span style=\"font-family: arial, helvetica, sans-serif;font-size: 16px\">Indoor-Outdoor-Anbau<\/span><\/pre>\n<\/td>\n<\/tr>\n<tr>\n<td width=\"298\">\n<pre><span style=\"font-family: arial, helvetica, sans-serif;font-size: 16px\">Marke<\/span><\/pre>\n<\/td>\n<td width=\"298\">\n<pre><span style=\"font-family: arial, helvetica, sans-serif;font-size: 16px\">Garten-Kit<\/span><\/pre>\n<\/td>\n<\/tr>\n<tr>\n<td width=\"298\">\n<pre><span style=\"font-family: arial, helvetica, sans-serif;font-size: 16px\">Herkunftsort<\/span><\/pre>\n<\/td>\n<td width=\"298\">\n<pre><span style=\"font-family: arial, helvetica, sans-serif;font-size: 16px\">Fujian, China<\/span><\/pre>\n<\/td>\n<\/tr>\n<tr>\n<td width=\"298\">\n<pre><span style=\"font-family: arial, helvetica, sans-serif;font-size: 16px\">ODM\/OEM<\/span><\/pre>\n<\/td>\n<td width=\"298\">\n<pre><span style=\"font-family: arial, helvetica, sans-serif;font-size: 16px\">Verf\u00fcgbar<\/span><\/pre>\n<\/td>\n<\/tr>\n<tr>\n<td width=\"298\">\n<pre><span style=\"font-family: arial, helvetica, sans-serif;font-size: 16px\">MOQ f\u00fcr kundenspezifische Bestellung<\/span><\/pre>\n<\/td>\n<td width=\"298\">\n<pre><span style=\"font-family: arial, helvetica, sans-serif;font-size: 16px\">3000 Stk<\/span><\/pre>\n<\/td>\n<\/tr>\n<tr>\n<td width=\"298\">\n<pre><span style=\"font-family: arial, helvetica, sans-serif;font-size: 16px\">Beispielkosten<\/span><\/pre>\n<\/td>\n<td width=\"298\">\n<pre><span style=\"font-family: arial, helvetica, sans-serif;font-size: 16px\">US$400\/Muster, vollst\u00e4ndige R\u00fccksendung nach Bestellung bei uns<\/span><\/pre>\n<\/td>\n<\/tr>\n<\/tbody>\n<\/table>\n<p style=\"line-height: 1.5\"><span style=\"font-family: arial, helvetica, sans-serif;font-size: 16px\">Verschiedene Kr\u00e4uter haben unterschiedliche Erntefrequenzen, einige Kr\u00e4uter m\u00fcssen einmal pro Saison geerntet werden; Einige m\u00fcssen jeden Tag geerntet werden, und andere k\u00f6nnen mehrere Jahre brauchen, um ihre Medizin zu ernten.<\/span><\/p>\n<p style=\"line-height: 1.5\"><span style=\"font-family: arial, helvetica, sans-serif;font-size: 16px\">Vorbereitetes 21-teiliges Indoor-Kr\u00e4uter-Starter-Kit: Alles, was Sie brauchen, um die Freude am Anbau von wohlschmeckenden Kr\u00e4utern in Ihr Leben oder das Leben eines geliebten Menschen zu bringen. Es ist ganz einfach \u2013 unsere Vermutungen zum Anbau von Kr\u00e4utern aus Samen, die Sie bei jedem Schritt anleiten. Pflanze es!<\/span><\/p>\n<ul>\n<li><span style=\"font-family: arial, helvetica, sans-serif;font-size: 16px\">Die folgenden Artikel sind im Kit enthalten.<\/span><br \/><span style=\"font-family: arial, helvetica, sans-serif;font-size: 16px\">9 T\u00f6pfe aus Bambusfaser<\/span><br \/><span style=\"font-family: arial, helvetica, sans-serif;font-size: 16px\">3 vorged\u00fcngte Erde dis<\/span><br \/><span style=\"font-family: arial, helvetica, sans-serif;font-size: 16px\">9 frisch bleibende Saatpakete<\/span><br \/><span style=\"font-family: arial, helvetica, sans-serif;font-size: 16px\">9 Pflanzenmarker aus Bambus<\/span><br \/><span style=\"font-family: arial, helvetica, sans-serif;font-size: 16px\">1 Schritt-f\u00fcr-Schritt-Anleitung zum Pflanzen<\/span><br \/><span style=\"font-family: arial, helvetica, sans-serif;font-size: 16px\">1 personalisierte Geschenkbox<\/span><\/li>\n<\/ul>\n<h2 style=\"font-size: 20px\">Individueller Geschmack in Ihrer Hand \u2013 das ma\u00dfgeschneiderte Kitchen Herb Garden Kit<\/h2>\n<p>In diesem gesch\u00e4ftigen modernen Leben sehnen wir uns oft nach einem Gef\u00fchl der N\u00e4he zur Natur, nach der Erfahrung, Ruhe in der Hektik der Stadt zu finden, und so wurde das Kitchen Herb Garden Kit geboren, nicht nur als Produkt, sondern auch als Symbol einer Lebensart. Als professioneller Hersteller haben wir f\u00fcr Sie ein wundersch\u00f6nes, praktisches und personalisiertes Set zusammengestellt, das Ihnen grenzenlose Freude und K\u00f6stlichkeiten bereiten wird, sei es f\u00fcr Sie selbst oder als wertvolles Geschenk f\u00fcr Ihre Freunde und Familie.<\/p>\n<h2 style=\"font-size: 20px\">Ma\u00dfgeschneiderter Luxus, der Einzigartigkeit schafft<\/h2>\n<p>Wir verstehen, dass die Vorlieben jedes Einzelnen einzigartig sind, deshalb bieten wir Ihnen eine umfassende Palette an Personalisierungsdiensten an, von den Au\u00dfen- \u00fcber die Innenwerkzeuge bis hin zu den Samen. Sie k\u00f6nnen ein einzigartiges Au\u00dfendesign w\u00e4hlen und Ihr Werkzeugset an Ihre individuellen Vorlieben anpassen. Egal, ob Sie ein Fan von moderner Schlichtheit oder Vintage-Eleganz sind, wir sorgen daf\u00fcr, dass Sie ein K\u00fcchenkr\u00e4utergarten-Set erhalten, das einzigartig f\u00fcr Sie ist.<\/p>\n<h2 style=\"font-size: 20px\">Genie\u00dfen Sie die Samen, erleben Sie die Natur<\/h2>\n<p>Jeder Samen im Kitchen Herb Garden Kit ist ein Geschenk an die Natur. Von frischer Minze bis hin zu duftendem Basilikum haben wir eine gro\u00dfe Auswahl an Samen, die Sie gerne zu Hause anbauen k\u00f6nnen. Es sind keine m\u00fchsamen Gartenerfahrungen erforderlich. Befolgen Sie einfach die leicht verst\u00e4ndliche Anleitung, die wir Ihnen zur Verf\u00fcgung gestellt haben, und Sie werden in k\u00fcrzester Zeit \u00fcppiges gr\u00fcnes Laub und duftende Ergebnisse erleben k\u00f6nnen.<\/p>\n<h2 style=\"font-size: 20px\">Qualit\u00e4tssicherung und stabile Versorgung<\/h2>\n<p>Wir verf\u00fcgen \u00fcber eine ausgereifte Produktionslinie und Lieferkapazit\u00e4t, um sicherzustellen, dass das Kitchen Herb Garden Kit Ihren hohen Anspr\u00fcchen an Aussehen und Funktionalit\u00e4t gerecht wird. Ausgew\u00e4hlte Materialien und handwerkliches K\u00f6nnen sorgen f\u00fcr Langlebigkeit und Sch\u00f6nheit, sodass Sie lange Freude an den Fr\u00fcchten Ihres Kr\u00e4utergartens haben.<\/p>\n<h2 style=\"font-size: 20px\">Ein Favorit, ein tolles Geschenk<\/h2>\n<p>Das Kitchen Herb Garden Kit ist seit langem ein gefragter Artikel bei einer breiten Palette von Verbrauchern. Ob als Geschenk f\u00fcr Geburtstage oder Feiertage oder als wertvolles Geschenk f\u00fcr verschiedene Anl\u00e4sse, es kann Ihren Freunden und Ihrer Familie Ihre F\u00fcrsorge und Ihren Segen \u00fcbermitteln. Lassen Sie sie die Freude am Pflanzen sp\u00fcren und genie\u00dfen Sie die K\u00f6stlichkeit frischer Kr\u00e4uter.<\/p>\n<p>Lassen Sie Ihre Geschmacksknospen mit Ihrem Herzen tanzen, passen Sie Ihr K\u00fcchenkr\u00e4utergarten-Set individuell an und sp\u00fcren Sie den Charme der Natur. Kontaktieren Sie uns, um Ihre pers\u00f6nliche Gartenreise zu beginnen!<\/p>","protected":false},"excerpt":{"rendered":"<p>K\u00fcchenkr\u00e4uter-Gartensamen f\u00fcr die Innenbepflanzung mit Holz-Geschenkbox \u2013 perfektes K\u00fcchen-Kochgeschenk f\u00fcr Frauen oder M\u00e4nner G\u00e4rtner. Ungew\u00f6hnliche Geschenke f\u00fcr erwachsene Pflanzen<\/p>","protected":false},"featured_media":16018,"comment_status":"open","ping_status":"closed","template":"","meta":[],"product_cat":[50],"product_tag":[179,501,176,177,56,178,58],"acf":[],"_links":{"self":[{"href":"https:\/\/www.garden-kit.com\/de\/wp-json\/wp\/v2\/product\/1536"}],"collection":[{"href":"https:\/\/www.garden-kit.com\/de\/wp-json\/wp\/v2\/product"}],"about":[{"href":"https:\/\/www.garden-kit.com\/de\/wp-json\/wp\/v2\/types\/product"}],"replies":[{"embeddable":true,"href":"https:\/\/www.garden-kit.com\/de\/wp-json\/wp\/v2\/comments?post=1536"}],"wp:featuredmedia":[{"embeddable":true,"href":"https:\/\/www.garden-kit.com\/de\/wp-json\/wp\/v2\/media\/16018"}],"wp:attachment":[{"href":"https:\/\/www.garden-kit.com\/de\/wp-json\/wp\/v2\/media?parent=1536"}],"wp:term":[{"taxonomy":"product_cat","embeddable":true,"href":"https:\/\/www.garden-kit.com\/de\/wp-json\/wp\/v2\/product_cat?post=1536"},{"taxonomy":"product_tag","embeddable":true,"href":"https:\/\/www.garden-kit.com\/de\/wp-json\/wp\/v2\/product_tag?post=1536"}],"curies":[{"name":"wp","href":"https:\/\/api.w.org\/{rel}","templated":true}]}}