{"id":1579,"date":"2022-08-24T00:25:20","date_gmt":"2022-08-23T16:25:20","guid":{"rendered":"http:\/\/www.garden-kit.com\/product\/perfect-slice-gift-kit\/"},"modified":"2023-03-31T16:34:21","modified_gmt":"2023-03-31T08:34:21","slug":"seed-ball-kit","status":"publish","type":"product","link":"https:\/\/www.garden-kit.com\/de\/product\/seed-ball-kit\/","title":{"rendered":"Seed-Ball-Kit"},"content":{"rendered":"<p><span style=\"font-family: arial, helvetica, sans-serif\">Wir bauen Gem\u00fcse auf dem Balkon an, manchmal ist das Gem\u00fcse aufgrund von unzureichendem Licht, schlechter Bel\u00fcftung und anderen Gr\u00fcnden anf\u00e4lliger f\u00fcr W\u00fcrmer. Kr\u00e4uter und Gem\u00fcse sind sehr gute Pflanzensymbioten. Das Anpflanzen von Gem\u00fcse kann nicht nur Insekten abwehren, sondern auch besser wachsen~<\/span><span style=\"font-family: arial, helvetica, sans-serif\"><\/span><\/p>\n<h3 style=\"line-height: 1.5;font-size: 19px\"><span style=\"font-family: arial, helvetica, sans-serif;font-size: 18px\">\u00dcberblick<\/span><\/h3>\n<table width=\"100%\">\n<tbody>\n<tr>\n<td width=\"299\">\n<pre><span style=\"font-family: arial, helvetica, sans-serif;font-size: 16px\">Produktpflegehinweise<\/span><\/pre>\n<\/td>\n<td width=\"299\">\n<pre><span style=\"font-family: arial, helvetica, sans-serif;font-size: 16px\">Verf\u00fcgbar<\/span><\/pre>\n<\/td>\n<\/tr>\n<tr>\n<td width=\"299\">\n<pre><span style=\"font-family: arial, helvetica, sans-serif;font-size: 16px\">Art des Pflanzenprodukts<\/span><\/pre>\n<\/td>\n<td width=\"299\">\n<pre><span style=\"font-family: arial, helvetica, sans-serif;font-size: 16px\">Tomaten und Kr\u00e4uter<\/span><\/pre>\n<\/td>\n<\/tr>\n<tr>\n<td width=\"299\">\n<pre><span style=\"font-family: arial, helvetica, sans-serif;font-size: 16px\">Besondere Funktion<\/span><\/pre>\n<\/td>\n<td width=\"299\">\n<pre><span style=\"font-family: arial, helvetica, sans-serif;font-size: 16px\">Indoor-Outdoor-Anbau<\/span><\/pre>\n<\/td>\n<\/tr>\n<tr>\n<td width=\"299\">\n<pre><span style=\"font-family: arial, helvetica, sans-serif;font-size: 16px\">Marke<\/span><\/pre>\n<\/td>\n<td width=\"299\">\n<pre><span style=\"font-family: arial, helvetica, sans-serif;font-size: 16px\">Garten-Kit<\/span><\/pre>\n<\/td>\n<\/tr>\n<tr>\n<td width=\"299\">\n<pre><span style=\"font-family: arial, helvetica, sans-serif;font-size: 16px\">Herkunftsort<\/span><\/pre>\n<\/td>\n<td width=\"299\">\n<pre><span style=\"font-family: arial, helvetica, sans-serif;font-size: 16px\">Fujian, China<\/span><\/pre>\n<\/td>\n<\/tr>\n<tr>\n<td width=\"299\">\n<pre><span style=\"font-family: arial, helvetica, sans-serif;font-size: 16px\">ODM\/OEM<\/span><\/pre>\n<\/td>\n<td width=\"299\">\n<pre><span style=\"font-family: arial, helvetica, sans-serif;font-size: 16px\">Verf\u00fcgbar<\/span><\/pre>\n<\/td>\n<\/tr>\n<tr>\n<td width=\"299\">\n<pre><span style=\"font-family: arial, helvetica, sans-serif;font-size: 16px\">MOQ f\u00fcr kundenspezifische Bestellung<\/span><\/pre>\n<\/td>\n<td width=\"299\">\n<pre><span style=\"font-family: arial, helvetica, sans-serif;font-size: 16px\">3000 Stk<\/span><\/pre>\n<\/td>\n<\/tr>\n<tr>\n<td width=\"299\">\n<pre><span style=\"font-family: arial, helvetica, sans-serif;font-size: 16px\">Beispielkosten<\/span><\/pre>\n<\/td>\n<td width=\"299\">\n<pre><span style=\"font-family: arial, helvetica, sans-serif;font-size: 16px\">US$400\/Muster, vollst\u00e4ndige R\u00fccksendung nach Bestellung bei uns<\/span><\/pre>\n<\/td>\n<\/tr>\n<\/tbody>\n<\/table>\n<p style=\"font-size: 16px\"><span style=\"font-family: arial, helvetica, sans-serif;font-size: 16px\">Pizza Garden-Samenball-Set: Das N\u00f6tigste, was Sie f\u00fcr die Herstellung von 20 n\u00e4hrstoffreichen Samenballen ben\u00f6tigen, plus Pflanzanleitung, um einen wundersch\u00f6nen Garten anzulegen. Enth\u00e4lt Bio-Basilikum, Rucola, Kirschtomaten und Oreganosamen. Pizzaschneider: Ergonomisches K\u00fcchenwerkzeug mit einfach zu bedienendem Griff zum einfachen Schneiden von Pizza und Fladenbrot. <\/span><\/p>\n<p style=\"font-size: 16px\"><span style=\"font-family: arial, helvetica, sans-serif;font-size: 16px\">Gartenmarkierungen: Vier Bambus-Pflanzenmarkierungen f\u00fcr Ihren italienischen Garten. <\/span><\/p>\n<p style=\"font-size: 16px\"><span style=\"font-family: arial, helvetica, sans-serif;font-size: 16px\">Box-Kit: 12,125\u2033B x 9,25\u2033H x 6\u2033T <\/span><\/p>\n<p style=\"font-size: 16px\"><span style=\"font-family: arial, helvetica, sans-serif;font-size: 16px\">Pizza Garden Samenkugel-Set: 6\u2033B x 4\u2033H x 8\u2033T <\/span><\/p>\n<p style=\"font-size: 16px\"><span style=\"font-family: arial, helvetica, sans-serif;font-size: 16px\">Pizzaschneider: 4\u2033 x 3,7\u2033 <\/span><\/p>\n<p style=\"font-size: 16px\"><span style=\"font-family: arial, helvetica, sans-serif;font-size: 16px\">Gartenmarkierung: 2,3\u2033 x 4\u2033<\/span><\/p>\n<p><span style=\"font-family: arial, helvetica, sans-serif;font-size: 16px\">Tomate ist eine einj\u00e4hrige krautige Pflanze, die zur Gattung Tomate in der Familie der Nachtschattengew\u00e4chse geh\u00f6rt. Sie verf\u00fcgt \u00fcber eine starke Anpassungsf\u00e4higkeit, eine gute Widerstandsf\u00e4higkeit, mag Kaliumd\u00fcnger und Licht und ben\u00f6tigt mehr Wasser. Es kann das ganze Jahr \u00fcber kultiviert werden.<\/span><br \/><span style=\"font-family: arial, helvetica, sans-serif;font-size: 16px\">Kleine Tomaten m\u00f6gen W\u00e4rme und sind hitzebest\u00e4ndig. Die optimale Wachstumstemperatur liegt bei 20-30\u00b0C, bei 35-36\u00b0C kann sie noch ganz normal bl\u00fchen und Fr\u00fcchte tragen.<\/span><br \/><span style=\"font-family: arial, helvetica, sans-serif;font-size: 16px\">Wenn Sie sie im Sommer auf dem Balkon vor der hei\u00dfen Sonne sch\u00fctzen, kann sie trotzdem bl\u00fchen und Fr\u00fcchte tragen.<\/span><br \/><span style=\"font-family: arial, helvetica, sans-serif;font-size: 16px\">\u3010Erleuchtung\u3011<\/span><br \/><span style=\"font-family: arial, helvetica, sans-serif;font-size: 16px\">Kleine Tomaten m\u00f6gen Licht, daher muss sie auf dem Balkon mit ausreichend Sonnenlicht gepflanzt werden, was ihr Wachstum und ihre Entwicklung f\u00f6rdert.<\/span><br \/><span style=\"font-family: arial, helvetica, sans-serif;font-size: 16px\">\u3010Kultivierungszeit\u3011<\/span><br \/><span style=\"font-family: arial, helvetica, sans-serif;font-size: 16px\">Obwohl es sich um eine Pflanze handelt, die zu jeder Jahreszeit angebaut werden kann, ist es am besten, sie im Fr\u00fchling und Herbst anzubauen.<\/span><br \/><span style=\"font-family: arial, helvetica, sans-serif;font-size: 16px\">\u3010Erntezyklus\u3011<\/span><br \/><span style=\"font-family: arial, helvetica, sans-serif;font-size: 16px\">zwei Monate.<br \/><\/span><span style=\"font-family: arial, helvetica, sans-serif\"><\/span><\/p>\n<p style=\"font-size: 16px\"><span style=\"font-family: arial, helvetica, sans-serif;font-size: 16px\">verwalten<br \/>Beim Wachstum von Tomaten sollte besonderes Augenmerk auf den Einsatz von D\u00fcngemitteln gelegt werden. Stickstoffd\u00fcnger sollten nicht blind verwendet werden, da dies leicht zu \u00fcberm\u00e4\u00dfigem Wachstum ohne Fruchtbildung f\u00fchrt. Etwa 10 Tage nach dem Pflanzen m\u00fcssen die Tomatens\u00e4mlinge beschnitten und eingerahmt werden, und es sollten Seitenzweige gebildet werden, um das Wachstum der Hauptzweige zu f\u00f6rdern.<br \/>Sch\u00e4dlinge<br \/>Zu den h\u00e4ufigsten Sch\u00e4dlingen und Krankheiten von Tomaten geh\u00f6ren Blattschimmel, Viruserkrankungen und Wei\u00dfe Fliege. Blattl\u00e4use usw., diese Krankheiten und Insektensch\u00e4dlinge beeintr\u00e4chtigen das Wachstum von Tomatens\u00e4mlingen und f\u00fchren sogar zu Ertragseinbu\u00dfen. Wenn die Samen Wurzeln bilden, k\u00f6nnen einige Wurzelprodukte entsprechend hinzugef\u00fcgt werden, wie z. B. Genduowang-Produkte, die die Wurzeln st\u00e4rker wachsen lassen k\u00f6nnen. Wenn Sie die Frucht ausdehnen, verwenden Sie eine angemessene Menge Fischpeptidase, um der Frucht eine gleichm\u00e4\u00dfige Gr\u00f6\u00dfe und eine sch\u00f6ne Farbe zu verleihen, den Zuckergehalt der Frucht zu erh\u00f6hen und schnell eine gute Farbe und einen guten Glanz zu erzielen und die Fruchtqualit\u00e4t zu verbessern.<\/span><\/p>\n<p style=\"font-size: 16px\"><span style=\"font-family: arial, helvetica, sans-serif;font-size: 16px\"><\/span><\/p>\n<p style=\"font-size: 16px\"><span style=\"font-family: arial, helvetica, sans-serif;font-size: 16px\">Wenn verschiedene Pflanzenarten zusammen gepflanzt werden, haben sie einen guten Einfluss aufeinander. Wir nennen diese Pflanzenkombination eine Begleitpflanze. Durch die Interaktion zwischen den Partnern wird der Zweck erreicht, das Pflanzenwachstum zu f\u00f6rdern und Sch\u00e4dlingen und Krankheiten vorzubeugen.<\/span><\/p>\n<p style=\"font-size: 16px\"><span style=\"font-family: arial, helvetica, sans-serif;font-size: 16px\">Kr\u00e4uter k\u00f6nnen nicht nur als Gem\u00fcse, sondern auch als Begleiter anderer Pflanzen verwendet werden \u2013 denn der kraftvolle Duft des \u00e4therischen \u00d6ls, das sie produzieren, wirkt Wunder bei der Abwehr unerw\u00fcnschter Gartensch\u00e4dlinge; Kr\u00e4uter tragen auch dazu bei, die Gesundheit vieler Ihrer Lieblingspflanzen im Garten zu verbessern. Ertrag und Geschmack; Auch beim Kochen schmecken Kr\u00e4uter besser.<\/span><\/p>\n<p style=\"font-size: 16px\"><span style=\"font-family: arial, helvetica, sans-serif;font-size: 18px\">Kirschtomaten + Basilikum<\/span><br \/><span style=\"font-family: arial, helvetica, sans-serif\">Sie sind nicht nur gute Kochpartner, sondern auch ein guter Symbiosepartner. Das Pflanzen einiger Basilikumb\u00e4ume in der N\u00e4he der kleinen Tomaten kann nicht nur den gegenseitigen Geschmack verst\u00e4rken, sondern auch Insekten abwehren. Der Geruch von Basilikum kann einige Sch\u00e4dlinge abwehren und dazu f\u00fchren, dass die Tomate k\u00f6stlicher schmeckt. Die Bl\u00e4tter der Tomate verstr\u00f6men den unangenehmen Geruch von Kohlschmetterling und Kohlraupe und k\u00f6nnen au\u00dferdem dazu beitragen, dass Basilikum Insekten abwehrt.<\/span><span style=\"font-family: arial, helvetica, sans-serif\"><\/span><\/p>\n<h3 style=\"font-size: 19px\"><span style=\"font-family: arial, helvetica, sans-serif;font-size: 18px\">Notwendige Bedingungen f\u00fcr die Gem\u00fcsekombination:<\/span><\/h3>\n<p><span style=\"font-family: arial, helvetica, sans-serif\">Bedingung eins:<\/span><br \/><span style=\"font-family: arial, helvetica, sans-serif\">Die beiden Pflanzenarten k\u00f6nnen auf demselben Bodenst\u00fcck zusammenleben und werden keine Konkurrenzbeziehung eingehen und keine nachteiligen Auswirkungen haben.<\/span><\/p>\n<p><span style=\"font-family: arial, helvetica, sans-serif\">Bedingung zwei:<\/span><br \/><span style=\"font-family: arial, helvetica, sans-serif\">Die Wachstumsbedingungen beider Pflanzen sind die gleichen, das hei\u00dft ihre Anspr\u00fcche an Bodenqualit\u00e4t und Wasserversorgung sind gleich.<\/span><\/p>\n<p><span style=\"font-family: arial, helvetica, sans-serif\">Zum Beispiel Tomaten und Basilikum, die beide reichlich N\u00e4hrstoffe und ausreichend Wasser ben\u00f6tigen.<\/span><\/p>\n<p><span style=\"font-family: arial, helvetica, sans-serif\">Bedingung drei:<\/span><br \/><span style=\"font-family: arial, helvetica, sans-serif\">Wenn Sie zwei Pflanzenarten zusammen pflanzen, k\u00f6nnen Sie den Pflanzraum besser nutzen.<\/span><br \/><span style=\"font-family: arial, helvetica, sans-serif\">Einige h\u00f6here Pflanzen wie gr\u00fcnes Blattgem\u00fcse (Spinat, Salat \u2026) und nach unten wachsende Pflanzen wie Wurzelgem\u00fcse (Karotten, wei\u00dfe Radieschen, rote Radieschen \u2026) k\u00f6nnen untereinander gepflanzt werden, um die Pflanzfl\u00e4che zu verringern. Alternativ k\u00f6nnen auch mehr Gem\u00fcse gepflanzt werden pro Fl\u00e4cheneinheit gewachsen.<\/span><\/p><\/p>","protected":false},"excerpt":{"rendered":"<p><span style=\"font-family: arial, helvetica, sans-serif\">Perfect Slice \u2013 Geschenkset: Es ist ganz einfach \u2013 wir machen Schluss mit dem R\u00e4tselraten beim Anbau von Tomaten- und Kr\u00e4utersamen und begleiten Sie bei jedem Schritt. Alles, was Sie brauchen, um die Freude an Tomaten und Kr\u00e4utern in Ihr Leben oder das Ihrer Liebsten zu bringen, in einer sch\u00f6nen Geschenkbox. Pflanze es! Die folgenden Elemente sind im k enthalten<\/span><\/p>","protected":false},"featured_media":13089,"comment_status":"open","ping_status":"closed","template":"","meta":[],"product_cat":[67],"product_tag":[592,590,589,591,588,511,512],"acf":[],"_links":{"self":[{"href":"https:\/\/www.garden-kit.com\/de\/wp-json\/wp\/v2\/product\/1579"}],"collection":[{"href":"https:\/\/www.garden-kit.com\/de\/wp-json\/wp\/v2\/product"}],"about":[{"href":"https:\/\/www.garden-kit.com\/de\/wp-json\/wp\/v2\/types\/product"}],"replies":[{"embeddable":true,"href":"https:\/\/www.garden-kit.com\/de\/wp-json\/wp\/v2\/comments?post=1579"}],"wp:featuredmedia":[{"embeddable":true,"href":"https:\/\/www.garden-kit.com\/de\/wp-json\/wp\/v2\/media\/13089"}],"wp:attachment":[{"href":"https:\/\/www.garden-kit.com\/de\/wp-json\/wp\/v2\/media?parent=1579"}],"wp:term":[{"taxonomy":"product_cat","embeddable":true,"href":"https:\/\/www.garden-kit.com\/de\/wp-json\/wp\/v2\/product_cat?post=1579"},{"taxonomy":"product_tag","embeddable":true,"href":"https:\/\/www.garden-kit.com\/de\/wp-json\/wp\/v2\/product_tag?post=1579"}],"curies":[{"name":"wp","href":"https:\/\/api.w.org\/{rel}","templated":true}]}}