{"id":1591,"date":"2022-08-24T00:26:22","date_gmt":"2022-08-23T16:26:22","guid":{"rendered":"http:\/\/www.garden-kit.com\/product\/heirloom-lettuce-leafy-vegetable-seeds\/"},"modified":"2023-03-31T16:38:43","modified_gmt":"2023-03-31T08:38:43","slug":"heirloom-lettuce-leafy-vegetable-seeds","status":"publish","type":"product","link":"https:\/\/www.garden-kit.com\/de\/product\/heirloom-lettuce-leafy-vegetable-seeds\/","title":{"rendered":"Heirloom Salat Blattgem\u00fcse Samen"},"content":{"rendered":"<pre><span style=\"font-family: arial, helvetica, sans-serif;font-size: 16px\">Packungen mit 10 Sorten Salat- und Blattgem\u00fcsesamen. Wir k\u00f6nnen kundenspezifische Pakete anbieten, da wir eine Fabrik sind und einzigartig positioniert sind, um unser Saatgut zu beziehen und uns auf den Saatgutanbau zu konzentrieren. Unsere Produkte sind ausschlie\u00dflich f\u00fcr E-Commerce-H\u00e4ndler bestimmt, wir haben Hunderte von Einzelh\u00e4ndlern beliefert, und unser Service ist von gr\u00f6\u00dfter Bedeutung bei der Bereitstellung hochwertiger Erbst\u00fcck-Gem\u00fcsesamen<br \/><br \/><\/span><\/pre>\n<table style=\"border-collapse: collapse;width: 100%;height: 300px\">\n<tbody>\n<tr>\n<td width=\"224\">\n<pre><span style=\"font-family: arial, helvetica, sans-serif;font-size: 16px\">Produktpflegehinweise<\/span><\/pre>\n<\/td>\n<td width=\"224\">\n<pre><span style=\"font-family: arial, helvetica, sans-serif;font-size: 16px\">Verf\u00fcgbar<\/span><\/pre>\n<\/td>\n<\/tr>\n<tr>\n<td width=\"224\">\n<pre><span style=\"font-family: arial, helvetica, sans-serif;font-size: 16px\">Art des Pflanzenprodukts<\/span><\/pre>\n<\/td>\n<td width=\"224\">\n<pre><span style=\"font-family: arial, helvetica, sans-serif;font-size: 16px\">Salat- und Blattgem\u00fcsesamen<\/span><\/pre>\n<\/td>\n<\/tr>\n<tr>\n<td width=\"224\">\n<pre><span style=\"font-family: arial, helvetica, sans-serif;font-size: 16px\">Besondere Funktion<\/span><\/pre>\n<\/td>\n<td width=\"224\">\n<pre><span style=\"font-family: arial, helvetica, sans-serif;font-size: 16px\">Indoor-Outdoor-Anbau<\/span><\/pre>\n<\/td>\n<\/tr>\n<tr>\n<td width=\"224\">\n<pre><span style=\"font-family: arial, helvetica, sans-serif;font-size: 16px\">Marke<\/span><\/pre>\n<\/td>\n<td width=\"224\">\n<pre><span style=\"font-family: arial, helvetica, sans-serif;font-size: 16px\">Garten-Kit<\/span><\/pre>\n<\/td>\n<\/tr>\n<tr>\n<td width=\"224\">\n<pre><span style=\"font-family: arial, helvetica, sans-serif;font-size: 16px\">Herkunftsort<\/span><\/pre>\n<\/td>\n<td width=\"224\">\n<pre><span style=\"font-family: arial, helvetica, sans-serif;font-size: 16px\">Fujian, China<\/span><\/pre>\n<\/td>\n<\/tr>\n<tr>\n<td width=\"224\">\n<pre><span style=\"font-family: arial, helvetica, sans-serif;font-size: 16px\">ODM\/OEM<\/span><\/pre>\n<\/td>\n<td width=\"224\">\n<pre><span style=\"font-family: arial, helvetica, sans-serif;font-size: 16px\">Verf\u00fcgbar<\/span><\/pre>\n<\/td>\n<\/tr>\n<tr>\n<td width=\"224\">\n<pre><span style=\"font-family: arial, helvetica, sans-serif;font-size: 16px\">MOQ f\u00fcr kundenspezifische Bestellung<\/span><\/pre>\n<\/td>\n<td width=\"224\">\n<pre><span style=\"font-family: arial, helvetica, sans-serif;font-size: 16px\">3000 Stk<\/span><\/pre>\n<\/td>\n<\/tr>\n<tr>\n<td width=\"224\">\n<pre><span style=\"font-family: arial, helvetica, sans-serif;font-size: 16px\">Beispielkosten<\/span><\/pre>\n<\/td>\n<td width=\"224\">\n<pre><span style=\"font-family: arial, helvetica, sans-serif;font-size: 16px\">US$400\/Muster, vollst\u00e4ndige R\u00fccksendung nach Bestellung bei uns<\/span><\/pre>\n<\/td>\n<\/tr>\n<\/tbody>\n<\/table>\n<p><span style=\"font-family: arial, helvetica, sans-serif;font-size: 16px\"> Die folgenden Artikel sind im Kit enthalten. 10 Sorten Salat und Blattgem\u00fcse wie Rucola-Roquet, Bloomsdale-Spinat, Blaukohl, Bok-Choi-Kohl, Buttercruch-Salat, Cimmaron-Roter R\u00f6mersalat und mehr. 1 Schritt-f\u00fcr-Schritt-Anleitung zum Pflanzen 1 ma\u00dfgeschneiderte Verpackungst\u00fcte 10 Lieblingssalate und Blattgew\u00f6lbe plus zus\u00e4tzliches Pflanzenetikett \u2013 Beginnen Sie mit dem Anbau Ihres eigenen Gartens und essen Sie nat\u00fcrlichen, gesunden, gentechnikfreien Salat oder Blattgem\u00fcse direkt aus Ihrem Garten oder Innengarten . <br \/>Herbst- und Wintergem\u00fcsezubereitung \u2013 Pflanzen Sie Ihre Samen das ganze Jahr \u00fcber drinnen, bauen Sie Ihren eigenen Blattgem\u00fcsegarten und genie\u00dfen Sie das ganze Jahr \u00fcber k\u00f6stliches Gem\u00fcse und Salate. Diese k\u00f6nnen als Indoor-G\u00e4rten, Gartensets oder als Outdoor-Gartenbetten verwendet werden. Pflanzen Sie mehr, um sie als T\u00fcllen oder Microgreens zu verwenden. F\u00fcllen Sie Ihr Bugout-Taschen-\u00dcberlebenskit mit vorbereiteten Erbst\u00fcck-\u00dcberlebenssamen auf. 1600 SAMEN INSGESAMT UND DETAILLIERTE ANBAURICHTLINIEN \u2013 Unsere Vielfalt an Erbst\u00fcck-Samenpackungen bietet eine gro\u00dfe Auswahl an Samen mit hohen Keimraten. Dies sind gro\u00dfartige Salatsamen, die drinnen, drau\u00dfen oder in hydroponischen Systemen wie h\u00e4ngenden G\u00e4rten angebaut werden k\u00f6nnen. Eine Anbauanleitung ist auch in jedem Paket enthalten. Ein gro\u00dfartiges Geschenk f\u00fcr den G\u00e4rtner \u2013 Koch-\u00dcberlebensk\u00fcnstler \u2013 was k\u00f6nnte besser sein, als dem G\u00e4rtner einen herzhaften Gem\u00fcsegarten mit einer riesigen Sammlung von Samen zu schenken. Die Samen sind in wasserdichten, wiederverschlie\u00dfbaren Mylarbeuteln enthalten, um die Frische und Qualit\u00e4t der Samen zu erhalten. Unsere Sammlung von Salat- und gr\u00fcnen Startersamen f\u00fcgt Ihrer Prepper-Ausr\u00fcstung und Ihrem Zubeh\u00f6r ein Verm\u00f6gen hinzu. <br \/><\/span><\/p><\/p>","protected":false},"excerpt":{"rendered":"<p>Erbst\u00fcck Salat &amp; Blattgem\u00fcse Samen | GMO-freie Salatsamen zum Anpflanzen \u2013 R\u00f6mer-Eisberg-Buttersalat, Gr\u00fcnkohl-Spinat-Rucola | 1600 hydroponische Samen f\u00fcr den Hausgarten \u2013 drinnen oder drau\u00dfen<\/p>","protected":false},"featured_media":13219,"comment_status":"open","ping_status":"closed","template":"","meta":[],"product_cat":[59],"product_tag":[565,76,302,290,282,81],"acf":[],"_links":{"self":[{"href":"https:\/\/www.garden-kit.com\/de\/wp-json\/wp\/v2\/product\/1591"}],"collection":[{"href":"https:\/\/www.garden-kit.com\/de\/wp-json\/wp\/v2\/product"}],"about":[{"href":"https:\/\/www.garden-kit.com\/de\/wp-json\/wp\/v2\/types\/product"}],"replies":[{"embeddable":true,"href":"https:\/\/www.garden-kit.com\/de\/wp-json\/wp\/v2\/comments?post=1591"}],"wp:featuredmedia":[{"embeddable":true,"href":"https:\/\/www.garden-kit.com\/de\/wp-json\/wp\/v2\/media\/13219"}],"wp:attachment":[{"href":"https:\/\/www.garden-kit.com\/de\/wp-json\/wp\/v2\/media?parent=1591"}],"wp:term":[{"taxonomy":"product_cat","embeddable":true,"href":"https:\/\/www.garden-kit.com\/de\/wp-json\/wp\/v2\/product_cat?post=1591"},{"taxonomy":"product_tag","embeddable":true,"href":"https:\/\/www.garden-kit.com\/de\/wp-json\/wp\/v2\/product_tag?post=1591"}],"curies":[{"name":"wp","href":"https:\/\/api.w.org\/{rel}","templated":true}]}}