{"id":1652,"date":"2022-08-24T00:32:12","date_gmt":"2022-08-23T16:32:12","guid":{"rendered":"http:\/\/www.garden-kit.com\/product\/wildflower-seed-drops\/"},"modified":"2023-03-31T16:34:44","modified_gmt":"2023-03-31T08:34:44","slug":"wildflower-seed-drops","status":"publish","type":"product","link":"https:\/\/www.garden-kit.com\/de\/product\/wildflower-seed-drops\/","title":{"rendered":"Wildblumensamentropfen"},"content":{"rendered":"<h3 style=\"font-size: 19px\"><span style=\"font-family: 'PingFang SC', 'Microsoft YaHei', sans-serif;font-size: 16px\">\u00dcberblick<\/span><\/h3>\n<table style=\"border-collapse: collapse;width: 100%;height: 300px\">\n<tbody>\n<tr>\n<td width=\"298\">\n<pre><span style=\"font-family: 'PingFang SC', 'Microsoft YaHei', sans-serif;font-size: 16px\">Produktpflegehinweise<\/span><\/pre>\n<\/td>\n<td width=\"298\">\n<pre><span style=\"font-family: 'PingFang SC', 'Microsoft YaHei', sans-serif;font-size: 16px\">Verf\u00fcgbar<\/span><\/pre>\n<\/td>\n<\/tr>\n<tr>\n<td width=\"298\">\n<pre><span style=\"font-family: 'PingFang SC', 'Microsoft YaHei', sans-serif;font-size: 16px\">Art des Pflanzenprodukts<\/span><\/pre>\n<\/td>\n<td width=\"298\">\n<pre><span style=\"font-family: 'PingFang SC', 'Microsoft YaHei', sans-serif;font-size: 16px\">Wildblume<\/span><\/pre>\n<\/td>\n<\/tr>\n<tr>\n<td width=\"298\">\n<pre><span style=\"font-family: 'PingFang SC', 'Microsoft YaHei', sans-serif;font-size: 16px\">Besondere Funktion<\/span><\/pre>\n<\/td>\n<td width=\"298\">\n<pre><span style=\"font-family: 'PingFang SC', 'Microsoft YaHei', sans-serif;font-size: 16px\">Indoor-Outdoor-Anbau<\/span><\/pre>\n<\/td>\n<\/tr>\n<tr>\n<td width=\"298\">\n<pre><span style=\"font-family: 'PingFang SC', 'Microsoft YaHei', sans-serif;font-size: 16px\">Marke<\/span><\/pre>\n<\/td>\n<td width=\"298\">\n<pre><span style=\"font-family: 'PingFang SC', 'Microsoft YaHei', sans-serif;font-size: 16px\">Garten-Kit<\/span><\/pre>\n<\/td>\n<\/tr>\n<tr>\n<td width=\"298\">\n<pre><span style=\"font-family: 'PingFang SC', 'Microsoft YaHei', sans-serif;font-size: 16px\">Herkunftsort<\/span><\/pre>\n<\/td>\n<td width=\"298\">\n<pre><span style=\"font-family: 'PingFang SC', 'Microsoft YaHei', sans-serif;font-size: 16px\">Fujian, China<\/span><\/pre>\n<\/td>\n<\/tr>\n<tr>\n<td width=\"298\">\n<pre><span style=\"font-family: 'PingFang SC', 'Microsoft YaHei', sans-serif;font-size: 16px\">ODM\/OEM<\/span><\/pre>\n<\/td>\n<td width=\"298\">\n<pre><span style=\"font-family: 'PingFang SC', 'Microsoft YaHei', sans-serif;font-size: 16px\">Verf\u00fcgbar<\/span><\/pre>\n<\/td>\n<\/tr>\n<tr>\n<td width=\"298\">\n<pre><span style=\"font-family: 'PingFang SC', 'Microsoft YaHei', sans-serif;font-size: 16px\">MOQ f\u00fcr kundenspezifische Bestellung<\/span><\/pre>\n<\/td>\n<td width=\"298\">\n<pre><span style=\"font-family: 'PingFang SC', 'Microsoft YaHei', sans-serif;font-size: 16px\">3000 Stk<\/span><\/pre>\n<\/td>\n<\/tr>\n<tr>\n<td width=\"298\">\n<pre><span style=\"font-family: 'PingFang SC', 'Microsoft YaHei', sans-serif;font-size: 16px\">Beispielkosten<\/span><\/pre>\n<\/td>\n<td width=\"298\">\n<pre><span style=\"font-family: 'PingFang SC', 'Microsoft YaHei', sans-serif;font-size: 16px\">US$400\/Muster, vollst\u00e4ndige R\u00fccksendung nach Bestellung bei uns<\/span><\/pre>\n<\/td>\n<\/tr>\n<\/tbody>\n<\/table>\n<pre><span style=\"font-family: 'PingFang SC', 'Microsoft YaHei', sans-serif;font-size: 16px\">\n\nWILDFLUMENSAMEN-TROPFEN-Kits: Es ist ganz einfach \u2013 wir nehmen Ihnen das R\u00e4tselraten beim Anbau von Wildblumensamen ab und begleiten Sie bei jedem Schritt des Weges. Alles, was Sie brauchen, um die Freude an Wildblumen in Ihr Leben oder das Ihrer Liebsten zu bringen, in einer sch\u00f6nen Geschenkbox. Pflanze es! Die folgenden Artikel sind im Kit enthalten. 11 Regenbogen-Samentropfen 1 individuell gestalteter Anh\u00e4nger 1 individuell gestalteter Verpackungsbeutel Stellen Sie sich Ihren Garten voller wundersch\u00f6ner und farbenfroher Wildblumen vor, die einheimische Bienen und Schmetterlinge anlocken. Jeder Tropfen Wildblumensamen ist zu 100% biologisch abbaubar und enth\u00e4lt nicht-invasive, nat\u00fcrliche einj\u00e4hrige und mehrj\u00e4hrige Wildblumensamen. Diese Samen eignen sich perfekt als Geschenk oder Partygeschenk. Jeder Strau\u00df enth\u00e4lt 11 Tropfen Regenbogensamen, die Sie teilen oder im Garten verteilen k\u00f6nnen. Atmen Sie frei und wissen Sie, dass Ihre Eink\u00e4ufe einen positiven Einfluss auf die Umwelt haben! - Tr\u00f6pfchengr\u00f6\u00dfe: 0,5&quot;x.75&quot; rund - 100% biologisch abbaubar und pflanzbar - Eingebettet in eine Wildblumensamenmischung - Die Tropfen werden aus Post-Consumer-Abf\u00e4llen und nicht aus B\u00e4umen gewonnen - Alle Samen sind gentechnikfrei - Tr\u00f6pfchen k\u00f6nnen drinnen oder drau\u00dfen gepflanzt werden - Wildblumen sind allesamt sichere einheimische Blumen, die von der US-amerikanischen Food and Drug Administration und dem USDA f\u00fcr den Anbau in den USA, Kanada, der EU, dem Vereinigten K\u00f6nigreich, Neuseeland und Australien zugelassen sind. Pflanzen Sie pro Bestellung einen Baum durch einen Baum. Alle Produkte werden auf Bestellung hergestellt. Pflanzen Sie Ihre Samentropfen: - Tropfen Sie die Tropfen unter eine 0,3 cm dicke Bodenschicht \u2013 lassen Sie Ihre Wildblumensamen gut einweichen. - Die Samen werden in den ersten 10 Tagen des Keimungsprozesses feucht gehalten. - Sobald die Triebe erscheinen, halten Sie die Triebe feucht, bis sie gro\u00df sind und starke Wildblumen-Samenmischung: - Bird&#039;s Eye - Einj\u00e4hrig - Krakia - Einj\u00e4hrig - Black Eyed Susan - Mehrj\u00e4hrig - Venusfliegenfalle - einj\u00e4hrig - L\u00f6wenmaul - Einj\u00e4hrig - Englisches G\u00e4nsebl\u00fcmchen - mehrj\u00e4hrig - S\u00fc\u00dfspeise-einj\u00e4hrig\n<\/span><\/pre><\/p>","protected":false},"excerpt":{"rendered":"<p>Stellen Sie sich Ihren Garten voller wundervoller, farbenfroher Wildblumen vor, die einheimische Bienen und Schmetterlinge anziehen. Jeder Wildblumensamentropfen ist 100% biologisch abbaubar und enth\u00e4lt eine Mischung aus nicht-invasiven, einheimischen einj\u00e4hrigen und mehrj\u00e4hrigen Wildblumensamen. Diese Samentropfen sind ein perfektes Geschenk oder Partygeschenk. <\/p>","protected":false},"featured_media":13087,"comment_status":"open","ping_status":"closed","template":"","meta":[],"product_cat":[67],"product_tag":[380,617,84,616,615],"acf":[],"_links":{"self":[{"href":"https:\/\/www.garden-kit.com\/de\/wp-json\/wp\/v2\/product\/1652"}],"collection":[{"href":"https:\/\/www.garden-kit.com\/de\/wp-json\/wp\/v2\/product"}],"about":[{"href":"https:\/\/www.garden-kit.com\/de\/wp-json\/wp\/v2\/types\/product"}],"replies":[{"embeddable":true,"href":"https:\/\/www.garden-kit.com\/de\/wp-json\/wp\/v2\/comments?post=1652"}],"wp:featuredmedia":[{"embeddable":true,"href":"https:\/\/www.garden-kit.com\/de\/wp-json\/wp\/v2\/media\/13087"}],"wp:attachment":[{"href":"https:\/\/www.garden-kit.com\/de\/wp-json\/wp\/v2\/media?parent=1652"}],"wp:term":[{"taxonomy":"product_cat","embeddable":true,"href":"https:\/\/www.garden-kit.com\/de\/wp-json\/wp\/v2\/product_cat?post=1652"},{"taxonomy":"product_tag","embeddable":true,"href":"https:\/\/www.garden-kit.com\/de\/wp-json\/wp\/v2\/product_tag?post=1652"}],"curies":[{"name":"wp","href":"https:\/\/api.w.org\/{rel}","templated":true}]}}