{"id":1658,"date":"2022-08-24T00:32:37","date_gmt":"2022-08-23T16:32:37","guid":{"rendered":"http:\/\/www.garden-kit.com\/product\/organic-all-purpose-fertilizer\/"},"modified":"2023-03-31T16:37:02","modified_gmt":"2023-03-31T08:37:02","slug":"organic-all-purpose-fertilizer","status":"publish","type":"product","link":"https:\/\/www.garden-kit.com\/de\/product\/organic-all-purpose-fertilizer\/","title":{"rendered":"Organischer Allzweckd\u00fcnger"},"content":{"rendered":"<p>Pflanzengesundheit passiert nicht von ungef\u00e4hr. Ihre Blumenbeete, Ihr Gem\u00fcsegarten, Ihre Landschaftsgestaltung und Ihre Zimmerpflanzen ben\u00f6tigen alle die richtigen Bedingungen, um gut zu wachsen. Beginnen Sie mit bodenanreichernden N\u00e4hrstoffen aus Ihrem Haus und Garten. F\u00fcttern Sie Ihre Pflanzen von der Wurzel an mit Bio-Superfoods, damit sie ihr volles Potenzial entfalten k\u00f6nnen.<\/p>\n<p>Besuchen Sie unseren Shop, um unsere Auswahl an organischen D\u00fcngemitteln f\u00fcr den Innen- und Au\u00dfenbereich im Garten zu durchst\u00f6bern. Unsere Produkte sind besser f\u00fcr die Umwelt und sicher in der N\u00e4he von Kindern und Haustieren. Wir verpflichten uns, Ihren Boden ohne den Einsatz sch\u00e4dlicher Chemikalien zu verbessern. Unsere D\u00fcngemittel f\u00fcr Haus und Garten erfrischen den Boden und versorgen Ihre Pflanzen mit N\u00e4hrstoffen f\u00fcr eine gesunde \u00d6kologie.<\/p>\n<table style=\"font-family: sans-serif\">\n<tbody>\n<tr>\n<td width=\"224\">\n<pre><strong><b>Produktpflegehinweise<\/b><\/strong><\/pre>\n<\/td>\n<td width=\"224\">\n<pre>Verf\u00fcgbar<\/pre>\n<\/td>\n<\/tr>\n<tr>\n<td width=\"224\">\n<pre><strong><b>Produktart<\/b><\/strong><\/pre>\n<\/td>\n<td width=\"224\">\n<pre>Organischer Allzweckd\u00fcnger\n\n\n<\/pre>\n<\/td>\n<\/tr>\n<tr>\n<td width=\"224\">\n<pre><strong><b>Besondere Funktion<\/b><\/strong><\/pre>\n<\/td>\n<td width=\"224\">\n<pre>Indoor-Outdoor-Anbau<\/pre>\n<\/td>\n<\/tr>\n<tr>\n<td width=\"224\">\n<pre><strong><b>Marke<\/b><\/strong><\/pre>\n<\/td>\n<td width=\"224\">\n<pre>Garten-Kit<\/pre>\n<\/td>\n<\/tr>\n<tr>\n<td width=\"224\">\n<pre><strong><b>Herkunftsort<\/b><\/strong><\/pre>\n<\/td>\n<td width=\"224\">\n<pre>Fujian, China<\/pre>\n<\/td>\n<\/tr>\n<tr>\n<td width=\"224\">\n<pre><strong><b>ODM\/OEM<\/b><\/strong><\/pre>\n<\/td>\n<td width=\"224\">\n<pre>Verf\u00fcgbar<\/pre>\n<\/td>\n<\/tr>\n<tr>\n<td width=\"224\">\n<pre><strong><b>MOQ f\u00fcr kundenspezifische Bestellung<\/b><\/strong><\/pre>\n<\/td>\n<td width=\"224\">\n<pre>3000 Stk<\/pre>\n<\/td>\n<\/tr>\n<tr>\n<td width=\"224\">\n<pre><strong><b>Beispielkosten<\/b><\/strong><\/pre>\n<\/td>\n<td width=\"224\">\n<pre>US$400\/Muster, vollst\u00e4ndige R\u00fccksendung nach Bestellung bei uns<\/pre>\n<\/td>\n<\/tr>\n<\/tbody>\n<\/table>\n<pre><strong>Beschreibung<\/strong><\/pre>\n<p>Der organische Allzweckd\u00fcnger von Garden Kit wird mit Stolz auf Familienbetrieben hergestellt. Im Gegensatz zu synthetischen D\u00fcngemitteln, die die Bodengesundheit beeintr\u00e4chtigen, wirken Garden Kit-D\u00fcngemittel mit den n\u00fctzlichen Mikroben, Pilzen und organischen Stoffen im Boden. Diese Formeln werden aus den hochwertigsten organischen N\u00e4hrstoffquellen gemischt.<\/p>\n<p>Regelm\u00e4\u00dfiges Gie\u00dfen Ihrer Pflanzen kann die N\u00e4hrstoffe in diesen Verbindungen sogar so weit von den Pflanzenwurzeln entfernen, dass sie das Wurzelwachstum negativ beeinflussen. Dar\u00fcber hinaus werden synthetische D\u00fcngemittel h\u00e4ufig aus nicht erneuerbaren Ressourcen und nicht aus organischen Stoffen hergestellt. Organischer D\u00fcnger f\u00fcr das Pflanzenwohl ist wirksamer.<\/p>\n<p>Wie verwende ich diese organische D\u00fcngermischung am besten?<\/p>\n<p>Dieses Rezept wurde speziell f\u00fcr den Anbau n\u00e4hrstoffreicher, aromatischer Tomaten, Gem\u00fcse und Kr\u00e4uter entwickelt. Es liefert alle N\u00e4hrstoffe, die Ihre Pflanzen zum Gedeihen ben\u00f6tigen, und verbessert gleichzeitig auf nat\u00fcrliche Weise die Bodenfruchtbarkeit und die mikrobielle Aktivit\u00e4t.<\/p>\n<p>Garden Kit Fertilizer ist bei OMRI gelistet und seine Qualit\u00e4t erf\u00fcllt oder \u00fcbertrifft die Anforderungen des USDA National Organic Program Institute.<\/p>\n<pre><strong>Die folgenden Artikel sind im Kit enthalten.<\/strong><\/pre>\n<p>10 Unzen organischer D\u00fcnger, ausf\u00fchrliche Anleitungsbrosch\u00fcre<\/p>\n<pre><strong>Wie benutzt man<\/strong><\/pre>\n<p>Bei neuen Pflanzen in die umgebende Erde oder in die Blumenerde mischen. Bedecken Sie bei gepflanzten Pflanzen den Boden w\u00e4hrend der gesamten Vegetationsperiode jeden Monat. Die Aufwandmengen variieren je nach Pflanzengr\u00f6\u00dfe und Bodenvolumen. Befolgen Sie die detaillierten Anweisungen in der D\u00fcngerbox, um optimale Ergebnisse zu erzielen.<\/p>\n<p><strong>Einf\u00fchrung<\/strong>:Perfekter Ganzjahres- und Allzweckd\u00fcnger, speziell entwickelt f\u00fcr Golfpl\u00e4tze, Rasenfl\u00e4chen usw. Die ausgewogene N\u00e4hrstoffmischung (einschlie\u00dflich N, P, K und chelatisierte Spurenelemente wie Mg, Ca, S, Fe, Mn, Cu, B, Zn usw.) f\u00f6rdert die Begr\u00fcnung und das Wachstum der Pflanzen; die MU-Konzentration kann angepasst werden Gew\u00e4hrleisten Sie die Zufuhr eines langsamen, gleichm\u00e4\u00dfigen N\u00e4hrstoffstroms f\u00fcr 30\u2013120 Tage. Umweltfreundliches Produkt mit der geringsten Auswaschung.<\/p>\n<p><img decoding=\"async\" src=\"https:\/\/data.adwebcloud.com\/public\/material\/2206293ihquj\/product\/imageFile_1666532355466.jpg\" alt=\"1 6\" title=\"\"><\/p>\n<p>Unser Ziel ist es, Gartenarbeit f\u00fcr jedermann und \u00fcberall einfach und zug\u00e4nglich zu machen. Es ist von gro\u00dfem Wert, seine eigenen Lebensmittel anzubauen, und wir m\u00f6chten, dass dies jedem m\u00f6glich ist.<br \/><img decoding=\"async\" src=\"https:\/\/data.adwebcloud.com\/public\/material\/2206293ihquj\/product\/imageFile_1666532452635.jpg\" alt=\"2 6\" title=\"\"><br \/><img decoding=\"async\" src=\"https:\/\/data.adwebcloud.com\/public\/material\/2206293ihquj\/product\/imageFile_1666532523115.jpg\" alt=\"3 6\" title=\"\"><br \/><img decoding=\"async\" src=\"https:\/\/data.adwebcloud.com\/public\/material\/2206293ihquj\/product\/imageFile_1666532527005.jpg\" alt=\"4 2\" title=\"\"><\/p>\n<p>M\u00f6glicherweise sterben Ihre Gartenpflanzen aufgrund eines Ungleichgewichts in der Bodenstruktur. In diesen Situationen kann die Steigerung des Bodenreichtums auch Ihre Chancen auf einen produktiven Garten erh\u00f6hen. Es ist jedoch immer eine gute Idee, den S\u00e4uregehalt und den pH-Wert des Bodens in Ihrem Garten zu beurteilen, bevor Sie mit der D\u00fcngung beginnen. Eine \u201eHands-off\u201c-Strategie kann leicht genauso sch\u00e4dlich sein wie zu viel des Guten.<\/p>\n<p>Beispielsweise ist Phosphor, ein Hauptbestandteil der meisten D\u00fcngemittel, nur in einem engen pH-Bereich wirksam. Da diese Stoffe bei starken Regenf\u00e4llen h\u00e4ufig weggeschwemmt werden und benachbarte Fl\u00fcsse verunreinigen k\u00f6nnen, kann die Zugabe von \u00fcbersch\u00fcssigen N\u00e4hrstoffen oder organischem Material ebenfalls negative Auswirkungen auf das \u00d6kosystem haben.<\/p>\n<p>Wie die meisten anderen Lebewesen ben\u00f6tigen Pflanzen eine Vielzahl von N\u00e4hrstoffen, um richtig zu wachsen. Normalerweise kommen diese Bodenbakterien in gesundem Boden vor. Pflanzen leiden, wenn sie es nicht sind. Um etwaige Bodenm\u00e4ngel auszugleichen und das Pflanzenwachstum unter nicht optimalen Bedingungen zu erm\u00f6glichen, wurden D\u00fcngemittel entwickelt. Stickstoff (N), Phosphor (P) und Kalium sind jedoch die drei Hauptn\u00e4hrstoffe, die im D\u00fcngemittel (K) enthalten sind. Normalerweise werden sie auch auf Etiketten in dieser Reihenfolge aufgef\u00fchrt.<\/p>\n<p>Nat\u00fcrlich gibt es einen Unterschied zwischen synthetischen und organischen D\u00fcngemitteln, aber das merkt man vor allem mit der Zeit. Es ist allgemein bekannt, dass synthetische D\u00fcngemittel mit der Zeit die Qualit\u00e4t des Bodens verschlechtern und dadurch die menschliche Gesundheit sch\u00e4digen. Um Ihren Garten zu verbessern, ben\u00f6tigen Sie st\u00e4ndig zus\u00e4tzliche synthetische D\u00fcngemittel. In synthetischen D\u00fcngemitteln sind auch Salze enthalten. Diese Stoffe erh\u00f6hen nicht nur den S\u00e4uregehalt des Bodens, sondern schrecken auch hilfreiche Regenw\u00fcrmer ab.<\/p>\n<p>Die langsam wirkende Natur organischer D\u00fcngemittel ist von Vorteil, wenn Sie Ihren Gartenboden im Laufe der Zeit verbessern m\u00f6chten. Dieser Aspekt kann jedoch ein Nachteil sein, wenn Sie sofortige Ergebnisse erzielen m\u00f6chten. Ein guter organischer Kompromiss, wenn Ihre Pflanzen einen pl\u00f6tzlichen Energieschub ben\u00f6tigen, sind Fl\u00fcssigd\u00fcnger oder Blattsprays. G\u00e4rtner sollten sich auch dar\u00fcber im Klaren sein, dass organische D\u00fcngemittel biologisch aktiv sind, im Gegensatz zu inaktiven anorganischen D\u00fcngemitteln, die ebenfalls aus nat\u00fcrlichen Quellen stammen k\u00f6nnen.&nbsp;<\/p>\n<p>Kaufen Sie unsere Auswahl an nat\u00fcrlichen D\u00fcngemitteln f\u00fcr Ihren Innen- und Au\u00dfenanbau. Unsere Produkte k\u00f6nnen sicher in der N\u00e4he von Kindern und Haustieren verwendet werden und sind besser f\u00fcr den Planeten. Wir sind bestrebt, Ihren Boden ohne aggressive Chemikalien zu verbessern. Unsere Haus- und Gartenn\u00e4hrstoffe versorgen Ihre Pflanzen mit N\u00e4hrstoffen und regenerieren den Boden f\u00fcr ein ausgeglichenes \u00d6kosystem.<\/p>\n<p>Allzweckd\u00fcnger. Enth\u00e4lt eine Mischung aus nat\u00fcrlichen Zutaten, darunter Seetangmehl und Luzernemehl, die f\u00fcr eine ausgewogene Ern\u00e4hrung einer Vielzahl von Blumen und Pflanzen sorgen sollen. Kann auch zur nat\u00fcrlichen D\u00fcngung von Obst und Gem\u00fcse verwendet werden.<\/p>\n<p>Allerdings bieten organische D\u00fcngemittel Vorteile. Sie verursachen nicht gelegentlich eine Krustenbildung im Boden, wie dies bei anorganischen D\u00fcngemitteln der Fall ist. Sie erleichtern das Eindringen von Wasser in den Boden und verleihen ihm schlie\u00dflich Struktur. N\u00fctzliche Mikroorganismen ern\u00e4hren sich von organischem Material, was die Bodenarbeit erleichtert.<\/p>\n<p>Verwenden Sie organische D\u00fcngemittel im Bio-Gartenbau im Wesentlichen auf die gleiche Weise, wie Sie normale chemische D\u00fcngemittel verwenden w\u00fcrden. Wenn Sie vorgefertigte organische D\u00fcngemittel kaufen, ist der Vorgang ziemlich einfach. Lesen Sie die Anweisungen auf der Verpackung und gehen Sie bei der Entscheidung, wie viel Sie auftragen m\u00f6chten, auf Nummer sicher. (Hinweis: Es ist immer eine gute Idee, die Verwendung stark riechender Produkte wie Fischemulsionsd\u00fcnger in Innenr\u00e4umen zu vermeiden.)<\/p>\n<p>Dies bedeutet, dass ihre Bestandteile einer Alterung und m\u00f6glicherweise geringf\u00fcgigen Schwankungen von Charge zu Charge unterliegen. Hochwertige organische D\u00fcngemittel sind f\u00fcr Ihre Pflanzen leichter verf\u00fcgbar als chemische D\u00fcngemittel, allerdings nicht so konstant. Aus diesem Grund sind sie ideal f\u00fcr den \u00f6kologischen Landbau.<\/p>\n<p>Diese hochmoderne Produktreihe ist darauf ausgelegt, den N\u00e4hrstoffbedarf Ihres Rasens zu decken und diese N\u00e4hrstoffe mit h\u00f6chster Absorptionseffizienz an die Wurzelsysteme zu \u00fcbertragen. Diese wirksame Mischung aus Chemikalien stimuliert eine Reihe vorteilhafter biologischer und umweltbedingter Reaktionen im Boden und in der Pflanze, was zu einem tieferen, robusteren Wurzelsystem und einem dichten, \u00fcppigen Gr\u00fcnteppich f\u00fchrt.<\/p><\/p>","protected":false},"excerpt":{"rendered":"<p>Garden Kit Bio-Allzweckd\u00fcnger wird stolz auf Familienbetrieben hergestellt. Im Gegensatz zu synthetischen D\u00fcngemitteln, die die Bodengesundheit st\u00f6ren, arbeiten Garden Kit-D\u00fcngemittel mit den n\u00fctzlichen Mikroben, Pilzen und organischen Stoffen im Boden, um Pflanzen zu ern\u00e4hren, das Wachstum zu stimulieren und die Bodenfruchtbarkeit zu verbessern.<\/p>","protected":false},"featured_media":13129,"comment_status":"open","ping_status":"closed","template":"","meta":[],"product_cat":[63],"product_tag":[85],"acf":[],"_links":{"self":[{"href":"https:\/\/www.garden-kit.com\/de\/wp-json\/wp\/v2\/product\/1658"}],"collection":[{"href":"https:\/\/www.garden-kit.com\/de\/wp-json\/wp\/v2\/product"}],"about":[{"href":"https:\/\/www.garden-kit.com\/de\/wp-json\/wp\/v2\/types\/product"}],"replies":[{"embeddable":true,"href":"https:\/\/www.garden-kit.com\/de\/wp-json\/wp\/v2\/comments?post=1658"}],"wp:featuredmedia":[{"embeddable":true,"href":"https:\/\/www.garden-kit.com\/de\/wp-json\/wp\/v2\/media\/13129"}],"wp:attachment":[{"href":"https:\/\/www.garden-kit.com\/de\/wp-json\/wp\/v2\/media?parent=1658"}],"wp:term":[{"taxonomy":"product_cat","embeddable":true,"href":"https:\/\/www.garden-kit.com\/de\/wp-json\/wp\/v2\/product_cat?post=1658"},{"taxonomy":"product_tag","embeddable":true,"href":"https:\/\/www.garden-kit.com\/de\/wp-json\/wp\/v2\/product_tag?post=1658"}],"curies":[{"name":"wp","href":"https:\/\/api.w.org\/{rel}","templated":true}]}}