{"id":1695,"date":"2022-08-24T00:36:13","date_gmt":"2022-08-23T16:36:13","guid":{"rendered":"http:\/\/www.garden-kit.com\/product\/diy-kit-for-homemade-whisky\/"},"modified":"2023-03-31T15:04:56","modified_gmt":"2023-03-31T07:04:56","slug":"diy-kit-for-homemade-whisky","status":"publish","type":"product","link":"https:\/\/www.garden-kit.com\/de\/product\/diy-kit-for-homemade-whisky\/","title":{"rendered":"DIY-Kit f\u00fcr hausgemachten Whisky"},"content":{"rendered":"<h3 style=\"font-size: 19px\"><span style=\"font-family: arial, helvetica, sans-serif;font-size: 16px\">\u00dcberblick<\/span><\/h3>\n<table style=\"border-collapse: collapse;width: 100%;height: 230.812px\" width=\"100%\">\n<tbody>\n<tr style=\"height: 27.625px\">\n<td style=\"height: 27.625px\" width=\"299\"><span style=\"font-family: arial, helvetica, sans-serif;font-size: 16px\">Produktpflegehinweise<\/span><\/td>\n<td style=\"height: 27.625px\" width=\"299\"><span style=\"font-family: arial, helvetica, sans-serif;font-size: 16px\">Verf\u00fcgbar<\/span><\/td>\n<\/tr>\n<tr style=\"height: 27.625px\">\n<td style=\"height: 27.625px\" width=\"299\"><span style=\"font-family: arial, helvetica, sans-serif;font-size: 16px\">Produktart<\/span><\/td>\n<td style=\"height: 27.625px\" width=\"299\"><span style=\"font-family: arial, helvetica, sans-serif;font-size: 16px\">DIY-Kit f\u00fcr selbstgemachten Whisky<\/span><\/td>\n<\/tr>\n<tr style=\"height: 32.5px\">\n<td style=\"height: 32.5px\" width=\"299\"><span style=\"font-family: arial, helvetica, sans-serif;font-size: 16px\">Besondere Funktion<\/span><\/td>\n<td style=\"height: 32.5px\" width=\"299\"><span style=\"font-family: arial, helvetica, sans-serif;font-size: 16px\">Machen Sie 4 Gallonen Whisky mit 3 Hackschnitzelmischungen<\/span><\/td>\n<\/tr>\n<tr style=\"height: 27.625px\">\n<td style=\"height: 27.625px\" width=\"299\"><span style=\"font-family: arial, helvetica, sans-serif;font-size: 16px\">Marke<\/span><\/td>\n<td style=\"height: 27.625px\" width=\"299\"><span style=\"font-family: arial, helvetica, sans-serif;font-size: 16px\">Garten-Kit<\/span><\/td>\n<\/tr>\n<tr style=\"height: 27.625px\">\n<td style=\"height: 27.625px\" width=\"299\"><span style=\"font-family: arial, helvetica, sans-serif;font-size: 16px\">Herkunftsort<\/span><\/td>\n<td style=\"height: 27.625px\" width=\"299\"><span style=\"font-family: arial, helvetica, sans-serif;font-size: 16px\">Fujian, China<\/span><\/td>\n<\/tr>\n<tr style=\"height: 27.625px\">\n<td style=\"height: 27.625px\" width=\"299\"><span style=\"font-family: arial, helvetica, sans-serif;font-size: 16px\">ODM\/OEM<\/span><\/td>\n<td style=\"height: 27.625px\" width=\"299\"><span style=\"font-family: arial, helvetica, sans-serif;font-size: 16px\">Verf\u00fcgbar<\/span><\/td>\n<\/tr>\n<tr style=\"height: 27.625px\">\n<td style=\"height: 27.625px\" width=\"299\"><span style=\"font-family: arial, helvetica, sans-serif;font-size: 16px\">MOQ f\u00fcr kundenspezifische Bestellung<\/span><\/td>\n<td style=\"height: 27.625px\" width=\"299\"><span style=\"font-family: arial, helvetica, sans-serif;font-size: 16px\">3000 Stk<\/span><\/td>\n<\/tr>\n<tr style=\"height: 32.5625px\">\n<td style=\"height: 32.5625px\" width=\"299\"><span style=\"font-family: arial, helvetica, sans-serif;font-size: 16px\">Beispielkosten<\/span><\/td>\n<td style=\"height: 32.5625px\" width=\"299\"><span style=\"font-family: arial, helvetica, sans-serif;font-size: 16px\">US$400\/Sample, volle R\u00fccksendung nach der Bestellung bei uns<\/span><\/td>\n<\/tr>\n<\/tbody>\n<\/table>\n<pre>&nbsp;<\/pre>\n<p style=\"line-height: 1.5\"><span style=\"font-family: arial, helvetica, sans-serif;font-size: 16px\">MACHEN SIE IHR EIGENES DING \u2013 tauschen Sie F\u00e4sser gegen Flaschen und kreieren Sie mit unserer exklusiven Holzchip-Mischung einen authentischen Whisky. Das Einzige, was Sie brauchen, ist eine Flasche Neutralalkohol als Basis.<\/span><\/p>\n<pre><span style=\"font-family: arial, helvetica, sans-serif;font-size: 16px\"><br \/>Die folgenden Artikel sind im Kit enthalten.<\/span><\/pre>\n<p style=\"line-height: 1.5\"><span style=\"font-family: arial, helvetica, sans-serif;font-size: 16px\">Unsere 12 Pflanzenstoffe stammen aus der ganzen Welt, von denen einige wirklich schwer zu finden sind. Dennoch haben wir die Herausforderung angenommen, sie f\u00fcr Ihr bestes Gin-Erlebnis zu finden!<\/span><\/p>\n<p style=\"line-height: 1.5\"><span style=\"font-family: arial, helvetica, sans-serif;font-size: 16px\">Wir beziehen die hochwertigsten Gin-Botanicals aus der ganzen Welt: gr\u00fcner Kardamom, Hibiskusbl\u00fcten, Koriandersamen, Kubebenpfeffer, Lavendelbl\u00fcten, Lorbeer, Orangenschale, rosa Pfeffer, Lakritze und Wacholder<\/span><\/p>\n<p style=\"line-height: 1.5\"><span style=\"font-family: arial, helvetica, sans-serif;font-size: 16px\">1 Schritt-f\u00fcr-Schritt-Anleitungskarte<\/span><\/p>\n<p style=\"line-height: 1.5\"><span style=\"font-family: arial, helvetica, sans-serif;font-size: 16px\">1 individuelle Bastelbox<\/span><\/p>\n<pre><span style=\"font-family: arial, helvetica, sans-serif;font-size: 16px\"><br \/>AUS JEDEM KIT WERDEN 3 FLASCHEN GIN HERGESTELLT<\/span><\/pre>\n<p style=\"line-height: 1.5\"><span style=\"font-family: arial, helvetica, sans-serif;font-size: 16px\">Werden Sie kreativ mit der Natur \u2013 probieren Sie drei Eichenarten aus, um Ihr Mischungserlebnis wirklich pers\u00f6nlich zu gestalten. Alle unsere Hackschnitzel sind 100% nat\u00fcrlich, frisch und in recycelbaren Verpackungen verpackt. Ein Hoch auf die Umwelt!<\/span><\/p>\n<p style=\"line-height: 1.5\"><span style=\"font-family: arial, helvetica, sans-serif;font-size: 16px\">Verw\u00f6hnen Sie Ihre Augen und Ihren Gaumen \u2013 Neben erstklassigen Zutaten enth\u00e4lt unser Set eine sch\u00f6ne Zubereitungsflasche aus Glas und ein Kochbuch mit Informationen zu Whisky und Rezeptvorschl\u00e4gen. Personalisieren Sie Ihre Kreation mit den mitgelieferten Tags und machen Sie sie zu Ihrer eigenen!<\/span><\/p>\n<p style=\"line-height: 1.5\">&nbsp;<\/p>\n<p style=\"line-height: 1.5\"><span style=\"font-family: arial, helvetica, sans-serif;font-size: 16px\">Werden Sie zum Profi in der Bar \u2013 von schottischem Single Malt und irischen Mischungen bis hin zu erstklassigen amerikanischen Bourbons \u2026 Ein kurzes Glossar und drei erstaunliche Grundrezepte geben Ihnen alles, was Sie brauchen, um bei Ihrer ersten professionellen Whiskyverkostung herauszustechen!<\/span><\/p>\n<p style=\"line-height: 1.5\">&nbsp;<\/p>\n<p>Reiner Malt Whisky<br \/><span style=\"font-family: arial, helvetica, sans-serif\">Destillierte Spirituosen, die nur aus Gerste hergestellt werden, werden als reiner Malt-Whisky bezeichnet. Reiner Malt Whisky wird aus Gerstenmalz hergestellt, das auf Torf unter freiem Himmel gebacken wird. Es wird mit einer Brennblase destilliert, normalerweise nach zwei Destillationen. Nach der Destillation betr\u00e4gt der Alkoholgehalt der Fl\u00fcssigkeit 63,4 Grad. In Eichenf\u00e4ssern gereift und vor der Abf\u00fcllung mit Wasser verd\u00fcnnt. Der Wein hat ein reiches Torfaroma.<\/span><\/p>\n<p><span style=\"font-family: arial, helvetica, sans-serif\"><\/span><\/p>\n<p><span style=\"font-family: arial, helvetica, sans-serif\">Blended Irish Whiskey<\/span><br \/><span style=\"font-family: arial, helvetica, sans-serif\">Dieser Whisky verwendet als Rohstoff sowohl gem\u00e4lzte als auch ungem\u00e4lzte Gerste und wird in Brennblasen hergestellt. Im Vergleich zu reinem Scotch-Malt-Whisky verleiht die Verwendung von ungem\u00e4lzter Gerste als Rohmaterial dem irischen Whisky einen gr\u00fcneren und w\u00fcrzigeren Geschmack. Schmecken.<\/span><\/p>\n<p><span style=\"font-family: arial, helvetica, sans-serif\"><\/span><\/p>\n<p>Bourbon-Whisky<br \/><span style=\"font-family: arial, helvetica, sans-serif\">Farbe: kr\u00e4ftiges Rotbraun<\/span><br \/><span style=\"font-family: arial, helvetica, sans-serif\">Aroma: Aromen von getrockneten Feigen und Rosinen, R\u00f6staroma von Holzf\u00e4ssern<\/span><br \/><span style=\"font-family: arial, helvetica, sans-serif\">Geschmack: Die milchzuckerartige S\u00fc\u00dfe breitet sich schlie\u00dflich im Mund aus, die reichhaltige Rosinens\u00fc\u00dfe ist leicht bitter mit Mandeln und der elastische, leicht s\u00e4uerliche Geschmack.<\/span><\/p>\n<\/p>\n<p style=\"line-height: 1.5\"><span style=\"font-family: arial, helvetica, sans-serif;font-size: 16px\">EIN GESCHENK VOLLST\u00c4NDIGER GENUSS \u2013 Unser Set ist das ideale Geschenk f\u00fcr Whisky-Liebhaber und Liebhaber beiderlei Geschlechts: eine spirituelle \u00dcberraschung f\u00fcr Freunde und Familie. Auf einer Geburtstagsfeier, unter dem Weihnachtsbaum oder auf einer Hochzeitsfeier: Machen Sie Ihr eigenes Ding \u2013 trinken Sie Ihren Whiskey!<\/span><\/p><\/p>","protected":false},"excerpt":{"rendered":"<p><span style=\"font-family: arial, helvetica, sans-serif\">MACHEN SIE IHR EIGENES DING \u2013 tauschen Sie F\u00e4sser gegen Flaschen und kreieren Sie mit unserer exklusiven Holzchip-Mischung einen authentischen Whisky. Das Einzige, was Sie brauchen, ist eine Flasche Neutralalkohol als Basis.<\/span><\/p>","protected":false},"featured_media":12529,"comment_status":"open","ping_status":"closed","template":"","meta":[],"product_cat":[86],"product_tag":[95,529,527,528,531],"acf":[],"_links":{"self":[{"href":"https:\/\/www.garden-kit.com\/de\/wp-json\/wp\/v2\/product\/1695"}],"collection":[{"href":"https:\/\/www.garden-kit.com\/de\/wp-json\/wp\/v2\/product"}],"about":[{"href":"https:\/\/www.garden-kit.com\/de\/wp-json\/wp\/v2\/types\/product"}],"replies":[{"embeddable":true,"href":"https:\/\/www.garden-kit.com\/de\/wp-json\/wp\/v2\/comments?post=1695"}],"wp:featuredmedia":[{"embeddable":true,"href":"https:\/\/www.garden-kit.com\/de\/wp-json\/wp\/v2\/media\/12529"}],"wp:attachment":[{"href":"https:\/\/www.garden-kit.com\/de\/wp-json\/wp\/v2\/media?parent=1695"}],"wp:term":[{"taxonomy":"product_cat","embeddable":true,"href":"https:\/\/www.garden-kit.com\/de\/wp-json\/wp\/v2\/product_cat?post=1695"},{"taxonomy":"product_tag","embeddable":true,"href":"https:\/\/www.garden-kit.com\/de\/wp-json\/wp\/v2\/product_tag?post=1695"}],"curies":[{"name":"wp","href":"https:\/\/api.w.org\/{rel}","templated":true}]}}