{"id":1727,"date":"2022-08-24T00:39:11","date_gmt":"2022-08-23T16:39:11","guid":{"rendered":"http:\/\/www.garden-kit.com\/product\/seed-paper-plantable-calendar-2023\/"},"modified":"2023-04-06T16:41:06","modified_gmt":"2023-04-06T08:41:06","slug":"plantable-calendar","status":"publish","type":"product","link":"https:\/\/www.garden-kit.com\/de\/product\/plantable-calendar\/","title":{"rendered":"Pflanzbarer Kalender"},"content":{"rendered":"<h3 style=\"font-size: 19px\"><span style=\"font-family: 'PingFang SC', 'Microsoft YaHei', sans-serif\">\u00dcberblick<\/span><\/h3>\n<table style=\"border-collapse: collapse;width: 100%;height: 332px\" width=\"100%\">\n<tbody>\n<tr style=\"height: 44px\">\n<td style=\"height: 44px;line-height: 1\" width=\"299\">\n<pre><span style=\"font-family: 'PingFang SC', 'Microsoft YaHei', sans-serif;font-size: 16px\">Produktpflegehinweise<\/span><\/pre>\n<\/td>\n<td style=\"height: 44px;line-height: 1\" width=\"299\">\n<pre><span style=\"font-family: 'PingFang SC', 'Microsoft YaHei', sans-serif;font-size: 16px\">Verf\u00fcgbar<\/span><\/pre>\n<\/td>\n<\/tr>\n<tr style=\"height: 44px\">\n<td style=\"height: 44px;line-height: 1\" width=\"299\">\n<pre><span style=\"font-family: 'PingFang SC', 'Microsoft YaHei', sans-serif;font-size: 16px\">Art des Pflanzenprodukts<\/span><\/pre>\n<\/td>\n<td style=\"height: 44px;line-height: 1\" width=\"299\">\n<pre><span style=\"font-family: 'PingFang SC', 'Microsoft YaHei', sans-serif;font-size: 16px\">Wildblumen &amp; Platane<\/span><\/pre>\n<\/td>\n<\/tr>\n<tr style=\"height: 44px\">\n<td style=\"height: 44px;line-height: 1\" width=\"299\">\n<pre><span style=\"font-family: 'PingFang SC', 'Microsoft YaHei', sans-serif;font-size: 16px\">Besondere Funktion<\/span><\/pre>\n<\/td>\n<td style=\"height: 44px;line-height: 1\" width=\"299\">\n<pre><span style=\"font-family: 'PingFang SC', 'Microsoft YaHei', sans-serif;font-size: 16px\">Indoor-Outdoor-Anbau<\/span><\/pre>\n<\/td>\n<\/tr>\n<tr style=\"height: 24px\">\n<td style=\"height: 24px;line-height: 1\" width=\"299\">\n<pre><span style=\"font-family: 'PingFang SC', 'Microsoft YaHei', sans-serif;font-size: 16px\">Marke<\/span><\/pre>\n<\/td>\n<td style=\"height: 24px;line-height: 1\" width=\"299\">\n<pre><span style=\"font-family: 'PingFang SC', 'Microsoft YaHei', sans-serif;font-size: 16px\">Garten-Kit<\/span><\/pre>\n<\/td>\n<\/tr>\n<tr style=\"height: 44px\">\n<td style=\"height: 44px;line-height: 1\" width=\"299\">\n<pre><span style=\"font-family: 'PingFang SC', 'Microsoft YaHei', sans-serif;font-size: 16px\">Herkunftsort<\/span><\/pre>\n<\/td>\n<td style=\"height: 44px;line-height: 1\" width=\"299\">\n<pre><span style=\"font-family: 'PingFang SC', 'Microsoft YaHei', sans-serif;font-size: 16px\">Fujian, China<\/span><\/pre>\n<\/td>\n<\/tr>\n<tr style=\"height: 44px\">\n<td style=\"height: 44px;line-height: 1\" width=\"299\">\n<pre><span style=\"font-family: 'PingFang SC', 'Microsoft YaHei', sans-serif;font-size: 16px\">ODM\/OEM<\/span><\/pre>\n<\/td>\n<td style=\"height: 44px;line-height: 1\" width=\"299\">\n<pre><span style=\"font-family: 'PingFang SC', 'Microsoft YaHei', sans-serif;font-size: 16px\">Verf\u00fcgbar<\/span><\/pre>\n<\/td>\n<\/tr>\n<tr style=\"height: 44px\">\n<td style=\"height: 44px;line-height: 1\" width=\"299\">\n<pre><span style=\"font-family: 'PingFang SC', 'Microsoft YaHei', sans-serif;font-size: 16px\">MOQ f\u00fcr kundenspezifische Bestellung<\/span><\/pre>\n<\/td>\n<td style=\"height: 44px;line-height: 1\" width=\"299\">\n<pre><span style=\"font-family: 'PingFang SC', 'Microsoft YaHei', sans-serif;font-size: 16px\">3000 Stk<\/span><\/pre>\n<\/td>\n<\/tr>\n<tr style=\"height: 44px\">\n<td style=\"height: 44px;line-height: 1\" width=\"299\">\n<pre><span style=\"font-family: 'PingFang SC', 'Microsoft YaHei', sans-serif;font-size: 16px\">Beispielkosten<\/span><\/pre>\n<\/td>\n<td style=\"height: 44px;line-height: 1\" width=\"299\">\n<pre><span style=\"font-family: 'PingFang SC', 'Microsoft YaHei', sans-serif;font-size: 16px\">US$400\/Muster, vollst\u00e4ndige R\u00fccksendung nach Bestellung bei uns<\/span><\/pre>\n<\/td>\n<\/tr>\n<\/tbody>\n<\/table>\n<p><span style=\"font-family: 'PingFang SC', 'Microsoft YaHei', sans-serif;font-size: 16px\"> Vorbereitetes 15-teiliges Saatpapier-Pflanzkalender-Set f\u00fcr 2023: Es ist ganz einfach \u2013 wir nehmen Ihnen das R\u00e4tselraten beim Z\u00fcchten von Wildblumen- und Bergahornsamen ab und begleiten Sie bei jedem Schritt des Weges. Alles, was Sie brauchen, um die Freude an Wildblumen und Bergahorn in Ihr Leben oder das Ihrer Liebsten zu bringen, in einer wundersch\u00f6nen Geschenkbox aus Holz. Pflanze es!<\/span><\/p>\n<p><span style=\"font-family: 'PingFang SC', 'Microsoft YaHei', sans-serif;font-size: 16px\"><br \/>Die folgenden Artikel sind im Kit enthalten. <\/span><\/p>\n<p><span style=\"font-family: 'PingFang SC', 'Microsoft YaHei', sans-serif;font-size: 16px\">12-Monats-Kalender-Saatpapier (3,15\u2033 x 3,15), 1 Bastelkartonsand, 1 Schritt-f\u00fcr-Schritt-Anleitung zum Pflanzen, 1 individuelle Bastelbox <br \/>Pflanzkalender aus Samenpapier! 100% handgefertigtes, recycelbares, biologisch abbaubares \u00d6kopapier mit Wildblumen- und Bergahornsamen. Dieser Pflanzkalender 100% besteht aus Altpapier, gemischt mit Bergahorn- und Wildblumensamen. <\/span><\/p>\n<p><span style=\"font-family: 'PingFang SC', 'Microsoft YaHei', sans-serif;font-size: 16px\">\u2013 Das Samenpapier \u00fcber Nacht in Wasser einweichen. <\/span><\/p>\n<p><span style=\"font-family: 'PingFang SC', 'Microsoft YaHei', sans-serif;font-size: 16px\">\u2013 Pflanzen Sie das feuchte Saatpapier etwa 1\/4 Zoll tief in den vorbereiteten Boden. <\/span><\/p>\n<p><span style=\"font-family: 'PingFang SC', 'Microsoft YaHei', sans-serif;font-size: 16px\">-Bew\u00e4ssern Sie den Brunnen, insbesondere in den ersten vier bis sechs Wochen. <br \/>Pflanzen Sie Papier in den k\u00fchlen Monaten bis zum fr\u00fchen Fr\u00fchling im Freien. Bei der Herbstpflanzung wird der Winterregen genutzt, um eine fr\u00fche Fr\u00fchlingsbl\u00fcte hervorzubringen. Pflanzen Sie die Pflanze jederzeit drinnen und verpflanzen Sie sie dann im zeitigen Fr\u00fchjahr an einen dauerhafteren Standort. <\/span><\/p>\n<p><span style=\"font-family: 'PingFang SC', 'Microsoft YaHei', sans-serif;font-size: 16px\">Lieferumfang: <\/span><\/p>\n<p><span style=\"font-family: 'PingFang SC', 'Microsoft YaHei', sans-serif;font-size: 16px\">\u2013 3,15\u2033 x 3,15\u2033 12 quadratische Karten in verschiedenen Designs <\/span><\/p>\n<p><span style=\"font-family: 'PingFang SC', 'Microsoft YaHei', sans-serif;font-size: 16px\">- Inklusive Pappst\u00e4nder in einer 3,15-Zoll-Kraftkarton. Anweisungen zum Anbau finden Sie auf der R\u00fcckseite des Kartons.<\/span><\/p>\n<h3 style=\"font-size: 19px\"><span style=\"font-family: 'PingFang SC', 'Microsoft YaHei', sans-serif\"><span>Was ist ein Pflanzkalender?<\/span><\/span><\/h3>\n<p><span style=\"font-family: 'PingFang SC', 'Microsoft YaHei', sans-serif;font-size: 16px\"><span><span>Die Leute um mich herum fragen immer neugierig und verwirrt: \u201eWas ist Samenpapier?\u201c<\/span><\/span><span><span> <\/span><\/span><span><span>Tats\u00e4chlich ist es so einfach, wie es w\u00f6rtlich hei\u00dft. Saatpapier ist pflanzbares Papier. Bei der Herstellung von handgesch\u00f6pftem Papier f\u00fcgen wir Pflanzen- und Blumensamen hinzu. Das fertige Papier wird entworfen und verarbeitet und dann in umgewandelt<\/span><\/span> <span><span>Alle Arten von Papierprodukten.<\/span><\/span><span><span> <\/p>\n<p><\/span><\/span><span><span>Dieses vollst\u00e4ndig pflanzbare Papier ist die perfekte M\u00f6glichkeit, die Samen der Zeit f\u00fcr die Ideen Ihrer Kunden zu verschicken. Unser Samenpapier wird aus recycelten Materialien handgefertigt und mit einer robusten Kr\u00e4utersamenmischung eingebettet.<\/span><\/span> <span><span>Einfach pflanzen, gie\u00dfen und die Ernte genie\u00dfen!<\/span><\/span> <span><span>Teilen Sie die Freude am Keimen und Pflanzen von Samen und verleihen Sie dem Leben volle Vitalit\u00e4t und Vitalit\u00e4t.<\/span><\/span> <\/p>\n<p><strong><\/strong><\/span><\/p>\n<h3 style=\"font-size: 19px\"><span style=\"font-family: 'PingFang SC', 'Microsoft YaHei', sans-serif\">Vorsichtsma\u00dfnahmen<\/span><\/h3>\n<p><span style=\"font-family: 'PingFang SC', 'Microsoft YaHei', sans-serif;font-size: 16px\">\u3010Sonnenlicht\u3011<br \/>Der Bergahorn und die Wildblumen m\u00f6gen die Sonne sehr. Wenn Sie vorschlagen, Topfpflanzen zu Hause anzubauen, ist es besser, den Bergahorn an einem Ort mit l\u00e4ngerer Sonneneinstrahlung zu platzieren.<\/span><\/p>\n<p><span style=\"font-family: 'PingFang SC', 'Microsoft YaHei', sans-serif;font-size: 16px\"><br \/>\u3010Balkon\u3011<br \/>Wenn Sie zu Hause einen Balkon haben, wird grunds\u00e4tzlich empfohlen, Platanen und Wildblumen auf dem Balkon zu pflanzen. Sie eignen sich nicht f\u00fcr den Innenanbau, da sie nicht bel\u00fcftet sind und nur wenig Sonnenlicht haben.<\/span><\/p>\n<p><span style=\"font-family: 'PingFang SC', 'Microsoft YaHei', sans-serif;font-size: 16px\"><br \/>\u3010hohe Temperatur\u3011<br \/>Obwohl Bergahorne und Wildblumen Sonnenschein und Feuchtigkeit m\u00f6gen, ist es nicht empfehlenswert, sie bei hohen Temperaturen zu viel zu gie\u00dfen, da die Wurzeln ersticken oder verfaulen.<\/span><\/p>\n<p><span style=\"font-family: 'PingFang SC', 'Microsoft YaHei', sans-serif;font-size: 16px\"><br \/>\u3010Winter\u3011<br \/>Bergahornb\u00e4ume und Wildblumen haben Angst vor der K\u00e4lte. Wenn die Temperatur im Winter relativ niedrig ist, empfiehlt es sich, sie ins Haus zu bringen. Zu kalt kann dazu f\u00fchren, dass sie erfrieren.<\/p>\n<p><\/span><\/p>\n<h3 style=\"font-size: 19px\">Die Anbaumethode der Bergahornbl\u00fcte<\/h3>\n<p style=\"line-height: 1.5\"><span style=\"font-family: 'PingFang SC', 'Microsoft YaHei', sans-serif\">1. Boden:<\/span><br \/><span style=\"font-family: 'PingFang SC', 'Microsoft YaHei', sans-serif\">Die Bergahornbl\u00fcte hat eine starke Anpassungsf\u00e4higkeit an den Boden und eignet sich f\u00fcr den Anbau in fruchtbarem Lehm mit tiefer Bodenschicht und guter Drainage. Verwenden Sie einfach direkt die unterst\u00fctzende Pflanzerde<\/span><br \/><span style=\"font-family: 'PingFang SC', 'Microsoft YaHei', sans-serif\">2. Beleuchtung:<\/span><br \/><span style=\"font-family: 'PingFang SC', 'Microsoft YaHei', sans-serif\">Indus-Erdn\u00fcsse sind lichtliebend und ben\u00f6tigen w\u00e4hrend der Wachstumsphase viel Licht, was das Pflanzenwachstum f\u00f6rdern kann. Wenn es zu wenig Licht erh\u00e4lt, f\u00fchrt dies zu einem langsamen Wachstum der Pflanzen und zu \u00dcberlebensschwierigkeiten.<\/span><br \/><span style=\"font-family: 'PingFang SC', 'Microsoft YaHei', sans-serif\">3. Bew\u00e4sserung:<\/span><br \/><span style=\"font-family: 'PingFang SC', 'Microsoft YaHei', sans-serif\">Die Bergahornbl\u00fcte ben\u00f6tigt w\u00e4hrend der Wachstumsphase viel Wasser und sollte h\u00e4ufig gegossen werden, um den Boden feucht zu halten und ihr \u00dcberleben zu sichern. Nach der Bl\u00fcte kann die Bew\u00e4sserungsh\u00e4ufigkeit reduziert werden.<\/span><br \/><span style=\"font-family: 'PingFang SC', 'Microsoft YaHei', sans-serif\">4. D\u00fcngung:<\/span><br \/><span style=\"font-family: 'PingFang SC', 'Microsoft YaHei', sans-serif\">Der bei der Kultivierung von Bergahornbl\u00fcten ausgebrachte D\u00fcnger ist haupts\u00e4chlich Grundd\u00fcnger, und im sp\u00e4teren Stadium wird Stickstoffd\u00fcnger ben\u00f6tigt, um ein kr\u00e4ftiges Pflanzenwachstum zu f\u00f6rdern. Im Herbst sollten D\u00fcngemittel ausgebracht werden, die die K\u00e4lteresistenz der Pflanzen erh\u00f6hen und ihnen helfen k\u00f6nnen, den Winter zu \u00fcberstehen.<\/span><\/p>\n<h3 style=\"line-height: 1.5;font-size: 19px\"><span style=\"font-family: 'PingFang SC', 'Microsoft YaHei', sans-serif\">Vorsichtsma\u00dfnahmen:<\/span><\/h3>\n<ol>\n<li style=\"line-height: 1.5\"><span style=\"font-family: 'PingFang SC', 'Microsoft YaHei', sans-serif\">Krankheiten: Die Hauptkrankheiten der Bergahornbl\u00fcten sind Wurzelf\u00e4ule und Krautf\u00e4ule. Sie sch\u00e4digen die Rhizome und Bl\u00e4tter der Bergahornbl\u00fcten und f\u00fchren ernsthaft zum Absterben der Pflanzen. Wenn die Krankheit festgestellt wird, kann der Boden mit Bakterien gereinigt und zur Vorbeugung und Bek\u00e4mpfung mit Fungiziden bespr\u00fcht werden.<\/span><\/li>\n<li style=\"line-height: 1.5\"><span style=\"font-family: 'PingFang SC', 'Microsoft YaHei', sans-serif\">Sch\u00e4dlingsbefall: Die Hauptsch\u00e4dlinge der Bergahornbl\u00fcten sind Bronzeflohsamen, Baumwollblattroller usw. Sie ern\u00e4hren sich von den Bl\u00e4ttern der Bergahornbl\u00fcten und ihre Sekrete behindern die Photosynthese. Sie k\u00f6nnen mit einigen Chemikalien bespr\u00fcht oder zum Schutz ihrer nat\u00fcrlichen Feinde eingesetzt werden, wodurch ihre Gefahren wirksam kontrolliert werden k\u00f6nnen.<\/span><\/li>\n<\/ol>\n<p style=\"line-height: 1.5\">\n<p style=\"line-height: 1.5\"><span style=\"font-family: 'PingFang SC', 'Microsoft YaHei', sans-serif\">Dies ist ein im gesamten Prozess handgefertigtes Umweltgeschenk<\/span><\/p>\n<p style=\"line-height: 1.5\"><span style=\"font-family: 'PingFang SC', 'Microsoft YaHei', sans-serif\">Geboren f\u00fcr Sch\u00f6nheit \u2013 Samenkalender<\/span><\/p>\n<p style=\"line-height: 1.5\"><span style=\"font-family: 'PingFang SC', 'Microsoft YaHei', sans-serif\">Das Pflanzen, eine Aktion, die weit weg von unserem Leben zu sein scheint, im neuen Jahr,<\/span><\/p>\n<p style=\"line-height: 1.5\"><span style=\"font-family: 'PingFang SC', 'Microsoft YaHei', sans-serif\">Wir wollen es zur\u00fcck. Erwecken Sie die Verbindung aller zum Land, zu den Pflanzen und zur Natur und erhellen Sie unsere Lebensweisheit. Wenn der Monat vorbei ist, rei\u00dfen wir das Papier ab und pflanzen es in die Erde. Unsere lebendigen Erinnerungen keimen als Samen, verbreiten sich als Rhizome und bl\u00fchen als Blumen. Zu diesem Zeitpunkt werden wir uns der Tatsache bewusst, dass das Leben, das Leben, jeden Tag kr\u00e4ftig w\u00e4chst<\/span><\/p>\n<p style=\"line-height: 1.5\"><span style=\"font-family: 'PingFang SC', 'Microsoft YaHei', sans-serif\"><\/span><\/p>\n<p>Pflanzbare Kalender werden h\u00e4ufig aus Materialien wie Recyclingpapier, Hanf oder anderen nachhaltigen Fasern hergestellt. Die im Kalender eingebetteten Pflanzensamen k\u00f6nnen je nach Hersteller variieren, umfassen jedoch h\u00e4ufig Kr\u00e4uter, Blumen oder Gem\u00fcse. Einige Pflanzkalender sind sogar mit einem bestimmten Thema gestaltet, beispielsweise ein Gartenkalender oder ein K\u00fcchenkr\u00e4uterkalender.<\/p>\n<p>Bepflanzbare Kalender sind eine gro\u00dfartige M\u00f6glichkeit, Abfall zu reduzieren und Nachhaltigkeit zu f\u00f6rdern, w\u00e4hrend Sie gleichzeitig die Vorteile des Wachstums frischer Kr\u00e4uter oder Blumen in Ihrem Garten genie\u00dfen. Sie sind tolle Geschenke f\u00fcr umweltbewusste Freunde und Familienmitglieder und k\u00f6nnen auch f\u00fcr Kinder eine unterhaltsame und lehrreiche Aktivit\u00e4t sein.<\/p>\n<h3 style=\"font-size: 19px\">Vorteile des Pflanzkalenders<\/h3>\n<p>Es gibt mehrere Vorteile eines bepflanzbaren Kalenders:<\/p>\n<ol>\n<li>Umweltfreundlich: Pflanzbare Kalender werden aus nachhaltigen Materialien hergestellt und mit Samen eingebettet, was sie zu einer umweltfreundlichen Alternative zu herk\u00f6mmlichen Kalendern macht.<\/li>\n<li>Reduziert Abfall: Indem Sie den Kalender am Ende des Jahres pflanzen, reduzieren Sie Abfall und leisten einen Beitrag zur Umwelt.<\/li>\n<li>F\u00f6rdert Nachhaltigkeit: Pflanzbare Kalender f\u00f6rdern die Nachhaltigkeit, indem sie Einzelpersonen dazu ermutigen, Ma\u00dfnahmen zu ergreifen und ihre eigenen Pflanzen anzubauen.<\/li>\n<li>Lehrreich: Pflanzkalender k\u00f6nnen f\u00fcr Kinder eine unterhaltsame und lehrreiche Aktivit\u00e4t sein, da sie etwas \u00fcber verschiedene Pflanzen und deren Pflege lernen k\u00f6nnen.<\/li>\n<li>Multifunktional: Bepflanzbare Kalender dienen nicht nur als Kalender, sondern auch als Pflanzenquelle f\u00fcr Ihren Garten, sodass Sie sich auch nach Ablauf des Kalenderjahres an frischen Kr\u00e4utern, Gem\u00fcse oder Blumen erfreuen k\u00f6nnen.<\/li>\n<li>Kosteng\u00fcnstig: Bepflanzbare Kalender sind m\u00f6glicherweise etwas teurer als herk\u00f6mmliche Kalender, aber auf lange Sicht sind sie eine kosteng\u00fcnstige Investition, da Sie zus\u00e4tzlich zum Kalender selbst Pflanzen erhalten.<\/li>\n<\/ol>","protected":false},"excerpt":{"rendered":"<p>Handgefertigtes, recyceltes, biologisch abbaubares \u00d6kopapier mit Samen \u2013 Weihnachtsgeschenkidee Pflanzbarer Kalender aus Samenpapier!<\/p>\n<p>Ein Pflanzkalender ist eine Art umweltfreundlicher Kalender, der aus nachhaltigen Materialien hergestellt und mit Pflanzensamen eingebettet ist. Diese Art von Kalender soll am Ende des Jahres gepflanzt und nicht weggeworfen oder recycelt werden. Sobald die N\u00fctzlichkeit des Kalenders ersch\u00f6pft ist, kann der Benutzer den Kalender einfach in die Erde pflanzen, und bei richtiger Pflege sprie\u00dfen die im Kalender eingebetteten Samen und wachsen zu Pflanzen heran.<\/p><\/p>","protected":false},"featured_media":13640,"comment_status":"open","ping_status":"closed","template":"","meta":[],"product_cat":[67],"product_tag":[583,581,584,582,586,101],"acf":[],"_links":{"self":[{"href":"https:\/\/www.garden-kit.com\/de\/wp-json\/wp\/v2\/product\/1727"}],"collection":[{"href":"https:\/\/www.garden-kit.com\/de\/wp-json\/wp\/v2\/product"}],"about":[{"href":"https:\/\/www.garden-kit.com\/de\/wp-json\/wp\/v2\/types\/product"}],"replies":[{"embeddable":true,"href":"https:\/\/www.garden-kit.com\/de\/wp-json\/wp\/v2\/comments?post=1727"}],"wp:featuredmedia":[{"embeddable":true,"href":"https:\/\/www.garden-kit.com\/de\/wp-json\/wp\/v2\/media\/13640"}],"wp:attachment":[{"href":"https:\/\/www.garden-kit.com\/de\/wp-json\/wp\/v2\/media?parent=1727"}],"wp:term":[{"taxonomy":"product_cat","embeddable":true,"href":"https:\/\/www.garden-kit.com\/de\/wp-json\/wp\/v2\/product_cat?post=1727"},{"taxonomy":"product_tag","embeddable":true,"href":"https:\/\/www.garden-kit.com\/de\/wp-json\/wp\/v2\/product_tag?post=1727"}],"curies":[{"name":"wp","href":"https:\/\/api.w.org\/{rel}","templated":true}]}}