{"id":1778,"date":"2022-08-24T09:08:05","date_gmt":"2022-08-24T01:08:05","guid":{"rendered":"http:\/\/www.garden-kit.com\/product\/paint-plant-flower-growing-kit\/"},"modified":"2023-08-23T13:55:09","modified_gmt":"2023-08-23T05:55:09","slug":"paint-amp-plant-flower-growing-kit","status":"publish","type":"product","link":"https:\/\/www.garden-kit.com\/de\/product\/paint-amp-plant-flower-growing-kit\/","title":{"rendered":"Farb- und Pflanzen-Blumenzuchtset"},"content":{"rendered":"<h3 style=\"line-height: 1.5;font-size: 19px\"><span style=\"font-family: arial, helvetica, sans-serif;font-size: 18px\">\u00dcberblick<\/span><\/h3>\n<table style=\"width: 66.4474%;height: 269px\">\n<tbody>\n<tr style=\"height: 31px\">\n<td width=\"298\" style=\"width: 49.1749%;height: 31px\">\n<p><span style=\"font-family: arial, helvetica, sans-serif\">Produktpflegehinweise<\/span><\/p>\n<\/td>\n<td width=\"298\" style=\"width: 49.1749%;height: 31px\">\n<p><span style=\"font-family: arial, helvetica, sans-serif\">Verf\u00fcgbar<\/span><\/p>\n<\/td>\n<\/tr>\n<tr style=\"height: 31px\">\n<td width=\"298\" style=\"width: 49.1749%;height: 31px\">\n<p><span style=\"font-family: arial, helvetica, sans-serif\">Art des Pflanzenprodukts<\/span><\/p>\n<\/td>\n<td width=\"298\" style=\"width: 49.1749%;height: 31px\">\n<p><span style=\"font-family: arial, helvetica, sans-serif\">Blume<\/span><\/p>\n<\/td>\n<\/tr>\n<tr style=\"height: 31px\">\n<td width=\"298\" style=\"width: 49.1749%;height: 31px\">\n<p><span style=\"font-family: arial, helvetica, sans-serif\">Besondere Funktion<\/span><\/p>\n<\/td>\n<td width=\"298\" style=\"width: 49.1749%;height: 31px\">\n<p><span style=\"font-family: arial, helvetica, sans-serif\">Indoor-Outdoor-Anbau<\/span><\/p>\n<\/td>\n<\/tr>\n<tr style=\"height: 31px\">\n<td width=\"298\" style=\"width: 49.1749%;height: 31px\">\n<p><span style=\"font-family: arial, helvetica, sans-serif\">Marke<\/span><\/p>\n<\/td>\n<td width=\"298\" style=\"width: 49.1749%;height: 31px\">\n<p><span style=\"font-family: arial, helvetica, sans-serif\">Garten-Kit<\/span><\/p>\n<\/td>\n<\/tr>\n<tr style=\"height: 31px\">\n<td width=\"298\" style=\"width: 49.1749%;height: 31px\">\n<p><span style=\"font-family: arial, helvetica, sans-serif\">Herkunftsort<\/span><\/p>\n<\/td>\n<td width=\"298\" style=\"width: 49.1749%;height: 31px\">\n<p><span style=\"font-family: arial, helvetica, sans-serif\">Fujian, China<\/span><\/p>\n<\/td>\n<\/tr>\n<tr style=\"height: 31px\">\n<td width=\"298\" style=\"width: 49.1749%;height: 31px\">\n<p><span style=\"font-family: arial, helvetica, sans-serif\">ODM\/OEM<\/span><\/p>\n<\/td>\n<td width=\"298\" style=\"width: 49.1749%;height: 31px\">\n<p><span style=\"font-family: arial, helvetica, sans-serif\">Verf\u00fcgbar<\/span><\/p>\n<\/td>\n<\/tr>\n<tr style=\"height: 31px\">\n<td width=\"298\" style=\"width: 49.1749%;height: 31px\">\n<p><span style=\"font-family: arial, helvetica, sans-serif\">MOQ f\u00fcr kundenspezifische Bestellung<\/span><\/p>\n<\/td>\n<td width=\"298\" style=\"width: 49.1749%;height: 31px\">\n<p><span style=\"font-family: arial, helvetica, sans-serif\">3000 Stk<\/span><\/p>\n<\/td>\n<\/tr>\n<tr style=\"height: 52px\">\n<td width=\"298\" style=\"width: 49.1749%;height: 52px\">\n<p><span style=\"font-family: arial, helvetica, sans-serif\">Beispielkosten<\/span><\/p>\n<\/td>\n<td width=\"298\" style=\"width: 49.1749%;height: 52px\">\n<p><span style=\"font-family: arial, helvetica, sans-serif\">US$400\/Sample, volle R\u00fccksendung nach der Bestellung bei uns<\/span><\/p>\n<\/td>\n<\/tr>\n<\/tbody>\n<\/table>\n<h3 style=\"line-height: 1.5;font-size: 19px\"><span style=\"font-family: arial, helvetica, sans-serif\">Beschreibung <\/span><\/h3>\n<h3 style=\"font-size: 19px\"><span style=\"font-family: arial, helvetica, sans-serif\">Beginnen Sie die Reise der Verbindung von Kreativit\u00e4t und Natur! Farb- und Pflanzen-Blumenzuchtset<\/span><\/h3>\n<p><span style=\"font-family: arial, helvetica, sans-serif\">Stellen Sie sich vor, Ihr Leben w\u00e4re voller Kreativit\u00e4t und nat\u00fcrlicher Sch\u00f6nheit. Jetzt haben wir die beiden verschmolzen, um Ihnen ein v\u00f6llig neues Erlebnis zu bieten \u2013 das Paint And Plant Flower Growing Kit! Es ist mehr als nur ein gew\u00f6hnliches Pflanzger\u00e4t, es ist eine Gelegenheit, Ihrer Kreativit\u00e4t in Blumen freien Lauf zu lassen.<\/span><\/p>\n<\/p>\n<h3 style=\"font-size: 19px\"><span style=\"font-family: arial, helvetica, sans-serif\">Produktmerkmale:<\/span><\/h3>\n<p><strong><span style=\"font-family: arial, helvetica, sans-serif\">1. Kombination aus Kreativit\u00e4t und Natur:<\/span><\/strong><\/p>\n<p><span style=\"font-family: arial, helvetica, sans-serif\">Das Paint And Plant Flower Growing Kit kombiniert Pflanzen und Malen und erm\u00f6glicht es Ihnen, einzigartige T\u00f6pfe zu kreieren, w\u00e4hrend Sie darauf warten, dass die Blumen bl\u00fchen.<\/span><\/p>\n<\/p>\n<p><span style=\"font-family: arial, helvetica, sans-serif\"><strong>2\u3001Es kann eine gro\u00dfe Vielfalt an Blumen angebaut werden: <\/strong><\/span><\/p>\n<p><span style=\"font-family: arial, helvetica, sans-serif\">Wir bieten eine gro\u00dfe Auswahl an verschiedenen Arten von Blumensamen an, die Ihren Vorlieben und Bed\u00fcrfnissen entsprechen. Ob es sich um eine farbenfrohe Tulpe oder eine reine und elegante Lilie handelt, Sie werden in Ihrem Garten einen Platz daf\u00fcr finden.<\/span><\/p>\n<\/p>\n<p><strong><span style=\"font-family: arial, helvetica, sans-serif\">3. Malen und Dekorieren:<\/span><\/strong><\/p>\n<p><span style=\"font-family: arial, helvetica, sans-serif\">Jedes Farb- und Pflanzen-Blumenzuchtset enth\u00e4lt professionelle Malwerkzeuge und Farben, sodass Sie Ihrer Kreativit\u00e4t freien Lauf lassen k\u00f6nnen. Sie k\u00f6nnen Ihr Lieblingsmuster, Ihren Lieblingstext oder sogar ein kleines Gekritzel malen und so jeden Topf zu einem einzigartigen Kunstwerk machen.<\/span><\/p>\n<\/p>\n<p><span style=\"font-family: arial, helvetica, sans-serif\"><strong>4\u3001OEM-kundenspezifische Produktion: <\/strong><\/span><\/p>\n<p><span style=\"font-family: arial, helvetica, sans-serif\">Wir verstehen, dass jeder unterschiedliche Vorlieben f\u00fcr Kreativit\u00e4t und Blumen hat, deshalb bieten wir ma\u00dfgeschneiderte OEM-Produktionsdienstleistungen an. Sie k\u00f6nnen Ihr Mal- und Pflanzen-Blumenzuchtset individuell an Ihre Marke, Ihr Event oder Ihre besonderen Bed\u00fcrfnisse anpassen und Ihrer Kreativit\u00e4t Ihren individuellen Stempel aufdr\u00fccken.<\/span><\/p>\n<\/p>\n<h3 style=\"font-size: 19px\"><span style=\"font-family: arial, helvetica, sans-serif\">So verwenden Sie das Farb- und Pflanzen-Blumenzuchtset:<\/span><\/h3>\n<p><span style=\"font-family: arial, helvetica, sans-serif\"><strong>1\u3001Vorbereitung: <\/strong><\/span><\/p>\n<p><span style=\"font-family: arial, helvetica, sans-serif\">\u00d6ffnen Sie die Verpackung und nehmen Sie den Topf, die Samen, die Erde und die Malutensilien heraus. Sie k\u00f6nnen die Blumensamen, die Sie pflanzen m\u00f6chten, nach Ihren W\u00fcnschen ausw\u00e4hlen.<\/span><\/p>\n<\/p>\n<p><span style=\"font-family: arial, helvetica, sans-serif\"><strong>2\u3001Malerei: <\/strong><\/span><\/p>\n<p><span style=\"font-family: arial, helvetica, sans-serif\">Nutzen Sie die mitgelieferten Malwerkzeuge und Farben, um Ihre Ideen auf die Blument\u00f6pfe zu malen. Egal, ob es sich um ein einfaches Muster oder ein buntes Gekritzel handelt, Sie k\u00f6nnen Ihre Pers\u00f6nlichkeit und Ihr k\u00fcnstlerisches Talent zeigen.<\/span><\/p>\n<\/p>\n<p><span style=\"font-family: arial, helvetica, sans-serif\"><strong>3. Pflanzvorgang:<\/strong><\/span><\/p>\n<p><span style=\"font-family: arial, helvetica, sans-serif\">Gie\u00dfen Sie Erde in das Pflanzgef\u00e4\u00df und vergraben Sie die Samen entsprechend der Pflanztiefe der Samen vorsichtig in der Erde. Sorgen Sie f\u00fcr ausreichend Feuchtigkeit und Sonnenlicht und warten Sie geduldig, bis die Blumen wachsen.<\/span><\/p>\n<\/p>\n<p><span style=\"font-family: arial, helvetica, sans-serif\"><strong>4\u3001Sch\u00e4tzen Sie die Ergebnisse: <\/strong><\/span><\/p>\n<p><span style=\"font-family: arial, helvetica, sans-serif\">W\u00e4hrend der Wartezeit k\u00f6nnen Sie st\u00e4ndig das Wachstum der Blumen beobachten und jede Bl\u00fcte ist die Kristallisation Ihrer Kreativit\u00e4t und Natur.<\/span><\/p>\n<\/p>\n<p><span style=\"font-family: arial, helvetica, sans-serif\">Egal, ob Sie ein Gartenliebhaber sind, der Pflanzen liebt, oder ein K\u00fcnstler, der Kreativit\u00e4t anstrebt, das Paint And Plant Flower Growing Kit bietet Ihnen ein Erlebnis voller \u00dcberraschungen und Kreativit\u00e4t. Lassen Sie uns gemeinsam die Saat unserer Tr\u00e4ume im Bereich der Kreativit\u00e4t s\u00e4en und Zeuge der wunderbaren Verschmelzung von Kreativit\u00e4t und Natur werden!<\/span><\/p>\n<p style=\"line-height: 1.5\"><span style=\"font-family: arial, helvetica, sans-serif\"><img decoding=\"async\" src=\"https:\/\/data.adwebcloud.com\/public\/material\/2206293ihquj\/product\/imageFile_1676287807429.jpg\" alt=\"Bild 2 1 15\" title=\"\"><\/span><span style=\"font-family: arial, helvetica, sans-serif;font-size: 18px\"><\/span><\/p>","protected":false},"excerpt":{"rendered":"<p><span style=\"font-family: arial, helvetica, sans-serif\">Dan&amp;Darci Paint &amp; Plant Flower Growing Kit f\u00fcr Kinder \u2013 Beste Geburtstags-Bastelgeschenke f\u00fcr M\u00e4dchen und Jungen im Alter von 4, 5, 6, 7, 8\u201312 Jahren, M\u00e4dchen, Kindergarten-Kits, Kunstprojekte, Spielzeug f\u00fcr 4\u201312 Jahre<\/span><\/p>","protected":false},"featured_media":16195,"comment_status":"closed","ping_status":"closed","template":"","meta":[],"product_cat":[61],"product_tag":[472,413,473,474,452,334],"acf":[],"_links":{"self":[{"href":"https:\/\/www.garden-kit.com\/de\/wp-json\/wp\/v2\/product\/1778"}],"collection":[{"href":"https:\/\/www.garden-kit.com\/de\/wp-json\/wp\/v2\/product"}],"about":[{"href":"https:\/\/www.garden-kit.com\/de\/wp-json\/wp\/v2\/types\/product"}],"replies":[{"embeddable":true,"href":"https:\/\/www.garden-kit.com\/de\/wp-json\/wp\/v2\/comments?post=1778"}],"wp:featuredmedia":[{"embeddable":true,"href":"https:\/\/www.garden-kit.com\/de\/wp-json\/wp\/v2\/media\/16195"}],"wp:attachment":[{"href":"https:\/\/www.garden-kit.com\/de\/wp-json\/wp\/v2\/media?parent=1778"}],"wp:term":[{"taxonomy":"product_cat","embeddable":true,"href":"https:\/\/www.garden-kit.com\/de\/wp-json\/wp\/v2\/product_cat?post=1778"},{"taxonomy":"product_tag","embeddable":true,"href":"https:\/\/www.garden-kit.com\/de\/wp-json\/wp\/v2\/product_tag?post=1778"}],"curies":[{"name":"wp","href":"https:\/\/api.w.org\/{rel}","templated":true}]}}