{"id":1791,"date":"2022-08-24T09:08:47","date_gmt":"2022-08-24T01:08:47","guid":{"rendered":"http:\/\/www.garden-kit.com\/product\/paint-flower-growing-kit\/"},"modified":"2023-03-31T16:37:35","modified_gmt":"2023-03-31T08:37:35","slug":"paint-flower-growing-kit","status":"publish","type":"product","link":"https:\/\/www.garden-kit.com\/de\/product\/paint-flower-growing-kit\/","title":{"rendered":"Paint Flower Growing Kit"},"content":{"rendered":"<h3 style=\"font-size: 19px\"><span style=\"font-family: arial, helvetica, sans-serif;font-size: 16px\"><span style=\"font-size: 18px\">Blumenzuchtset zum Bemalen und Pflanzen<\/span><\/span><\/h3>\n<h3 style=\"font-size: 19px\"><span style=\"font-family: arial, helvetica, sans-serif;font-size: 16px\">\u00dcberblick<\/span><\/h3>\n<table style=\"border-collapse: collapse;width: 100%;height: 100px\">\n<tbody>\n<tr>\n<td width=\"298\">\n<pre><span style=\"font-family: arial, helvetica, sans-serif;font-size: 16px\">Produktpflegehinweise<\/span><\/pre>\n<\/td>\n<td width=\"298\">\n<pre><span style=\"font-family: arial, helvetica, sans-serif;font-size: 16px\">Verf\u00fcgbar<\/span><\/pre>\n<\/td>\n<\/tr>\n<tr>\n<td width=\"298\">\n<pre><span style=\"font-family: arial, helvetica, sans-serif;font-size: 16px\">Art des Pflanzenprodukts<\/span><\/pre>\n<\/td>\n<td width=\"298\">\n<pre><span style=\"font-family: arial, helvetica, sans-serif;font-size: 16px\">Blume<\/span><\/pre>\n<\/td>\n<\/tr>\n<tr>\n<td width=\"298\">\n<pre><span style=\"font-family: arial, helvetica, sans-serif;font-size: 16px\">Besondere Funktion<\/span><\/pre>\n<\/td>\n<td width=\"298\">\n<pre><span style=\"font-family: arial, helvetica, sans-serif;font-size: 16px\">Indoor-Outdoor-Anbau<\/span><\/pre>\n<\/td>\n<\/tr>\n<tr>\n<td width=\"298\">\n<pre><span style=\"font-family: arial, helvetica, sans-serif;font-size: 16px\">Marke<\/span><\/pre>\n<\/td>\n<td width=\"298\">\n<pre><span style=\"font-family: arial, helvetica, sans-serif;font-size: 16px\">Garten-Kit<\/span><\/pre>\n<\/td>\n<\/tr>\n<tr>\n<td width=\"298\">\n<pre><span style=\"font-family: arial, helvetica, sans-serif;font-size: 16px\">Herkunftsort<\/span><\/pre>\n<\/td>\n<td width=\"298\">\n<pre><span style=\"font-family: arial, helvetica, sans-serif;font-size: 16px\">Fujian, China<\/span><\/pre>\n<\/td>\n<\/tr>\n<tr>\n<td width=\"298\">\n<pre><span style=\"font-family: arial, helvetica, sans-serif;font-size: 16px\">ODM\/OEM<\/span><\/pre>\n<\/td>\n<td width=\"298\">\n<pre><span style=\"font-family: arial, helvetica, sans-serif;font-size: 16px\">Verf\u00fcgbar<\/span><\/pre>\n<\/td>\n<\/tr>\n<tr>\n<td width=\"298\">\n<pre><span style=\"font-family: arial, helvetica, sans-serif;font-size: 16px\">MOQ f\u00fcr kundenspezifische Bestellung<\/span><\/pre>\n<\/td>\n<td width=\"298\">\n<pre><span style=\"font-family: arial, helvetica, sans-serif;font-size: 16px\">3000 Stk<\/span><\/pre>\n<\/td>\n<\/tr>\n<tr>\n<td width=\"298\">\n<pre><span style=\"font-family: arial, helvetica, sans-serif;font-size: 16px\">Beispielkosten<\/span><\/pre>\n<\/td>\n<td width=\"298\">\n<pre><span style=\"font-family: arial, helvetica, sans-serif;font-size: 16px\">US$400\/Muster, vollst\u00e4ndige R\u00fccksendung nach Bestellung bei uns<\/span><\/pre>\n<\/td>\n<\/tr>\n<\/tbody>\n<\/table>\n<p><span style=\"font-family: arial, helvetica, sans-serif;font-size: 16px\">Vorbereitetes 28-teiliges Kinder-Set zum Malen und Z\u00fcchten von Blumen im Garten: Alles, was Ihre Kinder brauchen, um die Freude am Blumenanbau in Ihr Leben oder das eines geliebten Menschen zu bringen. Es ist ganz einfach \u2013 unsere Vermutungen zum Z\u00fcchten von Blumen aus Samen, die Sie bei jedem Schritt begleiten. Pflanze es!<\/span><\/p>\n<h3 style=\"line-height: 1.5;font-size: 19px\"><span style=\"font-family: arial, helvetica, sans-serif;font-size: 16px\"><br \/><strong>Die folgenden Artikel sind im Kit enthalten.<\/strong><\/span><\/h3>\n<p style=\"line-height: 1.5\"><span style=\"font-family: arial, helvetica, sans-serif;font-size: 16px\">3 bepflanzbare Blument\u00f6pfe mit Tablett <\/span><\/p>\n<p style=\"line-height: 1.5\"><span style=\"font-family: arial, helvetica, sans-serif;font-size: 16px\">3 Beutel Samen <\/span><\/p>\n<p style=\"line-height: 1.5\"><span style=\"font-family: arial, helvetica, sans-serif;font-size: 16px\">3 Bodenscheiben <\/span><\/p>\n<p style=\"line-height: 1.5\"><span style=\"font-family: arial, helvetica, sans-serif;font-size: 16px\">3 Pflanzenanh\u00e4nger <\/span><\/p>\n<p style=\"line-height: 1.5\"><span style=\"font-family: arial, helvetica, sans-serif;font-size: 16px\">3 Transferaufkleber <\/span><\/p>\n<p style=\"line-height: 1.5\"><span style=\"font-family: arial, helvetica, sans-serif;font-size: 16px\">6 Farben <\/span><\/p>\n<p style=\"line-height: 1.5\"><span style=\"font-family: arial, helvetica, sans-serif;font-size: 16px\">2 Pinsel <\/span><\/p>\n<p style=\"line-height: 1.5\"><span style=\"font-family: arial, helvetica, sans-serif;font-size: 16px\">1 Farbpalette <\/span><\/p>\n<p style=\"line-height: 1.5\"><span style=\"font-family: arial, helvetica, sans-serif;font-size: 16px\">1 Schaufel <\/span><\/p>\n<p style=\"line-height: 1.5\"><span style=\"font-family: arial, helvetica, sans-serif;font-size: 16px\">1 Trinkflasche <\/span><\/p>\n<p style=\"line-height: 1.5\"><span style=\"font-family: arial, helvetica, sans-serif;font-size: 16px\">1 Schritt-f\u00fcr-Schritt-Anleitung zum Pflanzen <\/span><\/p>\n<p style=\"line-height: 1.5\"><span style=\"font-family: arial, helvetica, sans-serif;font-size: 16px\">1 personalisierte Geschenkbox <\/span><\/p>\n<p><span style=\"font-family: arial, helvetica, sans-serif;font-size: 16px\"><\/span><\/p>\n<p>Gartenset <a class=\"wpil_keyword_link\" href=\"https:\/\/www.garden-kit.com\/de\/product\/paint-and-plant-flower-growing-kits\/\"   title=\"Farben- und Pflanzen-Blumenzuchtset\" data-wpil-keyword-link=\"linked\">Farben- und Pflanzen-Blumenzuchtset<\/a>: Unser Gartenset-Blumenzuchtset f\u00fcr 8\u201312-J\u00e4hrige enth\u00e4lt alles, was Sie brauchen. 3 T\u00f6pfe, 6 Farben, 3 Transferaufkleber (Schwarz, Farbe und GID), Spray, 2 Pinsel, 3 Etiketten, Anleitung und mehr.<\/p>\n<\/p>\n<p>Malen und gestalten Sie Ihren eigenen Garten: M\u00f6gen Sie leuchtende Farben? Du bist gerne kreativ? Dann holen Sie sich dieses Bastelset! Das Selbstmalen macht sehr viel Spa\u00df. Es wird noch aufregender sein, Ihren Garten zu bepflanzen und ihn bl\u00fchen zu sehen!<\/p>\n<\/p>\n<p>Bildungsaktivit\u00e4ten f\u00fcr alle Altersgruppen: F\u00fcr Kinder im Alter von 4 bis 6 Jahren ist dies eine gro\u00dfartige Kunst- und Bastelaktivit\u00e4t, die sie stundenlang besch\u00e4ftigt. Es bringt Kindern Kreativit\u00e4t. Sie k\u00f6nnen die einzigartigen Blument\u00f6pfe bemalen und zusehen, wie die Blumen Tag f\u00fcr Tag wachsen. Das ist eine tolle M\u00f6glichkeit, Kinder von elektronischen Ger\u00e4ten fernzuhalten. Es macht Spa\u00df und ist lehrreich zugleich.<\/p>\n<\/p>\n<p>Filigrane Kunst- und Bastelgeschenke f\u00fcr Kinder: Dieses Kunsthandwerk f\u00fcr 10- bis 12-j\u00e4hrige M\u00e4dchen sieht einfach aus, macht aber viel Spa\u00df. Haben Sie Spa\u00df mit Ihren Kindern, verbringen Sie sch\u00f6ne Zeit miteinander und unternehmen Sie tolle Familienaktivit\u00e4ten. Dieses DIY-Kunsthandwerk f\u00fcr Kinder ist auch ein tolles Weihnachtsgeschenk f\u00fcr Weihnachten, Ostern und Kindergeburtstage.<\/p>\n<\/p>\n<p>100%-Zufriedenheit: Alle Gartenbausatzprodukte bieten 100%-Zufriedenheit. Wenn Sie daran interessiert sind, diese Gartensets im Gro\u00dfhandel zu verkaufen, k\u00f6nnen Sie sich gerne an uns wenden. Wir werden Ihnen mit Sicherheit den besten Service bieten.<\/p><\/p>","protected":false},"excerpt":{"rendered":"<p>Garden Kit Paint &amp; Plant Flower Growing Kit \u2013 Kunsthandwerk f\u00fcr Kinder im Alter von 4\u20138 Jahren \u2013 Kindergartenset f\u00fcr M\u00e4dchen \u2013 Geschenke f\u00fcr 6-j\u00e4hrige M\u00e4dchen, MINT-Wissenschaftsprojekt, Z\u00fcchten von Stiefm\u00fctterchen, Petunien und Ringelblumen<\/p>","protected":false},"featured_media":13153,"comment_status":"closed","ping_status":"closed","template":"","meta":[],"product_cat":[61],"product_tag":[415,413,334,332,69,414],"acf":[],"_links":{"self":[{"href":"https:\/\/www.garden-kit.com\/de\/wp-json\/wp\/v2\/product\/1791"}],"collection":[{"href":"https:\/\/www.garden-kit.com\/de\/wp-json\/wp\/v2\/product"}],"about":[{"href":"https:\/\/www.garden-kit.com\/de\/wp-json\/wp\/v2\/types\/product"}],"replies":[{"embeddable":true,"href":"https:\/\/www.garden-kit.com\/de\/wp-json\/wp\/v2\/comments?post=1791"}],"wp:featuredmedia":[{"embeddable":true,"href":"https:\/\/www.garden-kit.com\/de\/wp-json\/wp\/v2\/media\/13153"}],"wp:attachment":[{"href":"https:\/\/www.garden-kit.com\/de\/wp-json\/wp\/v2\/media?parent=1791"}],"wp:term":[{"taxonomy":"product_cat","embeddable":true,"href":"https:\/\/www.garden-kit.com\/de\/wp-json\/wp\/v2\/product_cat?post=1791"},{"taxonomy":"product_tag","embeddable":true,"href":"https:\/\/www.garden-kit.com\/de\/wp-json\/wp\/v2\/product_tag?post=1791"}],"curies":[{"name":"wp","href":"https:\/\/api.w.org\/{rel}","templated":true}]}}