{"id":1797,"date":"2022-08-24T09:09:06","date_gmt":"2022-08-24T01:09:06","guid":{"rendered":"http:\/\/www.garden-kit.com\/product\/seed-ball-kits\/"},"modified":"2023-04-03T11:25:54","modified_gmt":"2023-04-03T03:25:54","slug":"seed-ball-kits","status":"publish","type":"product","link":"https:\/\/www.garden-kit.com\/de\/product\/seed-ball-kits\/","title":{"rendered":"Seed-Ball-Kits"},"content":{"rendered":"<h3 style=\"font-size: 19px\"><strong><span style=\"font-family: arial, helvetica, sans-serif;font-size: 18px\">\u00dcberblick<\/span><\/strong><\/h3>\n<table width=\"597\" style=\"height: 278px\">\n<tbody>\n<tr style=\"height: 32px\">\n<td width=\"299\" style=\"width: 299px;border-color: #169179;border-style: hidden;height: 32px\">\n<p style=\"font-size: 16px\"><span style=\"font-family: arial, helvetica, sans-serif;font-size: 16px\">Produktpflegehinweise<\/span><\/p>\n<\/td>\n<td width=\"299\" style=\"height: 32px\">\n<p style=\"font-size: 16px\"><span style=\"font-family: arial, helvetica, sans-serif;font-size: 16px\">Verf\u00fcgbar<\/span><\/p>\n<\/td>\n<\/tr>\n<tr style=\"height: 32px\">\n<td width=\"299\" style=\"height: 32px\">\n<p style=\"font-size: 16px\"><span style=\"font-family: arial, helvetica, sans-serif;font-size: 16px\">Art des Pflanzenprodukts<\/span><\/p>\n<\/td>\n<td width=\"299\" style=\"height: 32px\">\n<p style=\"font-size: 16px\"><span style=\"font-family: arial, helvetica, sans-serif;font-size: 16px\">Tomaten und Kr\u00e4uter<\/span><\/p>\n<\/td>\n<\/tr>\n<tr style=\"height: 32px\">\n<td width=\"299\" style=\"height: 32px\">\n<p style=\"font-size: 16px\"><span style=\"font-family: arial, helvetica, sans-serif;font-size: 16px\">Besondere Funktion<\/span><\/p>\n<\/td>\n<td width=\"299\" style=\"height: 32px\">\n<p style=\"font-size: 16px\"><span style=\"font-family: arial, helvetica, sans-serif;font-size: 16px\">Indoor-Outdoor-Anbau<\/span><\/p>\n<\/td>\n<\/tr>\n<tr style=\"height: 32px\">\n<td width=\"299\" style=\"height: 32px\">\n<p style=\"font-size: 16px\"><span style=\"font-family: arial, helvetica, sans-serif;font-size: 16px\">Marke<\/span><\/p>\n<\/td>\n<td width=\"299\" style=\"height: 32px\">\n<p style=\"font-size: 16px\"><span style=\"font-family: arial, helvetica, sans-serif;font-size: 16px\">Garten-Kit<\/span><\/p>\n<\/td>\n<\/tr>\n<tr style=\"height: 32px\">\n<td width=\"299\" style=\"height: 32px\">\n<p style=\"font-size: 16px\"><span style=\"font-family: arial, helvetica, sans-serif;font-size: 16px\">Herkunftsort<\/span><\/p>\n<\/td>\n<td width=\"299\" style=\"height: 32px\">\n<p style=\"font-size: 16px\"><span style=\"font-family: arial, helvetica, sans-serif;font-size: 16px\">Fujian, China<\/span><\/p>\n<\/td>\n<\/tr>\n<tr style=\"height: 32px\">\n<td width=\"299\" style=\"height: 32px\">\n<p style=\"font-size: 16px\"><span style=\"font-family: arial, helvetica, sans-serif;font-size: 16px\">ODM\/OEM<\/span><\/p>\n<\/td>\n<td width=\"299\" style=\"height: 32px\">\n<p style=\"font-size: 16px\"><span style=\"font-family: arial, helvetica, sans-serif;font-size: 16px\">Verf\u00fcgbar<\/span><\/p>\n<\/td>\n<\/tr>\n<tr style=\"height: 32px\">\n<td width=\"299\" style=\"height: 32px\">\n<p style=\"font-size: 16px\"><span style=\"font-family: arial, helvetica, sans-serif;font-size: 16px\">MOQ f\u00fcr kundenspezifische Bestellung<\/span><\/p>\n<\/td>\n<td width=\"299\" style=\"height: 32px\">\n<p style=\"font-size: 16px\"><span style=\"font-family: arial, helvetica, sans-serif;font-size: 16px\">3000 Stk<\/span><\/p>\n<\/td>\n<\/tr>\n<tr style=\"height: 54px\">\n<td width=\"299\" style=\"height: 54px\">\n<p style=\"font-size: 16px\"><span style=\"font-family: arial, helvetica, sans-serif;font-size: 16px\">Beispielkosten<\/span><\/p>\n<\/td>\n<td width=\"299\" style=\"height: 54px\">\n<p style=\"font-size: 16px\"><span style=\"font-family: arial, helvetica, sans-serif;font-size: 16px\">US$400\/Muster, vollst\u00e4ndige R\u00fccksendung nach Bestellung bei uns<\/span><\/p>\n<\/td>\n<\/tr>\n<\/tbody>\n<\/table>\n<p style=\"font-size: 16px;text-align: center\"><span style=\"font-family: arial, helvetica, sans-serif;font-size: 18px\">&nbsp; <img decoding=\"async\" src=\"https:\/\/data.adwebcloud.com\/public\/material\/2206293ihquj\/product\/xwnrgrmito_1661257235889.jpg\" alt=\"Beispiel\" width=\"400\" title=\"\"> <img decoding=\"async\" src=\"https:\/\/data.adwebcloud.com\/public\/material\/2206293ihquj\/product\/rm91ge46hx_1661257237615.jpg\" alt=\"Beispiel\" width=\"400\" title=\"\">&nbsp;<\/span><\/p>\n<p><span style=\"font-size: 16px;font-family: arial, helvetica, sans-serif\">Saatball-Sets: Es ist ganz einfach \u2013 wir nehmen Ihnen das R\u00e4tselraten beim Anbau von Tomaten- und Kr\u00e4utersamen ab und begleiten Sie bei jedem Schritt des Weges. Alles, was Sie brauchen, um die Freude an Tomaten und Kr\u00e4utern in Ihr Leben oder das Ihrer Liebsten zu bringen, in einer sch\u00f6nen Geschenkbox. Pflanze es!<\/span><\/p>\n<p><span style=\"font-size: 16px;font-family: arial, helvetica, sans-serif\">Die folgenden Artikel sind im Kit enthalten.<\/span><\/p>\n<p><span style=\"font-size: 16px;font-family: arial, helvetica, sans-serif\">Pizza Garden Seed Ball Kit: Ton- und Wurmguss in einem biologisch abbaubaren Beutel, Bio-Kenovis-Basilikum, Bio-Kirschtomaten, Bio-Rucola und Bio-Griechisch-Oregano-Samen, Gartenf\u00fchrer-Lineal und Pflanzanleitung. Bis zu 20 Samenb\u00e4llchen.<\/span><\/p>\n<p><span style=\"font-size: 16px;font-family: arial, helvetica, sans-serif\">Pizzaschneider: Edelstahlklinge, sch\u00fctzende Klingenabdeckung, sp\u00fclmaschinenfest<\/span><\/p>\n<p><span style=\"font-size: 16px;font-family: arial, helvetica, sans-serif\">Garten-Tag: Bambus<\/span><\/p>\n<p><span style=\"font-size: 16px;font-family: arial, helvetica, sans-serif\">Eine farbenfrohe Sammlung, mit der Ihre Familie in einem fruchtbaren, italienisch inspirierten Garten alle Zutaten f\u00fcr den Pizzaabend anbauen kann.<\/span><\/p>\n<p><span style=\"font-size: 16px;font-family: arial, helvetica, sans-serif\">Pizza Garden-Samenball-Set: Das N\u00f6tigste, was Sie f\u00fcr die Herstellung von 20 n\u00e4hrstoffreichen Samenballen ben\u00f6tigen, plus Pflanzanleitung, um einen wundersch\u00f6nen Garten anzulegen. Enth\u00e4lt Bio-Basilikum, Rucola, Kirschtomaten und Oreganosamen.<\/span><\/p>\n<p><span style=\"font-size: 16px;font-family: arial, helvetica, sans-serif\">Pizzaschneider: Ergonomisches K\u00fcchenwerkzeug mit einfach zu bedienendem Griff zum einfachen Schneiden von Pizza und Fladenbrot.<\/span><\/p>\n<p><span style=\"font-size: 16px;font-family: arial, helvetica, sans-serif\">Gartenmarkierungen: Vier Bambus-Pflanzenmarkierungen f\u00fcr Ihren italienischen Garten.<\/span><\/p>\n<p><span style=\"font-size: 16px;font-family: arial, helvetica, sans-serif\">Box-Kit: 12,125\u2033B x 9,25\u2033H x 6\u2033T<\/span><\/p>\n<p><span style=\"font-size: 16px;font-family: arial, helvetica, sans-serif\">Pizza Garden Samenkugel-Set: 6\u2033B x 4\u2033H x 8\u2033T<\/span><\/p>\n<p><span style=\"font-size: 16px;font-family: arial, helvetica, sans-serif\">Pizzaschneider: 4\u2033 x 3,7\u2033<\/span><\/p>\n<p><span style=\"font-size: 16px;font-family: arial, helvetica, sans-serif\">Gartenmarkierung: 2,3\u2033 x 4\u2033<\/span><\/p>\n<p><span style=\"font-size: 18px;font-family: arial, helvetica, sans-serif\"><\/span><\/p>\n<h3 style=\"font-size: 19px\"><span style=\"font-family: arial, helvetica, sans-serif\"><span style=\"font-size: 18px\">Warum hei\u00dft es Pizza Garden Seed Ball Kit?<\/span><span style=\"font-size: 18px\"><\/span><\/span><\/h3>\n<p><span style=\"font-size: 16px;font-family: arial, helvetica, sans-serif\">Bei den Samen, die wir liefern, handelt es sich um Tomaten und Kr\u00e4uter, die die Hauptnahrungsmittel und Zutaten sind, die wir bei der Herstellung von Pizzasauce verwenden. Pizzasauce ist eine einfache hausgemachte Sauce, die Hauptzutaten sind Tomaten, Zwiebeln, Knoblauch, Tomatensauce, Kr\u00e4uter und schwarzer Pfeffer. Da der Geschmack von Pizzaso\u00dfe sehr einfach ist und keine besonderen Aromen hervorhebt, kann sie in einem breiteren Spektrum verwendet werden. Es kann zum Beispiel als Tomatenmark bei der Pizzazubereitung hinzugef\u00fcgt werden.<\/span><\/p>\n<p><span style=\"font-size: 16px;font-family: arial, helvetica, sans-serif\">Tomatenfr\u00fcchte sind reich an N\u00e4hrstoffen und haben einen besonderen Geschmack. Das darin enthaltene \u201eTomatocin\u201c hat eine bakterienhemmende Wirkung; Die darin enthaltene Apfels\u00e4ure, Zitronens\u00e4ure und der Zucker haben die Funktion, die Verdauung zu unterst\u00fctzen. Vanille als Gew\u00fcrz kann den Duft verst\u00e4rken; Es kann auch direkt als Gem\u00fcse und Obst verzehrt und als nat\u00fcrliches Konservierungsmittel zu Lebensmitteln hinzugef\u00fcgt werden.<\/span><\/p>\n<p><span style=\"font-size: 16px;font-family: arial, helvetica, sans-serif\">W\u00e4re es nicht befriedigender, Ihre eigene Lieblingspizzasauce anzubauen, da Sie jetzt beides mit unserem Samenball-Set erhalten k\u00f6nnen?<\/span><\/p>\n<pre><span style=\"font-family: arial, helvetica, sans-serif;font-size: 18px\">&nbsp;<\/span><\/pre>\n<h3 style=\"font-size: 19px\"><span style=\"font-family: arial, helvetica, sans-serif;font-size: 18px\">Tipps und Tricks zum Pflanzen unserer Saatball-Sets<\/span><\/h3>\n<p><span style=\"font-family: arial, helvetica, sans-serif;font-size: 16px\">Bei der Verwendung unserer Saatball-Sets sind beim Anbauprozess sorgf\u00e4ltige Beobachtung und Geduld erforderlich, denn schlie\u00dflich m\u00fcssen sie vom Samen bis zur Frucht heranwachsen, die Sie pfl\u00fccken k\u00f6nnen. Bei der Kultivierung sollten Sie daher auf folgende Punkte achten:<\/span><\/p>\n<p><span style=\"font-size: 16px\"><strong><span style=\"font-family: arial, helvetica, sans-serif\">1. Wasser- und D\u00fcngemittelmanagement<\/span><\/strong><\/span><br \/><span style=\"font-family: arial, helvetica, sans-serif;font-size: 16px\">Ob Tomaten oder Kr\u00e4uter, sie brauchen nicht viel D\u00fcnger. In der fr\u00fchen und mittleren Wachstumsphase ist der Wasserbedarf h\u00f6her und Topfpflanzen m\u00fcssen etwa alle drei Tage gegossen werden. Sie ben\u00f6tigen mehr Wasser und sollten rechtzeitig bew\u00e4ssert werden. Achten Sie aber w\u00e4hrend der Regenzeit auf die Entw\u00e4sserung.<\/span><\/p>\n<p><span style=\"font-size: 16px\"><strong><span style=\"font-family: arial, helvetica, sans-serif\">2. Sch\u00e4dlingsbek\u00e4mpfung<\/span><\/strong><\/span><br \/><span style=\"font-family: arial, helvetica, sans-serif;font-size: 16px\">Sie h\u00e4ngen alle mit der Ern\u00e4hrung zusammen. Am besten verzichten Sie auf den Einsatz von Pestiziden. Werden Sch\u00e4dlinge und Krankheiten festgestellt, m\u00fcssen diese schnellstm\u00f6glich bek\u00e4mpft werden. Um starke S\u00e4mlinge zu kultivieren, den D\u00fcngemitteleinsatz zu erh\u00f6hen, das Pflanzenwachstum und die Robustheit zu f\u00f6rdern und die Krankheitsresistenz zu verbessern, ist ein wissenschaftliches Management erforderlich<\/span><\/p>\n<pre><\/pre><\/p>","protected":false},"excerpt":{"rendered":"<p>Samenball-Sets: Es ist ganz einfach \u2013 wir nehmen Ihnen das R\u00e4tselraten beim Anbau von Tomaten- und Kr\u00e4utersamen ab und begleiten Sie bei jedem Schritt des Weges. Alles, was Sie brauchen, um die Freude an Tomaten und Kr\u00e4utern in Ihr Leben oder das Ihrer Liebsten zu bringen, in einer sch\u00f6nen Geschenkbox. Pflanze es!<\/p>","protected":false},"featured_media":13286,"comment_status":"open","ping_status":"closed","template":"","meta":[],"product_cat":[67],"product_tag":[598,593,70,594,595,596],"acf":[],"_links":{"self":[{"href":"https:\/\/www.garden-kit.com\/de\/wp-json\/wp\/v2\/product\/1797"}],"collection":[{"href":"https:\/\/www.garden-kit.com\/de\/wp-json\/wp\/v2\/product"}],"about":[{"href":"https:\/\/www.garden-kit.com\/de\/wp-json\/wp\/v2\/types\/product"}],"replies":[{"embeddable":true,"href":"https:\/\/www.garden-kit.com\/de\/wp-json\/wp\/v2\/comments?post=1797"}],"wp:featuredmedia":[{"embeddable":true,"href":"https:\/\/www.garden-kit.com\/de\/wp-json\/wp\/v2\/media\/13286"}],"wp:attachment":[{"href":"https:\/\/www.garden-kit.com\/de\/wp-json\/wp\/v2\/media?parent=1797"}],"wp:term":[{"taxonomy":"product_cat","embeddable":true,"href":"https:\/\/www.garden-kit.com\/de\/wp-json\/wp\/v2\/product_cat?post=1797"},{"taxonomy":"product_tag","embeddable":true,"href":"https:\/\/www.garden-kit.com\/de\/wp-json\/wp\/v2\/product_tag?post=1797"}],"curies":[{"name":"wp","href":"https:\/\/api.w.org\/{rel}","templated":true}]}}