{"id":1876,"date":"2022-08-24T09:30:36","date_gmt":"2022-08-24T01:30:36","guid":{"rendered":"http:\/\/www.garden-kit.com\/product\/home-mini-herb-starter-kit-2\/"},"modified":"2023-03-31T16:33:04","modified_gmt":"2023-03-31T08:33:04","slug":"home-mini-herb-starter-kit","status":"publish","type":"product","link":"https:\/\/www.garden-kit.com\/de\/product\/home-mini-herb-starter-kit\/","title":{"rendered":"Startseite Mini-Kr\u00e4uter-Starter-Kit"},"content":{"rendered":"<p style=\"font-size: 16px;line-height: 1.5\"><span style=\"font-family: 'PingFang SC', 'Microsoft YaHei', sans-serif\">\u201eVanille\u201c bezieht sich im weitesten Sinne auf Blumen und Pflanzen, die f\u00fcr das t\u00e4gliche Leben des Menschen hilfreich sind. Diese Pflanzen sind weder unbedingt duftende noch krautige Pflanzen; Im engeren Sinne handelt es sich \u00fcberwiegend um eine Pflanzenart, die in gem\u00e4\u00dfigten Regionen beheimatet ist. Die gesamte Pflanze oder ein Teil (Wurzel, St\u00e4ngel, Blatt, Bl\u00fcte, Samen oder Frucht) hat ein Aroma, kann im t\u00e4glichen Leben verwendet werden und hat einen medizinischen und essbaren Wert<\/span><\/p>\n<h3 style=\"font-size: 19px;line-height: 1.5\"><span style=\"font-family: 'PingFang SC', 'Microsoft YaHei', sans-serif\"><span style=\"font-size: 16px\">\u00dcberblick<\/span><\/span><\/h3>\n<table style=\"border-collapse: collapse;width: 100%;height: 352px\">\n<tbody>\n<tr style=\"height: 44px\">\n<td style=\"width: 47.0774%;height: 44px\" width=\"298\">\n<pre><span style=\"font-family: 'PingFang SC', 'Microsoft YaHei', sans-serif;font-size: 16px\">Produktpflegehinweise<\/span><\/pre>\n<\/td>\n<td style=\"width: 47.0774%;height: 44px\" width=\"298\">\n<pre><span style=\"font-family: 'PingFang SC', 'Microsoft YaHei', sans-serif;font-size: 16px\">Verf\u00fcgbar<\/span><\/pre>\n<\/td>\n<\/tr>\n<tr style=\"height: 44px\">\n<td style=\"width: 47.0774%;height: 44px\" width=\"298\">\n<pre><span style=\"font-family: 'PingFang SC', 'Microsoft YaHei', sans-serif;font-size: 16px\">Art des Pflanzenprodukts<\/span><\/pre>\n<\/td>\n<td style=\"width: 47.0774%;height: 44px\" width=\"298\">\n<pre><span style=\"font-family: 'PingFang SC', 'Microsoft YaHei', sans-serif;font-size: 16px\">Kraut<\/span><\/pre>\n<\/td>\n<\/tr>\n<tr style=\"height: 44px\">\n<td style=\"width: 47.0774%;height: 44px\" width=\"298\">\n<pre><span style=\"font-family: 'PingFang SC', 'Microsoft YaHei', sans-serif;font-size: 16px\">Besondere Funktion<\/span><\/pre>\n<\/td>\n<td style=\"width: 47.0774%;height: 44px\" width=\"298\">\n<pre><span style=\"font-family: 'PingFang SC', 'Microsoft YaHei', sans-serif;font-size: 16px\">Indoor-Outdoor-Anbau<\/span><\/pre>\n<\/td>\n<\/tr>\n<tr style=\"height: 44px\">\n<td style=\"width: 47.0774%;height: 44px\" width=\"298\">\n<pre><span style=\"font-family: 'PingFang SC', 'Microsoft YaHei', sans-serif;font-size: 16px\">Marke<\/span><\/pre>\n<\/td>\n<td style=\"width: 47.0774%;height: 44px\" width=\"298\">\n<pre><span style=\"font-family: 'PingFang SC', 'Microsoft YaHei', sans-serif;font-size: 16px\">Garten-Kit<\/span><\/pre>\n<\/td>\n<\/tr>\n<tr style=\"height: 44px\">\n<td style=\"width: 47.0774%;height: 44px\" width=\"298\">\n<pre><span style=\"font-family: 'PingFang SC', 'Microsoft YaHei', sans-serif;font-size: 16px\">Herkunftsort<\/span><\/pre>\n<\/td>\n<td style=\"width: 47.0774%;height: 44px\" width=\"298\">\n<pre><span style=\"font-family: 'PingFang SC', 'Microsoft YaHei', sans-serif;font-size: 16px\">Fujian, China<\/span><\/pre>\n<\/td>\n<\/tr>\n<tr style=\"height: 44px\">\n<td style=\"width: 47.0774%;height: 44px\" width=\"298\">\n<pre><span style=\"font-family: 'PingFang SC', 'Microsoft YaHei', sans-serif;font-size: 16px\">ODM\/OEM<\/span><\/pre>\n<\/td>\n<td style=\"width: 47.0774%;height: 44px\" width=\"298\">\n<pre><span style=\"font-family: 'PingFang SC', 'Microsoft YaHei', sans-serif;font-size: 16px\">Verf\u00fcgbar<\/span><\/pre>\n<\/td>\n<\/tr>\n<tr style=\"height: 44px\">\n<td style=\"width: 47.0774%;height: 44px\" width=\"298\">\n<pre><span style=\"font-family: 'PingFang SC', 'Microsoft YaHei', sans-serif;font-size: 16px\">MOQ f\u00fcr kundenspezifische Bestellung<\/span><\/pre>\n<\/td>\n<td style=\"width: 47.0774%;height: 44px\" width=\"298\">\n<pre><span style=\"font-family: 'PingFang SC', 'Microsoft YaHei', sans-serif;font-size: 16px\">3000 Stk<\/span><\/pre>\n<\/td>\n<\/tr>\n<tr style=\"height: 44px\">\n<td style=\"width: 47.0774%;height: 44px\" width=\"298\">\n<pre><span style=\"font-family: 'PingFang SC', 'Microsoft YaHei', sans-serif;font-size: 16px\">Beispielkosten<\/span><\/pre>\n<\/td>\n<td style=\"width: 47.0774%;height: 44px\" width=\"298\">\n<pre><span style=\"font-family: 'PingFang SC', 'Microsoft YaHei', sans-serif;font-size: 16px\">US$400\/Muster, vollst\u00e4ndige R\u00fccksendung nach Bestellung bei uns<\/span><\/pre>\n<\/td>\n<\/tr>\n<\/tbody>\n<\/table>\n<p style=\"font-size: 16px;line-height: 1.5\"><span style=\"font-family: 'PingFang SC', 'Microsoft YaHei', sans-serif\">Vanillepflanzen sind f\u00fcr Neulinge sehr freundlich, interessierte Freunde k\u00f6nnen versuchen, selbst Vanille anzubauen.<span style=\"font-size: 16px\"><\/span><\/span><\/p>\n<p style=\"font-size: 16px;line-height: 1.5\"><span style=\"font-family: 'PingFang SC', 'Microsoft YaHei', sans-serif\"><span style=\"font-size: 16px\">Vorbereitetes 23-teiliges Blumengarten-Set f\u00fcr Kinder: Alles, was Ihre Kinder brauchen, um die Freude am Kr\u00e4uteranbau in Ihr Leben oder das eines geliebten Menschen zu bringen. Es ist ganz einfach: Unsere Vermutungen zum Anbau von Kr\u00e4utern aus Samen begleiten Sie bei jedem Schritt. Pflanze es!<\/span><\/span><\/p>\n<p style=\"font-size: 16px;line-height: 1.5\"><span style=\"font-family: 'PingFang SC', 'Microsoft YaHei', sans-serif\"><span style=\"font-size: 16px\"><span style=\"font-size: 18px\">Die folgenden Artikel sind im Kit enthalten. <\/span><\/span><\/span><\/p>\n<p style=\"font-size: 16px;line-height: 1.5\"><span style=\"font-family: 'PingFang SC', 'Microsoft YaHei', sans-serif\"><span style=\"font-size: 16px\">5 biologisch abbaubare, lebensmittelechte Bambusfasert\u00f6pfe mit Tabletts <\/span><\/span><\/p>\n<p style=\"font-size: 16px;line-height: 1.5\"><span style=\"font-family: 'PingFang SC', 'Microsoft YaHei', sans-serif\"><span style=\"font-size: 16px\">5 gravierte, ermutigende Bambus-Namensst\u00e4be <\/span><\/span><\/p>\n<p style=\"font-size: 16px;line-height: 1.5\"><span style=\"font-family: 'PingFang SC', 'Microsoft YaHei', sans-serif\"><span style=\"font-size: 16px\">1 wei\u00dfes Kieselsteinpaket zur Unterst\u00fctzung einer optimalen Luftzirkulation <\/span><\/span><\/p>\n<p style=\"font-size: 16px;line-height: 1.5\"><span style=\"font-family: 'PingFang SC', 'Microsoft YaHei', sans-serif\"><span style=\"font-size: 16px\">Packung mit 5 Bio-zertifizierten Kr\u00e4utersamen<\/span><\/span><\/p>\n<p style=\"font-size: 16px;line-height: 1.5\"><span style=\"font-family: 'PingFang SC', 'Microsoft YaHei', sans-serif\"><span style=\"font-size: 16px\"> 5 mit Stickstoff angereicherte Kokoserde <\/span><\/span><\/p>\n<p style=\"font-size: 16px;line-height: 1.5\"><span style=\"font-family: 'PingFang SC', 'Microsoft YaHei', sans-serif\"><span style=\"font-size: 16px\">1 Schritt-f\u00fcr-Schritt-Anleitung zum Pflanzen <\/span><\/span><\/p>\n<p style=\"font-size: 16px;line-height: 1.5\"><span style=\"font-family: 'PingFang SC', 'Microsoft YaHei', sans-serif\"><span style=\"font-size: 16px\">1 individuelle Geschenkbox. Ratschl\u00e4ge zum Anbau von Kr\u00e4utern im Innenbereich<\/span><\/span><\/p>\n<p style=\"font-size: 16px;line-height: 1.5\"><span style=\"font-family: 'PingFang SC', 'Microsoft YaHei', sans-serif\"><span style=\"font-size: 16px\"><span style=\"font-size: 18px\"><\/span><\/span><span style=\"font-size: 16px\"><\/span>Obwohl Vanille und andere Pflanzen zum Pflanzen im Freien geeignet sind, k\u00f6nnen Sie, wenn der Raum hell und bel\u00fcftet ist, auch ein paar T\u00f6pfe mit Vanille-Topfpflanzen in die Ecke stellen, sie nachts ins Freie bringen und sie dann am n\u00e4chsten Morgen ins Haus bringen ist f\u00f6rderlicher f\u00fcr das Wachstum von Vanille.<\/span><br \/><span style=\"font-family: 'PingFang SC', 'Microsoft YaHei', sans-serif;font-size: 18px\">Anregung:<\/span><br \/><span style=\"font-family: 'PingFang SC', 'Microsoft YaHei', sans-serif\">1. K\u00fcchenecke: Salbei, Rosmarin, Thymian, Petersilie, Oregano, Basilikum und andere Kr\u00e4uter, die haupts\u00e4chlich als Gew\u00fcrze verwendet werden, genie\u00dfen Sie den Komfort, Kr\u00e4uter zum Kochen hinzuzuf\u00fcgen.<\/span><br \/><span style=\"font-family: 'PingFang SC', 'Microsoft YaHei', sans-serif\">2. Eingangsecke, Fenster: Rosmarin, aromatische Ringelblume, aromatische Geranie, Zitronenverbene usw. k\u00f6nnen dem Raum ein frisches und elegantes Aroma verleihen.<\/span><br \/><span style=\"font-family: 'PingFang SC', 'Microsoft YaHei', sans-serif\">3. Wohnzimmerecke: Lavendel, Zitronenmelisse, Stevia, Majoran, Kamille und andere Kr\u00e4uter auf Teebasis, Sie k\u00f6nnen den Spa\u00df erleben, frischen Kr\u00e4utertee zu pfl\u00fccken und zu trinken.<\/span><br \/><span style=\"font-family: 'PingFang SC', 'Microsoft YaHei', sans-serif\">4. Lernecke: Rosmarin, Minze, australischer Teebaum, Zitronen-Eukalyptus k\u00f6nnen erfrischen und einen klaren Geist bewahren.<\/span><br \/><span style=\"font-family: 'PingFang SC', 'Microsoft YaHei', sans-serif\">5. Schlafzimmerecke: Lavendel, Zitronenmelisse und Kamille k\u00f6nnen den Geist beruhigen und beim Einschlafen helfen.<span style=\"font-size: 16px\"><\/p>\n<p>&nbsp;Bauen Sie Ihren eigenen K\u00fcchenkr\u00e4utergarten mit gentechnikfreien Bio-Samen an. Mehr als ein Bastelset f\u00fcr den Pflanzenanbau. Dies k\u00f6nnte Ihr erster Schritt in Richtung Selbstwachstum sein.<\/p>\n<p><span style=\"font-size: 18px\">Was ist drin?<\/span><\/span><\/span><\/p>\n<ul>\n<li>\n<pre><span style=\"font-family: 'PingFang SC', 'Microsoft YaHei', sans-serif;font-size: 16px\">Enth\u00e4lt die 5 am h\u00e4ufigsten verwendeten Kr\u00e4uter. Wir wissen, dass Sie Koriander, Schnittlauch, Petersilie, Basilikum und Thymian lieben werden. Unsere Samen sind aus kontrolliert biologischem Anbau<\/span><\/pre>\n<\/li>\n<\/ul>\n<ul>\n<li>\n<pre><span style=\"font-family: 'PingFang SC', 'Microsoft YaHei', sans-serif;font-size: 16px\">Kokosnussschale, angereichert mit 14-0-0 OMRI als gute Stickstoffquelle<\/span><\/pre>\n<\/li>\n<\/ul>\n<ul>\n<li>\n<pre><span style=\"font-family: 'PingFang SC', 'Microsoft YaHei', sans-serif;font-size: 16px\">Niedliche Schriftz\u00fcge laden zum Namenskleben ein<\/span><\/pre>\n<\/li>\n<\/ul>\n<ul>\n<li>\n<pre><span style=\"font-family: 'PingFang SC', 'Microsoft YaHei', sans-serif;font-size: 16px\">Umweltfreundliche, passende, biologisch abbaubare Dosen und Tabletts aus Bambusfasern in Lebensmittelqualit\u00e4t. (Terrakottafarbe)<\/span><\/pre>\n<\/li>\n<\/ul>\n<ul>\n<li>\n<pre><span style=\"font-family: 'PingFang SC', 'Microsoft YaHei', sans-serif;font-size: 16px\">Einfache Bedienungsanleitung, die Ihnen helfen kann.<\/span><\/pre>\n<\/li>\n<\/ul>\n<ul>\n<li>\n<pre><span style=\"font-family: 'PingFang SC', 'Microsoft YaHei', sans-serif;font-size: 16px\">Dem Tablett k\u00f6nnen wei\u00dfe Kieselsteine hinzugef\u00fcgt werden. Dadurch wird eine optimale Luftzirkulation erreicht. Diese werden in Ihrem eigenen Jutebeutel aufbewahrt und k\u00f6nnen zur Lagerung, Kompostierung und mehr verwendet werden<\/span><\/pre>\n<\/li>\n<\/ul>\n<ul>\n<li>\n<pre><span style=\"font-family: 'PingFang SC', 'Microsoft YaHei', sans-serif;font-size: 16px\">Das Wichtigste ist, diesen Teil aufzuschreiben. Hier schreiben Sie auf, was Sie zu einer neuen Selbstf\u00fcrsorgegewohnheit werden lassen m\u00f6chten. Das ist das Limit.<\/span><\/pre>\n<\/li>\n<\/ul>\n<pre><span style=\"font-family: 'PingFang SC', 'Microsoft YaHei', sans-serif;font-size: 16px\">Die Pflege einer Pflanze ist eine t\u00e4gliche Aufgabe, und da Sie sich jeden Tag um sie k\u00fcmmern, m\u00f6chten wir Sie daran erinnern, auf sich selbst aufzupassen!\n<br \/><\/span><\/pre>\n<p style=\"line-height: 1.5\"><span style=\"font-family: 'PingFang SC', 'Microsoft YaHei', sans-serif;font-size: 18px\">Petersilienpflege-Grundlagen<\/span><\/p>\n<p style=\"line-height: 1.5\"><span style=\"font-family: 'PingFang SC', 'Microsoft YaHei', sans-serif\">01 Petersilie mag einen Boden, der reich an organischen Stoffen ist, und der pH-Wert liegt vorzugsweise zwischen 6,0 und 7,0.<\/span><br \/><span style=\"font-family: 'PingFang SC', 'Microsoft YaHei', sans-serif\">02 Petersiliensamen keimen sehr langsam. K\u00fchlen Sie die Samen vor dem Pflanzen im K\u00fchlschrank vor und lassen Sie sie \u00fcber Nacht in warmem Wasser einweichen, um die Samen zu schichten, das Pflanzen zu beschleunigen und eine bessere Keimung zu erm\u00f6glichen.<\/span><br \/><span style=\"font-family: 'PingFang SC', 'Microsoft YaHei', sans-serif\">03 Petersilie muss nicht zu oft gegossen werden, solange die Erde feucht gehalten wird.<\/span><\/p>\n<p style=\"line-height: 1.5\">\n<p style=\"line-height: 1.5\"><span style=\"font-family: 'PingFang SC', 'Microsoft YaHei', sans-serif;font-size: 18px\">Essentials f\u00fcr die Thymianpflege<\/span><\/p>\n<p style=\"line-height: 1.5\"><span style=\"font-family: 'PingFang SC', 'Microsoft YaHei', sans-serif\">01. Thymian mag Licht, mag W\u00e4rme und hat eine hohe Hitzebest\u00e4ndigkeit, kann aber nicht direkt der Sonne ausgesetzt werden. Das Sonnenlicht ist im Sommer relativ stark, daher kann es in Innenr\u00e4umen mit Sonnenlicht aufgestellt werden, um direkte Sonneneinstrahlung zu vermeiden. Vertr\u00e4gt etwas Schatten, aber keinen Vollschatten.<\/span><br \/><span style=\"font-family: 'PingFang SC', 'Microsoft YaHei', sans-serif\">02. Nicht trocknen oder gie\u00dfen, Wasser muss gr\u00fcndlich gew\u00e4ssert werden.<\/span><br \/><span style=\"font-family: 'PingFang SC', 'Microsoft YaHei', sans-serif\">03. Denken Sie daran, jeden Winter die Endknospen und den gesamten Thymian auf die halbe H\u00f6he der Pflanze zu beschneiden.<\/span><\/p>\n<p style=\"line-height: 1.5\">\n<p style=\"line-height: 1.5\"><span style=\"font-family: 'PingFang SC', 'Microsoft YaHei', sans-serif;font-size: 18px\">Wie man Topfbasilikum pflegt<\/span><\/p>\n<ol>\n<li style=\"line-height: 1.5\"><span style=\"font-family: 'PingFang SC', 'Microsoft YaHei', sans-serif\">Kein Wasser ansammeln: Achten Sie beim Gie\u00dfen darauf, dass sich kein Wasser im Boden ansammelt. Wenn Sie zu viel gie\u00dfen, gie\u00dfen Sie das Wasser rechtzeitig aus. Wenn Sie das Basilikum im Freien aufbewahren, ist es am besten, es ins Haus zu bringen. Wind, Wasser und Regen k\u00f6nnen leicht dazu f\u00fchren, dass die Bl\u00e4tter des Basilikums gelb werden und welken. Au\u00dferdem sammelt sich leicht Wasser an und die Wurzeln verfaulen. Daher ist es bei den Anbaumethoden und Vorsichtsma\u00dfnahmen f\u00fcr Basilikum sehr wichtig, dass sich kein Wasser ansammelt.<\/span><\/li>\n<li style=\"line-height: 1.5\"><span style=\"font-family: 'PingFang SC', 'Microsoft YaHei', sans-serif\">Nicht geschlossen: Die Umgebung zum Anpflanzen von Basilikum darf nicht zu geschlossen sein, insbesondere nicht zu hei\u00df. Obwohl es eine trockene Umgebung mag, kann es bei hoher Temperatur und unbel\u00fcfteter Umgebung zu Krankheiten und Insektensch\u00e4dlingen kommen, und schlie\u00dflich bilden sich Krankheitsflecken auf den Bl\u00e4ttern. Achten Sie normalerweise darauf, dass die Umgebung ausreichend bel\u00fcftet bleibt Machen Sie die Basilikumbl\u00e4tter hell und gl\u00e4nzend.<\/span><\/li>\n<li style=\"line-height: 1.5\"><span style=\"font-family: 'PingFang SC', 'Microsoft YaHei', sans-serif\">Vermeiden Sie schwaches Licht: Die Wirksamkeit und Funktion von Basilikum spiegeln sich haupts\u00e4chlich in seinen Bl\u00e4ttern wider. Wenn sich das Basilikum jedoch in einer Umgebung mit wenig Licht befindet, sammeln die Bl\u00e4tter aufgrund mangelnder Photosynthese nicht gen\u00fcgend N\u00e4hrstoffe an, und in leichten F\u00e4llen kann es zu Lichtsch\u00e4den kommen Bl\u00e4tter verlieren ihr Gr\u00fcn und welken. In schweren F\u00e4llen stirbt die gesamte Pflanze ab, daher darf sie nicht in eine Umgebung mit wenig Licht gestellt werden, um zumindest sicherzustellen, dass Streulicht f\u00fcr ein normales Wachstum vorhanden ist.<\/span><\/li>\n<li style=\"line-height: 1.5\"><span style=\"font-family: 'PingFang SC', 'Microsoft YaHei', sans-serif\">D\u00fcnnd\u00fcnger auftragen: Basilikum hat keinen hohen D\u00fcngerbedarf. Solange der Boden relativ fruchtbar ist und der Boden alle 1-2 Jahre ausgetauscht wird, kann er normal wachsen. Wenn Sie jedoch m\u00f6chten, dass er eine starke Krankheitsresistenz aufweist und schneller w\u00e4chst, kann jeden Monat etwas organischer D\u00fcnger ausgebracht werden, dies muss jedoch der Fall sein Achten Sie darauf, dass der D\u00fcnger d\u00fcnnfl\u00fcssig und niedrig konzentriert ist und verwenden Sie keinen rohen oder konzentrierten D\u00fcnger.<\/span><\/li>\n<\/ol>\n<p><span style=\"font-family: 'PingFang SC', 'Microsoft YaHei', sans-serif\"><\/span><\/p>\n<p><span style=\"font-family: 'PingFang SC', 'Microsoft YaHei', sans-serif;font-size: 16px\">F\u00fcgen Sie es Ihrer Projekt-Ausprobierliste hinzu! Unabh\u00e4ngig davon, ob Sie Gartenerfahrung haben oder nicht, werden Sie mit t\u00e4glichen Selbstpflegenotizen beim Lernen wachsen! Darum geht es bei Cassis. Wir helfen Ihnen, mehr Momente des Wachstums zu schaffen, die wir \u201ein Momente eingetaucht\u201c nennen, weil das Leben so kurz ist. Eine tolle Wahl f\u00fcr Geschenke zum Muttertag, Winterg\u00e4rten, Brautjungfern und mehr.<\/span><\/p>","protected":false},"excerpt":{"rendered":"<p>Organic Herb Garden 5 Non-GMO Indoor Home Mini Starter Kit ~ Lern- und Selbstpflegegeschenk f\u00fcr jeden besonderen Anlass<\/p>","protected":false},"featured_media":13000,"comment_status":"open","ping_status":"closed","template":"","meta":[],"product_cat":[50],"product_tag":[352,179,176,72,177,56],"acf":[],"_links":{"self":[{"href":"https:\/\/www.garden-kit.com\/de\/wp-json\/wp\/v2\/product\/1876"}],"collection":[{"href":"https:\/\/www.garden-kit.com\/de\/wp-json\/wp\/v2\/product"}],"about":[{"href":"https:\/\/www.garden-kit.com\/de\/wp-json\/wp\/v2\/types\/product"}],"replies":[{"embeddable":true,"href":"https:\/\/www.garden-kit.com\/de\/wp-json\/wp\/v2\/comments?post=1876"}],"wp:featuredmedia":[{"embeddable":true,"href":"https:\/\/www.garden-kit.com\/de\/wp-json\/wp\/v2\/media\/13000"}],"wp:attachment":[{"href":"https:\/\/www.garden-kit.com\/de\/wp-json\/wp\/v2\/media?parent=1876"}],"wp:term":[{"taxonomy":"product_cat","embeddable":true,"href":"https:\/\/www.garden-kit.com\/de\/wp-json\/wp\/v2\/product_cat?post=1876"},{"taxonomy":"product_tag","embeddable":true,"href":"https:\/\/www.garden-kit.com\/de\/wp-json\/wp\/v2\/product_tag?post=1876"}],"curies":[{"name":"wp","href":"https:\/\/api.w.org\/{rel}","templated":true}]}}