{"id":3986,"date":"2022-10-19T13:27:17","date_gmt":"2022-10-19T05:27:17","guid":{"rendered":"https:\/\/www.garden-kit.com\/product\/plantable-seed-paper-mini-notebook\/"},"modified":"2023-04-11T17:03:02","modified_gmt":"2023-04-11T09:03:02","slug":"plantable-notebook","status":"publish","type":"product","link":"https:\/\/www.garden-kit.com\/de\/product\/plantable-notebook\/","title":{"rendered":"Pflanzbares Notizbuch"},"content":{"rendered":"<p><span style=\"font-family: 'PingFang SC', 'Microsoft YaHei', sans-serif;font-size: 16px\">F\u00f6rdern Sie durch das Pflanzen und Beobachten von Pflanzen die vorl\u00e4ufige unabh\u00e4ngige Erkundungsf\u00e4higkeit und das Bewusstsein der Kinder, achten Sie auf die Umwelt und kultivieren Sie ihre Gef\u00fchle und verbessern Sie die Wahrnehmung und Kreativit\u00e4t der Kinder.<br \/>Um gleichzeitig soziale F\u00e4higkeiten und emotionale Entwicklung zu f\u00f6rdern, lassen Sie Kinder sich f\u00fcr die Natur interessieren, w\u00e4hrend sie das Gl\u00fcck erleben, das das Pflanzen mit sich bringt, sp\u00fcren Sie die subtile Beziehung zwischen Mensch und Natur und vermitteln Sie Kindern schon in jungen Jahren die Liebe und den Respekt f\u00fcr das Leben .<\/span><\/p>\n<h3 style=\"font-size: 19px\">\u00dcberblick<\/h3>\n<table border=\"1\" cellspacing=\"0\" style=\"border-collapse: collapse;width: 100%\">\n<tbody>\n<tr>\n<td valign=\"top\" width=\"373\">\n<p><span style=\"font-family: 'PingFang SC', 'Microsoft YaHei', sans-serif;font-size: 16px\">Produktpflegehinweise<\/span><\/p>\n<\/td>\n<td valign=\"top\" width=\"373\">\n<p><span style=\"font-family: 'PingFang SC', 'Microsoft YaHei', sans-serif;font-size: 16px\">Verf\u00fcgbar<\/span><\/p>\n<\/td>\n<\/tr>\n<tr>\n<td valign=\"top\" width=\"373\">\n<p><span style=\"font-family: 'PingFang SC', 'Microsoft YaHei', sans-serif;font-size: 16px\">Art des Pflanzenprodukts<\/span><\/p>\n<\/td>\n<td valign=\"top\" width=\"373\">\n<p><span style=\"font-family: 'PingFang SC', 'Microsoft YaHei', sans-serif;font-size: 16px\">Wildblumen &amp; Platane<\/span><\/p>\n<\/td>\n<\/tr>\n<tr>\n<td valign=\"top\" width=\"373\">\n<p><span style=\"font-family: 'PingFang SC', 'Microsoft YaHei', sans-serif;font-size: 16px\">Besondere Funktion<\/span><\/p>\n<\/td>\n<td valign=\"top\" width=\"373\">\n<p><span style=\"font-family: 'PingFang SC', 'Microsoft YaHei', sans-serif;font-size: 16px\">Indoor-Outdoor-Anbau<\/span><\/p>\n<\/td>\n<\/tr>\n<tr>\n<td valign=\"top\" width=\"373\">\n<p><span style=\"font-family: 'PingFang SC', 'Microsoft YaHei', sans-serif;font-size: 16px\">Marke<\/span><\/p>\n<\/td>\n<td valign=\"top\" width=\"373\">\n<p><span style=\"font-family: 'PingFang SC', 'Microsoft YaHei', sans-serif;font-size: 16px\">Garten-Kit<\/span><\/p>\n<\/td>\n<\/tr>\n<tr>\n<td valign=\"top\" width=\"373\">\n<p><span style=\"font-family: 'PingFang SC', 'Microsoft YaHei', sans-serif;font-size: 16px\">Herkunftsort<\/span><\/p>\n<\/td>\n<td valign=\"top\" width=\"373\">\n<p><span style=\"font-family: 'PingFang SC', 'Microsoft YaHei', sans-serif;font-size: 16px\">Fujian, China<\/span><\/p>\n<\/td>\n<\/tr>\n<tr>\n<td valign=\"top\" width=\"373\">\n<p><span style=\"font-family: 'PingFang SC', 'Microsoft YaHei', sans-serif;font-size: 16px\">ODM\/OEM<\/span><\/p>\n<\/td>\n<td valign=\"top\" width=\"373\">\n<p><span style=\"font-family: 'PingFang SC', 'Microsoft YaHei', sans-serif;font-size: 16px\">Verf\u00fcgbar<\/span><\/p>\n<\/td>\n<\/tr>\n<tr>\n<td valign=\"top\" width=\"373\">\n<p><span style=\"font-family: 'PingFang SC', 'Microsoft YaHei', sans-serif;font-size: 16px\">MOQ f\u00fcr kundenspezifische Bestellung<\/span><\/p>\n<\/td>\n<td valign=\"top\" width=\"373\">\n<p><span style=\"font-family: 'PingFang SC', 'Microsoft YaHei', sans-serif;font-size: 16px\">3000 Stk<\/span><\/p>\n<\/td>\n<\/tr>\n<tr>\n<td valign=\"top\" width=\"373\">\n<p><span style=\"font-family: 'PingFang SC', 'Microsoft YaHei', sans-serif;font-size: 16px\">Beispielkosten<\/span><\/p>\n<\/td>\n<td valign=\"top\" width=\"373\">\n<p><span style=\"font-family: 'PingFang SC', 'Microsoft YaHei', sans-serif;font-size: 16px\">US$400\/Sample, volle R\u00fccksendung nach einer Bestellung bei uns<\/span><\/p>\n<\/td>\n<\/tr>\n<\/tbody>\n<\/table>\n<p><span style=\"font-family: 'PingFang SC', 'Microsoft YaHei', sans-serif;font-size: 16px\">&nbsp;<\/span><\/p>\n<h3 style=\"font-size: 19px\">Beschreibung<\/h3>\n<p><span style=\"font-family: 'PingFang SC', 'Microsoft YaHei', sans-serif;font-size: 16px\">&nbsp;\u201eSamenpapier\u201c ist eine neue Art von umweltfreundlichem Papier, das auch als Lebenspapier bezeichnet werden kann. Es ist eine neue Idee, rein handgefertigt. W\u00e4hrend des Papierherstellungsprozesses f\u00fcgen Papierhandwerker dem Holzbrei Pflanzensamen hinzu, sodass die Samen vollst\u00e4ndig handgefertigt sind. Bleiben Sie am Leben und sprie\u00dfen Sie junge Triebe bei der richtigen Temperatur und Luftfeuchtigkeit.<br \/>Der Datumskalender erinnert Menschen an verschiedene besondere Momente oder hilft Menschen dabei, Momente zu markieren, die leicht zu verschieben sind und in Erinnerung bleiben m\u00fcssen, aber nach der Verwendung ger\u00e4t der Kalender oft in Vergessenheit. Alle m\u00f6glichen Dinge wurden versehentlich weggeworfen, gingen verloren und landeten schlie\u00dflich auf der M\u00fcllkippe. Mit der Zeit verschwindet die vergangene Zeit mit dem Papier. Der Miniatur-Zeitkalender m\u00f6chte, dass Sie die Erinnerung an das Leben neu einpflanzen und eine andere Lebensl\u00e4nge durch den Geruchssinn interpretieren, w\u00e4hrend die Vanillepflanze ihr Aroma entwickelt.<\/span><\/p>\n<p><span style=\"font-family: 'PingFang SC', 'Microsoft YaHei', sans-serif;font-size: 16px\">Mini-Notizbuch aus pflanzbarem Samenpapier: Es ist ganz einfach \u2013 wir nehmen Ihnen das R\u00e4tselraten beim Z\u00fcchten von Wildblumen- und Bergahornsamen ab und begleiten Sie bei jedem Schritt des Weges. Alles, was Sie brauchen, um die Freude an Wildblumen und Bergahorn in Ihr Leben oder das Ihrer Liebsten zu bringen, in einer wundersch\u00f6nen Geschenkbox aus Holz. Pflanze es!<\/span><\/p>\n<p><span style=\"font-family: 'PingFang SC', 'Microsoft YaHei', sans-serif;font-size: 16px\">&nbsp;<\/span><\/p>\n<p><span style=\"font-family: 'PingFang SC', 'Microsoft YaHei', sans-serif;font-size: 16px\">Die folgenden Artikel sind im Kit enthalten.<\/span><\/p>\n<p><span style=\"font-family: 'PingFang SC', 'Microsoft YaHei', sans-serif;font-size: 16px\">1 Notizbuch mit bepflanzbarem Einband aus Samenpapier<\/span><\/p>\n<p><span style=\"font-family: 'PingFang SC', 'Microsoft YaHei', sans-serif;font-size: 16px\">1 Schritt-f\u00fcr-Schritt-Anleitung zum Pflanzen<\/span><\/p>\n<p><span style=\"font-family: 'PingFang SC', 'Microsoft YaHei', sans-serif;font-size: 16px\">1 individuelle Bastelbox<\/span><\/p>\n<p><span style=\"font-family: 'PingFang SC', 'Microsoft YaHei', sans-serif;font-size: 16px\">&nbsp;<\/span><\/p>\n<p><span style=\"font-family: 'PingFang SC', 'Microsoft YaHei', sans-serif;font-size: 16px\">Pflanzbare Mikro-Notizb\u00fccher aus Samenpapier<\/span><\/p>\n<p><span style=\"font-family: 'PingFang SC', 'Microsoft YaHei', sans-serif;font-size: 16px\">Pflanzbare Mini-Notizb\u00fccher aus Samenpapier!<\/span><\/p>\n<p><span style=\"font-family: 'PingFang SC', 'Microsoft YaHei', sans-serif;font-size: 16px\">100% handgefertigtes, recycelbares, biologisch abbaubares \u00d6kopapier mit Wildblumen- und Bergahornsamen.<\/span><\/p>\n<p><span style=\"font-family: 'PingFang SC', 'Microsoft YaHei', sans-serif;font-size: 16px\">Dieses bepflanzbare Notizbuch 100% besteht aus Altpapier und einer Mischung aus Bergahorn- und Wildblumensamen.<\/span><\/p>\n<p><span style=\"font-family: 'PingFang SC', 'Microsoft YaHei', sans-serif;font-size: 16px\">&nbsp;<\/span><\/p>\n<p><span style=\"font-family: 'PingFang SC', 'Microsoft YaHei', sans-serif;font-size: 16px\">\u2013 Das Samenpapier \u00fcber Nacht in Wasser einweichen.<\/span><\/p>\n<p><span style=\"font-family: 'PingFang SC', 'Microsoft YaHei', sans-serif\"><span style=\"font-size: 16px\">\u2013 Pflanzen Sie das feuchte Saatpapier etwa 1\/4 Zoll tief in den vorbereiteten Boden.<\/span><span style=\"font-size: 16px\">&nbsp;<\/span><\/span><\/p>\n<p><span style=\"font-family: 'PingFang SC', 'Microsoft YaHei', sans-serif;font-size: 16px\">-Bew\u00e4ssern Sie den Brunnen, insbesondere in den ersten vier bis sechs Wochen.<\/span><\/p>\n<p><span style=\"font-family: 'PingFang SC', 'Microsoft YaHei', sans-serif;font-size: 16px\">&nbsp;<\/span><\/p>\n<p><span style=\"font-family: 'PingFang SC', 'Microsoft YaHei', sans-serif;font-size: 16px\">Pflanzen Sie Papier in den k\u00fchlen Monaten bis zum fr\u00fchen Fr\u00fchling im Freien. Bei der Herbstpflanzung wird der Winterregen genutzt, um eine fr\u00fche Fr\u00fchlingsbl\u00fcte hervorzubringen. Pflanzen Sie die Pflanze jederzeit drinnen und verpflanzen Sie sie dann im zeitigen Fr\u00fchjahr an einen dauerhafteren Standort.<\/span><\/p>\n<\/p>\n<p><span style=\"font-family: 'PingFang SC', 'Microsoft YaHei', sans-serif\"><span style=\"font-size: 16px\">4,72 x 3,15 Zoll (8\u00d712 cm)<\/span><span style=\"font-size: 16px\">&nbsp;<\/span><\/span><\/p>\n<p><span style=\"font-family: 'PingFang SC', 'Microsoft YaHei', sans-serif;font-size: 16px\">8\/16 Samenpapier inklusive H\u00fclle<\/span><\/p>\n<p><span style=\"font-family: 'PingFang SC', 'Microsoft YaHei', sans-serif;font-size: 16px\">Einfach mit jedem Stift zu schreiben.<\/span><\/p>\n<p><span style=\"font-family: 'PingFang SC', 'Microsoft YaHei', sans-serif;font-size: 16px\">Die R\u00fcckseite enth\u00e4lt Wachstumsanweisungen.<\/span><\/p>\n<p><span style=\"font-family: 'PingFang SC', 'Microsoft YaHei', sans-serif\"><\/span><\/p>\n<p>Pflanzmethode f\u00fcr Saatpapier (hydroponische Methode)<\/p>\n<ol>\n<li><span style=\"font-family: 'PingFang SC', 'Microsoft YaHei', sans-serif\">Legen Sie das Papier auf einen Teller oder Topf und bew\u00e4ssern Sie es, damit es nass wird.<\/span><\/li>\n<li><span style=\"font-family: 'PingFang SC', 'Microsoft YaHei', sans-serif\">Halten Sie das Wasser richtig aufrecht, die Samen keimen innerhalb von 3 bis 10 Tagen. (Verschiedene Samen haben unterschiedliche Keimzeiten)<\/span><\/li>\n<li><span style=\"font-family: 'PingFang SC', 'Microsoft YaHei', sans-serif\">Bitte die Papierkarte nicht vollst\u00e4ndig in Wasser einweichen, die Samen m\u00fcssen auch Sauerstoff atmen.<\/span><\/li>\n<li><span style=\"font-family: 'PingFang SC', 'Microsoft YaHei', sans-serif\">Behalten Sie die Feuchtigkeit bei, halten Sie es feucht und warten Sie, bis die Samen keimen<\/span><\/li>\n<li><span style=\"font-family: 'PingFang SC', 'Microsoft YaHei', sans-serif\">Die neuen Triebe werden umgesiedelt und zusammen mit dem Papier in den Blumentopf geschnitten, die neuen Triebe wurzeln tiefer und wachsen \u00fcppiger<\/span><\/li>\n<\/ol>\n<p><span style=\"font-family: 'PingFang SC', 'Microsoft YaHei', sans-serif\"><span style=\"font-size: 18px\"><\/span><\/span><\/p>\n<p>Denken Sie daran<\/p>\n<ol>\n<li><span style=\"font-family: 'PingFang SC', 'Microsoft YaHei', sans-serif\">Tauchen Sie die Karte niemals vollst\u00e4ndig in Wasser ein, sondern halten Sie sie einfach feucht.<\/span><\/li>\n<li><span style=\"font-family: 'PingFang SC', 'Microsoft YaHei', sans-serif\">Sobald Sie mit dem Gie\u00dfen beginnen, halten Sie die Karte feucht, besonders nachts. Achten Sie darauf, dass die Samenkarte nicht austrocknet.<\/span><\/li>\n<li><span style=\"font-family: 'PingFang SC', 'Microsoft YaHei', sans-serif\">Es dauert etwa 3`10 Tage, bis die Samen keimen. Die Keimzeit verschiedener Samen ist unterschiedlich. Wenn sich die Samen ausbeulen, rei\u00dfen Sie das Papier ein wenig auf, dann erfolgt die Keimung schneller<\/span><\/li>\n<li><span style=\"font-family: 'PingFang SC', 'Microsoft YaHei', sans-serif\">Bitte schaffen Sie f\u00fcr die Sprossen eine k\u00fchle Umgebung, setzen Sie sie nicht der Sonne aus.<\/span><\/li>\n<\/ol>\n<h3 style=\"font-size: 19px\">Eigenschaften und Vorteile des Papierstifts mit Samen<\/h3>\n<p>Zu den Merkmalen und Vorteilen des Papierstifts mit Samen geh\u00f6ren:<\/p>\n<ol>\n<li>Umweltfreundlich: Papierstifte mit Samen werden aus recycelten Materialien hergestellt, wodurch Abfall reduziert und die Auswirkungen auf die Umwelt minimiert werden.<\/li>\n<li>Nachhaltigkeit: Die Einbeziehung von Samen in den Stift f\u00f6rdert die Nachhaltigkeit, indem er Benutzer dazu ermutigt, Pflanzen anzubauen und zu einer gr\u00fcneren Umwelt beizutragen.<\/li>\n<li>Kosteng\u00fcnstig: Diese Stifte sind im Vergleich zu herk\u00f6mmlichen Stiften h\u00e4ufig kosteng\u00fcnstig, sodass sie einem breiteren Benutzerkreis zug\u00e4nglich sind.<\/li>\n<li>Anpassbar: Sie k\u00f6nnen mit verschiedenen Samenarten und Designs individuell gestaltet werden, was sie zu einem hervorragenden Marketinginstrument f\u00fcr Unternehmen oder Organisationen macht.<\/li>\n<li>Lehrreich: Papierstift mit Samen kann auch als p\u00e4dagogisches Hilfsmittel verwendet werden, um Kindern etwas \u00fcber Pflanzen und die Umwelt beizubringen.<\/li>\n<li>Insgesamt stellen Papierstifte mit Samen eine innovative und nachhaltige Alternative zu herk\u00f6mmlichen Schreibger\u00e4ten dar und bieten sowohl funktionale als auch \u00f6kologische Vorteile.<\/li>\n<\/ol>\n<h3 style=\"font-size: 19px\">FAQs zum Papierstift mit Samen<\/h3>\n<p>1. F: Was ist ein Papierstift mit Samen?<br \/>A: Ein Papierstift mit Samen ist ein Stift aus Papier, dessen Kapsel Samen enth\u00e4lt. Die Idee ist, dass, sobald der Stift aufgebraucht ist, er in die Erde gepflanzt werden kann und die Samen zu einer Pflanze heranwachsen.<\/p>\n<p>2. F: Welche Vorteile bietet die Verwendung von Papierstiften mit Samen?<br \/>A: Zu den Vorteilen der Verwendung eines Papierstifts mit Samen geh\u00f6ren die Reduzierung von Plastikm\u00fcll, die F\u00f6rderung der Nachhaltigkeit und die Ermutigung der Menschen, mehr B\u00e4ume und Pflanzen zu pflanzen.<\/p>\n<p>3. F: Wie funktionieren Papierstifte mit Samen?<br \/>A: Ein Papierstift mit Samen funktioniert, indem er eine kleine, mit Samen gef\u00fcllte Kapsel im Stift enth\u00e4lt. Sobald der Stift aufgebraucht ist, kann er in Erde gepflanzt werden und die Samen keimen und wachsen zu einer Pflanze heran.<\/p>\n<p>4. F: Welche Art von Samen werden normalerweise in Papierstiften mit Samen verwendet?<br \/>A: Die Art der Samen, die in Papierstiften mit Samen verwendet werden, variiert, sie sind jedoch normalerweise klein und k\u00f6nnen leicht in Erde gepflanzt werden. Zu den h\u00e4ufig vorkommenden Samen geh\u00f6ren Kr\u00e4uter wie Basilikum, Minze und Petersilie oder Blumen wie Ringelblumen und Sonnenblumen.<\/p>\n<p>5. F: K\u00f6nnen Papierstifte mit Samen wie ein normaler Stift verwendet werden?<br \/>A: Ja, ein Papierstift mit Samen kann wie ein normaler Stift verwendet werden. Er schreibt wie ein normaler Kugelschreiber, aber sobald die Tinte aufgebraucht ist, kann er in Erde gepflanzt werden, um zu einer Pflanze heranzuwachsen.<\/p>\n<p>6. F: Wie lange dauert es, bis die Samen in einem Papierstift mit Samen wachsen?<br \/>A: Die Zeit, die die Samen in einem Papierstift mit Samen zum Wachsen ben\u00f6tigen, h\u00e4ngt von der Art der Samen und den Bedingungen ab, unter denen sie gepflanzt werden. Typischerweise kann es mehrere Wochen bis einige Monate dauern, bis die Pflanze zur Reife heranw\u00e4chst .<\/p>\n<p>7. F: K\u00f6nnen Papierstifte mit Samen mit Tinte nachgef\u00fcllt werden?<br \/>A: Nein, ein Papierstift mit Samen kann nicht mit Tinte nachgef\u00fcllt werden. Sobald die Tinte aufgebraucht ist, kann der Stift in die Erde gepflanzt werden, um zu einer Pflanze heranzuwachsen.<\/p>\n<p>8. F: Sind Papierstifte mit Samen biologisch abbaubar?<br \/>A: Ja, Papierstifte mit Samen sind biologisch abbaubar, da sie aus Papier und anderen nat\u00fcrlichen Materialien hergestellt werden. Sobald der Stift in die Erde gepflanzt wird, zerf\u00e4llt er mit der Zeit und zersetzt sich.<\/p><\/p>","protected":false},"excerpt":{"rendered":"<p>Mini-Notizbuch aus pflanzbarem Samenpapier: Es ist ganz einfach \u2013 wir nehmen Ihnen das R\u00e4tselraten beim Z\u00fcchten von Wildblumen- und Bergahornsamen ab und begleiten Sie bei jedem Schritt des Weges. Alles, was Sie brauchen, um die Freude an Wildblumen und Bergahorn in Ihr Leben oder das Ihrer Liebsten zu bringen, in einer wundersch\u00f6nen Geschenkbox aus Holz. Pflanze es!<\/p>\n<p>Ein Papierstift mit Samen ist eine Art umweltfreundliches Schreibger\u00e4t, das am Ende des Stifts eine kleine Samenkapsel enth\u00e4lt. Dadurch k\u00f6nnen Benutzer die Kapsel in die Erde pflanzen und eine Pflanze z\u00fcchten, nachdem der Stift nicht mehr n\u00fctzlich ist.<\/p><\/p>","protected":false},"featured_media":13926,"comment_status":"open","ping_status":"closed","template":"","meta":[],"product_cat":[67],"product_tag":[454,456,455],"acf":[],"_links":{"self":[{"href":"https:\/\/www.garden-kit.com\/de\/wp-json\/wp\/v2\/product\/3986"}],"collection":[{"href":"https:\/\/www.garden-kit.com\/de\/wp-json\/wp\/v2\/product"}],"about":[{"href":"https:\/\/www.garden-kit.com\/de\/wp-json\/wp\/v2\/types\/product"}],"replies":[{"embeddable":true,"href":"https:\/\/www.garden-kit.com\/de\/wp-json\/wp\/v2\/comments?post=3986"}],"wp:featuredmedia":[{"embeddable":true,"href":"https:\/\/www.garden-kit.com\/de\/wp-json\/wp\/v2\/media\/13926"}],"wp:attachment":[{"href":"https:\/\/www.garden-kit.com\/de\/wp-json\/wp\/v2\/media?parent=3986"}],"wp:term":[{"taxonomy":"product_cat","embeddable":true,"href":"https:\/\/www.garden-kit.com\/de\/wp-json\/wp\/v2\/product_cat?post=3986"},{"taxonomy":"product_tag","embeddable":true,"href":"https:\/\/www.garden-kit.com\/de\/wp-json\/wp\/v2\/product_tag?post=3986"}],"curies":[{"name":"wp","href":"https:\/\/api.w.org\/{rel}","templated":true}]}}