{"id":3991,"date":"2022-10-19T13:43:15","date_gmt":"2022-10-19T05:43:15","guid":{"rendered":"https:\/\/www.garden-kit.com\/product\/seed-popper\/"},"modified":"2023-11-28T16:43:21","modified_gmt":"2023-11-28T08:43:21","slug":"seed-popper","status":"publish","type":"product","link":"https:\/\/www.garden-kit.com\/de\/product\/seed-popper\/","title":{"rendered":"Seed-Popper"},"content":{"rendered":"<h3 style=\"font-size: 19px\">\u00dcberblick<\/h3>\n<table border=\"1\" cellspacing=\"0\">\n<tbody>\n<tr>\n<td valign=\"top\" width=\"373\">\n<p><span style=\"font-family: 'PingFang SC', 'Microsoft YaHei', sans-serif\">Produktpflegehinweise<\/span><\/p>\n<\/td>\n<td valign=\"top\" width=\"373\">\n<p><span style=\"font-family: 'PingFang SC', 'Microsoft YaHei', sans-serif\">Verf\u00fcgbar<\/span><\/p>\n<\/td>\n<\/tr>\n<tr>\n<td valign=\"top\" width=\"373\">\n<p><span style=\"font-family: 'PingFang SC', 'Microsoft YaHei', sans-serif\">Art des Pflanzenprodukts<\/span><\/p>\n<\/td>\n<td valign=\"top\" width=\"373\">\n<p><span style=\"font-family: 'PingFang SC', 'Microsoft YaHei', sans-serif\">Wildblume <\/span><\/p>\n<\/td>\n<\/tr>\n<tr>\n<td valign=\"top\" width=\"373\">\n<p><span style=\"font-family: 'PingFang SC', 'Microsoft YaHei', sans-serif\">Besondere Funktion<\/span><\/p>\n<\/td>\n<td valign=\"top\" width=\"373\">\n<p><span style=\"font-family: 'PingFang SC', 'Microsoft YaHei', sans-serif\">Indoor-Outdoor-Anbau<\/span><\/p>\n<\/td>\n<\/tr>\n<tr>\n<td valign=\"top\" width=\"373\">\n<p><span style=\"font-family: 'PingFang SC', 'Microsoft YaHei', sans-serif\">Marke<\/span><\/p>\n<\/td>\n<td valign=\"top\" width=\"373\">\n<p><span style=\"font-family: 'PingFang SC', 'Microsoft YaHei', sans-serif\">Garten-Kit<\/span><\/p>\n<\/td>\n<\/tr>\n<tr>\n<td valign=\"top\" width=\"373\">\n<p><span style=\"font-family: 'PingFang SC', 'Microsoft YaHei', sans-serif\">Herkunftsort<\/span><\/p>\n<\/td>\n<td valign=\"top\" width=\"373\">\n<p><span style=\"font-family: 'PingFang SC', 'Microsoft YaHei', sans-serif\">Fujian, China<\/span><\/p>\n<\/td>\n<\/tr>\n<tr>\n<td valign=\"top\" width=\"373\">\n<p><span style=\"font-family: 'PingFang SC', 'Microsoft YaHei', sans-serif\">ODM\/OEM<\/span><\/p>\n<\/td>\n<td valign=\"top\" width=\"373\">\n<p><span style=\"font-family: 'PingFang SC', 'Microsoft YaHei', sans-serif\">Verf\u00fcgbar<\/span><\/p>\n<\/td>\n<\/tr>\n<tr>\n<td valign=\"top\" width=\"373\">\n<p><span style=\"font-family: 'PingFang SC', 'Microsoft YaHei', sans-serif\">MOQ f\u00fcr kundenspezifische Bestellung<\/span><\/p>\n<\/td>\n<td valign=\"top\" width=\"373\">\n<p><span style=\"font-family: 'PingFang SC', 'Microsoft YaHei', sans-serif\">3000 Stk<\/span><\/p>\n<\/td>\n<\/tr>\n<tr>\n<td valign=\"top\" width=\"373\">\n<p><span style=\"font-family: 'PingFang SC', 'Microsoft YaHei', sans-serif\">Beispielkosten<\/span><\/p>\n<\/td>\n<td valign=\"top\" width=\"373\">\n<p><span style=\"font-family: 'PingFang SC', 'Microsoft YaHei', sans-serif\">US$400\/Sample, volle R\u00fccksendung nach einer Bestellung bei uns<\/span><\/p>\n<\/td>\n<\/tr>\n<\/tbody>\n<\/table>\n<p style=\"line-height: 1.5\">\n<p style=\"line-height: 1.5\"><span style=\"font-family: 'PingFang SC', 'Microsoft YaHei', sans-serif\">Seed Popper: 3 Optionen Kits: Es ist ganz einfach - wir nehmen Ihnen das R\u00e4tselraten \u00fcber die Anzucht von Wildblumensamen ab und leiten Sie bei jedem Schritt an. Alles, was Sie brauchen, um die Freude an Wildblumen in Ihr Leben oder das Ihrer Lieben zu bringen, befindet sich in einer sch\u00f6nen Geschenkbox. Pflanzen Sie!<\/span><\/p>\n<p style=\"line-height: 1.5\"><span style=\"font-family: 'PingFang SC', 'Microsoft YaHei', sans-serif\">&nbsp;<\/span><\/p>\n<h3 style=\"line-height: 1.5;font-size: 19px\"><span style=\"font-family: 'PingFang SC', 'Microsoft YaHei', sans-serif\">Die folgenden Artikel sind im Kit enthalten.<\/span><\/h3>\n<p style=\"line-height: 1.5\"><span style=\"font-family: 'PingFang SC', 'Microsoft YaHei', sans-serif\">1) Feierlicher Popper:<\/span><\/p>\n<p style=\"line-height: 1.5\"><span style=\"font-family: 'PingFang SC', 'Microsoft YaHei', sans-serif\">Cocktail-Samenkugel-Mischung: Minze, Zitronenbasilikum, Thymian und Lavendel<\/span><\/p>\n<p style=\"line-height: 1.5\"><span style=\"font-family: 'PingFang SC', 'Microsoft YaHei', sans-serif\">Wellness-Samenkugelmischung: Salbei, Zitronenmelisse, Echinacea, Kamille<\/span><\/p>\n<p style=\"line-height: 1.5\"><span style=\"font-family: 'PingFang SC', 'Microsoft YaHei', sans-serif\">Wildblumensamen-Kugelmischung: Sonnenhut, Lavendel-Ysop, Schwarz\u00e4ugige Susanne, Callistephus Duchesse, Gemischte Aster, Wilde Bergamotte<\/span><\/p>\n<p style=\"line-height: 1.5\"><span style=\"font-family: 'PingFang SC', 'Microsoft YaHei', sans-serif\">2) 4 Ton-, Kokosnuss- und gentechnikfreie Samenb\u00e4llchen<\/span><\/p>\n<p style=\"line-height: 1.5\"><span style=\"font-family: 'PingFang SC', 'Microsoft YaHei', sans-serif\">3) Kraftpapier-Konfetti<\/span><\/p>\n<p style=\"line-height: 1.5\">\n<p style=\"line-height: 1.5\"><span style=\"font-family: 'PingFang SC', 'Microsoft YaHei', sans-serif\">Pflanzanleitung<\/span><\/p>\n<p style=\"line-height: 1.5\"><span style=\"font-family: 'PingFang SC', 'Microsoft YaHei', sans-serif\">Cocktail:&nbsp;<\/span><\/p>\n<p style=\"line-height: 1.5\"><span style=\"font-family: 'PingFang SC', 'Microsoft YaHei', sans-serif\">Inspiriert von traditionellen britischen Keksen feiert der Seed Picker das gezielte Pflanzen.<\/span><\/p>\n<p style=\"line-height: 1.5\">\n<p style=\"line-height: 1.5\"><span style=\"font-family: 'PingFang SC', 'Microsoft YaHei', sans-serif\">Einfach drehen, platzen und pflanzen! Jeder Popper enth\u00e4lt vier Samenkugeln (bestehend aus Ton, Kokosnussschalen und gentechnikfreien Samen), recycelbares Kraftkonfetti und eine Anleitung.<\/span><\/p>\n<p style=\"line-height: 1.5\">\n<p style=\"line-height: 1.5\"><span style=\"font-family: 'PingFang SC', 'Microsoft YaHei', sans-serif\">You&#039;s Wild (Flower) Seed Popper umfasst nicht-invasive Wildblumensamensorten wie Lavendel-Ysop, Black-Eyed Susan, Duchess of Callister Forth, Mixed Aster, Wild Bergamot und mehr.<\/span><\/p>\n<p style=\"line-height: 1.5\"><span style=\"font-family: 'PingFang SC', 'Microsoft YaHei', sans-serif\">&nbsp;<\/span><\/p>\n<p style=\"line-height: 1.5\"><span style=\"font-family: 'PingFang SC', 'Microsoft YaHei', sans-serif\">Diese sorgf\u00e4ltig geplante Saatgutsammlung f\u00fchrt zu wundersch\u00f6nen Bl\u00fcten, die Lebensraum f\u00fcr wichtige Best\u00e4uber bieten. Einfach drehen, ploppen lassen und einpflanzen.<\/span><\/p>\n<p style=\"line-height: 1.5\"><span style=\"font-family: 'PingFang SC', 'Microsoft YaHei', sans-serif\">&nbsp;<\/span><\/p>\n<p style=\"line-height: 1.5\"><span style=\"font-family: 'PingFang SC', 'Microsoft YaHei', sans-serif\">Gr\u00f6\u00dfe<\/span><\/p>\n<p style=\"line-height: 1.5\"><span style=\"font-family: 'PingFang SC', 'Microsoft YaHei', sans-serif\">6,4 Zoll lang, 1,6 Zoll breit und 1,6 Fu\u00df hoch<\/span><\/p>\n<p style=\"line-height: 1.5\"><span style=\"font-family: 'PingFang SC', 'Microsoft YaHei', sans-serif\">&nbsp;&nbsp;<\/span><\/p>\n<p style=\"line-height: 1.5\"><span style=\"font-family: 'PingFang SC', 'Microsoft YaHei', sans-serif\">Wellness:&nbsp;<\/span><\/p>\n<p style=\"line-height: 1.5\"><span style=\"font-family: 'PingFang SC', 'Microsoft YaHei', sans-serif\">Inspiriert von traditionellen britischen Keksen, zelebriert der Seed Picker das Pflanzen mit Sinn. Einfach drehen, dr\u00fccken und pflanzen!<\/span><\/p>\n<p style=\"line-height: 1.5\">\n<p style=\"line-height: 1.5\"><span style=\"font-family: 'PingFang SC', 'Microsoft YaHei', sans-serif\">Jeder Popper enth\u00e4lt vier Samenkugeln (bestehend aus Ton, Kokosnussschalen und gentechnikfreien Samen), recycelbares Kraftkonfetti und eine Anleitung.<\/span><\/p>\n<p style=\"line-height: 1.5\"><span style=\"font-family: 'PingFang SC', 'Microsoft YaHei', sans-serif\">&nbsp;<\/span><\/p>\n<p style=\"line-height: 1.5\"><span style=\"font-family: 'PingFang SC', 'Microsoft YaHei', sans-serif\">You&#039;s Wild (Flower) Seed Popper umfasst nicht-invasive Wildblumensamensorten wie Lavendel-Ysop, Black-Eyed Susan, Duchess of Callister Forth, Mixed Aster, Wild Bergamot und mehr.<\/span><\/p>\n<p style=\"line-height: 1.5\">\n<p style=\"line-height: 1.5\"><span style=\"font-family: 'PingFang SC', 'Microsoft YaHei', sans-serif\">Diese sorgf\u00e4ltig geplante Saatgutsammlung f\u00fchrt zu wundersch\u00f6nen Bl\u00fcten, die einen Lebensraum f\u00fcr wichtige Best\u00e4uber bieten. Einfach drehen, ploppen lassen und einpflanzen.<\/span><\/p>\n<p style=\"line-height: 1.5\">\n<p style=\"line-height: 1.5\"><span style=\"font-family: 'PingFang SC', 'Microsoft YaHei', sans-serif\">Gr\u00f6\u00dfe<\/span><\/p>\n<p style=\"line-height: 1.5\"><span style=\"font-family: 'PingFang SC', 'Microsoft YaHei', sans-serif\">6,4 Zoll lang, 1,6 Zoll breit und 1,6 Fu\u00df hoch<\/span><\/p>\n<p style=\"line-height: 1.5\"><span style=\"font-family: 'PingFang SC', 'Microsoft YaHei', sans-serif\">Wildblumen:<\/span><\/p>\n<p style=\"line-height: 1.5\"><span style=\"font-family: 'PingFang SC', 'Microsoft YaHei', sans-serif\">Inspiriert von traditionellen britischen Keksen, zelebriert der Seed Picker das Pflanzen mit Sinn. Einfach drehen, dr\u00fccken und pflanzen!<\/span><\/p>\n<p style=\"line-height: 1.5\"><span style=\"font-family: 'PingFang SC', 'Microsoft YaHei', sans-serif\">&nbsp;<\/span><\/p>\n<p style=\"line-height: 1.5\"><span style=\"font-family: 'PingFang SC', 'Microsoft YaHei', sans-serif\">Jeder Popper enth\u00e4lt vier Samenkugeln (bestehend aus Ton, Kokosnussschalen und gentechnikfreien Samen), recycelbares Kraftkonfetti und eine Anleitung.<\/span><\/p>\n<p style=\"line-height: 1.5\">\n<p style=\"line-height: 1.5\"><span style=\"font-family: 'PingFang SC', 'Microsoft YaHei', sans-serif\">You's Wild (Flower) Seed Popper enth\u00e4lt nicht-invasive Wildblumensamen wie Lavendelhyssop, Black-Eyed Susan, Duchess of Callister Forth, Mixed Aster, Wild Bergamot und viele mehr. Diese sorgf\u00e4ltig geplante Saatgutsammlung f\u00fchrt zu wundersch\u00f6nen Bl\u00fcten, die einen Lebensraum f\u00fcr wichtige Best\u00e4uber bieten. Einfach drehen, ploppen lassen und einpflanzen.<\/span><\/p>\n<p style=\"line-height: 1.5\"><span style=\"font-family: 'PingFang SC', 'Microsoft YaHei', sans-serif\">Inspiriert von traditionellen englischen Keksen zelebrieren die Seed Poppers das Pflanzen mit einem Zweck. Einfach drehen, knallen und pflanzen! Jeder Popper enth\u00e4lt vier Samenkugeln (aus Ton, Kokosnussschalen und gentechnikfreien Samen). Jeder Popper enth\u00e4lt vier Saatkugeln (aus Ton, Kokosnussschalen und gentechnikfreiem Saatgut), wiederverwertbares Kraftkonfetti und eine Anleitung.<\/span><\/p>\n<p style=\"line-height: 1.5\"><span style=\"font-family: 'PingFang SC', 'Microsoft YaHei', sans-serif\">Die Samenkugeln enthalten Samen von Salbei, Melisse, Echinacea und Kamille - Kr\u00e4uter, die f\u00fcr ihre heilenden Eigenschaften bekannt sind.<\/span><\/p>\n<p style=\"line-height: 1.5\"><span style=\"font-family: 'PingFang SC', 'Microsoft YaHei', sans-serif\"><\/span><\/p>\n<p style=\"line-height: 1.5\"><span style=\"font-family: 'PingFang SC', 'Microsoft YaHei', sans-serif\">A4-Samenpapier kann f\u00fcr verschiedene Zwecke verwendet werden, beispielsweise f\u00fcr Einladungen, Visitenkarten, Gru\u00dfkarten, Poster und andere Druckmaterialien. Sobald das Papier nicht mehr ben\u00f6tigt wird, kann es direkt in die Erde gepflanzt werden und die eingebetteten Samen keimen und wachsen zu Pflanzen heran. Die Art der im Papier eingebetteten Samen variiert je nach Hersteller und Verwendungszweck. Zu den h\u00e4ufigsten Arten von Samen, die in A4-Samenpapier verwendet werden, geh\u00f6ren Wildblumen, Kr\u00e4uter, Gem\u00fcse und Baumsamen. Insgesamt bietet A4-Samenpapier eine einzigartige und nachhaltige M\u00f6glichkeit, das Umweltbewusstsein zu f\u00f6rdern und zu einer gr\u00fcneren Zukunft beizutragen.<\/span><\/p>\n<\/p>\n<p>Ein Seed Popper ist eine kleine, mit Samen umh\u00fcllte Kugel oder Kapsel, die alles enth\u00e4lt, was f\u00fcr den Anbau einer bestimmten Pflanze oder Blume ben\u00f6tigt wird. Es ist eine bequeme und oft umweltfreundliche Art, Pflanzen aus Samen zu z\u00fcchten, vor allem f\u00fcr Personen, die keine gro\u00dfe Gartenerfahrung haben oder keinen Zugang zu Au\u00dfenfl\u00e4chen.<\/p>\n<p>Das Konzept der Seed Popper ist einfach: Jeder Popper enth\u00e4lt Samen in einer biologisch abbaubaren Schale zusammen mit N\u00e4hrstoffen und einem N\u00e4hrboden. Das Ziel ist es, es jedem leicht zu machen, verschiedene Pflanzen oder Blumen zu pflanzen und zu z\u00fcchten, ohne direkt mit losen Samen oder Erde hantieren zu m\u00fcssen.<\/p>\n<p>So funktioniert ein Saatgutpopper normalerweise:<\/p>\n<ul>\n<li>\n<p><strong>Verkapselung von Saatgut<\/strong>: Die Samen werden in einem biologisch abbaubaren Material wie Ton, Torf oder einer Mischung aus diesen Materialien eingeschlossen und bilden eine kleine Kugel oder Kapsel.<\/p>\n<\/li>\n<li>\n<p><strong>N\u00e4hrstoffe und Kultursubstrat<\/strong>: Zusammen mit dem Saatgut enth\u00e4lt der Popper oft auch N\u00e4hrstoffe und N\u00e4hrb\u00f6den, die f\u00fcr die Keimung und das anf\u00e4ngliche Wachstum erforderlich sind. Dazu k\u00f6nnen Kompost, D\u00fcnger oder andere Pflanzenn\u00e4hrstoffe geh\u00f6ren.<\/p>\n<\/li>\n<li>\n<p><strong>Anpflanzungsprozess<\/strong>: Um einen Seed Popper zu verwenden, m\u00fcssen Sie ihn in der Regel direkt in die Erde oder einen Topf in der entsprechenden Tiefe einpflanzen und dabei die Anweisungen befolgen. Nach dem Einpflanzen bricht die \u00e4u\u00dfere Schale der Saatgutt\u00fcte auf, so dass die Samen keimen und wachsen k\u00f6nnen.<\/p>\n<\/li>\n<li>\n<p><strong>Bew\u00e4sserung und Pflege<\/strong>: Wie jede andere Pflanze ben\u00f6tigen auch die Setzlinge eine angemessene Bew\u00e4sserung und Pflege, um erfolgreich zu wachsen. Stellen Sie sicher, dass sie w\u00e4hrend ihrer Entwicklung ausreichend Sonnenlicht, Wasser und N\u00e4hrstoffe erhalten.<\/p>\n<\/li>\n<\/ul>\n<p>Saatgutt\u00f6pfe gibt es f\u00fcr eine Vielzahl von Pflanzen, darunter Blumen, Kr\u00e4uter, Gem\u00fcse und sogar B\u00e4ume. Sie werden oft in Packungen oder Sortimenten verkauft und bieten eine praktische M\u00f6glichkeit, einen Garten anzulegen oder Innenr\u00e4ume zu begr\u00fcnen.<\/p>\n<p>Diese Produkte sind h\u00e4ufig in Gartenfachgesch\u00e4ften, G\u00e4rtnereien und Online-H\u00e4ndlern f\u00fcr Gartenbedarf zu finden. Sie eignen sich besonders f\u00fcr Anf\u00e4nger oder f\u00fcr diejenigen, die eine unkomplizierte Methode zum Pflanzen von Samen bevorzugen.<\/p>","protected":false},"excerpt":{"rendered":"<p><span style=\"font-family: 'PingFang SC', 'Microsoft YaHei', sans-serif\">Seed Popper \u2013 Kits mit 3 Optionen: Es ist ganz einfach \u2013 wir nehmen Ihnen das R\u00e4tselraten beim Anbau von Wildblumensamen ab und begleiten Sie bei jedem Schritt des Weges. Alles, was Sie brauchen, um die Freude an Wildblumen in Ihr Leben oder das Ihrer Liebsten zu bringen, in einer sch\u00f6nen Geschenkbox. Pflanze es!<\/span><\/p>\n<p><span style=\"font-family: 'PingFang SC', 'Microsoft YaHei', sans-serif\">A4-Samenpapier ist eine Papiersorte, in die Pflanzensamen eingebettet sind. Es ist eine nachhaltige und umweltfreundliche Alternative zu herk\u00f6mmlichen Papierprodukten.<\/span><\/p><\/p>","protected":false},"featured_media":17495,"comment_status":"open","ping_status":"closed","template":"","meta":[],"product_cat":[67],"product_tag":[517,516],"acf":[],"_links":{"self":[{"href":"https:\/\/www.garden-kit.com\/de\/wp-json\/wp\/v2\/product\/3991"}],"collection":[{"href":"https:\/\/www.garden-kit.com\/de\/wp-json\/wp\/v2\/product"}],"about":[{"href":"https:\/\/www.garden-kit.com\/de\/wp-json\/wp\/v2\/types\/product"}],"replies":[{"embeddable":true,"href":"https:\/\/www.garden-kit.com\/de\/wp-json\/wp\/v2\/comments?post=3991"}],"wp:featuredmedia":[{"embeddable":true,"href":"https:\/\/www.garden-kit.com\/de\/wp-json\/wp\/v2\/media\/17495"}],"wp:attachment":[{"href":"https:\/\/www.garden-kit.com\/de\/wp-json\/wp\/v2\/media?parent=3991"}],"wp:term":[{"taxonomy":"product_cat","embeddable":true,"href":"https:\/\/www.garden-kit.com\/de\/wp-json\/wp\/v2\/product_cat?post=3991"},{"taxonomy":"product_tag","embeddable":true,"href":"https:\/\/www.garden-kit.com\/de\/wp-json\/wp\/v2\/product_tag?post=3991"}],"curies":[{"name":"wp","href":"https:\/\/api.w.org\/{rel}","templated":true}]}}