{"id":3998,"date":"2022-10-19T13:45:26","date_gmt":"2022-10-19T05:45:26","guid":{"rendered":"https:\/\/www.garden-kit.com\/product\/set-of-6-plantable-seed-paper-christmas-gift-present-tags\/"},"modified":"2022-10-19T13:45:26","modified_gmt":"2022-10-19T05:45:26","slug":"set-of-6-plantable-seed-paper-christmas-gift-present-tags","status":"publish","type":"product","link":"https:\/\/www.garden-kit.com\/de\/product\/set-of-6-plantable-seed-paper-christmas-gift-present-tags\/","title":{"rendered":"Set mit 6 pflanzbaren Samenpapier-Weihnachtsgeschenkanh\u00e4ngern"},"content":{"rendered":"<p><strong>\u00dcberblick<\/strong><\/p>\n<table border=\"1\" cellspacing=\"0\">\n<tbody>\n<tr>\n<td valign=\"top\" width=\"373\">\n<p><strong>Produktpflegehinweise<\/strong><\/p>\n<\/td>\n<td valign=\"top\" width=\"373\">\n<p><span style=\"font-family: Calibri\">Verf\u00fcgbar<\/span><\/p>\n<\/td>\n<\/tr>\n<tr>\n<td valign=\"top\" width=\"373\">\n<p><strong>Art des Pflanzenprodukts<\/strong><\/p>\n<\/td>\n<td valign=\"top\" width=\"373\">\n<p><span style=\"font-family: Calibri\">Wildblumen &amp; Platane<\/span><\/p>\n<\/td>\n<\/tr>\n<tr>\n<td valign=\"top\" width=\"373\">\n<p><strong>Besondere Funktion<\/strong><\/p>\n<\/td>\n<td valign=\"top\" width=\"373\">\n<p><span style=\"font-family: Calibri\">Indoor-Outdoor-Anbau<\/span><\/p>\n<\/td>\n<\/tr>\n<tr>\n<td valign=\"top\" width=\"373\">\n<p><strong><span style=\"font-family: Arial\">Marke<\/span><\/strong><\/p>\n<\/td>\n<td valign=\"top\" width=\"373\">\n<p><span style=\"font-family: Calibri\">Garten-Kit<\/span><\/p>\n<\/td>\n<\/tr>\n<tr>\n<td valign=\"top\" width=\"373\">\n<p><strong><span style=\"font-family: Arial\">Herkunftsort<\/span><\/strong><\/p>\n<\/td>\n<td valign=\"top\" width=\"373\">\n<p><span style=\"font-family: Calibri\">Fujian, China<\/span><\/p>\n<\/td>\n<\/tr>\n<tr>\n<td valign=\"top\" width=\"373\">\n<p><strong><span style=\"font-family: Arial\">ODM\/OEM<\/span><\/strong><\/p>\n<\/td>\n<td valign=\"top\" width=\"373\">\n<p><span style=\"font-family: Calibri\">Verf\u00fcgbar<\/span><\/p>\n<\/td>\n<\/tr>\n<tr>\n<td valign=\"top\" width=\"373\">\n<p><strong><span style=\"font-family: Arial\">MOQ f\u00fcr kundenspezifische Bestellung<\/span><\/strong><\/p>\n<\/td>\n<td valign=\"top\" width=\"373\">\n<p><span style=\"font-family: Calibri\">3000 Stk<\/span><\/p>\n<\/td>\n<\/tr>\n<tr>\n<td valign=\"top\" width=\"373\">\n<p><strong><span style=\"font-family: Arial\">Beispielkosten<\/span><\/strong><\/p>\n<\/td>\n<td valign=\"top\" width=\"373\">\n<p><span style=\"font-family: Calibri\">US$400\/Muster, vollst\u00e4ndige R\u00fccksendung nach Bestellung bei uns<\/span><\/p>\n<\/td>\n<\/tr>\n<\/tbody>\n<\/table>\n<p>&nbsp;<\/p>\n<p><strong><span style=\"font-family: Arial\">Die folgenden Artikel sind im Kit enthalten.<\/span><\/strong><\/p>\n<p>&nbsp;<\/p>\n<p><span style=\"font-family: Calibri\">6<\/span>&nbsp;Pflanzbare Geschenkanh\u00e4nger aus Samenpapier f\u00fcr Weihnachten<\/p>\n<p><span style=\"font-family: Calibri\">1 Schritt-f\u00fcr-Schritt-Anleitung zum Pflanzen<\/span><\/p>\n<p><span style=\"font-family: Calibri\">1 individuell <\/span><span style=\"font-family: Calibri\">Pakettasche<\/span><\/p>\n<p>&nbsp;<\/p>\n<p><span style=\"font-family: Calibri\">Pflanzbare Geschenkanh\u00e4nger aus Saatpapier!<\/span><\/p>\n<p>&nbsp;<\/p>\n<p><span style=\"font-family: Calibri\">100% handgefertigtes, recycelbares, biologisch abbaubares \u00d6kopapier mit Wildblumen- und Bergahornsamen.<\/span><\/p>\n<p>&nbsp;<\/p>\n<p><span style=\"font-family: Calibri\">Dieser pflanzbare Geschenkanh\u00e4nger ist 100% und besteht aus Altpapier und einer Mischung aus Bergahorn- und Wildblumensamen.<\/span><\/p>\n<p>&nbsp;<\/p>\n<p><span style=\"font-family: Calibri\">\u2013 Das Samenpapier \u00fcber Nacht in Wasser einweichen.<\/span><\/p>\n<p>&nbsp;<\/p>\n<p><span style=\"font-family: Calibri\">\u2013 Pflanzen Sie das feuchte Saatpapier etwa 1\/4 Zoll tief in den vorbereiteten Boden.<\/span><\/p>\n<p>&nbsp;<\/p>\n<p><span style=\"font-family: Calibri\">-Bew\u00e4ssern Sie den Brunnen, insbesondere in den ersten vier bis sechs Wochen.<\/span><\/p>\n<p>&nbsp;<\/p>\n<p><span style=\"font-family: Calibri\">Pflanzen Sie Papier in den k\u00fchlen Monaten bis zum fr\u00fchen Fr\u00fchling im Freien. Bei der Herbstpflanzung wird der Winterregen genutzt, um eine fr\u00fche Fr\u00fchlingsbl\u00fcte hervorzubringen. Pflanzen Sie die Pflanze jederzeit drinnen und verpflanzen Sie sie dann im zeitigen Fr\u00fchjahr an einen dauerhafteren Standort.<\/span><\/p>\n<p>&nbsp;<\/p>\n<p><span style=\"font-family: Calibri\">Set mit 6 pflanzbaren Samenpapier-Geschenkanh\u00e4ngern mit Weihnachtsmotiv<\/span><\/p>\n<p>&nbsp;<\/p>\n<p><span style=\"font-family: Calibri\">7,5 x 5 cm (2,95 Zoll x 1,97 Zoll)<\/span><\/p>\n<p>&nbsp;<\/p>\n<p><span style=\"font-family: Calibri\">Einfach mit jedem Stift zu schreiben.<\/span><\/p>\n<p>&nbsp;<\/p>\n<p><span style=\"font-family: Calibri\">Auf der R\u00fcckseite der Packung finden Sie eine Anbauanleitung.<\/span><\/p>\n<p>&nbsp;<\/p>\n<p>&nbsp;<\/p>\n<p>&nbsp;<\/p>\n<p><span style=\"font-family: Calibri\">Juteschnur nicht im Lieferumfang enthalten.<\/span><\/p>","protected":false},"excerpt":{"rendered":"<p>6-teiliges Set aus Saatpapier, pflanzbares Saatpapier f\u00fcr Weihnachtsgeschenkanh\u00e4nger: Es ist ganz einfach \u2013 wir nehmen Ihnen das R\u00e4tselraten beim Z\u00fcchten von Wildblumen- und Bergahornsamen ab und begleiten Sie bei jedem Schritt des Weges. Alles, was Sie brauchen, um die Freude an Wildblumen und Bergahornb\u00e4umen in Ihr Leben oder das Ihrer Liebsten zu bringen, in einer wundersch\u00f6nen, individuell gestalteten Verpackung. Pflanze es!<\/p>","protected":false},"featured_media":3992,"comment_status":"open","ping_status":"closed","template":"","meta":[],"product_cat":[67],"product_tag":[232],"acf":[],"_links":{"self":[{"href":"https:\/\/www.garden-kit.com\/de\/wp-json\/wp\/v2\/product\/3998"}],"collection":[{"href":"https:\/\/www.garden-kit.com\/de\/wp-json\/wp\/v2\/product"}],"about":[{"href":"https:\/\/www.garden-kit.com\/de\/wp-json\/wp\/v2\/types\/product"}],"replies":[{"embeddable":true,"href":"https:\/\/www.garden-kit.com\/de\/wp-json\/wp\/v2\/comments?post=3998"}],"wp:featuredmedia":[{"embeddable":true,"href":"https:\/\/www.garden-kit.com\/de\/wp-json\/wp\/v2\/media\/3992"}],"wp:attachment":[{"href":"https:\/\/www.garden-kit.com\/de\/wp-json\/wp\/v2\/media?parent=3998"}],"wp:term":[{"taxonomy":"product_cat","embeddable":true,"href":"https:\/\/www.garden-kit.com\/de\/wp-json\/wp\/v2\/product_cat?post=3998"},{"taxonomy":"product_tag","embeddable":true,"href":"https:\/\/www.garden-kit.com\/de\/wp-json\/wp\/v2\/product_tag?post=3998"}],"curies":[{"name":"wp","href":"https:\/\/api.w.org\/{rel}","templated":true}]}}