{"id":4001,"date":"2022-10-19T13:45:30","date_gmt":"2022-10-19T05:45:30","guid":{"rendered":"https:\/\/www.garden-kit.com\/product\/set-of-6-plantable-seed-paper-christmas-gift-present-tags-2\/"},"modified":"2023-03-31T14:58:22","modified_gmt":"2023-03-31T06:58:22","slug":"plantable-paper-seed-bombs","status":"publish","type":"product","link":"https:\/\/www.garden-kit.com\/de\/product\/plantable-paper-seed-bombs\/","title":{"rendered":"Pflanzbare Samenbomben aus Papier"},"content":{"rendered":"<p><strong><span style=\"font-family: arial, helvetica, sans-serif;font-size: 18px\">6-teiliges Samenpapier, pflanzbares Samenpapier, Weihnachtsgeschenkanh\u00e4nger-Set: <\/span><\/strong><\/p>\n<p><span style=\"font-family: arial, helvetica, sans-serif;font-size: 16px\">Es ist ganz einfach \u2013 wir nehmen Ihnen das R\u00e4tselraten beim Anbau von Wildblumen- und Bergahornsamen ab und begleiten Sie bei jedem Schritt des Weges. Alles, was Sie brauchen, um die Freude an Wildblumen und Bergahornb\u00e4umen in Ihr Leben oder das Ihrer Liebsten zu bringen, in einer wundersch\u00f6nen, individuell gestalteten Verpackung. Pflanze es! <\/span><span style=\"font-family: arial, helvetica, sans-serif;font-size: 18px\"><\/span><\/p>\n<h3 style=\"font-size: 19px\"><strong><span style=\"font-family: arial, helvetica, sans-serif;font-size: 18px\">\u00dcberblick<\/span><\/strong><\/h3>\n<table border=\"1\" cellspacing=\"0\" style=\"border-collapse: collapse;width: 100%;height: 248px\">\n<tbody>\n<tr style=\"height: 31px\">\n<td valign=\"top\" width=\"373\" style=\"height: 31px\">\n<p><span style=\"font-family: arial, helvetica, sans-serif;font-size: 16px\">Produktpflegehinweise<\/span><\/p>\n<\/td>\n<td valign=\"top\" width=\"373\" style=\"height: 31px\">\n<p><span style=\"font-family: arial, helvetica, sans-serif;font-size: 16px\">Verf\u00fcgbar<\/span><\/p>\n<\/td>\n<\/tr>\n<tr style=\"height: 31px\">\n<td valign=\"top\" width=\"373\" style=\"height: 31px\">\n<p><span style=\"font-family: arial, helvetica, sans-serif;font-size: 16px\">Art des Pflanzenprodukts<\/span><\/p>\n<\/td>\n<td valign=\"top\" width=\"373\" style=\"height: 31px\">\n<p><span style=\"font-family: arial, helvetica, sans-serif;font-size: 16px\">Wildblumen &amp; Platane<\/span><\/p>\n<\/td>\n<\/tr>\n<tr style=\"height: 31px\">\n<td valign=\"top\" width=\"373\" style=\"height: 31px\">\n<p><span style=\"font-family: arial, helvetica, sans-serif;font-size: 16px\">Besondere Funktion<\/span><\/p>\n<\/td>\n<td valign=\"top\" width=\"373\" style=\"height: 31px\">\n<p><span style=\"font-family: arial, helvetica, sans-serif;font-size: 16px\">Indoor-Outdoor-Anbau<\/span><\/p>\n<\/td>\n<\/tr>\n<tr style=\"height: 31px\">\n<td valign=\"top\" width=\"373\" style=\"height: 31px\">\n<p><span style=\"font-family: arial, helvetica, sans-serif;font-size: 16px\">Marke<\/span><\/p>\n<\/td>\n<td valign=\"top\" width=\"373\" style=\"height: 31px\">\n<p><span style=\"font-family: arial, helvetica, sans-serif;font-size: 16px\">Garten-Kit<\/span><\/p>\n<\/td>\n<\/tr>\n<tr style=\"height: 31px\">\n<td valign=\"top\" width=\"373\" style=\"height: 31px\">\n<p><span style=\"font-family: arial, helvetica, sans-serif;font-size: 16px\">Herkunftsort<\/span><\/p>\n<\/td>\n<td valign=\"top\" width=\"373\" style=\"height: 31px\">\n<p><span style=\"font-family: arial, helvetica, sans-serif;font-size: 16px\">Fujian, China<\/span><\/p>\n<\/td>\n<\/tr>\n<tr style=\"height: 31px\">\n<td valign=\"top\" width=\"373\" style=\"height: 31px\">\n<p><span style=\"font-family: arial, helvetica, sans-serif;font-size: 16px\">ODM\/OEM<\/span><\/p>\n<\/td>\n<td valign=\"top\" width=\"373\" style=\"height: 31px\">\n<p><span style=\"font-family: arial, helvetica, sans-serif;font-size: 16px\">Verf\u00fcgbar<\/span><\/p>\n<\/td>\n<\/tr>\n<tr style=\"height: 31px\">\n<td valign=\"top\" width=\"373\" style=\"height: 31px\">\n<p><span style=\"font-family: arial, helvetica, sans-serif;font-size: 16px\">MOQ f\u00fcr kundenspezifische Bestellung<\/span><\/p>\n<\/td>\n<td valign=\"top\" width=\"373\" style=\"height: 31px\">\n<p><span style=\"font-family: arial, helvetica, sans-serif;font-size: 16px\">3000 Stk<\/span><\/p>\n<\/td>\n<\/tr>\n<tr style=\"height: 31px\">\n<td valign=\"top\" width=\"373\" style=\"height: 31px\">\n<p><span style=\"font-family: arial, helvetica, sans-serif;font-size: 16px\">Beispielkosten<\/span><\/p>\n<\/td>\n<td valign=\"top\" width=\"373\" style=\"height: 31px\">\n<p><span style=\"font-family: arial, helvetica, sans-serif;font-size: 16px\">US$400\/Sample, volle R\u00fccksendung nach der Bestellung bei uns<\/span><\/p>\n<\/td>\n<\/tr>\n<\/tbody>\n<\/table>\n<p style=\"text-align: center\"><img decoding=\"async\" src=\"https:\/\/data.adwebcloud.com\/public\/material\/2206293ihquj\/product\/3_1666158227014.jpg\" alt=\"Beispiel\" width=\"50%\" title=\"\"><img decoding=\"async\" src=\"https:\/\/data.adwebcloud.com\/public\/material\/2206293ihquj\/product\/4_1666158227081.jpg\" alt=\"Beispiel\" width=\"50%\" title=\"\"> &nbsp;<\/p>\n<h3 style=\"font-size: 19px\"><span style=\"font-family: arial, helvetica, sans-serif;font-size: 18px\"><span><span>Was ist pflanzbares Saatpapier?<\/span><\/span><span><span> <\/span><\/span><\/span><\/h3>\n<p><span style=\"font-family: arial, helvetica, sans-serif;font-size: 16px\"><span><span>Bei der Papierherstellung werden dem Zellstoff Samen zugesetzt, die in verschiedenen Farben eingef\u00e4rbt werden k\u00f6nnen, so dass das Papier mit den Samen \u201eSamenpapier\u201c genannt wird. (Dies ist ein brandneues Umweltschutzprodukt.<\/span><\/span> <span><span>, kann in den Boden geworfen werden, bei richtiger Zeit und Temperatur und Luftfeuchtigkeit k\u00f6nnen die Samen im Papier keimen und kleine S\u00e4mlinge wachsen lassen.)<\/span><\/span><span><span> <\/span><\/span><\/span><\/p>\n<p><span style=\"font-family: arial, helvetica, sans-serif;font-size: 16px\"><span><span>Um das handgesch\u00f6pfte Spezial-Bastelpapier bunter zu machen, mischen die Arbeiter, die das handgesch\u00f6pfte Papier herstellen, die Samen dieser Str\u00e4ucher und Pflanzen in den Brei. Da der gesamte Herstellungsprozess des B\u00fcttenpapiers v\u00f6llig umweltfreundlich und schadstofffrei ist, befinden sich die Samen vollst\u00e4ndig im Fruchtfleisch.<\/span><\/span> <span><span>Nicht betroffen.<\/span><\/span> <span><span>Nachdem das Papier fertig ist, leben die Samen noch im Papier.<\/span><\/span> <span><span>Moderne Menschen verwenden weiterhin traditionelle Methoden, um diese Art von Samenpapier herzustellen.<\/span><\/span> <\/span><\/p>\n<p><span style=\"font-family: arial, helvetica, sans-serif;font-size: 18px\"><img decoding=\"async\" src=\"https:\/\/gimg2.baidu.com\/image_search\/src=http%3A%2F%2Fimg.alicdn.com%2Fimgextra%2Fi3%2F6000000001680%2FO1CN01AmHsAn1OHU8PpXZTX_%21%216000000001680-0-tbvideo.jpg&amp;refer=http%3A%2F%2Fimg.alicdn.com&amp;app=2002&amp;size=f9999,10000&amp;q=a80&amp;n=0&amp;g=0n&amp;fmt=auto?sec=1678802737&amp;t=e5549e4645e8a616a68638b5c99e4f4b\" width=\"100%\" alt=\"Pflanzbares Samenpapier\" title=\"\"> <\/span><\/p>\n<h3 style=\"font-size: 19px\"><strong><span style=\"font-family: arial, helvetica, sans-serif;font-size: 18px\">Die folgenden Artikel sind im Kit enthalten.<\/span><\/strong><\/h3>\n<p><span style=\"font-family: arial, helvetica, sans-serif;font-size: 16px\">6 pflanzbare Weihnachtsgeschenkanh\u00e4nger aus Saatpapier<\/span><\/p>\n<p><span style=\"font-family: arial, helvetica, sans-serif;font-size: 16px\">1 Schritt-f\u00fcr-Schritt-Anleitung zum Pflanzen<\/span><\/p>\n<p><span style=\"font-family: arial, helvetica, sans-serif;font-size: 16px\">1 ma\u00dfgeschneiderte Pakettasche<\/span><\/p>\n<p><span style=\"font-family: arial, helvetica, sans-serif;font-size: 18px\">&nbsp;<\/span><\/p>\n<h3 style=\"font-size: 19px\"><strong><span style=\"font-family: arial, helvetica, sans-serif;font-size: 18px\">Pflanzbare Geschenkanh\u00e4nger aus Saatpapier!<\/span><\/strong><\/h3>\n<p><span style=\"font-family: arial, helvetica, sans-serif;font-size: 16px\">100% handgefertigtes, recycelbares, biologisch abbaubares \u00d6kopapier mit Wildblumen- und Bergahornsamen.<\/span><\/p>\n<p><span style=\"font-family: arial, helvetica, sans-serif;font-size: 16px\">Dieser pflanzbare Geschenkanh\u00e4nger ist 100% und besteht aus Altpapier und einer Mischung aus Bergahorn- und Wildblumensamen.<\/span><\/p>\n<p><span style=\"font-family: arial, helvetica, sans-serif;font-size: 16px\">\u2013 Das Samenpapier \u00fcber Nacht in Wasser einweichen.<\/span><\/p>\n<p><span style=\"font-family: arial, helvetica, sans-serif;font-size: 16px\">\u2013 Pflanzen Sie das feuchte Saatpapier etwa 1\/4 Zoll tief in den vorbereiteten Boden.<\/span><\/p>\n<p><span style=\"font-family: arial, helvetica, sans-serif;font-size: 16px\">-Bew\u00e4ssern Sie den Brunnen, insbesondere in den ersten vier bis sechs Wochen.<\/span><\/p>\n<p><span style=\"font-family: arial, helvetica, sans-serif;font-size: 18px\">&nbsp;<\/span><\/p>\n<p><span style=\"font-family: arial, helvetica, sans-serif;font-size: 16px\">Pflanzen Sie Papier in den k\u00fchlen Monaten bis zum fr\u00fchen Fr\u00fchling im Freien. Bei der Herbstpflanzung wird der Winterregen genutzt, um eine fr\u00fche Fr\u00fchlingsbl\u00fcte hervorzubringen. Pflanzen Sie die Pflanze jederzeit drinnen und verpflanzen Sie sie dann im zeitigen Fr\u00fchjahr an einen dauerhafteren Standort.<\/span><\/p>\n<\/p>\n<p><span style=\"font-family: arial, helvetica, sans-serif;font-size: 16px\">Set mit 6 pflanzbaren Samenpapier-Geschenkanh\u00e4ngern mit Weihnachtsmotiv<\/span><\/p>\n<p><span style=\"font-size: 16px\"><span style=\"font-family: arial, helvetica, sans-serif\">7,5 x 5 cm (2,95 Zoll x 1,97 Zoll)<\/span><span style=\"font-family: arial, helvetica, sans-serif\">&nbsp;<\/span><\/span><\/p>\n<p><span style=\"font-family: arial, helvetica, sans-serif;font-size: 16px\">Einfach mit jedem Stift zu schreiben.<\/span><\/p>\n<p><span style=\"font-family: arial, helvetica, sans-serif;font-size: 16px\">Auf der R\u00fcckseite der Packung finden Sie eine Anbauanleitung.<\/span><\/p>\n<p><span style=\"font-family: arial, helvetica, sans-serif;font-size: 18px\"><\/span><\/p>\n<h3 style=\"font-size: 19px\"><span style=\"font-family: arial, helvetica, sans-serif;font-size: 18px\">Pflanzmethode f\u00fcr Samenpapier<\/span><\/h3>\n<p style=\"font-size: 16px\"><span style=\"font-family: arial, helvetica, sans-serif\">1. Vergraben Sie die H\u00e4lfte des Saatpapiers in der Erde. Achten Sie bei der ersten Pflanzung darauf, dass das Saatpapier mit Wasser ges\u00e4ttigt (nass und weich) ist.<\/span><br \/><span style=\"font-family: arial, helvetica, sans-serif\">2. Achten Sie jeden Tag auf Feuchtigkeit, halten Sie Papier und Erde feucht und bel\u00fcftet.<\/span><br \/><span style=\"font-family: arial, helvetica, sans-serif\">3. Denken Sie daran, dass die Topfpflanzen aus Samenpapier an einem bel\u00fcfteten Ort (am Fensterbrett) oder auf einem abgeschirmten Balkon aufgestellt werden sollten, um m\u00e4\u00dfiges Sonnenlicht zu erhalten.<\/span><br \/><span style=\"font-family: arial, helvetica, sans-serif\">4. Beobachten Sie die Samenkugeln jeden Tag sorgf\u00e4ltig und warten Sie geduldig, bis aus den Samen kleine Knospen wachsen!<\/span><br \/><span style=\"font-family: arial, helvetica, sans-serif\">5. Die Samen werden mit dem Samenpapier abgedeckt, das feuchte Samenkugelpapier kann auch auseinandergerissen und in verschiedene Blumengef\u00e4\u00dfe gepflanzt werden.<\/span><br \/><span style=\"font-family: arial, helvetica, sans-serif\">6. Nachdem die S\u00e4mlinge erwachsen sind, k\u00f6nnen sie in tiefere\/gr\u00f6\u00dfere Blument\u00f6pfe umgepflanzt werden, die mit Erde bedeckt sind, um mehr Platz f\u00fcr das Wachstum zu schaffen, und eine angemessene Menge D\u00fcnger zur N\u00e4hrstoffversorgung bereitstellen, damit die Pflanzen weiter wachsen k\u00f6nnen!<\/span><\/p>\n<h3 style=\"font-size: 19px\"><span style=\"font-family: arial, helvetica, sans-serif;font-size: 18px\">Welche Vorteile bietet pflanzbares Saatpapier?<\/span><\/h3>\n<p><span style=\"font-family: arial, helvetica, sans-serif;font-size: 16px\">1. B\u00e4ume retten \u2013 Recyclingpapier ersetzt die Herstellung von frischem Zellstoff und gef\u00e4llte B\u00e4ume, die den Lebensraum der Wildtiere beeintr\u00e4chtigen.<\/span><\/p>\n<p><span style=\"font-family: arial, helvetica, sans-serif;font-size: 16px\">2. Ersetzen Sie Frischpapier und einige Einwegkunststoffe \u2013 dieses Papier eignet sich f\u00fcr besondere Anl\u00e4sse, Schreibwaren und kommerzielle Werbeartikel.<\/span><\/p>\n<p><span style=\"font-family: arial, helvetica, sans-serif;font-size: 16px\">3. Machen Sie selbst angebaute Kr\u00e4uter- und Gem\u00fcsesamen mehr Menschen zug\u00e4nglich \u2013 das tr\u00e4gt zur Reduzierung von Emissionen bei. In der Familie bauen die meisten Menschen gerne Gem\u00fcse und Blumen an, weil das selbst angebaute Gem\u00fcse s\u00fc\u00dfer und k\u00f6stlicher ist. Dar\u00fcber hinaus enthalten die Samen des Saatpapiers keine Pestizide und synthetischen D\u00fcngemittel f\u00fcr kommerzielle Nutzpflanzen, sodass die Aussaat sicherer ist.<\/span><\/p><\/p>","protected":false},"excerpt":{"rendered":"<p>6-teiliges Set aus Saatpapier, pflanzbares Saatpapier f\u00fcr Weihnachtsgeschenkanh\u00e4nger: Es ist ganz einfach \u2013 wir nehmen Ihnen das R\u00e4tselraten beim Z\u00fcchten von Wildblumen- und Bergahornsamen ab und begleiten Sie bei jedem Schritt des Weges. Alles, was Sie brauchen, um die Freude an Wildblumen und Bergahornb\u00e4umen in Ihr Leben oder das Ihrer Liebsten zu bringen, in einer wundersch\u00f6nen, individuell gestalteten Verpackung. Pflanze es!<\/p>","protected":false},"featured_media":12354,"comment_status":"open","ping_status":"closed","template":"","meta":[],"product_cat":[67],"product_tag":[509,510,511,512],"acf":[],"_links":{"self":[{"href":"https:\/\/www.garden-kit.com\/de\/wp-json\/wp\/v2\/product\/4001"}],"collection":[{"href":"https:\/\/www.garden-kit.com\/de\/wp-json\/wp\/v2\/product"}],"about":[{"href":"https:\/\/www.garden-kit.com\/de\/wp-json\/wp\/v2\/types\/product"}],"replies":[{"embeddable":true,"href":"https:\/\/www.garden-kit.com\/de\/wp-json\/wp\/v2\/comments?post=4001"}],"wp:featuredmedia":[{"embeddable":true,"href":"https:\/\/www.garden-kit.com\/de\/wp-json\/wp\/v2\/media\/12354"}],"wp:attachment":[{"href":"https:\/\/www.garden-kit.com\/de\/wp-json\/wp\/v2\/media?parent=4001"}],"wp:term":[{"taxonomy":"product_cat","embeddable":true,"href":"https:\/\/www.garden-kit.com\/de\/wp-json\/wp\/v2\/product_cat?post=4001"},{"taxonomy":"product_tag","embeddable":true,"href":"https:\/\/www.garden-kit.com\/de\/wp-json\/wp\/v2\/product_tag?post=4001"}],"curies":[{"name":"wp","href":"https:\/\/api.w.org\/{rel}","templated":true}]}}