{"id":4034,"date":"2022-10-19T14:04:54","date_gmt":"2022-10-19T06:04:54","guid":{"rendered":"https:\/\/www.garden-kit.com\/product\/herb-window-garden\/"},"modified":"2023-09-02T14:49:53","modified_gmt":"2023-09-02T06:49:53","slug":"herb-window-garden","status":"publish","type":"product","link":"https:\/\/www.garden-kit.com\/de\/product\/herb-window-garden\/","title":{"rendered":"Kr\u00e4uterfenstergarten"},"content":{"rendered":"<h1 class=\"product_title entry-title elementor-heading-title elementor-size-default\">Kr\u00e4uterfenstergarten<\/h1>\n<p><span style=\"font-family: arial, helvetica, sans-serif;\">Vanille ist eine Gew\u00fcrzpflanze mit hohem wirtschaftlichen Wert. Aufgrund seines starken und anhaltenden aromatischen Geruchs breitet es sich in Wohngebieten und Innenh\u00f6fen aus und kann die Umgebung reinigen. Dar\u00fcber hinaus hat Vanille eine besondere antiseptische, sterilisierende und insektenabweisende Wirkung und ist daher bei Menschen sehr beliebt. Liebe, Gunst. So bauen immer mehr Freunde Vanille an<\/span><\/p>\n<h3 style=\"font-size: 19px;\"><strong>\u00dcberblick<\/strong><\/h3>\n<table style=\"border-collapse: collapse; width: 100%;\" border=\"1\" cellspacing=\"0\">\n<tbody>\n<tr>\n<td style=\"line-height: 1.5;\" valign=\"top\" width=\"373\"><span style=\"font-family: arial, helvetica, sans-serif;\">Produktpflegehinweise<\/span><\/td>\n<td valign=\"top\" width=\"373\"><span style=\"font-family: arial, helvetica, sans-serif;\">Verf\u00fcgbar<\/span><\/td>\n<\/tr>\n<tr>\n<td style=\"line-height: 1.5;\" valign=\"top\" width=\"373\"><span style=\"font-family: arial, helvetica, sans-serif;\">Art des Pflanzenprodukts<\/span><\/td>\n<td valign=\"top\" width=\"373\"><span style=\"font-family: arial, helvetica, sans-serif;\">Kr\u00e4uter<\/span><\/td>\n<\/tr>\n<tr>\n<td style=\"line-height: 1.5;\" valign=\"top\" width=\"373\"><span style=\"font-family: arial, helvetica, sans-serif;\">Besondere Funktion<\/span><\/td>\n<td valign=\"top\" width=\"373\"><span style=\"font-family: arial, helvetica, sans-serif;\">Indoor-Outdoor-Anbau<\/span><\/td>\n<\/tr>\n<tr>\n<td style=\"line-height: 1.5;\" valign=\"top\" width=\"373\"><span style=\"font-family: arial, helvetica, sans-serif;\">Marke<\/span><\/td>\n<td valign=\"top\" width=\"373\"><span style=\"font-family: arial, helvetica, sans-serif;\">Garten-Kit<\/span><\/td>\n<\/tr>\n<tr>\n<td style=\"line-height: 1.5;\" valign=\"top\" width=\"373\"><span style=\"font-family: arial, helvetica, sans-serif;\">Herkunftsort<\/span><\/td>\n<td valign=\"top\" width=\"373\"><span style=\"font-family: arial, helvetica, sans-serif;\">Fujian, China<\/span><\/td>\n<\/tr>\n<tr>\n<td style=\"line-height: 1.5;\" valign=\"top\" width=\"373\"><span style=\"font-family: arial, helvetica, sans-serif;\">ODM\/OEM<\/span><\/td>\n<td valign=\"top\" width=\"373\"><span style=\"font-family: arial, helvetica, sans-serif;\">Verf\u00fcgbar<\/span><\/td>\n<\/tr>\n<tr>\n<td style=\"line-height: 1.5;\" valign=\"top\" width=\"373\"><span style=\"font-family: arial, helvetica, sans-serif;\">MOQ f\u00fcr kundenspezifische Bestellung<\/span><\/td>\n<td valign=\"top\" width=\"373\"><span style=\"font-family: arial, helvetica, sans-serif;\">3000 Stk<\/span><\/td>\n<\/tr>\n<tr>\n<td style=\"line-height: 1.5;\" valign=\"top\" width=\"373\"><span style=\"font-family: arial, helvetica, sans-serif;\">Beispielkosten<\/span><\/td>\n<td valign=\"top\" width=\"373\"><span style=\"font-family: arial, helvetica, sans-serif;\">US$400\/Sample, volle R\u00fccksendung nach der Bestellung bei uns<\/span><\/td>\n<\/tr>\n<\/tbody>\n<\/table>\n<h3 style=\"font-size: 19px;\"><strong><span style=\"font-family: Arial;\">Beschreibung<\/span><\/strong><\/h3>\n<p><span style=\"font-family: arial, helvetica, sans-serif;\">Vorbereitetes 34-teiliges Indoor-Kr\u00e4uter-Starter-Kit: Alles, was Sie brauchen, um die Freude am Anbau von wohlschmeckenden Kr\u00e4utern in Ihr Leben oder das Leben eines geliebten Menschen zu bringen. Es ist ganz einfach \u2013 unsere Vermutungen zum Anbau von Kr\u00e4utern aus Samen, die Sie bei jedem Schritt anleiten. Pflanze es!<\/span><\/p>\n<p><span style=\"font-family: arial, helvetica, sans-serif;\">Lassen Sie sich nicht dadurch einschr\u00e4nken, wie viel Platz zum Wachsen ben\u00f6tigt wird. Love Gardening ist kein Patentrezept f\u00fcr gro\u00dfe G\u00e4rten. Ich denke, selbst ein Hauch von Gr\u00fcn auf einem kleinen Fensterbrett mit zerbrochenen Ziegeln und alten Fliesen, solange man es mit dem Herzen bew\u00e4ssert, ist man der Beste auf der Welt. G\u00e4rtner ~ Egal wie klein Sie sind, Sie k\u00f6nnen einen Kr\u00e4utergarten haben.<\/span><\/p>\n<p>&nbsp;<\/p>\n<h3 style=\"font-size: 19px;\"><strong><span style=\"font-family: Arial;\">Die folgenden Artikel sind im Kit enthalten.<\/span><\/strong><\/h3>\n<p><span style=\"font-family: arial, helvetica, sans-serif;\">9 T\u00f6pfe aus Bambusfaser<\/span><\/p>\n<p><span style=\"font-family: arial, helvetica, sans-serif;\">3 vorged\u00fcngte Bodendis<\/span><\/p>\n<p><span style=\"font-family: arial, helvetica, sans-serif;\">9 frisch bleibende Saatpakete<\/span><\/p>\n<p><span style=\"font-family: arial, helvetica, sans-serif;\">9 Pflanzenmarker aus Bambus<\/span><\/p>\n<p><span style=\"font-family: arial, helvetica, sans-serif;\">1 Schritt-f\u00fcr-Schritt-Anleitung zum Pflanzen<\/span><\/p>\n<p><span style=\"font-family: arial, helvetica, sans-serif;\">1 personalisierte Geschenkbox<\/span><\/p>\n<p><span style=\"font-family: arial, helvetica, sans-serif;\">\u00a0<\/span><\/p>\n<h3 style=\"line-height: 1.5;\"><span style=\"font-family: arial, helvetica, sans-serif;\">Hauptmerkmale, die uns auszeichnen:<\/span><\/h3>\n<p style=\"line-height: 1.5;\"><span style=\"font-family: arial, helvetica, sans-serif;\"><strong>1\u3001Ma\u00dfgeschneiderte Begr\u00fcnung:<\/strong> Bei Herb Window Garden wissen wir, dass die Vision jedes G\u00e4rtners einzigartig ist. Unser Engagement f\u00fcr Individualisierung erm\u00f6glicht es Ihnen, Ihren eigenen Innengarten zu gestalten, der auf Ihre Vorlieben und den verf\u00fcgbaren Platz zugeschnitten ist. Egal, ob Sie eine kompakte kulinarische Sammlung oder ein \u00fcppiges Kr\u00e4uterparadies suchen, wir haben das Richtige f\u00fcr Sie.<\/span><\/p>\n<p style=\"line-height: 1.5;\"><span style=\"font-family: arial, helvetica, sans-serif;\"><strong>2\u3001Expertenhandwerk:<\/strong> Als Beweis unserer Fachkompetenz sind wir eine engagierte Fabrik, die sich auf die Herstellung von Gartenl\u00f6sungen spezialisiert hat. Unsere erfahrenen Kunsthandwerker stecken ihre Leidenschaft in die Schaffung eines Produkts, das Form und Funktion nahtlos vereint. Mit dem Herb Window Garden kaufen Sie nicht nur ein Produkt \u2013 Sie investieren in ein Kunstwerk, das das Leben n\u00e4hrt.<\/span><\/p>\n<p style=\"line-height: 1.5;\"><span style=\"font-family: arial, helvetica, sans-serif;\"><strong>3\u3001Hohe Keimraten:<\/strong> Wir legen gro\u00dfen Wert auf die Beschaffung und Pr\u00fcfung unserer Samen, um sicherzustellen, dass sie eine au\u00dfergew\u00f6hnliche Keimrate aufweisen. Erleben Sie, wie Ihr Garten zum Leben erwacht, wenn unsere sorgf\u00e4ltig ausgew\u00e4hlten Samen vor Vitalit\u00e4t strotzen und eine Symphonie aus Farben, Texturen und D\u00fcften erzeugen.<\/span><\/p>\n<p style=\"line-height: 1.5;\"><span style=\"font-family: arial, helvetica, sans-serif;\"><strong>4\u3001Reichhaltige Samensorten:<\/strong> Ihrer Fantasie sind keine Grenzen gesetzt, wenn es um unser vielf\u00e4ltiges Saatgutsortiment geht. Von klassischem Basilikum und kr\u00e4ftigem Rosmarin bis hin zu exotischem Thai-Basilikum und wohltuender Kamille \u2013 unser breites Samenspektrum bietet f\u00fcr jeden Geschmack und Zweck etwas. Mit dem Herb Window Garden k\u00f6nnen Sie einen Garten anlegen, der Ihrem pers\u00f6nlichen Geschmack und Ihren kulinarischen Vorlieben entspricht.<\/span><\/p>\n<p style=\"line-height: 1.5;\"><span style=\"font-family: arial, helvetica, sans-serif;\"><strong>5\u3001Zertifizierte Exzellenz:<\/strong> Ihr Seelenfrieden ist f\u00fcr uns von gr\u00f6\u00dfter Bedeutung. Unsere Produkte unterliegen einer strengen Qualit\u00e4tskontrolle und haben verschiedene Zertifizierungen erhalten, die ihre Sicherheit, Nachhaltigkeit und ethische Beschaffung bescheinigen. Sie k\u00f6nnen Ihre Pflanzen mit Zuversicht pflegen und wissen, dass sie in einer verantwortungsvollen und gewissenhaften Umgebung gedeihen.<\/span><\/p>\n<p><span style=\"font-family: arial, helvetica, sans-serif;\">Pot It: 9 wiederverwendbare T\u00f6pfe \u2013 die richtige Gr\u00f6\u00dfe f\u00fcr Setzlinge, mit ausreichend Drainage und innovativen Auffangschalen. Speichern und wiederverwenden. <\/span><\/p>\n<p><span style=\"font-family: arial, helvetica, sans-serif;\">F\u00fcttern: 3 n\u00e4hrstoffreiche Erdscheiben \u2013 f\u00fcgen Sie Wasser hinzu und sie schwellen auf das 6-8-fache ihrer urspr\u00fcnglichen Gr\u00f6\u00dfe an. Vord\u00fcngen.<\/span><\/p>\n<p><span style=\"font-family: arial, helvetica, sans-serif;\">Grow It: 9 Packungen Premium-Samen \u2013 Enth\u00e4lt 9 verschiedene Kr\u00e4uter: Dill, Basilikum, Schnittlauch, Thymian, Petersilie, Oregano, Koriander, Salbei und Senf. Alle Samen werden auf h\u00f6chste Keimraten getestet.<\/span><\/p>\n<p><span style=\"font-family: arial, helvetica, sans-serif;\">Markieren Sie es: 9 Bambusmarker \u2013 Marker helfen Ihnen, Ihre S\u00e4mlinge zu identifizieren, w\u00e4hrend sie wachsen. <\/span><\/p>\n<p><span style=\"font-family: arial, helvetica, sans-serif;\">Ace it: How To Use \u2013 Wir f\u00fchren Sie Schritt f\u00fcr Schritt durch, damit Sie fabelhafte Kr\u00e4uter anbauen k\u00f6nnen.<\/span><\/p>\n<p><span style=\"font-family: arial, helvetica, sans-serif;\">Pflanzen Sie Ihren Weg der Freude: Lieben Sie es oder Sie erhalten Ihr Geld zur\u00fcck! Sollten Sie bei irgendeinem Aspekt des Prozesses auf Schwierigkeiten sto\u00dfen, z\u00f6gern Sie bitte nicht, uns zu kontaktieren. Wir sind bestrebt, Ihnen zu helfen, bis Sie die gew\u00fcnschten Ergebnisse erzielen. Wenn unser Kit jedoch von schlechter Qualit\u00e4t ist, erstatten wir Ihnen 100% Ihres Geldes.<\/span><\/p>\n<h3 style=\"font-size: 19px;\"><span style=\"font-family: arial, helvetica, sans-serif;\">Keimbedingungen f\u00fcr Vanillesamen<\/span><\/h3>\n<p><span style=\"font-family: arial, helvetica, sans-serif;\">Neben den inneren Bedingungen f\u00fcr die vollst\u00e4ndige Entwicklung von Vanillesamen erfordert die Keimung von Vanillesamen auch das Zusammenwirken geeigneter Umweltbedingungen. Zu den sogenannten Umweltbedingungen z\u00e4hlen vor allem Feuchtigkeit, Temperatur, Luft und Licht.<\/span><\/p>\n<p><span style=\"font-family: arial, helvetica, sans-serif;\">1. Feuchtigkeit:<\/span><br \/>\n<span style=\"font-family: arial, helvetica, sans-serif;\">Damit Vanillesamen keimen k\u00f6nnen, ist Feuchtigkeit ein absolutes Muss. Mit Wasser k\u00f6nnen Enzyme aktiv werden, in Samen gespeicherte N\u00e4hrstoffe k\u00f6nnen hydrolysiert werden, um Wirkungen zu erzielen, und Zellen k\u00f6nnen sich ausdehnen und verl\u00e4ngern.<\/span><\/p>\n<p><span style=\"font-family: arial, helvetica, sans-serif;\">2. Sauerstoff:<\/span><br \/>\n<span style=\"font-family: arial, helvetica, sans-serif;\">Wenn sich Vanillesamen zu bewegen beginnen, ben\u00f6tigen sie Sauerstoff. Wenn Sie also beim Pflanzen zu viel gie\u00dfen, verfaulen die Vanillesamen aufgrund des Sauerstoffmangels. Nur wenige Wasserpflanzen k\u00f6nnen unter Sauerstoffmangel keimen.<\/span><\/p>\n<p><span style=\"font-family: arial, helvetica, sans-serif;\">3. Temperatur:<\/span><br \/>\n<span style=\"font-family: arial, helvetica, sans-serif;\">Die Keimtemperatur pflanzlicher Vanillesamen kann zwischen 0 und 40 \u00b0C liegen, aber jede Pflanze hat ihre eigene Keimtemperatur, die f\u00fcr die Keimung am besten geeignet ist. Die optimale Temperatur f\u00fcr die Keimung von Pflanzen variiert je nach Herkunftsort. Im Allgemeinen liegt die optimale Temperatur f\u00fcr gem\u00e4\u00dfigte Pflanzen bei 15\u201320 \u00b0C und f\u00fcr subtropische und tropische Pflanzen bei 25\u201330 \u00b0C.<\/span><\/p>\n<p><span style=\"font-family: arial, helvetica, sans-serif;\">4. Licht:<\/span><br \/>\n<span style=\"font-family: arial, helvetica, sans-serif;\">Die Samen mancher Vanillepflanzen brauchen Licht zum Keimen, bei manchen Pflanzen ist es genau umgekehrt. Erstere werden lichtliebende Samen genannt, letztere lichtscheue Samen. Deshalb sollten Sie nach der Aussaat die Lichtvorlieben und -abneigungen der Pflanze ber\u00fccksichtigen, um zu entscheiden, ob Sie den Boden bedecken oder nicht. In der Regel k\u00f6nnen kleine Vanillesamen aufgrund der fehlenden N\u00e4hrstoffspeicherung nur an der Oberfl\u00e4che keimen, was nicht ausreicht, um das Keimwachstum aus dem Boden zu unterst\u00fctzen, und die meisten von ihnen geh\u00f6ren zu den lichtliebenden Arten.<\/span><\/p>\n<p><span style=\"font-family: arial, helvetica, sans-serif;\">Vanille-Topfpflanzen dienen nicht nur zum Ansehen, sondern auch zum Zubereiten von Tee, zum Zubereiten von K\u00f6stlichkeiten usw. Wenn die langen Zweige und Bl\u00e4tter \u00fcppig sind, dann ist es die Zeit, in der wir ernten. Wir k\u00f6nnen einige zu \u00fcppige Zweige und Bl\u00e4tter pfl\u00fccken und auch B\u00e4ume kultivieren Laut Blumen werden gekr\u00f6nt, um die Keimung neuer Zweige zu f\u00f6rdern, sodass die Pflanzenform sch\u00f6ner wird, die Zweige und Bl\u00e4tter \u00fcppiger sind und mehr geerntete Materialien vorhanden sind, wodurch zwei Fliegen mit einer Klappe geschlagen werden<\/span><\/p>\n<p style=\"line-height: 1.5;\"><strong><span style=\"font-family: arial, helvetica, sans-serif;\">Ihre Vision, unsere Mission:<\/span><\/strong><\/p>\n<p style=\"line-height: 1.5;\"><span style=\"font-family: arial, helvetica, sans-serif;\">Stellen Sie sich eine Fensterbank vor, die mit duftenden Basilikumbl\u00e4ttern, bl\u00fchender Minze und zarten Lavendelbl\u00fcten geschm\u00fcckt ist. Mit dem Herb Window Garden wird diese Vision zu Ihrer Realit\u00e4t. Als Branchenprofis bieten wir Ihnen die M\u00f6glichkeit, sich auf eine Gartenreise zu begeben, die Ihre Einzigartigkeit feiert und Sie mit der Natur im Herzen Ihres Zuhauses verbindet.<\/span><\/p>\n<p style=\"line-height: 1.5;\"><span style=\"font-family: arial, helvetica, sans-serif;\">Individualisierung ist unser Markenzeichen. Exzellenz ist unser Standard. Die Sch\u00f6nheit der Natur ist unsere Leinwand. Willkommen im Kr\u00e4uterfenstergarten \u2013 wo das Leben bl\u00fcht und Tr\u00e4ume Wurzeln schlagen.<\/span><\/p>\n<p style=\"line-height: 1.5;\"><span style=\"font-family: arial, helvetica, sans-serif;\">Kontaktieren Sie uns noch heute, um Ihr pers\u00f6nliches Indoor-Gartenabenteuer zu beginnen. Entdecken Sie die Magie des Kr\u00e4uterfenstergartens und erleben Sie die Freude, Ihr ganz pers\u00f6nliches St\u00fcck Natur direkt auf Knopfdruck zu kultivieren.<\/span><\/p>","protected":false},"excerpt":{"rendered":"<p>Vorbereitetes 34-teiliges Kr\u00e4uter-Fenstergarten-Set: Alles, was Sie brauchen, um die Freude am Anbau von herzhaften Kr\u00e4utern in Ihr Leben oder das Leben eines geliebten Menschen zu bringen. Es ist ganz einfach: Unsere Vermutungen zum Anbau von Kr\u00e4utern aus Samen begleiten Sie bei jedem Schritt. Pflanze es!<\/p>","protected":false},"featured_media":16097,"comment_status":"closed","ping_status":"closed","template":"","meta":[],"product_cat":[50],"product_tag":[233,394,393,395,55,51,392],"acf":[],"_links":{"self":[{"href":"https:\/\/www.garden-kit.com\/de\/wp-json\/wp\/v2\/product\/4034"}],"collection":[{"href":"https:\/\/www.garden-kit.com\/de\/wp-json\/wp\/v2\/product"}],"about":[{"href":"https:\/\/www.garden-kit.com\/de\/wp-json\/wp\/v2\/types\/product"}],"replies":[{"embeddable":true,"href":"https:\/\/www.garden-kit.com\/de\/wp-json\/wp\/v2\/comments?post=4034"}],"wp:featuredmedia":[{"embeddable":true,"href":"https:\/\/www.garden-kit.com\/de\/wp-json\/wp\/v2\/media\/16097"}],"wp:attachment":[{"href":"https:\/\/www.garden-kit.com\/de\/wp-json\/wp\/v2\/media?parent=4034"}],"wp:term":[{"taxonomy":"product_cat","embeddable":true,"href":"https:\/\/www.garden-kit.com\/de\/wp-json\/wp\/v2\/product_cat?post=4034"},{"taxonomy":"product_tag","embeddable":true,"href":"https:\/\/www.garden-kit.com\/de\/wp-json\/wp\/v2\/product_tag?post=4034"}],"curies":[{"name":"wp","href":"https:\/\/api.w.org\/{rel}","templated":true}]}}