{"id":4052,"date":"2022-10-19T14:09:36","date_gmt":"2022-10-19T06:09:36","guid":{"rendered":"https:\/\/www.garden-kit.com\/product\/herb-garden-seeds-for-planting-2\/"},"modified":"2023-03-31T14:56:29","modified_gmt":"2023-03-31T06:56:29","slug":"herb-garden-seeds-for-planting","status":"publish","type":"product","link":"https:\/\/www.garden-kit.com\/de\/product\/herb-garden-seeds-for-planting\/","title":{"rendered":"Kr\u00e4utergartensamen zum Pflanzen"},"content":{"rendered":"<p><span style=\"font-family: arial, helvetica, sans-serif;font-size: 16px\">Vanille ist eine Gew\u00fcrzpflanze, die aromatische \u00e4therische \u00d6le, Antioxidantien und Fungizide enth\u00e4lt. Es kann nicht nur M\u00fccken und Fliegen abwehren, sondern auch die Umwelt versch\u00f6nern, die Luft reinigen und das Wohnzimmer versch\u00f6nern. Es wird auch h\u00e4ufig in den Bereichen Sch\u00f6nheit, Baden, Ern\u00e4hrung und medizinische Behandlung eingesetzt. Vanille stammt urspr\u00fcnglich aus Mexiko, und die alten Mesoamerikaner bauten einst in gro\u00dfem Umfang Vanille an. Im europ\u00e4ischen Gartenbau nimmt die europ\u00e4ische Vanille eine sehr wichtige Stellung ein. Viele Gartenbauabteilungen und Vanilleliebhaber in Europa verf\u00fcgen meist \u00fcber eigene botanische Kr\u00e4uterg\u00e4rten. Diese Menschen pflanzen verschiedene Kr\u00e4uter in ihren eigenen botanischen G\u00e4rten. Lassen Sie die Vanille das ganze Jahr \u00fcber eine Vielzahl von Aromen verstr\u00f6men, die den Menschen ein erfrischendes Gef\u00fchl geben. Kr\u00e4uter wie Lavendel, Rosmarin, Thymian und Patschuli sind bei Fashionistas schon lange begehrt<\/span><\/p>\n<h3 style=\"font-size: 19px\"><span style=\"font-family: arial, helvetica, sans-serif;font-size: 16px\"><strong>\u00dcberblick<\/strong><\/span><\/h3>\n<table border=\"1\" cellspacing=\"0\" style=\"border-collapse: collapse;width: 100%;height: 269px\">\n<tbody>\n<tr style=\"height: 31px\">\n<td valign=\"top\" width=\"373\" style=\"width: 49.3386%;height: 31px\">\n<p><span style=\"font-family: arial, helvetica, sans-serif;font-size: 16px\">Produktpflegehinweise<\/span><\/p>\n<\/td>\n<td valign=\"top\" width=\"373\" style=\"width: 49.3386%;height: 31px\">\n<p><span style=\"font-family: arial, helvetica, sans-serif;font-size: 16px\">Verf\u00fcgbar<\/span><\/p>\n<\/td>\n<\/tr>\n<tr style=\"height: 31px\">\n<td valign=\"top\" width=\"373\" style=\"width: 49.3386%;height: 31px\">\n<p><span style=\"font-family: arial, helvetica, sans-serif;font-size: 16px\">Art des Pflanzenprodukts<\/span><\/p>\n<\/td>\n<td valign=\"top\" width=\"373\" style=\"width: 49.3386%;height: 31px\">\n<p><span style=\"font-family: arial, helvetica, sans-serif;font-size: 16px\">Kr\u00e4uter<\/span><\/p>\n<\/td>\n<\/tr>\n<tr style=\"height: 31px\">\n<td valign=\"top\" width=\"373\" style=\"width: 49.3386%;height: 31px\">\n<p><span style=\"font-family: arial, helvetica, sans-serif;font-size: 16px\">Besondere Funktion<\/span><\/p>\n<\/td>\n<td valign=\"top\" width=\"373\" style=\"width: 49.3386%;height: 31px\">\n<p><span style=\"font-family: arial, helvetica, sans-serif;font-size: 16px\">Indoor-Outdoor-Anbau<\/span><\/p>\n<\/td>\n<\/tr>\n<tr style=\"height: 31px\">\n<td valign=\"top\" width=\"373\" style=\"width: 49.3386%;height: 31px\">\n<p><span style=\"font-family: arial, helvetica, sans-serif;font-size: 16px\">Marke<\/span><\/p>\n<\/td>\n<td valign=\"top\" width=\"373\" style=\"width: 49.3386%;height: 31px\">\n<p><span style=\"font-family: arial, helvetica, sans-serif;font-size: 16px\">Garten-Kit<\/span><\/p>\n<\/td>\n<\/tr>\n<tr style=\"height: 31px\">\n<td valign=\"top\" width=\"373\" style=\"width: 49.3386%;height: 31px\">\n<p><span style=\"font-family: arial, helvetica, sans-serif;font-size: 16px\">Herkunftsort<\/span><\/p>\n<\/td>\n<td valign=\"top\" width=\"373\" style=\"width: 49.3386%;height: 31px\">\n<p><span style=\"font-family: arial, helvetica, sans-serif;font-size: 16px\">Fujian, China<\/span><\/p>\n<\/td>\n<\/tr>\n<tr style=\"height: 31px\">\n<td valign=\"top\" width=\"373\" style=\"width: 49.3386%;height: 31px\">\n<p><span style=\"font-family: arial, helvetica, sans-serif;font-size: 16px\">ODM\/OEM<\/span><\/p>\n<\/td>\n<td valign=\"top\" width=\"373\" style=\"width: 49.3386%;height: 31px\">\n<p><span style=\"font-family: arial, helvetica, sans-serif;font-size: 16px\">Verf\u00fcgbar<\/span><\/p>\n<\/td>\n<\/tr>\n<tr style=\"height: 31px\">\n<td valign=\"top\" width=\"373\" style=\"width: 49.3386%;height: 31px\">\n<p><span style=\"font-family: arial, helvetica, sans-serif;font-size: 16px\">MOQ f\u00fcr kundenspezifische Bestellung<\/span><\/p>\n<\/td>\n<td valign=\"top\" width=\"373\" style=\"width: 49.3386%;height: 31px\">\n<p><span style=\"font-family: arial, helvetica, sans-serif;font-size: 16px\">3000 Stk<\/span><\/p>\n<\/td>\n<\/tr>\n<tr style=\"height: 52px\">\n<td valign=\"top\" width=\"373\" style=\"width: 49.3386%;height: 52px\">\n<p><span style=\"font-family: arial, helvetica, sans-serif;font-size: 16px\">Beispielkosten<\/span><\/p>\n<\/td>\n<td valign=\"top\" width=\"373\" style=\"width: 49.3386%;height: 52px\">\n<p><span style=\"font-family: arial, helvetica, sans-serif;font-size: 16px\">US$400\/Sample, volle R\u00fccksendung nach einer Bestellung bei uns<\/span><\/p>\n<\/td>\n<\/tr>\n<\/tbody>\n<\/table>\n<p><span style=\"font-family: arial, helvetica, sans-serif;font-size: 16px\">&nbsp;<\/span><\/p>\n<p><span style=\"font-family: arial, helvetica, sans-serif;font-size: 16px\">Vanille hat viele Funktionen. Es hat beispielsweise die Wirkung, die Luft zu reinigen. Sie k\u00f6nnen ein oder zwei Vanillepflanzen in den Raum stellen oder sie zum Sterilisieren in den Kleiderschrank oder das Kissen legen. Zweitens kann es auch zur Herstellung \u00e4therischer \u00d6le verwendet werden, die eine Sch\u00f6nheits- und Sch\u00f6nheitswirkung erzielen k\u00f6nnen, und schlie\u00dflich kann es auch das Qi regulieren, das Sehverm\u00f6gen verbessern und einige kleinere Krankheiten behandeln.<\/span><\/p>\n<p><span style=\"font-family: arial, helvetica, sans-serif;font-size: 16px\">&nbsp;<\/span><\/p>\n<h3 style=\"font-size: 19px\"><span style=\"font-family: arial, helvetica, sans-serif;font-size: 16px\"><strong>Beschreibung<\/strong><\/span><\/h3>\n<p><span style=\"font-family: arial, helvetica, sans-serif;font-size: 16px\">Vorbereitetes 21-teiliges Kr\u00e4uter-Starter-Set f\u00fcr den Innenbereich: Alles, was Sie brauchen, um die Freude am Anbau von herzhaften Kr\u00e4utern in Ihr Leben oder das Leben eines geliebten Menschen zu bringen. Es ist ganz einfach: Unsere Vermutungen zum Anbau von Kr\u00e4utern aus Samen begleiten Sie bei jedem Schritt. Pflanze es!<\/span><\/p>\n<p><span style=\"font-family: arial, helvetica, sans-serif;font-size: 16px\">&nbsp;<\/span><\/p>\n<h3 style=\"font-size: 19px\"><span style=\"font-family: arial, helvetica, sans-serif;font-size: 16px\"><strong>Die folgenden Artikel sind im Kit enthalten.<\/strong><\/span><\/h3>\n<p><span style=\"font-family: arial, helvetica, sans-serif;font-size: 16px\">10 frisch bleibende Samenp\u00e4ckchen<\/span><\/p>\n<p><span style=\"font-family: arial, helvetica, sans-serif;font-size: 16px\">10 Bambus-Pflanzenmarker<\/span><\/p>\n<p><span style=\"font-family: arial, helvetica, sans-serif;font-size: 16px\">1 Schritt-f\u00fcr-Schritt-Anleitung zum Pflanzen<\/span><\/p>\n<p><span style=\"font-family: arial, helvetica, sans-serif;font-size: 16px\">1 Geschenkbox mit Pflanzgef\u00e4\u00dfen aus Holz<\/span><\/p>\n<p><span style=\"font-family: arial, helvetica, sans-serif;font-size: 16px\">&nbsp;<\/span><\/p>\n<p><span style=\"font-family: arial, helvetica, sans-serif;font-size: 16px\">Bauen Sie Ihren eigenen Kr\u00e4utergarten auf der Fensterbank an: Dieses Kr\u00e4utergarten-Set enth\u00e4lt 10 alte Kr\u00e4utersamen f\u00fcr Zimmerpflanzen, mit denen Sie Ihren eigenen bl\u00fchenden Hausgarten anlegen k\u00f6nnen. Zu den gentechnikfreien Samen dieses Kr\u00e4utersets f\u00fcr den Innenbereich geh\u00f6ren Genovese-Basilikum, Schnittlauch, Koriander (oder Koriander), Dill, Oregano, gro\u00dfbl\u00e4ttrige italienische Petersilie, Salbei, englischer Thymian, Rucola und Minze (oder Minze). Peppen Sie Ihre Mahlzeiten auf, indem Sie selbst angebaute Aromen hinzuf\u00fcgen \u2013 der Anbau dieser Kr\u00e4uter f\u00fcr den Innengarten sollte den Zweck erf\u00fcllen!<\/span><\/p>\n<p><span style=\"font-family: arial, helvetica, sans-serif;font-size: 16px\">&nbsp;<\/span><\/p>\n<p><span style=\"font-family: arial, helvetica, sans-serif;font-size: 16px\">Experten-Wachstumsunterst\u00fctzung: Bei der Unterst\u00fctzung haben wir unser Bestes gegeben. Wir wissen, dass viele unserer Kunden neu im Gartenbau sind und sind f\u00fcr Sie da. Unser Kr\u00e4utergarten-Starter-Kit umfasst ein Team von Gartenexperten und Landschaftsg\u00e4rtnern, die Fragen zu unseren Kr\u00e4uter-Kits beantworten, Grower-Hilfsbots \u00fcber FB Messenger, detaillierte Anweisungen, eine private FB-Grower-Community und Lehrvideos.<\/span><\/p>\n<p><span style=\"font-family: arial, helvetica, sans-serif;font-size: 16px\">&nbsp;<\/span><\/p>\n<p><span style=\"font-family: arial, helvetica, sans-serif;font-size: 16px\">IMMER IN China gewachsen: Beim Gartenset werden die Samen in unseren Kr\u00e4utergarten-Samensets alle in China angebaut und auf Keimf\u00e4higkeit getestet, bevor sie in ein Samenset gegeben werden. Egal, ob Sie ein Indoor-Gartenexperte sind oder Ihre erste Basilikum- oder Minzpflanze anbauen, unsere hochwertigen hauseigenen Kr\u00e4utergartensamen k\u00f6nnen Ihnen dabei helfen, erfolgreich die frischesten K\u00fcchenkr\u00e4uter zu produzieren.<\/span><\/p>\n<p><span style=\"font-family: arial, helvetica, sans-serif;font-size: 16px\">&nbsp;<\/span><\/p>\n<p><span style=\"font-family: arial, helvetica, sans-serif;font-size: 16px\">Einzigartige G\u00e4rtnergeschenke f\u00fcr Pflanzenliebhaber: Unsere Kr\u00e4uterset-Samen sind das perfekte Gartengeschenk f\u00fcr Frauen, veganes Geschenk, Einweihungspflanzengeschenk, einzigartiges Geschenk f\u00fcr M\u00e4nner oder B\u00fcrogeschenk. K\u00f6che und Kochbegeisterte werden die Samen in diesem Kr\u00e4utergarten-Starterset f\u00fcr den Innenbereich lieben, ebenso wie Hobbyg\u00e4rtner und Pflanzenm\u00fctter! Diese Kr\u00e4uter k\u00f6nnen drinnen oder drau\u00dfen angebaut werden \u2013 auf der Fensterbank, der K\u00fcchenarbeitsplatte oder der Terrasse \u2013 oder sp\u00e4ter sogar nach drau\u00dfen gebracht werden. Es ist ein Geschenk, das immer wieder gegeben wird!<\/span><\/p>\n<p><span style=\"font-family: arial, helvetica, sans-serif;font-size: 16px\">&nbsp;<\/span><\/p>\n<p><span style=\"font-family: arial, helvetica, sans-serif;font-size: 16px\">Warum Gartenset: Unser Ziel ist es, die Kunst des Pflanzenanbaus einfach und unkompliziert zu gestalten. f\u00fcr jedermann zug\u00e4nglich. Wir begannen als erfahrenes Familienunternehmen, das sich auf die Entwicklung sicherer, nachhaltiger Produkte konzentrierte, denen Sie vertrauen k\u00f6nnen \u2013 eine Praxis, die bis heute anh\u00e4lt.<\/span><\/p><\/p>","protected":false},"excerpt":{"rendered":"<p>Vorbereitetes 21-teiliges Indoor-Kr\u00e4uter-Starter-Kit: Alles, was Sie brauchen, um die Freude am Anbau von wohlschmeckenden Kr\u00e4utern in Ihr Leben oder das Leben eines geliebten Menschen zu bringen. Es ist ganz einfach \u2013 unsere Vermutungen zum Anbau von Kr\u00e4utern aus Samen, die Sie bei jedem Schritt anleiten. Pflanze es!<\/p>","protected":false},"featured_media":12321,"comment_status":"open","ping_status":"closed","template":"","meta":[],"product_cat":[50],"product_tag":[495,508,179,181,496,515],"acf":[],"_links":{"self":[{"href":"https:\/\/www.garden-kit.com\/de\/wp-json\/wp\/v2\/product\/4052"}],"collection":[{"href":"https:\/\/www.garden-kit.com\/de\/wp-json\/wp\/v2\/product"}],"about":[{"href":"https:\/\/www.garden-kit.com\/de\/wp-json\/wp\/v2\/types\/product"}],"replies":[{"embeddable":true,"href":"https:\/\/www.garden-kit.com\/de\/wp-json\/wp\/v2\/comments?post=4052"}],"wp:featuredmedia":[{"embeddable":true,"href":"https:\/\/www.garden-kit.com\/de\/wp-json\/wp\/v2\/media\/12321"}],"wp:attachment":[{"href":"https:\/\/www.garden-kit.com\/de\/wp-json\/wp\/v2\/media?parent=4052"}],"wp:term":[{"taxonomy":"product_cat","embeddable":true,"href":"https:\/\/www.garden-kit.com\/de\/wp-json\/wp\/v2\/product_cat?post=4052"},{"taxonomy":"product_tag","embeddable":true,"href":"https:\/\/www.garden-kit.com\/de\/wp-json\/wp\/v2\/product_tag?post=4052"}],"curies":[{"name":"wp","href":"https:\/\/api.w.org\/{rel}","templated":true}]}}