{"id":4079,"date":"2022-10-19T14:22:10","date_gmt":"2022-10-19T06:22:10","guid":{"rendered":"https:\/\/www.garden-kit.com\/product\/indoor-herb-garden-starter-kit-certified-usda-organic-non-gmo\/"},"modified":"2023-03-31T15:02:29","modified_gmt":"2023-03-31T07:02:29","slug":"indoor-gardening-starter-it","status":"publish","type":"product","link":"https:\/\/www.garden-kit.com\/de\/product\/indoor-gardening-starter-it\/","title":{"rendered":"Indoor-Garten-Starter-Kit"},"content":{"rendered":"<h3 style=\"font-size: 19px\"><span style=\"font-family: arial, helvetica, sans-serif\">\u00dcberblick<\/span><span style=\"font-family: arial, helvetica, sans-serif\"><\/span><\/h3>\n<table border=\"1\" cellspacing=\"0\" style=\"border-collapse: collapse;width: 100%\">\n<tbody>\n<tr>\n<td valign=\"top\" width=\"373\">\n<p><span style=\"font-family: arial, helvetica, sans-serif\">Produktpflegehinweise<\/span><\/p>\n<\/td>\n<td valign=\"top\" width=\"373\">\n<p><span style=\"font-family: arial, helvetica, sans-serif\">Verf\u00fcgbar<\/span><\/p>\n<\/td>\n<\/tr>\n<tr>\n<td valign=\"top\" width=\"373\">\n<p><span style=\"font-family: arial, helvetica, sans-serif\">Art des Pflanzenprodukts<\/span><\/p>\n<\/td>\n<td valign=\"top\" width=\"373\">\n<p><span style=\"font-family: arial, helvetica, sans-serif\">Kr\u00e4uter<\/span><\/p>\n<\/td>\n<\/tr>\n<tr>\n<td valign=\"top\" width=\"373\">\n<p><span style=\"font-family: arial, helvetica, sans-serif\">Besondere Funktion<\/span><\/p>\n<\/td>\n<td valign=\"top\" width=\"373\">\n<p><span style=\"font-family: arial, helvetica, sans-serif\">Indoor-Outdoor-Anbau<\/span><\/p>\n<\/td>\n<\/tr>\n<tr>\n<td valign=\"top\" width=\"373\">\n<p><span style=\"font-family: arial, helvetica, sans-serif\">Marke<\/span><\/p>\n<\/td>\n<td valign=\"top\" width=\"373\">\n<p><span style=\"font-family: arial, helvetica, sans-serif\">Garten-Kit<\/span><\/p>\n<\/td>\n<\/tr>\n<tr>\n<td valign=\"top\" width=\"373\">\n<p><span style=\"font-family: arial, helvetica, sans-serif\">Herkunftsort<\/span><\/p>\n<\/td>\n<td valign=\"top\" width=\"373\">\n<p><span style=\"font-family: arial, helvetica, sans-serif\">Fujian, China<\/span><\/p>\n<\/td>\n<\/tr>\n<tr>\n<td valign=\"top\" width=\"373\">\n<p><span style=\"font-family: arial, helvetica, sans-serif\">ODM\/OEM<\/span><\/p>\n<\/td>\n<td valign=\"top\" width=\"373\">\n<p><span style=\"font-family: arial, helvetica, sans-serif\">Verf\u00fcgbar<\/span><\/p>\n<\/td>\n<\/tr>\n<tr>\n<td valign=\"top\" width=\"373\">\n<p><span style=\"font-family: arial, helvetica, sans-serif\">MOQ f\u00fcr kundenspezifische Bestellung<\/span><\/p>\n<\/td>\n<td valign=\"top\" width=\"373\">\n<p><span style=\"font-family: arial, helvetica, sans-serif\">3000 Stk<\/span><\/p>\n<\/td>\n<\/tr>\n<tr>\n<td valign=\"top\" width=\"373\">\n<p><span style=\"font-family: arial, helvetica, sans-serif\">Beispielkosten<\/span><\/p>\n<\/td>\n<td valign=\"top\" width=\"373\">\n<p><span style=\"font-family: arial, helvetica, sans-serif\">US$400\/Sample, volle R\u00fccksendung nach einer Bestellung bei uns<\/span><\/p>\n<\/td>\n<\/tr>\n<\/tbody>\n<\/table>\n<p><span style=\"font-family: arial, helvetica, sans-serif\">&nbsp;<\/span><\/p>\n<h3 style=\"font-size: 19px\"><span style=\"font-family: arial, helvetica, sans-serif\">Beschreibung<\/span><\/h3>\n<p><span style=\"font-family: arial, helvetica, sans-serif\">Vorbereitetes 23-teiliges Kr\u00e4uter-Starter-Set f\u00fcr den Innenbereich: Alles, was Sie brauchen, um die Freude am Anbau von herzhaften Kr\u00e4utern in Ihr Leben oder das Leben eines geliebten Menschen zu bringen. Es ist ganz einfach: Unsere Vermutungen zum Anbau von Kr\u00e4utern aus Samen begleiten Sie bei jedem Schritt. Pflanze es!<\/span><\/p>\n<p><span style=\"font-family: arial, helvetica, sans-serif\">&nbsp;<\/span><\/p>\n<h3 style=\"font-size: 19px\"><span style=\"font-family: arial, helvetica, sans-serif\">Die folgenden Artikel sind im Kit enthalten.<\/span><\/h3>\n<p><span style=\"font-family: arial, helvetica, sans-serif\">5 ma\u00dfgeschneiderte Saatr\u00f6hren<\/span><\/p>\n<p><span style=\"font-family: arial, helvetica, sans-serif\">5 Holz-Pflanzenmarkierungen im Stil<\/span><\/p>\n<p><span style=\"font-family: arial, helvetica, sans-serif\">5 OMRI-zertifizierte Blumenerdescheiben,<\/span><\/p>\n<p><span style=\"font-family: arial, helvetica, sans-serif\">4 OMRI-zertifizierte kompostierbare Torft\u00f6pfe<\/span><\/p>\n<p><span style=\"font-family: arial, helvetica, sans-serif\">Ausf\u00fchrliches 3-teiliges Anleitungsbrosch\u00fcren-Set<\/span><\/p>\n<p><span style=\"font-family: arial, helvetica, sans-serif\">1 individuelle Geschenkbox&nbsp;<\/span><\/p>\n<p><span style=\"font-family: arial, helvetica, sans-serif\">&nbsp;<\/span><\/p>\n<p><span style=\"font-family: arial, helvetica, sans-serif\">Familienbetrieb \u2013 Unser Unternehmen ist in Familienbesitz und betreibt unsere 65 Hektar gro\u00dfe Farm in China. Jedes Indoor-Garten-Set enth\u00e4lt 5 zertifizierte, gentechnikfreie Bio-Samen. Zu den Kr\u00e4utern f\u00fcr Zimmerpflanzen geh\u00f6ren auch italienisches gro\u00dfbl\u00e4ttriges Basilikum, Koriander (langsamer Baum), Pei-One-Petersilie, breitbl\u00e4ttriger Salbei und Thymian; 5 kompostierbare Torft\u00f6pfe; 5 OMR I-zertifizierte reichhaltige Blumenerde-Scheiben; 5 individuelle Markierungen f\u00fcr holzbefeuerte Pflanzen; Unser wundersch\u00f6ner 26-seitiger Anbauf\u00fchrer<\/span><\/p>\n<p><span style=\"font-family: arial, helvetica, sans-serif\">&nbsp;<\/span><\/p>\n<p><span style=\"font-family: arial, helvetica, sans-serif\">Das gesamte Set ist aus kontrolliert biologischem Anbau \u2013 die meisten Sprossensets f\u00fcr den K\u00fcchenkr\u00e4utergarten enthalten nur Bio-Samen, der Boden und die T\u00f6pfe werden jedoch manchmal mit sch\u00e4dlichen Chemikalien und Pestiziden behandelt. Wir sind der festen \u00dcberzeugung, dass nachhaltige, umweltfreundliche und vollst\u00e4ndig biologische Systeme f\u00fcr unsere Familien, Frauen, M\u00e4nner, Kinder und jeden Erzeuger sicher sind. Unser DIY-Anbausystem f\u00fcr kulinarische Zimmerpflanzen ist in China vollst\u00e4ndig und mit Stolz zertifiziert.<\/span><\/p>\n<p><span style=\"font-family: arial, helvetica, sans-serif\">&nbsp;<\/span><\/p>\n<p><span style=\"font-family: arial, helvetica, sans-serif\">PERFEKTES BESONDERES GESCHENK \u2013 Unsere Kr\u00e4utersamen-Sets f\u00fcr den Innenbereich sind f\u00fcr fast jeden geeignet \u2013 ob Mann oder Frau, Vegetarier oder Veganer, Muttertagsmutter, Vatertagsvater, das beste K\u00fcchen- und Gartengeschenk oder Einweihungsgeschenk. Unsere Kr\u00e4utergarten-Sets f\u00fcr den Innenbereich eignen sich perfekt f\u00fcr den Anbau auf Fensterb\u00e4nken, in einer Eigentumswohnung oder Eigentumswohnung, in einem pers\u00f6nlichen Gew\u00e4chshaus im Freien oder auf Ihren Fensterb\u00e4nken, Balkonen oder sogar Arbeitsplatten.<\/span><\/p>\n<p><span style=\"font-family: arial, helvetica, sans-serif\">&nbsp;<\/span><\/p>\n<p><span style=\"font-family: arial, helvetica, sans-serif\">Erwecken Sie Ihre K\u00fcche zum Leben! \u2013 Pflanzen Sie Samen f\u00fcr den Indoor-Gartenbau, denn jede K\u00fcche sieht mit frischen Kr\u00e4utern und Pflanzen auf Ihrer Arbeitsplatte besser aus. Unsere dekorativen Kr\u00e4uter-Sets f\u00fcr den Innenbereich mit Erbst\u00fccksamen sind eine einzigartige M\u00f6glichkeit, Ihrer Plantage Nahrung hinzuzuf\u00fcgen und Ihre Mahlzeiten mit etwas Gourmet-Geschmack aus Ihrem eigenen Set aus eigenem Anbau aufzupeppen!<\/span><\/p><\/p>","protected":false},"excerpt":{"rendered":"<p>Kr\u00e4utergarten-Starterset f\u00fcr den Innenbereich \u2013 Zertifiziertes USDA-Bio-GVO-freies Produkt \u2013 5 Kr\u00e4utersamen Basilikum, Koriander, Petersilie, Salbei, Thymian, Blumenerde, Pflanzenset \u2013 DIY-K\u00fcchen-Anbauset f\u00fcr den Anbau von Kr\u00e4utersamen im Innenbereich<\/p>","protected":false},"featured_media":12470,"comment_status":"open","ping_status":"closed","template":"","meta":[],"product_cat":[50],"product_tag":[502,55,503,493,504,505],"acf":[],"_links":{"self":[{"href":"https:\/\/www.garden-kit.com\/de\/wp-json\/wp\/v2\/product\/4079"}],"collection":[{"href":"https:\/\/www.garden-kit.com\/de\/wp-json\/wp\/v2\/product"}],"about":[{"href":"https:\/\/www.garden-kit.com\/de\/wp-json\/wp\/v2\/types\/product"}],"replies":[{"embeddable":true,"href":"https:\/\/www.garden-kit.com\/de\/wp-json\/wp\/v2\/comments?post=4079"}],"wp:featuredmedia":[{"embeddable":true,"href":"https:\/\/www.garden-kit.com\/de\/wp-json\/wp\/v2\/media\/12470"}],"wp:attachment":[{"href":"https:\/\/www.garden-kit.com\/de\/wp-json\/wp\/v2\/media?parent=4079"}],"wp:term":[{"taxonomy":"product_cat","embeddable":true,"href":"https:\/\/www.garden-kit.com\/de\/wp-json\/wp\/v2\/product_cat?post=4079"},{"taxonomy":"product_tag","embeddable":true,"href":"https:\/\/www.garden-kit.com\/de\/wp-json\/wp\/v2\/product_tag?post=4079"}],"curies":[{"name":"wp","href":"https:\/\/api.w.org\/{rel}","templated":true}]}}