{"id":4086,"date":"2022-10-19T14:23:49","date_gmt":"2022-10-19T06:23:49","guid":{"rendered":"https:\/\/www.garden-kit.com\/product\/usda-certified-organic-culinary-herb-seeds-collection\/"},"modified":"2023-03-31T15:05:09","modified_gmt":"2023-03-31T07:05:09","slug":"herb-seeds-collection","status":"publish","type":"product","link":"https:\/\/www.garden-kit.com\/de\/product\/herb-seeds-collection\/","title":{"rendered":"Sammlung von Kr\u00e4utersamen"},"content":{"rendered":"<h3 style=\"font-size: 19px\"><span style=\"font-family: arial, helvetica, sans-serif\">\u00dcberblick<\/span><span style=\"font-family: arial, helvetica, sans-serif\"><\/span><\/h3>\n<table border=\"1\" cellspacing=\"0\" style=\"border-collapse: collapse;width: 100%\">\n<tbody>\n<tr>\n<td valign=\"top\" width=\"373\">\n<p><span style=\"font-family: arial, helvetica, sans-serif\">Produktpflegehinweise<\/span><\/p>\n<\/td>\n<td valign=\"top\" width=\"373\">\n<p><span style=\"font-family: arial, helvetica, sans-serif\">Verf\u00fcgbar<\/span><\/p>\n<\/td>\n<\/tr>\n<tr>\n<td valign=\"top\" width=\"373\">\n<p><span style=\"font-family: arial, helvetica, sans-serif\">Art des Pflanzenprodukts<\/span><\/p>\n<\/td>\n<td valign=\"top\" width=\"373\">\n<p><span style=\"font-family: arial, helvetica, sans-serif\">Kr\u00e4uter<\/span><\/p>\n<\/td>\n<\/tr>\n<tr>\n<td valign=\"top\" width=\"373\">\n<p><span style=\"font-family: arial, helvetica, sans-serif\">Besondere Funktion<\/span><\/p>\n<\/td>\n<td valign=\"top\" width=\"373\">\n<p><span style=\"font-family: arial, helvetica, sans-serif\">Indoor-Outdoor-Anbau<\/span><\/p>\n<\/td>\n<\/tr>\n<tr>\n<td valign=\"top\" width=\"373\">\n<p><span style=\"font-family: arial, helvetica, sans-serif\">Marke<\/span><\/p>\n<\/td>\n<td valign=\"top\" width=\"373\">\n<p><span style=\"font-family: arial, helvetica, sans-serif\">Garten-Kit<\/span><\/p>\n<\/td>\n<\/tr>\n<tr>\n<td valign=\"top\" width=\"373\">\n<p><span style=\"font-family: arial, helvetica, sans-serif\">Herkunftsort<\/span><\/p>\n<\/td>\n<td valign=\"top\" width=\"373\">\n<p><span style=\"font-family: arial, helvetica, sans-serif\">Fujian, China<\/span><\/p>\n<\/td>\n<\/tr>\n<tr>\n<td valign=\"top\" width=\"373\">\n<p><span style=\"font-family: arial, helvetica, sans-serif\">ODM\/OEM<\/span><\/p>\n<\/td>\n<td valign=\"top\" width=\"373\">\n<p><span style=\"font-family: arial, helvetica, sans-serif\">Verf\u00fcgbar<\/span><\/p>\n<\/td>\n<\/tr>\n<tr>\n<td valign=\"top\" width=\"373\">\n<p><span style=\"font-family: arial, helvetica, sans-serif\">MOQ f\u00fcr kundenspezifische Bestellung<\/span><\/p>\n<\/td>\n<td valign=\"top\" width=\"373\">\n<p><span style=\"font-family: arial, helvetica, sans-serif\">3000 Stk<\/span><\/p>\n<\/td>\n<\/tr>\n<tr>\n<td valign=\"top\" width=\"373\">\n<p><span style=\"font-family: arial, helvetica, sans-serif\">Beispielkosten<\/span><\/p>\n<\/td>\n<td valign=\"top\" width=\"373\">\n<p><span style=\"font-family: arial, helvetica, sans-serif\">US$400\/Sample, volle R\u00fccksendung nach einer Bestellung bei uns<\/span><\/p>\n<\/td>\n<\/tr>\n<\/tbody>\n<\/table>\n<p><span style=\"font-family: arial, helvetica, sans-serif\">&nbsp;<\/span><\/p>\n<h3 style=\"font-size: 19px\"><span style=\"font-family: arial, helvetica, sans-serif\">Beschreibung<\/span><\/h3>\n<p><span style=\"font-family: arial, helvetica, sans-serif\">Vorbereitetes 12-teiliges Indoor-Kr\u00e4uter-Starter-Set: Alles, was Sie brauchen, um die Freude am Anbau von schmackhaften Kr\u00e4utern in Ihr Leben oder das eines geliebten Menschen zu bringen. Es ist ganz einfach - unser R\u00e4tselraten \u00fcber den Anbau von Kr\u00e4utern aus Samen, das Sie bei jedem Schritt begleitet. Pflanzen Sie es!<\/span><\/p>\n<p><span style=\"font-family: arial, helvetica, sans-serif\">&nbsp;<\/span><\/p>\n<h3 style=\"font-size: 19px\"><span style=\"font-family: arial, helvetica, sans-serif\">Die folgenden Artikel sind im Kit enthalten.<\/span><\/h3>\n<p><span style=\"font-family: arial, helvetica, sans-serif\">5 ma\u00dfgeschneiderte Saatr\u00f6hren<\/span><\/p>\n<p><span style=\"font-family: arial, helvetica, sans-serif\">5 Holz-Pflanzenmarkierungen im Stil<\/span><\/p>\n<p><span style=\"font-family: arial, helvetica, sans-serif\">Ausf\u00fchrlich 10 PG-INSTRUCTION PAMPHLET<\/span><\/p>\n<p><span style=\"font-family: arial, helvetica, sans-serif\">1 individuelle Geschenkbox&nbsp;<\/span><\/p>\n<\/p>\n<p><span style=\"font-family: arial, helvetica, sans-serif\">Bio-Saatgut - Unser Saatgut wird auf unserer Farm im l\u00e4ndlichen Oregon nachhaltig angebaut und verpackt.<\/span><\/p>\n<p><span style=\"font-family: arial, helvetica, sans-serif\">5 beliebte K\u00fcchenkr\u00e4uter - Genie\u00dfen Sie frisches, biologisches Basilikum, Koriander, Petersilie, Salbei und Thymian!<\/span><\/p>\n<p><span style=\"font-family: arial, helvetica, sans-serif\">5 benutzerdefinierte, holzverbrennende Saatgutmarker - Markieren Sie Ihre Setzlinge und das Datum, an dem sie gepflanzt wurden, deutlich<\/span><\/p>\n<p><span style=\"font-family: arial, helvetica, sans-serif\">Perfektes Gartengeschenk - Ein gro\u00dfartiges Geschenk f\u00fcr jeden besonderen G\u00e4rtner, ob Anf\u00e4nger oder Fortgeschrittener<\/span><\/p>","protected":false},"excerpt":{"rendered":"<p>Vorbereitetes 12-teiliges Kr\u00e4uter-Starter-Set f\u00fcr den Innenbereich: Alles, was Sie brauchen, um die Freude am Anbau von herzhaften Kr\u00e4utern in Ihr Leben oder das Leben eines geliebten Menschen zu bringen. Es ist ganz einfach: Unsere Vermutungen zum Anbau von Kr\u00e4utern aus Samen begleiten Sie bei jedem Schritt. Pflanze es!<\/p>","protected":false},"featured_media":12526,"comment_status":"open","ping_status":"closed","template":"","meta":[],"product_cat":[50],"product_tag":[502,532,503,504,534],"acf":[],"_links":{"self":[{"href":"https:\/\/www.garden-kit.com\/de\/wp-json\/wp\/v2\/product\/4086"}],"collection":[{"href":"https:\/\/www.garden-kit.com\/de\/wp-json\/wp\/v2\/product"}],"about":[{"href":"https:\/\/www.garden-kit.com\/de\/wp-json\/wp\/v2\/types\/product"}],"replies":[{"embeddable":true,"href":"https:\/\/www.garden-kit.com\/de\/wp-json\/wp\/v2\/comments?post=4086"}],"wp:featuredmedia":[{"embeddable":true,"href":"https:\/\/www.garden-kit.com\/de\/wp-json\/wp\/v2\/media\/12526"}],"wp:attachment":[{"href":"https:\/\/www.garden-kit.com\/de\/wp-json\/wp\/v2\/media?parent=4086"}],"wp:term":[{"taxonomy":"product_cat","embeddable":true,"href":"https:\/\/www.garden-kit.com\/de\/wp-json\/wp\/v2\/product_cat?post=4086"},{"taxonomy":"product_tag","embeddable":true,"href":"https:\/\/www.garden-kit.com\/de\/wp-json\/wp\/v2\/product_tag?post=4086"}],"curies":[{"name":"wp","href":"https:\/\/api.w.org\/{rel}","templated":true}]}}