{"id":4093,"date":"2022-10-19T14:25:34","date_gmt":"2022-10-19T06:25:34","guid":{"rendered":"https:\/\/www.garden-kit.com\/product\/herb-garden-starter-kit-deluxe\/"},"modified":"2023-03-31T15:06:07","modified_gmt":"2023-03-31T07:06:07","slug":"herb-garden-starter-kit-deluxe","status":"publish","type":"product","link":"https:\/\/www.garden-kit.com\/de\/product\/herb-garden-starter-kit-deluxe\/","title":{"rendered":"Kr\u00e4utergarten-Starter-Kit Deluxe"},"content":{"rendered":"<p style=\"font-size: 16px\"><span style=\"font-family: arial, helvetica, sans-serif;font-size: 18px\">Drei Gr\u00fcnde, den Kr\u00e4uteranbau zu lieben<\/span><\/p>\n<p style=\"line-height: 1.5;font-size: 16px\"><span style=\"font-family: arial, helvetica, sans-serif\">Erstens: Die meisten Kr\u00e4uter sind sehr pflegeleicht.<\/span><br \/><span style=\"font-family: arial, helvetica, sans-serif\">Wenn Sie beim Pflanzen sorgf\u00e4ltig vorgehen und in den n\u00e4chsten Tagen gut gie\u00dfen, haben Sie den Gro\u00dfteil der Arbeit bereits erledigt.<\/span><br \/><span style=\"font-family: arial, helvetica, sans-serif\">Zweitens: Viele Kr\u00e4uter sind immer noch echte \u201eHungerstreikk\u00f6nige\u201c.<\/span><br \/><span style=\"font-family: arial, helvetica, sans-serif\">Das hei\u00dft, sie ben\u00f6tigen nur eine geringe Menge an N\u00e4hrstoffen, um satt zu werden.<\/span><br \/><span style=\"font-family: arial, helvetica, sans-serif\">Ja, Vanille kann ihre Eigenschaften in kargen B\u00f6den voll entfalten. Ihr gr\u00f6\u00dfter Bedarf an die Umwelt ist m\u00f6glichst viel Sonnenlicht und W\u00e4rme.<\/span><br \/><span style=\"font-family: arial, helvetica, sans-serif\">Drittens: Aus den eigenen Kr\u00e4utern neue Pflanzen gewinnen.<\/span><br \/><span style=\"font-family: arial, helvetica, sans-serif\">Wenn Sie einen sonnigen Standort f\u00fcr Ihre Kr\u00e4uter finden und diese kr\u00e4ftig wachsen, k\u00f6nnen Sie die n\u00e4chste Kr\u00e4utergeneration aus Ihren eigenen Pflanzen gewinnen oder eine duftende Kr\u00e4uterhecke f\u00fcr Ihr Gem\u00fcse anlegen.<\/span><br \/><span style=\"font-family: arial, helvetica, sans-serif\">Der Anbau neuer Pflanzen aus eigenen Kr\u00e4utern ist nicht nur praktisch und g\u00fcnstig, sondern macht auch Spa\u00df!<\/span><\/p>\n<h3 style=\"font-size: 19px\"><span style=\"font-family: arial, helvetica, sans-serif\"><strong>\u00dcberblick<\/strong><\/span><\/h3>\n<table border=\"1\" cellspacing=\"0\" style=\"border-collapse: collapse;width: 100%\">\n<tbody>\n<tr>\n<td valign=\"top\" width=\"373\">\n<p style=\"font-size: 16px\"><span style=\"font-family: arial, helvetica, sans-serif\">Produktpflegehinweise<\/span><\/p>\n<\/td>\n<td valign=\"top\" width=\"373\">\n<p style=\"font-size: 16px\"><span style=\"font-family: arial, helvetica, sans-serif\">Verf\u00fcgbar<\/span><\/p>\n<\/td>\n<\/tr>\n<tr>\n<td valign=\"top\" width=\"373\">\n<p style=\"font-size: 16px\"><span style=\"font-family: arial, helvetica, sans-serif\">Art des Pflanzenprodukts<\/span><\/p>\n<\/td>\n<td valign=\"top\" width=\"373\">\n<p style=\"font-size: 16px\"><span style=\"font-family: arial, helvetica, sans-serif\">Kr\u00e4uter<\/span><\/p>\n<\/td>\n<\/tr>\n<tr>\n<td valign=\"top\" width=\"373\">\n<p style=\"font-size: 16px\"><span style=\"font-family: arial, helvetica, sans-serif\">Besondere Funktion<\/span><\/p>\n<\/td>\n<td valign=\"top\" width=\"373\">\n<p style=\"font-size: 16px\"><span style=\"font-family: arial, helvetica, sans-serif\">Indoor-Outdoor-Anbau<\/span><\/p>\n<\/td>\n<\/tr>\n<tr>\n<td valign=\"top\" width=\"373\">\n<p style=\"font-size: 16px\"><span style=\"font-family: arial, helvetica, sans-serif\">Marke<\/span><\/p>\n<\/td>\n<td valign=\"top\" width=\"373\">\n<p style=\"font-size: 16px\"><span style=\"font-family: arial, helvetica, sans-serif\">Garten-Kit<\/span><\/p>\n<\/td>\n<\/tr>\n<tr>\n<td valign=\"top\" width=\"373\">\n<p style=\"font-size: 16px\"><span style=\"font-family: arial, helvetica, sans-serif\">Herkunftsort<\/span><\/p>\n<\/td>\n<td valign=\"top\" width=\"373\">\n<p style=\"font-size: 16px\"><span style=\"font-family: arial, helvetica, sans-serif\">Fujian, China<\/span><\/p>\n<\/td>\n<\/tr>\n<tr>\n<td valign=\"top\" width=\"373\">\n<p style=\"font-size: 16px\"><span style=\"font-family: arial, helvetica, sans-serif\">ODM\/OEM<\/span><\/p>\n<\/td>\n<td valign=\"top\" width=\"373\">\n<p style=\"font-size: 16px\"><span style=\"font-family: arial, helvetica, sans-serif\">Verf\u00fcgbar<\/span><\/p>\n<\/td>\n<\/tr>\n<tr>\n<td valign=\"top\" width=\"373\">\n<p style=\"font-size: 16px\"><span style=\"font-family: arial, helvetica, sans-serif\">MOQ f\u00fcr kundenspezifische Bestellung<\/span><\/p>\n<\/td>\n<td valign=\"top\" width=\"373\">\n<p style=\"font-size: 16px\"><span style=\"font-family: arial, helvetica, sans-serif\">3000 Stk<\/span><\/p>\n<\/td>\n<\/tr>\n<tr>\n<td valign=\"top\" width=\"373\">\n<p style=\"font-size: 16px\"><span style=\"font-family: arial, helvetica, sans-serif\">Beispielkosten<\/span><\/p>\n<\/td>\n<td valign=\"top\" width=\"373\">\n<p style=\"font-size: 16px\"><span style=\"font-family: arial, helvetica, sans-serif\">US$400\/Sample, volle R\u00fccksendung nach der Bestellung bei uns<\/span><\/p>\n<\/td>\n<\/tr>\n<\/tbody>\n<\/table>\n<p style=\"font-size: 16px\"><span style=\"font-family: arial, helvetica, sans-serif\">&nbsp;&nbsp;<\/span><\/p>\n<p style=\"font-size: 16px\"><span style=\"font-family: arial, helvetica, sans-serif\">Vanillepflanzen haben ein einzigartiges Aroma und sind sehr vielseitig.<\/span><\/p>\n<p style=\"line-height: 1.5;font-size: 16px\"><span style=\"font-family: arial, helvetica, sans-serif\">1. Essbarer Wert;<\/span><br \/><span style=\"font-family: arial, helvetica, sans-serif\">2. Medizinischer Wert;<\/span><br \/><span style=\"font-family: arial, helvetica, sans-serif\">3. Stellen Sie Potpourri oder Beutel und andere Kunsthandwerke her.<\/span><br \/><span style=\"font-family: arial, helvetica, sans-serif\">Halten Sie noch ein paar kr\u00e4uterartige Topfpflanzen bereit, die Sie als Gew\u00fcrz zu Hause verwenden k\u00f6nnen. Beobachten Sie es zu normalen Zeiten und nehmen Sie es beim Kochen zur Hand. Es ist ein echtes, rein nat\u00fcrliches, schadstofffreies Gew\u00fcrz<\/span><\/p>\n<h3 style=\"font-size: 19px\"><span style=\"font-family: arial, helvetica, sans-serif\"><strong>Beschreibung<\/strong><\/span><\/h3>\n<p style=\"line-height: 1.5;font-size: 16px\"><span style=\"font-family: arial, helvetica, sans-serif\">Vorbereitetes 21-teiliges Indoor-Kr\u00e4uter-Starter-Kit: Alles, was Sie brauchen, um die Freude am Anbau von wohlschmeckenden Kr\u00e4utern in Ihr Leben oder das Leben eines geliebten Menschen zu bringen. Es ist ganz einfach \u2013 unsere Vermutungen zum Anbau von Kr\u00e4utern aus Samen, die Sie bei jedem Schritt anleiten. Pflanze es!<\/span><\/p>\n<p style=\"line-height: 1.5;font-size: 16px\"><span style=\"font-family: arial, helvetica, sans-serif\">&nbsp;<\/span><\/p>\n<h3 style=\"font-size: 19px\"><span style=\"font-family: arial, helvetica, sans-serif\"><strong>Die folgenden Artikel sind im Kit enthalten.<\/strong><\/span><span style=\"font-family: arial, helvetica, sans-serif\">&nbsp;<\/span><\/h3>\n<p style=\"line-height: 1.5;font-size: 16px\"><span style=\"font-family: arial, helvetica, sans-serif\">9 T\u00f6pfe aus Bambusfaser<\/span><\/p>\n<p style=\"line-height: 1.5;font-size: 16px\"><span style=\"font-family: arial, helvetica, sans-serif\">3 vorged\u00fcngte Bodendis<\/span><\/p>\n<p style=\"line-height: 1.5;font-size: 16px\"><span style=\"font-family: arial, helvetica, sans-serif\">9 frisch bleibende Saatpakete<\/span><\/p>\n<p style=\"line-height: 1.5;font-size: 16px\"><span style=\"font-family: arial, helvetica, sans-serif\">9 Pflanzenmarker aus Bambus<\/span><\/p>\n<p style=\"line-height: 1.5;font-size: 16px\"><span style=\"font-family: arial, helvetica, sans-serif\">1 Schritt-f\u00fcr-Schritt-Anleitung zum Pflanzen<\/span><\/p>\n<p style=\"line-height: 1.5;font-size: 16px\"><span style=\"font-family: arial, helvetica, sans-serif\">1 personalisierte Geschenkbox<\/span><\/p>\n<p style=\"line-height: 1.5;font-size: 16px\"><span style=\"font-family: arial, helvetica, sans-serif\">&nbsp;<\/span><\/p>\n<p style=\"line-height: 1.5;font-size: 16px\"><span style=\"font-family: arial, helvetica, sans-serif\">Topfstangen: 4 Sackleinent\u00f6pfe und 2 Auffangschalen \u2013 Ideal f\u00fcr gut durchl\u00e4ssiges Setzlingswachstum. Speichern und wiederverwenden. | Grow It: 4 Packungen Premium-Samen \u2013 inklusive 4 verschiedenen Kr\u00e4utern: <strong>Basilikum, Petersilie, Schnittlauch und Koriander<\/strong>. Alle Samen werden auf h\u00f6chste Keimrate getestet.<\/span><\/p>\n<p style=\"line-height: 1.5;font-size: 16px\"><span style=\"font-family: arial, helvetica, sans-serif\">&nbsp;<\/span><\/p>\n<p style=\"line-height: 1.5;font-size: 16px\"><span style=\"font-family: arial, helvetica, sans-serif\">F\u00fcttern: N\u00e4hrstoffreiche vorged\u00fcngte Erdscheiben \u2013 f\u00fcgen Sie Wasser hinzu und sie dehnen sich 6-8 Mal so stark aus. | Mark It: 4 Bambusmarker \u2013 Marker helfen Ihnen, Ihre Setzlinge zu identifizieren, w\u00e4hrend sie wachsen. Trainieren Sie es: Gartenschere \u2013 Gro\u00dfartig zum Trimmen \u00fcbersch\u00fcssiger Bl\u00e4tter und Wurzeln.<\/span><\/p>\n<p style=\"line-height: 1.5;font-size: 16px\"><span style=\"font-family: arial, helvetica, sans-serif\">&nbsp;<\/span><\/p>\n<p style=\"line-height: 1.5;font-size: 16px\"><span style=\"font-family: arial, helvetica, sans-serif\">Markieren Sie es: 4 Bambusmarker \u2013 Marker helfen Ihnen, Ihre S\u00e4mlinge zu identifizieren, w\u00e4hrend sie wachsen. | Ace es! : Anwendung \u2013 Wir f\u00fchren Sie Schritt f\u00fcr Schritt durch, damit Sie fabelhafte Kr\u00e4uter anbauen k\u00f6nnen. Bonus: Genie\u00dfen Sie jederzeit frisch gemahlene Kr\u00e4uter mit der mitgelieferten Premium-Kr\u00e4uterm\u00fchle.<\/span><\/p>\n<p style=\"line-height: 1.5;font-size: 16px\"><span style=\"font-family: arial, helvetica, sans-serif\">&nbsp;<\/span><\/p>\n<p style=\"line-height: 1.5;font-size: 16px\"><span style=\"font-family: arial, helvetica, sans-serif\">Pflanzen Sie Ihren Weg der Freude: Lieben Sie es, oder Sie erhalten Ihr Geld zur\u00fcck! Wenn Sie bei irgendeinem Aspekt des Prozesses auf Schwierigkeiten sto\u00dfen, z\u00f6gern Sie bitte nicht, uns zu kontaktieren. Wir sind bestrebt, Ihnen zu helfen, bis Sie die gew\u00fcnschten Ergebnisse erzielen.<\/span><\/p>\n<p style=\"font-size: 16px\"><span style=\"font-family: arial, helvetica, sans-serif\"><\/span><\/p>\n<p style=\"font-size: 16px\"><span style=\"font-family: arial, helvetica, sans-serif;font-size: 18px\">Wie man Kr\u00e4uter vermehrt<\/span><\/p>\n<p style=\"line-height: 1.5;font-size: 16px\"><span style=\"font-family: arial, helvetica, sans-serif\">Neben der Bepflanzung mit Samen k\u00f6nnen Vanillepflanzen auch durch einfache Teilungen vermehrt werden und die gepflanzten und entwickelten Kr\u00e4uter k\u00f6nnen weiter geteilt werden. Es l\u00e4sst sich nicht nur eine bestimmte Vanillesorte vermehren, sondern auch Pflanzen mit geringem Ertrag oder unordentlichem Wuchs lassen sich vermehren. Holen Sie sich ein neues Leben.<\/span><br \/><span style=\"font-family: arial, helvetica, sans-serif\">Die f\u00fcr Ramets geeigneten Jahreszeiten sind Fr\u00fchling und Herbst.<\/span><br \/><span style=\"font-family: arial, helvetica, sans-serif\">Einige Sorten eignen sich zur Teilung, andere wiederum nicht.<\/span><br \/><span style=\"font-family: arial, helvetica, sans-serif\">Da die Bedienung der Verzweigung auch f\u00fcr Anf\u00e4nger sehr einfach ist, probieren Sie es am besten einmal aus.<\/span><\/p>\n<p style=\"line-height: 1.5;font-size: 16px\"><span style=\"font-family: arial, helvetica, sans-serif\">Stecklinge<\/span><br \/><span style=\"font-family: arial, helvetica, sans-serif\">Beim Schneiden wird der St\u00e4ngel einer Pflanze abgeschnitten und in den Boden gesteckt, damit er Wurzeln schl\u00e4gt und eine neue Pflanze entsteht.<\/span><br \/><span style=\"font-family: arial, helvetica, sans-serif\">Dieser Ansatz funktioniert gut mit Thymian, Pfefferminze und Rosmarin sowie Vanille aus der Familie der Lippenbl\u00fctler (Lamiaceae). Lilienkr\u00e4uter wie Doldenbl\u00fctler, Kreuzbl\u00fctler und Schnittlauch sind f\u00fcr diese Methode nicht geeignet.<\/span><\/p>\n<p style=\"line-height: 1.5;font-size: 16px\"><span style=\"font-family: arial, helvetica, sans-serif\">Schritt 1<\/span><br \/><span style=\"font-family: arial, helvetica, sans-serif\">Geben Sie rote Jadeerde (kleine K\u00f6rner) in das Setzlingsaufzuchtgitter und legen Sie es in eine mit Wasser gef\u00fcllte Schale, damit es das Wasser vollst\u00e4ndig aufnimmt.<\/span><\/p>\n<p style=\"line-height: 1.5;font-size: 16px\"><span style=\"font-family: arial, helvetica, sans-serif\">Schritt 2<\/span><br \/><span style=\"font-family: arial, helvetica, sans-serif\">Schneiden Sie die dicken und gesunden St\u00e4ngel von etwa 10 cm L\u00e4nge ab und bereiten Sie sie als Zweige f\u00fcr Stecklinge vor.<\/span><\/p>\n<p style=\"line-height: 1.5;font-size: 16px\"><span style=\"font-family: arial, helvetica, sans-serif\">Schritt 3<\/span><br \/><span style=\"font-family: arial, helvetica, sans-serif\">Schneiden Sie das untere Drittel der Bl\u00e4tter ab und dann das obere Drittel (Topping).<\/span><\/p>\n<p style=\"line-height: 1.5;font-size: 16px\"><span style=\"font-family: arial, helvetica, sans-serif\">Schritt 4<\/span><br \/><span style=\"font-family: arial, helvetica, sans-serif\">Setzen Sie es sofort danach in den Wasserbecher ein und stellen Sie sicher, dass die Stecklinge gut hydriert sind, bevor sie offiziell in die Erde eingesetzt werden.<\/span><\/p>\n<p style=\"line-height: 1.5;font-size: 16px\"><span style=\"font-family: arial, helvetica, sans-serif\">Schritt 5<\/span><br \/><span style=\"font-family: arial, helvetica, sans-serif\">Stechen Sie mit praktischen Essst\u00e4bchen ein kleines Loch in das Setzlingsaufzuchtgitter und stecken Sie dann einen Schneidzweig in jedes Setzlingsaufzuchtgitter.<\/span><br \/><span style=\"font-family: arial, helvetica, sans-serif\">Da die Wurzel an der Stelle w\u00e4chst, an der die Bl\u00e4tter abgeschnitten wurden, achten Sie beim Schneiden darauf, dass dieser Teil vollst\u00e4ndig in die Erde eindringt.<\/span><\/p>\n<p style=\"line-height: 1.5;font-size: 16px\"><span style=\"font-family: arial, helvetica, sans-serif\">Schritt 6<\/span><br \/><span style=\"font-family: arial, helvetica, sans-serif\">Stellen Sie das Setzlingsaufzuchtgitter nach dem Schneiden an einen wind- und schattigen Ort und lassen Sie das Wasser etwa einen Monat lang stehen.<\/span><\/p>\n<p style=\"font-size: 16px\"><span style=\"font-family: arial, helvetica, sans-serif;font-size: 18px\">Zum Verzweigen geeignete Kr\u00e4uter<\/span><\/p>\n<p style=\"line-height: 1.5;font-size: 16px\"><span style=\"font-family: arial, helvetica, sans-serif\">Petersilie, Oregano, Schnittlauch, Minze, Fenchel, Zitronengras, Zitronengras und mehr.<\/span><br \/><span style=\"font-family: arial, helvetica, sans-serif\">1. Nehmen Sie die Pflanze zusammen mit den Wurzeln und Knospen aus dem Topf.<\/span><br \/><span style=\"font-family: arial, helvetica, sans-serif\">2. Um Sch\u00e4den an den Wurzeln zu vermeiden, brechen Sie sie von Hand auseinander. Befolgen Sie beim Auseinanderbrechen die nat\u00fcrliche Richtung der Pflanze und ziehen Sie nicht mit Gewalt daran.<\/span><br \/><span style=\"font-family: arial, helvetica, sans-serif\">3. Pflanzen Sie die einzelnen Pflanzen in verschiedene T\u00f6pfe.<\/span><\/p><\/p>","protected":false},"excerpt":{"rendered":"<p>Vorbereitetes 21-teiliges Indoor-Kr\u00e4uter-Starter-Kit: Alles, was Sie brauchen, um die Freude am Anbau von wohlschmeckenden Kr\u00e4utern in Ihr Leben oder das Leben eines geliebten Menschen zu bringen. Es ist ganz einfach \u2013 unsere Vermutungen zum Anbau von Kr\u00e4utern aus Samen, die Sie bei jedem Schritt anleiten. Pflanze es!<\/p>","protected":false},"featured_media":12566,"comment_status":"open","ping_status":"closed","template":"","meta":[],"product_cat":[50],"product_tag":[388,240,389,179,390,391,387],"acf":[],"_links":{"self":[{"href":"https:\/\/www.garden-kit.com\/de\/wp-json\/wp\/v2\/product\/4093"}],"collection":[{"href":"https:\/\/www.garden-kit.com\/de\/wp-json\/wp\/v2\/product"}],"about":[{"href":"https:\/\/www.garden-kit.com\/de\/wp-json\/wp\/v2\/types\/product"}],"replies":[{"embeddable":true,"href":"https:\/\/www.garden-kit.com\/de\/wp-json\/wp\/v2\/comments?post=4093"}],"wp:featuredmedia":[{"embeddable":true,"href":"https:\/\/www.garden-kit.com\/de\/wp-json\/wp\/v2\/media\/12566"}],"wp:attachment":[{"href":"https:\/\/www.garden-kit.com\/de\/wp-json\/wp\/v2\/media?parent=4093"}],"wp:term":[{"taxonomy":"product_cat","embeddable":true,"href":"https:\/\/www.garden-kit.com\/de\/wp-json\/wp\/v2\/product_cat?post=4093"},{"taxonomy":"product_tag","embeddable":true,"href":"https:\/\/www.garden-kit.com\/de\/wp-json\/wp\/v2\/product_tag?post=4093"}],"curies":[{"name":"wp","href":"https:\/\/api.w.org\/{rel}","templated":true}]}}