{"id":4099,"date":"2022-10-19T14:29:46","date_gmt":"2022-10-19T06:29:46","guid":{"rendered":"https:\/\/www.garden-kit.com\/product\/kids-paint-grow-flower-gardening-kit-set\/"},"modified":"2024-03-13T17:46:40","modified_gmt":"2024-03-13T09:46:40","slug":"paint-and-plant-flower-growing-kits-2","status":"publish","type":"product","link":"https:\/\/www.garden-kit.com\/de\/product\/paint-and-plant-flower-growing-kits-2\/","title":{"rendered":"Anleitung zum Bemalen und Pflanzen von Blumenzuchtsets"},"content":{"rendered":"<p style=\"line-height: 1.5\"><span style=\"font-family: arial, helvetica, sans-serif\">\u3010\u00dcberlegene Qualit\u00e4t, sichere Verwendung\u3011 Die Sicherheit von Kindern hat immer oberste Priorit\u00e4t. Unsere Gartenger\u00e4te f\u00fcr Kinder bestehen aus hochwertigen Materialien und haben keine scharfen Kanten. Verhindern Sie, dass sich Kinder bei der Gartenarbeit verletzen. Geeignet f\u00fcr M\u00e4dchen im Alter von 5, 6, 7, 8, 9 und 10\u201312 Jahren<\/span><br \/><span style=\"font-family: arial, helvetica, sans-serif\">Entfesseln Sie die Kreativit\u00e4t Ihres Kindes, indem Sie es malen, pflanzen, wachsen und seinen eigenen Garten gestalten lassen! Bemalen und dekorieren Sie Ihre Pflanzent\u00f6pfe, wie Sie wollen. Sie k\u00f6nnen die T\u00f6pfe in ihre eigenen originellen Kunstwerke verwandeln. Kreieren Sie bunte Kreationen mit ihren bemalten Metall-Pflanzgef\u00e4\u00dfen. Dies ist ihr pers\u00f6nliches Kinder-Garten-Set, auf das sie stolz sein werden.<\/span><\/p>\n<p style=\"line-height: 1.5\"><span style=\"font-family: arial, helvetica, sans-serif;font-size: 16px\">\u3010Spielzeug zum Malen und Pflanzen f\u00fcr Kinder im Alter von 5-12 Jahren\u3011 Dieses niedliche Design Kinder Gartenwerkzeug Set zieht das Interesse der Kinder an und erh\u00f6ht die Anziehungskraft der Kinder zu malen und zu pflanzen. Kinder k\u00f6nnen mit Schmutz, Sand spielen oder Gartenarbeit mit diesen Gartenwerkzeugen im Freien machen. Das ist eine wunderbare M\u00f6glichkeit, ihre Fantasie und k\u00f6rperliche Aktivit\u00e4t zu f\u00f6rdern. Die Kinder k\u00f6nnen auch drinnen mit Freunden und der Familie Rollenspiele spielen, um die Eltern zu unterhalten.<\/span><\/p>\n<h3 style=\"line-height: 1.5;font-size: 19px\"><span style=\"font-family: arial, helvetica, sans-serif;font-size: 18px\">\u00dcberblick<\/span><\/h3>\n<table border=\"1\" cellspacing=\"0\">\n<tbody>\n<tr>\n<td valign=\"top\" width=\"373\">\n<p><span style=\"font-family: arial, helvetica, sans-serif\">Produktpflegehinweise<\/span><\/p>\n<\/td>\n<td valign=\"top\" width=\"373\">\n<p><span style=\"font-family: arial, helvetica, sans-serif\">Verf\u00fcgbar<\/span><\/p>\n<\/td>\n<\/tr>\n<tr>\n<td valign=\"top\" width=\"373\">\n<p><span style=\"font-family: arial, helvetica, sans-serif\">Art des Pflanzenprodukts<\/span><\/p>\n<\/td>\n<td valign=\"top\" width=\"373\">\n<p><span style=\"font-family: arial, helvetica, sans-serif\">Blume<\/span><\/p>\n<\/td>\n<\/tr>\n<tr>\n<td valign=\"top\" width=\"373\">\n<p><span style=\"font-family: arial, helvetica, sans-serif\">Besondere Funktion<\/span><\/p>\n<\/td>\n<td valign=\"top\" width=\"373\">\n<p><span style=\"font-family: arial, helvetica, sans-serif\">Indoor-Outdoor-Anbau<\/span><\/p>\n<\/td>\n<\/tr>\n<tr>\n<td valign=\"top\" width=\"373\">\n<p><span style=\"font-family: arial, helvetica, sans-serif\">Marke<\/span><\/p>\n<\/td>\n<td valign=\"top\" width=\"373\">\n<p><span style=\"font-family: arial, helvetica, sans-serif\">Garten-Kit<\/span><\/p>\n<\/td>\n<\/tr>\n<tr>\n<td valign=\"top\" width=\"373\">\n<p><span style=\"font-family: arial, helvetica, sans-serif\">Herkunftsort<\/span><\/p>\n<\/td>\n<td valign=\"top\" width=\"373\">\n<p><span style=\"font-family: arial, helvetica, sans-serif\">Fujian, China<\/span><\/p>\n<\/td>\n<\/tr>\n<tr>\n<td valign=\"top\" width=\"373\">\n<p><span style=\"font-family: arial, helvetica, sans-serif\">ODM\/OEM<\/span><\/p>\n<\/td>\n<td valign=\"top\" width=\"373\">\n<p><span style=\"font-family: arial, helvetica, sans-serif\">Verf\u00fcgbar<\/span><\/p>\n<\/td>\n<\/tr>\n<tr>\n<td valign=\"top\" width=\"373\">\n<p><span style=\"font-family: arial, helvetica, sans-serif\">MOQ f\u00fcr kundenspezifische Bestellung<\/span><\/p>\n<\/td>\n<td valign=\"top\" width=\"373\">\n<p><span style=\"font-family: arial, helvetica, sans-serif\">3000 Stk<\/span><\/p>\n<\/td>\n<\/tr>\n<tr>\n<td valign=\"top\" width=\"373\">\n<p><span style=\"font-family: arial, helvetica, sans-serif\">Beispielkosten<\/span><\/p>\n<\/td>\n<td valign=\"top\" width=\"373\">\n<p><span style=\"font-family: arial, helvetica, sans-serif\">US$400\/Muster, vollst\u00e4ndige R\u00fccksendung nach Bestellung bei uns<\/span><\/p>\n<\/td>\n<\/tr>\n<\/tbody>\n<\/table>\n<p style=\"line-height: 1.5\"><span style=\"font-family: arial, helvetica, sans-serif\">&nbsp;<\/span><\/p>\n<h3 style=\"line-height: 1.5;font-size: 19px\"><span style=\"font-family: arial, helvetica, sans-serif;font-size: 18px\">Beschreibung<\/span><\/h3>\n<p style=\"line-height: 1.5\"><span style=\"font-family: arial, helvetica, sans-serif\">Vorbereitetes 21-teiliges Kids Paint &amp; Grow Flower Gardening Kit: Alles, was Ihre Kinder brauchen, um die Freude an der Blumenzucht in Ihr Leben oder das eines geliebten Menschen zu bringen. Es ist ganz einfach: Unsere Anleitung zur Anzucht von Blumen aus Samen leitet dich bei jedem Schritt an. Pflanzen Sie es!<\/span><\/p>\n<p style=\"line-height: 1.5\"><span style=\"font-family: arial, helvetica, sans-serif\">&nbsp;<\/span><\/p>\n<p style=\"line-height: 1.5\"><span style=\"font-family: arial, helvetica, sans-serif\">Die folgenden Artikel sind in dem Kit enthalten:.<\/span><\/p>\n<p style=\"line-height: 1.5\"><span style=\"font-family: arial, helvetica, sans-serif\">&nbsp;<\/span><span style=\"font-family: arial, helvetica, sans-serif\">1 selbstbew\u00e4ssernder Pflanzer<\/span><\/p>\n<p style=\"line-height: 1.5\"><span style=\"font-family: arial, helvetica, sans-serif\">5 vorged\u00fcngte Bodendis<\/span><\/p>\n<p style=\"line-height: 1.5\"><span style=\"font-family: arial, helvetica, sans-serif\">3 Packungen frisch bleibender Samen<\/span><\/p>\n<p style=\"line-height: 1.5\"><span style=\"font-family: arial, helvetica, sans-serif\">1 Gartenger\u00e4t<\/span><\/p>\n<p style=\"line-height: 1.5\"><span style=\"font-family: arial, helvetica, sans-serif\">1 Paar Malpinsel<\/span><\/p>\n<p style=\"line-height: 1.5\"><span style=\"font-family: arial, helvetica, sans-serif\">6 Malfarben<\/span><\/p>\n<p style=\"line-height: 1.5\"><span style=\"font-family: arial, helvetica, sans-serif\">1 Farbwanne<\/span><\/p>\n<p style=\"line-height: 1.5\"><span style=\"font-family: arial, helvetica, sans-serif\">1 Paar Handschuhe<\/span><\/p>\n<p style=\"line-height: 1.5\"><span style=\"font-family: arial, helvetica, sans-serif\">1 Schritt-f\u00fcr-Schritt-Anleitung zum Pflanzen<\/span><\/p>\n<p style=\"line-height: 1.5\"><span style=\"font-family: arial, helvetica, sans-serif\">1 personalisierte Geschenkbox<\/span><\/p>\n<p style=\"line-height: 1.5\"><span style=\"font-family: arial, helvetica, sans-serif\">&nbsp;<\/span><\/p>\n<p style=\"line-height: 1.5\"><span style=\"font-family: arial, helvetica, sans-serif\">Der erste Garten des Garden Kits \u2013 F\u00f6rdern Sie das Herz und den Geist Ihres Kindes mit Farbe und Pflanzen, 3 Gartensets f\u00fcr Kinder. F\u00f6rdern Sie ihre k\u00fcnstlerischen und g\u00e4rtnerischen Interessen mit einem superspa\u00dfigen Kombinationsset mit Gartenger\u00e4ten f\u00fcr Kinder.<\/span><\/p>\n<p style=\"line-height: 1.5\"><span style=\"font-family: arial, helvetica, sans-serif\">&nbsp;<\/span><\/p>\n<p style=\"line-height: 1.5\"><span style=\"font-family: arial, helvetica, sans-serif\">ALLES INKLUSIVE \u2013 Geben Sie Ihrem kleinen G\u00e4rtner ein komplettes Set an Gartenger\u00e4ten f\u00fcr Kinder. Ihr Blumenzuchtset enth\u00e4lt einen selbstbew\u00e4ssernden Pflanztopf mit Torf, Handschuhe, eine Schaufel, 6 Farben, 2 Pinsel und eine Palette.<\/span><\/p>\n<p style=\"line-height: 1.5\"><span style=\"font-family: arial, helvetica, sans-serif\">&nbsp;<\/span><\/p>\n<p style=\"line-height: 1.5\"><span style=\"font-family: arial, helvetica, sans-serif\">Z\u00fcchten Sie etwas Wundervolles \u2013 Pflanzenuniversum, Vergissmeinnicht, Zinniensamen und mit detaillierten Anweisungen aus Ihrem mitgelieferten Anbauf\u00fchrer. Ob drinnen oder drau\u00dfen, Sie k\u00f6nnen sich an farbenfrohen Blumen erfreuen.<\/span><\/p>\n<p style=\"line-height: 1.5\"><span style=\"font-family: arial, helvetica, sans-serif\">&nbsp;<\/span><\/p>\n<p style=\"line-height: 1.5\"><span style=\"font-family: arial, helvetica, sans-serif\">Pflanzbare Geschenke \u2013 Ein Geburtstagsgeschenk f\u00fcr ein kleines M\u00e4dchen oder einen kleinen Jungen, das den k\u00fcnstlerischen Selbstausdruck und die Verbindung mit der Natur f\u00f6rdert. Ihr Growing Garden Kit for Kids Gift ist ein einfacher Einstieg in die Gartenarbeit f\u00fcr Kinder.<\/span><\/p>\n<p style=\"line-height: 1.5\"><span style=\"font-family: arial, helvetica, sans-serif\">&nbsp;<\/span><\/p>\n<p style=\"line-height: 1.5\"><span style=\"font-family: arial, helvetica, sans-serif\">Machen Sie mit \u2013 verlassen Sie sich auf selbstgemachte, einfache Pflanzenanbau-Sets f\u00fcr Kinder und Erwachsene. Es liegt uns am Herzen, unsere Liebe zum Pflanzenleben weiterzugeben, und wir k\u00f6nnen es kaum erwarten, Ihnen bei der Anlage Ihres ersten Gartens zu helfen!<\/span><\/p><\/p>","protected":false},"excerpt":{"rendered":"<p>Vorbereitetes 21-teiliges Kinder-Set zum Malen und Z\u00fcchten von Blumen im Garten: Alles, was Ihre Kinder brauchen, um die Freude am Blumenanbau in Ihr Leben oder das eines geliebten Menschen zu bringen. Es ist ganz einfach \u2013 unsere Vermutungen zum Z\u00fcchten von Blumen aus Samen, die Sie bei jedem Schritt begleiten. Pflanze es!<\/p>","protected":false},"featured_media":18077,"comment_status":"open","ping_status":"closed","template":"","meta":[],"product_cat":[61],"product_tag":[420,421,422,424,425,423,338],"acf":[],"_links":{"self":[{"href":"https:\/\/www.garden-kit.com\/de\/wp-json\/wp\/v2\/product\/4099"}],"collection":[{"href":"https:\/\/www.garden-kit.com\/de\/wp-json\/wp\/v2\/product"}],"about":[{"href":"https:\/\/www.garden-kit.com\/de\/wp-json\/wp\/v2\/types\/product"}],"replies":[{"embeddable":true,"href":"https:\/\/www.garden-kit.com\/de\/wp-json\/wp\/v2\/comments?post=4099"}],"wp:featuredmedia":[{"embeddable":true,"href":"https:\/\/www.garden-kit.com\/de\/wp-json\/wp\/v2\/media\/18077"}],"wp:attachment":[{"href":"https:\/\/www.garden-kit.com\/de\/wp-json\/wp\/v2\/media?parent=4099"}],"wp:term":[{"taxonomy":"product_cat","embeddable":true,"href":"https:\/\/www.garden-kit.com\/de\/wp-json\/wp\/v2\/product_cat?post=4099"},{"taxonomy":"product_tag","embeddable":true,"href":"https:\/\/www.garden-kit.com\/de\/wp-json\/wp\/v2\/product_tag?post=4099"}],"curies":[{"name":"wp","href":"https:\/\/api.w.org\/{rel}","templated":true}]}}