{"id":4115,"date":"2022-10-19T14:33:05","date_gmt":"2022-10-19T06:33:05","guid":{"rendered":"https:\/\/www.garden-kit.com\/product\/dandarci-paint-plant-flower-growing-kit-for-kids-2\/"},"modified":"2023-03-31T15:09:49","modified_gmt":"2023-03-31T07:09:49","slug":"flower-growing-kit","status":"publish","type":"product","link":"https:\/\/www.garden-kit.com\/de\/product\/flower-growing-kit\/","title":{"rendered":"Blumenzuchtset"},"content":{"rendered":"<p style=\"line-height: 1.5\"><span style=\"font-family: arial, helvetica, sans-serif;font-size: 16px\">Pflanzen verwenden Farben, um Dafa zu heilen, Ihre Augen voller Freude zu machen oder sch\u00f6ne oder seltsame Blumenmuster zu erzeugen, sodass Sie nicht anders k\u00f6nnen, als ihre magische Welt zu erkunden. Auch wenn Sie vielleicht bef\u00fcrchten, dass Ihre F\u00e4higkeiten im Blumenanbau nicht dem Standard entsprechen, spielt das keine Rolle. Experten f\u00fcr den Blumenanbau fangen alle bei Null an, und Blumen verf\u00fcgen \u00fcber eine starke Anpassungsf\u00e4higkeit und Selbstheilungsf\u00e4higkeit. Warum also nicht gleich damit beginnen?<\/span><span style=\"font-family: arial, helvetica, sans-serif;font-size: 18px\"><\/span><\/p>\n<h3 style=\"line-height: 1.5;font-size: 19px\"><span style=\"font-family: arial, helvetica, sans-serif;font-size: 18px\">\u00dcberblick<\/span><\/h3>\n<table border=\"1\" cellspacing=\"0\" style=\"border-collapse: collapse;width: 100%\">\n<tbody>\n<tr>\n<td valign=\"top\" width=\"373\">\n<p><span style=\"font-family: arial, helvetica, sans-serif;font-size: 16px\">Produktpflegehinweise<\/span><\/p>\n<\/td>\n<td valign=\"top\" width=\"373\">\n<p><span style=\"font-family: arial, helvetica, sans-serif;font-size: 16px\">Verf\u00fcgbar<\/span><\/p>\n<\/td>\n<\/tr>\n<tr>\n<td valign=\"top\" width=\"373\">\n<p><span style=\"font-family: arial, helvetica, sans-serif;font-size: 16px\">Art des Pflanzenprodukts<\/span><\/p>\n<\/td>\n<td valign=\"top\" width=\"373\">\n<p><span style=\"font-family: arial, helvetica, sans-serif;font-size: 16px\">Blume<\/span><\/p>\n<\/td>\n<\/tr>\n<tr>\n<td valign=\"top\" width=\"373\">\n<p><span style=\"font-family: arial, helvetica, sans-serif;font-size: 16px\">Besondere Funktion<\/span><\/p>\n<\/td>\n<td valign=\"top\" width=\"373\">\n<p><span style=\"font-family: arial, helvetica, sans-serif;font-size: 16px\">Indoor-Outdoor-Anbau<\/span><\/p>\n<\/td>\n<\/tr>\n<tr>\n<td valign=\"top\" width=\"373\">\n<p><span style=\"font-family: arial, helvetica, sans-serif;font-size: 16px\">Marke<\/span><\/p>\n<\/td>\n<td valign=\"top\" width=\"373\">\n<p><span style=\"font-family: arial, helvetica, sans-serif;font-size: 16px\">Garten-Kit<\/span><\/p>\n<\/td>\n<\/tr>\n<tr>\n<td valign=\"top\" width=\"373\">\n<p><span style=\"font-family: arial, helvetica, sans-serif;font-size: 16px\">Herkunftsort<\/span><\/p>\n<\/td>\n<td valign=\"top\" width=\"373\">\n<p><span style=\"font-family: arial, helvetica, sans-serif;font-size: 16px\">Fujian, China<\/span><\/p>\n<\/td>\n<\/tr>\n<tr>\n<td valign=\"top\" width=\"373\">\n<p><span style=\"font-family: arial, helvetica, sans-serif;font-size: 16px\">ODM\/OEM<\/span><\/p>\n<\/td>\n<td valign=\"top\" width=\"373\">\n<p><span style=\"font-family: arial, helvetica, sans-serif;font-size: 16px\">Verf\u00fcgbar<\/span><\/p>\n<\/td>\n<\/tr>\n<tr>\n<td valign=\"top\" width=\"373\">\n<p><span style=\"font-family: arial, helvetica, sans-serif;font-size: 16px\">MOQ f\u00fcr kundenspezifische Bestellung<\/span><\/p>\n<\/td>\n<td valign=\"top\" width=\"373\">\n<p><span style=\"font-family: arial, helvetica, sans-serif;font-size: 16px\">3000 Stk<\/span><\/p>\n<\/td>\n<\/tr>\n<tr>\n<td valign=\"top\" width=\"373\">\n<p><span style=\"font-family: arial, helvetica, sans-serif;font-size: 16px\">Beispielkosten<\/span><\/p>\n<\/td>\n<td valign=\"top\" width=\"373\">\n<p><span style=\"font-family: arial, helvetica, sans-serif;font-size: 16px\">US$400\/Sample, volle R\u00fccksendung nach einer Bestellung bei uns<\/span><\/p>\n<\/td>\n<\/tr>\n<\/tbody>\n<\/table>\n<p style=\"line-height: 1.5\"><span style=\"font-family: arial, helvetica, sans-serif;font-size: 16px\">&nbsp;<\/span><\/p>\n<p style=\"line-height: 1.5;text-align: center\"><span style=\"font-family: arial, helvetica, sans-serif;font-size: 16px\"><img decoding=\"async\" src=\"https:\/\/data.adwebcloud.com\/public\/material\/2206293ihquj\/product\/image3_1666161034953.jpg\" alt=\"Beispiel\" width=\"50%\" title=\"\"><img decoding=\"async\" src=\"https:\/\/data.adwebcloud.com\/public\/material\/2206293ihquj\/product\/image2_1666161029165.jpg\" alt=\"Beispiel\" width=\"50%\" title=\"\"> &nbsp;<\/span><\/p>\n<p style=\"line-height: 1.5\"><span style=\"font-family: arial, helvetica, sans-serif;font-size: 16px\">Vorbereitetes 22-teiliges Kinder-Set zum Malen und Z\u00fcchten von Blumen im Garten: Alles, was Ihre Kinder brauchen, um die Freude am Blumenanbau in Ihr Leben oder das eines geliebten Menschen zu bringen. Es ist ganz einfach \u2013 unsere Vermutungen zum Z\u00fcchten von Blumen aus Samen, die Sie bei jedem Schritt begleiten. Pflanze es!<\/span><\/p>\n<p style=\"line-height: 1.5\"><span style=\"font-family: arial, helvetica, sans-serif;font-size: 16px\">&nbsp;<\/span><\/p>\n<h3 style=\"line-height: 1.5;font-size: 19px\"><span style=\"font-family: arial, helvetica, sans-serif;font-size: 16px\">Die folgenden Artikel sind im Kit enthalten.<\/span><span style=\"font-family: arial, helvetica, sans-serif;font-size: 16px\">&nbsp;<\/span><\/h3>\n<p style=\"line-height: 1.5\"><span style=\"font-family: arial, helvetica, sans-serif;font-size: 16px\">1 bemalbarer \u00dcbertopf aus Blech (12*4,5*4\u2033)<\/span><\/p>\n<p style=\"line-height: 1.5\"><span style=\"font-family: arial, helvetica, sans-serif;font-size: 16px\">1 Kunststoffeinsatz<\/span><\/p>\n<p style=\"line-height: 1.5\"><span style=\"font-family: arial, helvetica, sans-serif;font-size: 16px\">1 gro\u00dfe Erdscheibe<\/span><\/p>\n<p style=\"line-height: 1.5\"><span style=\"font-family: arial, helvetica, sans-serif;font-size: 16px\">3 Packungen frisch bleibender Samen<\/span><\/p>\n<p style=\"line-height: 1.5\"><span style=\"font-family: arial, helvetica, sans-serif;font-size: 16px\">6-Farben-Lackstreifen<\/span><\/p>\n<p style=\"line-height: 1.5\"><span style=\"font-family: arial, helvetica, sans-serif;font-size: 16px\">2 Pinsel<\/span><\/p>\n<p style=\"line-height: 1.5\"><span style=\"font-family: arial, helvetica, sans-serif;font-size: 16px\">1 Farbpalette<\/span><\/p>\n<p style=\"line-height: 1.5\"><span style=\"font-family: arial, helvetica, sans-serif;font-size: 16px\">3 Pflanzenmarkierungen aus Holz<\/span><\/p>\n<p style=\"line-height: 1.5\"><span style=\"font-family: arial, helvetica, sans-serif;font-size: 16px\">1 Schaufel<\/span><\/p>\n<p style=\"line-height: 1.5\"><span style=\"font-family: arial, helvetica, sans-serif;font-size: 16px\">1 Trinkflasche<\/span><\/p>\n<p style=\"line-height: 1.5\"><span style=\"font-family: arial, helvetica, sans-serif;font-size: 16px\">1 Schritt-f\u00fcr-Schritt-Anleitung zum Pflanzen<\/span><\/p>\n<p style=\"line-height: 1.5\"><span style=\"font-family: arial, helvetica, sans-serif;font-size: 16px\">1 personalisierte Geschenkbox<\/span><\/p>\n<p style=\"line-height: 1.5\"><span style=\"font-family: arial, helvetica, sans-serif;font-size: 16px\">&nbsp;<\/span><\/p>\n<p style=\"line-height: 1.5\"><span style=\"font-family: arial, helvetica, sans-serif;font-size: 16px\">MALEN UND BEPFLANZEN SIE IHREN EIGENEN KLEINEN GARTEN: Bemalen Sie T\u00f6pfe und Pflanzmarkierungen und s\u00e4en Sie Ringelblumen, Kosmos und Zinnien \u2013 leuchtende Farben und angenehme D\u00fcfte. Befolgen Sie die beiliegende Schritt-f\u00fcr-Schritt-Anleitung.<\/span><\/p>\n<p style=\"line-height: 1.5\"><span style=\"font-family: arial, helvetica, sans-serif;font-size: 16px\">&nbsp;<\/span><\/p>\n<p style=\"line-height: 1.5\"><span style=\"font-family: arial, helvetica, sans-serif;font-size: 16px\">Machen Sie es einzigartig: Wenn es um Design geht, sind keine Grenzen gesetzt! Lassen Sie Ihrer Kreativit\u00e4t auf T\u00f6pfen und Pflanzenmarkierungen freien Lauf.<\/span><\/p>\n<p style=\"line-height: 1.5\"><span style=\"font-family: arial, helvetica, sans-serif;font-size: 16px\">&nbsp;<\/span><\/p>\n<p style=\"line-height: 1.5\"><span style=\"font-family: arial, helvetica, sans-serif;font-size: 16px\">Das Kit enth\u00e4lt einen Blechpflanzer (12*4,5*4\u2033), einen Kunststoffeinsatz, Erde, 3 Samenp\u00e4ckchen, 6 Farbfarbstreifen, 2 Pinsel, eine Farbpalette, 3 Pflanzenmarkierungen aus Holz, eine Schaufel, eine Wasserflasche und eine sch\u00f6ne Bedienungsanleitung.<\/span><\/p>\n<p style=\"line-height: 1.5\"><span style=\"font-family: arial, helvetica, sans-serif;font-size: 16px\">&nbsp;<\/span><\/p>\n<p style=\"line-height: 1.5\"><span style=\"font-family: arial, helvetica, sans-serif;font-size: 16px\">Ein lustiges und lehrreiches Geschenk f\u00fcr alle Altersgruppen: Es kommt nicht oft vor, dass ein lustiges Projekt lehrreich ist, aber dieses Blumenzuchtset schafft beides! Es fasziniert Kinder, wenn sie es aus der Schachtel nehmen und ihnen den Lebenszyklus von Pflanzen und die Botanik n\u00e4her bringen. Jedes Kind kann so viel malen, malen und pflanzen, wie es m\u00f6chte, das garantiert jede Menge Spa\u00df.<\/span><\/p>\n<h3 style=\"font-size: 19px\"><span style=\"font-family: arial, helvetica, sans-serif\">Vorteile von Blumenpflanzsets f\u00fcr Kinder<\/span><\/h3>\n<p><span style=\"font-family: arial, helvetica, sans-serif\">1. Malen ist eine Art Gef\u00fchl, das die Wahrnehmungsf\u00e4higkeit von Kindern trainieren und f\u00f6rdern kann. Wenn Kinder malen, verf\u00fcgen sie \u00fcber verschiedene Beobachtungsmethoden und Ausdrucksformen. Langfristige Erfahrungen wie diese f\u00fchren dazu, dass Kinder die Dinge um sich herum wahrnehmen. Je detaillierter sie sind, desto st\u00e4rker wird die Wahrnehmung des Kindes.<\/span><\/p>\n<p><span style=\"font-family: arial, helvetica, sans-serif\">2. Malen ist eine Art Fantasie, die die Fantasie und Kreativit\u00e4t von Kindern anregen kann. W\u00e4hrend des gesamten Malprozesses werden die Kinder st\u00e4ndig versuchen, neue Methoden anzuwenden, um Ausdrucksformen zu schaffen.<\/span><\/p>\n<p><span style=\"font-family: arial, helvetica, sans-serif\">3. Malen ist eine Art Ged\u00e4chtnis, das das Ged\u00e4chtnis von Kindern verbessern kann. Zeichnen ist der schnellste und einfachste Weg, Menschen in Erinnerung zu rufen.<\/span><\/p>\n<p><span style=\"font-family: arial, helvetica, sans-serif\">4. Malen ist eine Art Selbstbewusstsein. Es kann das Selbstvertrauen und den Mut von Kindern f\u00f6rdern. Viele Kinder, die nicht sehr verbal sind, dr\u00fccken ihre Ideen oft durch Malen aus. Mehr Ermutigung und Lob werden Kinder, die kein Selbstvertrauen haben, dazu bringen, Ihr Herz nach und nach zu \u00f6ffnen und es mutig auszudr\u00fccken, was Ihr Selbstvertrauen st\u00e4rkt.<\/span><\/p><\/p>","protected":false},"excerpt":{"rendered":"<p>Vorbereitetes 22-teiliges Blumen-Gartenset f\u00fcr Kinder zum Malen und Wachsen: Alles, was Ihre Kinder brauchen, um die Freude am Blumenanbau in Ihr Leben oder das Leben eines geliebten Menschen zu bringen. Es ist ganz einfach \u2013 unsere Vermutungen \u00fcber das Z\u00fcchten von Blumen aus Samen, die Sie bei jedem Schritt des Weges anleiten. Pflanze es!<\/p>","protected":false},"featured_media":12599,"comment_status":"open","ping_status":"closed","template":"","meta":[],"product_cat":[61],"product_tag":[415,335,413,417,416,334,414],"acf":[],"_links":{"self":[{"href":"https:\/\/www.garden-kit.com\/de\/wp-json\/wp\/v2\/product\/4115"}],"collection":[{"href":"https:\/\/www.garden-kit.com\/de\/wp-json\/wp\/v2\/product"}],"about":[{"href":"https:\/\/www.garden-kit.com\/de\/wp-json\/wp\/v2\/types\/product"}],"replies":[{"embeddable":true,"href":"https:\/\/www.garden-kit.com\/de\/wp-json\/wp\/v2\/comments?post=4115"}],"wp:featuredmedia":[{"embeddable":true,"href":"https:\/\/www.garden-kit.com\/de\/wp-json\/wp\/v2\/media\/12599"}],"wp:attachment":[{"href":"https:\/\/www.garden-kit.com\/de\/wp-json\/wp\/v2\/media?parent=4115"}],"wp:term":[{"taxonomy":"product_cat","embeddable":true,"href":"https:\/\/www.garden-kit.com\/de\/wp-json\/wp\/v2\/product_cat?post=4115"},{"taxonomy":"product_tag","embeddable":true,"href":"https:\/\/www.garden-kit.com\/de\/wp-json\/wp\/v2\/product_tag?post=4115"}],"curies":[{"name":"wp","href":"https:\/\/api.w.org\/{rel}","templated":true}]}}