{"id":4265,"date":"2022-10-19T15:52:41","date_gmt":"2022-10-19T07:52:41","guid":{"rendered":"https:\/\/www.garden-kit.com\/product\/flavor-your-own-gin\/"},"modified":"2023-03-31T15:33:31","modified_gmt":"2023-03-31T07:33:31","slug":"gin-infusion-gift-set","status":"publish","type":"product","link":"https:\/\/www.garden-kit.com\/de\/product\/gin-infusion-gift-set\/","title":{"rendered":"Gin Infusion Geschenkset"},"content":{"rendered":"<h3 style=\"font-size: 19px\"><span style=\"font-family: arial, helvetica, sans-serif\">\u00dcberblick<\/span><\/h3>\n<p><span id=\"productTitle\" style=\"font-family: arial, helvetica, sans-serif;font-size: 16px\">DIY Gin-Herstellungs-Alkohol-Infusions-Set | Vorgestellt in Vogue | 12 Gew\u00fcrze im Glas | Mixology-Set f\u00fcr Barkeeper | Perfektes Wodka-Geschenk f\u00fcr M\u00e4nner | DIY-Kits f\u00fcr Erwachsene | Barkeeper-Set | Geschenke f\u00fcr M\u00e4nner und Frauen<\/span><\/p>\n<table border=\"1\" cellspacing=\"0\" style=\"border-collapse: collapse;width: 100%\">\n<tbody>\n<tr>\n<td valign=\"top\" width=\"373\">\n<p><span style=\"font-family: arial, helvetica, sans-serif\">Produktpflegehinweise<\/span><\/p>\n<\/td>\n<td valign=\"top\" width=\"373\">\n<p><span style=\"font-family: arial, helvetica, sans-serif\">Verf\u00fcgbar<\/span><\/p>\n<\/td>\n<\/tr>\n<tr>\n<td valign=\"top\" width=\"373\">\n<p><span style=\"font-family: arial, helvetica, sans-serif\">Produktart<\/span><\/p>\n<\/td>\n<td valign=\"top\" width=\"373\">\n<p><span style=\"font-family: arial, helvetica, sans-serif\">Gin-Herstellungsset<\/span><\/p>\n<\/td>\n<\/tr>\n<tr>\n<td valign=\"top\" width=\"373\">\n<p><span style=\"font-family: arial, helvetica, sans-serif\">Besondere Funktion<\/span><\/p>\n<\/td>\n<td valign=\"top\" width=\"373\">\n<p><span style=\"font-family: arial, helvetica, sans-serif\">Aromatisieren Sie Ihre eigene Flasche mit ZW\u00d6LF Pflanzenstoffen<\/span><\/p>\n<\/td>\n<\/tr>\n<tr>\n<td valign=\"top\" width=\"373\">\n<p><span style=\"font-family: arial, helvetica, sans-serif\">Marke<\/span><\/p>\n<\/td>\n<td valign=\"top\" width=\"373\">\n<p><span style=\"font-family: arial, helvetica, sans-serif\">Garten-Kit<\/span><\/p>\n<\/td>\n<\/tr>\n<tr>\n<td valign=\"top\" width=\"373\">\n<p><span style=\"font-family: arial, helvetica, sans-serif\">Herkunftsort<\/span><\/p>\n<\/td>\n<td valign=\"top\" width=\"373\">\n<p><span style=\"font-family: arial, helvetica, sans-serif\">Fujian, China<\/span><\/p>\n<\/td>\n<\/tr>\n<tr>\n<td valign=\"top\" width=\"373\">\n<p><span style=\"font-family: arial, helvetica, sans-serif\">ODM\/OEM<\/span><\/p>\n<\/td>\n<td valign=\"top\" width=\"373\">\n<p><span style=\"font-family: arial, helvetica, sans-serif\">Verf\u00fcgbar<\/span><\/p>\n<\/td>\n<\/tr>\n<tr>\n<td valign=\"top\" width=\"373\">\n<p><span style=\"font-family: arial, helvetica, sans-serif\">MOQ f\u00fcr kundenspezifische Bestellung<\/span><\/p>\n<\/td>\n<td valign=\"top\" width=\"373\">\n<p><span style=\"font-family: arial, helvetica, sans-serif\">3000 Stk<\/span><\/p>\n<\/td>\n<\/tr>\n<tr>\n<td valign=\"top\" width=\"373\">\n<p><span style=\"font-family: arial, helvetica, sans-serif\">Beispielkosten<\/span><\/p>\n<\/td>\n<td valign=\"top\" width=\"373\">\n<p><span style=\"font-family: arial, helvetica, sans-serif\">US$400\/Sample, volle R\u00fccksendung nach der Bestellung bei uns<\/span><\/p>\n<\/td>\n<\/tr>\n<\/tbody>\n<\/table>\n<p><span style=\"font-family: arial, helvetica, sans-serif\">&nbsp;<\/span><\/p>\n<h3 style=\"font-size: 19px\"><span style=\"font-family: arial, helvetica, sans-serif\">Beschreibung<\/span><\/h3>\n<p><span style=\"font-family: arial, helvetica, sans-serif\">MACHEN SIE IHR EIGENES \u2013 Machen Sie Schluss mit standardisierten Aufgussmischungen und lassen Sie Ihrer Fantasie und Ihrem Gaumen in diesem exklusiven Set freien Lauf. Das Einzige, was Sie noch brauchen, ist Ihre Kreativit\u00e4t: Nehmen Sie sich einfach ein wenig Zeit und Sie werden mit einem vollmundigen Cocktail belohnt! W\u00e4hlen Sie Ihre bevorzugte botanische Essenz und kreieren Sie Ihren eigenen Gin!<\/span><\/p>\n<p><span style=\"font-family: arial, helvetica, sans-serif\">&nbsp;<\/span><\/p>\n<p><span style=\"font-family: arial, helvetica, sans-serif\">Die folgenden Artikel sind im Kit enthalten.<\/span><\/p>\n<p><span style=\"font-family: arial, helvetica, sans-serif\">Unsere 12 Pflanzenstoffe stammen aus der ganzen Welt, von denen einige wirklich schwer zu finden sind. Dennoch haben wir die Herausforderung angenommen, sie f\u00fcr Ihr bestes Gin-Erlebnis zu finden!<\/span><\/p>\n<p><span style=\"font-family: arial, helvetica, sans-serif\">Wir beziehen die hochwertigsten Gin-Botanicals aus der ganzen Welt: gr\u00fcner Kardamom, Hibiskusbl\u00fcten, Koriandersamen, Kubebenpfeffer, Lavendelbl\u00fcten, Lorbeer, Orangenschale, rosa Pfeffer, Lakritze und Wacholder<\/span><\/p>\n<p><span style=\"font-family: arial, helvetica, sans-serif\">1 Schritt-f\u00fcr-Schritt-Anleitungskarte<\/span><\/p>\n<p><span style=\"font-family: arial, helvetica, sans-serif\">1 individuelle Bastelbox<\/span><\/p>\n<p><span style=\"font-family: arial, helvetica, sans-serif\">&nbsp;<\/span><\/p>\n<p><span style=\"font-family: arial, helvetica, sans-serif\">AUS JEDEM KIT WERDEN 3 FLASCHEN GIN HERGESTELLT<\/span><span style=\"font-family: arial, helvetica, sans-serif\">&nbsp;<\/span><\/p>\n<p><span style=\"font-family: arial, helvetica, sans-serif\">Hausgemachter Gin: Mit unserer exklusiven Gin-Anlage k\u00f6nnen Sie Ihren eigenen Gin verkosten und drei Flaschen mit Freunden und Familie genie\u00dfen.<\/span><\/p>\n<p><span style=\"font-family: arial, helvetica, sans-serif\">Enth\u00e4lt 12 exotische Pflanzen und die gesamte Ausr\u00fcstung, die Sie ben\u00f6tigen, um mit der Herstellung Ihres eigenen Gins zu beginnen<\/span><\/p>\n<p><span style=\"font-family: arial, helvetica, sans-serif\">Die perfekte Geschenkidee f\u00fcr Gin-Liebhaber<\/span><\/p>\n<p><span style=\"font-family: arial, helvetica, sans-serif\">Hochwertige Verarbeitung und Verpackung: Zwei Glasflaschen mit Holzkorken, plastikfrei verpackt, im schlichten, eleganten Zero-Waste-Karton. Wird mit einem Metalltrichter und einer vollst\u00e4ndigen Anleitung geliefert.<\/span><\/p>\n<p><span style=\"font-family: arial, helvetica, sans-serif\"><\/span><\/p>\n<p>Wie haben wir angefangen?<br \/>Leon, ein Luft- und Raumfahrtingenieur, war der Handwerker der beiden und behielt den \u00dcberblick, als Vincents \u00fcbersch\u00e4umende Kreativit\u00e4t l\u00e4ngst zum n\u00e4chsten Laborexperiment \u00fcbergegangen war (eine alte Gewohnheit von Chemikern).<\/p>\n<\/p>\n<p>Was macht unsere Produkte einzigartig?<br \/>Im Zweifelsfall gilt: Weniger ist mehr und selbstgemacht ist immer besser als gekauft! Wir experimentieren einfach gerne \u2013 auch mit unseren Produkten. Wir experimentieren einfach gerne \u2013 und diese Freude wollen wir an unsere Kunden weitergeben \u2026 Auch als Geschenk sind unsere Produkte etwas ganz Besonderes. Schlie\u00dflich macht es doppelt so viel Spa\u00df, die Freude zu teilen!<\/p><\/p>","protected":false},"excerpt":{"rendered":"<p>MACHEN SIE IHR EIGENES \u2013 Machen Sie Schluss mit standardisierten Aufgussmischungen und lassen Sie Ihrer Fantasie und Ihrem Gaumen in diesem exklusiven Set freien Lauf. Das Einzige, was Sie noch brauchen, ist Ihre Kreativit\u00e4t: Nehmen Sie sich einfach ein wenig Zeit und Sie werden mit einem vollmundigen Cocktail belohnt! W\u00e4hlen Sie Ihre bevorzugte botanische Essenz und kreieren Sie Ihren eigenen Gin!<\/p>\n<p>\u00a0<\/p>","protected":false},"featured_media":12672,"comment_status":"closed","ping_status":"closed","template":"","meta":[],"product_cat":[86],"product_tag":[438,440,439,441],"acf":[],"_links":{"self":[{"href":"https:\/\/www.garden-kit.com\/de\/wp-json\/wp\/v2\/product\/4265"}],"collection":[{"href":"https:\/\/www.garden-kit.com\/de\/wp-json\/wp\/v2\/product"}],"about":[{"href":"https:\/\/www.garden-kit.com\/de\/wp-json\/wp\/v2\/types\/product"}],"replies":[{"embeddable":true,"href":"https:\/\/www.garden-kit.com\/de\/wp-json\/wp\/v2\/comments?post=4265"}],"wp:featuredmedia":[{"embeddable":true,"href":"https:\/\/www.garden-kit.com\/de\/wp-json\/wp\/v2\/media\/12672"}],"wp:attachment":[{"href":"https:\/\/www.garden-kit.com\/de\/wp-json\/wp\/v2\/media?parent=4265"}],"wp:term":[{"taxonomy":"product_cat","embeddable":true,"href":"https:\/\/www.garden-kit.com\/de\/wp-json\/wp\/v2\/product_cat?post=4265"},{"taxonomy":"product_tag","embeddable":true,"href":"https:\/\/www.garden-kit.com\/de\/wp-json\/wp\/v2\/product_tag?post=4265"}],"curies":[{"name":"wp","href":"https:\/\/api.w.org\/{rel}","templated":true}]}}