{"id":4409,"date":"2022-10-19T16:05:45","date_gmt":"2022-10-19T08:05:45","guid":{"rendered":"https:\/\/www.garden-kit.com\/product\/garden-kit-paint-plant-flower-growing-kit\/"},"modified":"2023-03-31T15:12:09","modified_gmt":"2023-03-31T07:12:09","slug":"garden-kit-paint-plant-flower-growing-kit","status":"publish","type":"product","link":"https:\/\/www.garden-kit.com\/de\/product\/garden-kit-paint-plant-flower-growing-kit\/","title":{"rendered":"Garden Kit Paint &amp; Plant Flower Growing Kit"},"content":{"rendered":"<h3 style=\"line-height: 1.5;font-size: 19px\"><span style=\"font-family: arial, helvetica, sans-serif;font-size: 18px\"><strong>Mal- und Pflanzenblumenzuchtset<\/strong><\/span><\/h3>\n<h3 style=\"line-height: 1.5;font-size: 19px\"><span style=\"font-family: arial, helvetica, sans-serif\"><strong>Produkt\u00fcbersicht<\/strong><\/span><\/h3>\n<table border=\"1\" cellspacing=\"0\" style=\"border-collapse: collapse;width: 100%\">\n<tbody>\n<tr>\n<td valign=\"top\" width=\"373\">\n<p><span style=\"font-family: arial, helvetica, sans-serif\">Produktpflegehinweise<\/span><\/p>\n<\/td>\n<td valign=\"top\" width=\"373\">\n<p><span style=\"font-family: arial, helvetica, sans-serif\">Verf\u00fcgbar<\/span><\/p>\n<\/td>\n<\/tr>\n<tr>\n<td valign=\"top\" width=\"373\">\n<p><span style=\"font-family: arial, helvetica, sans-serif\">Art des Pflanzenprodukts<\/span><\/p>\n<\/td>\n<td valign=\"top\" width=\"373\">\n<p><span style=\"font-family: arial, helvetica, sans-serif\">Blume<\/span><\/p>\n<\/td>\n<\/tr>\n<tr>\n<td valign=\"top\" width=\"373\">\n<p><span style=\"font-family: arial, helvetica, sans-serif\">Besondere Funktion<\/span><\/p>\n<\/td>\n<td valign=\"top\" width=\"373\">\n<p><span style=\"font-family: arial, helvetica, sans-serif\">Indoor-Outdoor-Anbau<\/span><\/p>\n<\/td>\n<\/tr>\n<tr>\n<td valign=\"top\" width=\"373\">\n<p><span style=\"font-family: arial, helvetica, sans-serif\">Marke<\/span><\/p>\n<\/td>\n<td valign=\"top\" width=\"373\">\n<p><span style=\"font-family: arial, helvetica, sans-serif\">Garten-Kit<\/span><\/p>\n<\/td>\n<\/tr>\n<tr>\n<td valign=\"top\" width=\"373\">\n<p><span style=\"font-family: arial, helvetica, sans-serif\">Herkunftsort<\/span><\/p>\n<\/td>\n<td valign=\"top\" width=\"373\">\n<p><span style=\"font-family: arial, helvetica, sans-serif\">Fujian, China<\/span><\/p>\n<\/td>\n<\/tr>\n<tr>\n<td valign=\"top\" width=\"373\">\n<p><span style=\"font-family: arial, helvetica, sans-serif\">ODM\/OEM<\/span><\/p>\n<\/td>\n<td valign=\"top\" width=\"373\">\n<p><span style=\"font-family: arial, helvetica, sans-serif\">Verf\u00fcgbar<\/span><\/p>\n<\/td>\n<\/tr>\n<tr>\n<td valign=\"top\" width=\"373\">\n<p><span style=\"font-family: arial, helvetica, sans-serif\">MOQ f\u00fcr kundenspezifische Bestellung<\/span><\/p>\n<\/td>\n<td valign=\"top\" width=\"373\">\n<p><span style=\"font-family: arial, helvetica, sans-serif\">3000 Stk<\/span><\/p>\n<\/td>\n<\/tr>\n<tr>\n<td valign=\"top\" width=\"373\">\n<p><span style=\"font-family: arial, helvetica, sans-serif\">Beispielkosten<\/span><\/p>\n<\/td>\n<td valign=\"top\" width=\"373\">\n<p><span style=\"font-family: arial, helvetica, sans-serif\">US$400\/Sample, volle R\u00fccksendung nach der Bestellung bei uns<\/span><\/p>\n<\/td>\n<\/tr>\n<\/tbody>\n<\/table>\n<p>&nbsp;<\/p>\n<p style=\"line-height: 1.5\"><span style=\"font-family: arial, helvetica, sans-serif\">Vorbereitetes 28-teiliges Kinder-Set zum Malen und Z\u00fcchten von Blumen im Garten: Alles, was Ihre Kinder brauchen, um die Freude am Blumenanbau in Ihr Leben oder das eines geliebten Menschen zu bringen. Es ist ganz einfach \u2013 unsere Vermutungen zum Z\u00fcchten von Blumen aus Samen, die Sie bei jedem Schritt begleiten. Pflanze es!<\/span><\/p>\n<p>&nbsp;<\/p>\n<h3 style=\"line-height: 1.5;font-size: 19px\"><span style=\"font-family: arial, helvetica, sans-serif\"><strong>Die folgenden Artikel sind im Kit enthalten:<\/strong><\/span><\/h3>\n<p style=\"line-height: 1.5\"><span style=\"font-family: arial, helvetica, sans-serif\">3 bepflanzbare Blument\u00f6pfe mit Tablett<\/span><\/p>\n<p style=\"line-height: 1.5\"><span style=\"font-family: arial, helvetica, sans-serif\">3 Beutel Samen<\/span><\/p>\n<p style=\"line-height: 1.5\"><span style=\"font-family: arial, helvetica, sans-serif\">3 Bodenscheiben<\/span><\/p>\n<p style=\"line-height: 1.5\"><span style=\"font-family: arial, helvetica, sans-serif\">3 Pflanzenanh\u00e4nger<\/span><\/p>\n<p style=\"line-height: 1.5\"><span style=\"font-family: arial, helvetica, sans-serif\">3 Transferaufkleber<\/span><\/p>\n<p style=\"line-height: 1.5\"><span style=\"font-family: arial, helvetica, sans-serif\">6 Farben<\/span><\/p>\n<p style=\"line-height: 1.5\"><span style=\"font-family: arial, helvetica, sans-serif\">2 Pinsel<\/span><\/p>\n<p style=\"line-height: 1.5\"><span style=\"font-family: arial, helvetica, sans-serif\">1 Farbpalette<\/span><\/p>\n<p style=\"line-height: 1.5\"><span style=\"font-family: arial, helvetica, sans-serif\">1 Schaufel<\/span><\/p>\n<p style=\"line-height: 1.5\"><span style=\"font-family: arial, helvetica, sans-serif\">1 Trinkflasche<\/span><\/p>\n<p style=\"line-height: 1.5\"><span style=\"font-family: arial, helvetica, sans-serif\">1 Schritt-f\u00fcr-Schritt-Anleitung zum Pflanzen<\/span><\/p>\n<p style=\"line-height: 1.5\"><span style=\"font-family: arial, helvetica, sans-serif\">1 personalisierte Geschenkbox<\/span><\/p>\n<p style=\"line-height: 1.5\"><span style=\"font-family: arial, helvetica, sans-serif\">&nbsp;<\/span><\/p>\n<p style=\"line-height: 1.5\"><span style=\"font-family: arial, helvetica, sans-serif\">Garden Kit Mal- und Pflanzset f\u00fcr Blumen: Unser Garden Kit-Blumenpflanzset f\u00fcr 8- bis 12-J\u00e4hrige ist mit allem ausgestattet, was Sie brauchen. 3 Blument\u00f6pfe, 6 Farbpigmente, 3 Transferaufkleber (Schwarz, Farbe und GID), Spray, 2 Pinsel, 3 Etiketten, Anleitung usw.<\/span><\/p>\n<p style=\"line-height: 1.5\">\n<p style=\"line-height: 1.5\"><span style=\"font-family: arial, helvetica, sans-serif\">Malen und bepflanzen Sie Ihren eigenen Garten: M\u00f6gen Sie leuchtende Farben? Du bist gerne kreativ? Dann holen Sie sich dieses Kunst- und Bastelset! Selbstbemalung ist ein sehr interessanter Teil. Den Garten zu bepflanzen und ihn bl\u00fchen zu sehen, ist noch aufregender! Tipp: Da es sich um Zimmerpflanzen handelt, lagern Sie sie m\u00f6glichst drinnen.<\/span><\/p>\n<p style=\"line-height: 1.5\">\n<p style=\"line-height: 1.5\"><span style=\"font-family: arial, helvetica, sans-serif\">SPASSIGE BILDUNGSAKTIVIT\u00c4TEN F\u00dcR JEDES ALTER: Dies ist eine gro\u00dfartige Kunst- und Bastelaktivit\u00e4t f\u00fcr Kinder im Alter von 4 bis 6 Jahren, die sie stundenlang besch\u00e4ftigt. Es bringt Kindern Kreativit\u00e4t. Sie k\u00f6nnen einzigartige T\u00f6pfe bemalen und zusehen, wie die Blumen Tag f\u00fcr Tag wachsen! Eine gro\u00dfartige M\u00f6glichkeit, Ihre Kinder von Bildschirmen fernzuhalten. Es macht Spa\u00df und ist lehrreich.<\/span><\/p>\n<p style=\"line-height: 1.5\">\n<p style=\"line-height: 1.5\"><span style=\"font-family: arial, helvetica, sans-serif\">FANTASTISCHE KINDER-BASTELGESCHENKE: Dieses Kunsthandwerk f\u00fcr M\u00e4dchen im Alter von 10 bis 12 Jahren sieht einfach aus, macht aber so viel Spa\u00df. Haben Sie Spa\u00df mit Ihren Kindern, haben Sie Spa\u00df und unternehmen Sie tolle Familienaktivit\u00e4ten. Dieses DIY-Kunsthandwerk f\u00fcr Kinder eignet sich auch hervorragend als Geschenk f\u00fcr Dampfprojekte, als Weihnachts-, Oster- und Geburtstagsgeschenk f\u00fcr Kinder.<\/span><\/p>\n<p style=\"line-height: 1.5\">\n<p style=\"line-height: 1.5\"><span style=\"font-family: arial, helvetica, sans-serif\">100%-Zufriedenheit: Alle Garden Kit-Produkte sind mit 100%-Zufriedenheit ausgestattet. Wenn Sie Fragen zu Spielzeug f\u00fcr 8- bis 12-j\u00e4hrige M\u00e4dchen haben, k\u00f6nnen Sie sich gerne an uns wenden. Wir werden Ihnen auf jeden Fall den besten Service bieten.<\/span><\/p><\/p>","protected":false},"excerpt":{"rendered":"<p>Vorbereitetes 28-teiliges Kinder-Set zum Malen und Z\u00fcchten von Blumen im Garten: Alles, was Ihre Kinder brauchen, um die Freude am Blumenanbau in Ihr Leben oder das eines geliebten Menschen zu bringen. Es ist ganz einfach \u2013 unsere Vermutungen zum Z\u00fcchten von Blumen aus Samen, die Sie bei jedem Schritt begleiten. Pflanze es!<\/p>","protected":false},"featured_media":12606,"comment_status":"open","ping_status":"closed","template":"","meta":[],"product_cat":[61],"product_tag":[337,336,335,333,334,332],"acf":[],"_links":{"self":[{"href":"https:\/\/www.garden-kit.com\/de\/wp-json\/wp\/v2\/product\/4409"}],"collection":[{"href":"https:\/\/www.garden-kit.com\/de\/wp-json\/wp\/v2\/product"}],"about":[{"href":"https:\/\/www.garden-kit.com\/de\/wp-json\/wp\/v2\/types\/product"}],"replies":[{"embeddable":true,"href":"https:\/\/www.garden-kit.com\/de\/wp-json\/wp\/v2\/comments?post=4409"}],"wp:featuredmedia":[{"embeddable":true,"href":"https:\/\/www.garden-kit.com\/de\/wp-json\/wp\/v2\/media\/12606"}],"wp:attachment":[{"href":"https:\/\/www.garden-kit.com\/de\/wp-json\/wp\/v2\/media?parent=4409"}],"wp:term":[{"taxonomy":"product_cat","embeddable":true,"href":"https:\/\/www.garden-kit.com\/de\/wp-json\/wp\/v2\/product_cat?post=4409"},{"taxonomy":"product_tag","embeddable":true,"href":"https:\/\/www.garden-kit.com\/de\/wp-json\/wp\/v2\/product_tag?post=4409"}],"curies":[{"name":"wp","href":"https:\/\/api.w.org\/{rel}","templated":true}]}}