{"id":6468,"date":"2022-11-07T10:48:36","date_gmt":"2022-11-07T02:48:36","guid":{"rendered":"https:\/\/www.garden-kit.com\/product\/easy-bonsai-starter-kit-2\/"},"modified":"2023-03-31T14:43:13","modified_gmt":"2023-03-31T06:43:13","slug":"easy-bonsai-starter-kit-2","status":"publish","type":"product","link":"https:\/\/www.garden-kit.com\/de\/product\/easy-bonsai-starter-kit-2\/","title":{"rendered":"Einfache Bonsai-Starter-Kits"},"content":{"rendered":"<p>Z\u00fcchten Sie Ihren eigenen Bonsai-Baum \u2013 alles, was Sie brauchen, um den Bonsai Ihrer Tr\u00e4ume zu erschaffen! \u2013 Im Gegensatz zu anderen Kits m\u00fcssen Sie nicht das \u00f6rtliche Gartencenter aufsuchen, um Ihre Bonsai zu kultivieren. Verbringen Sie Ihre Zeit damit, das Bonsai-Erlebnis zu genie\u00dfen und Ihrem Zuhause sch\u00f6ne Gr\u00fcnfl\u00e4chen hinzuzuf\u00fcgen.<\/p>\n<p>Ideal f\u00fcr Einsteiger oder als Luxusgeschenk: \u2013 Suchen Sie ein hochwertiges Luxusgeschenk f\u00fcr Ihre Liebsten? Suchen Sie nicht weiter, dieses Premium-Set bietet ein erstklassiges Bonsai-Erlebnis f\u00fcr Anf\u00e4nger. Es ist keine vorherige \u00dcbung erforderlich.<\/p>\n<p>Vier klassische Bonsai-B\u00e4ume: \u2013 Yugens Bonsai-Samenset f\u00fcr Anf\u00e4nger enth\u00e4lt alles, was Sie zum Z\u00fcchten von vier wundersch\u00f6nen Bonsai-B\u00e4umen ben\u00f6tigen. Verwenden Sie dieses Kit, um japanische Schwarzkiefer, Blaublumen, Zwergmispel und Zwergschirmbaum zu z\u00fcchten.<\/p>\n<p>Enth\u00e4lt eine Pflanzanleitung: \u2013 Mit unserer detaillierten Pflanzanleitung werden Sie im Handumdrehen zum Bonsai-Experten. Sie erhalten lebenslange Unterst\u00fctzung f\u00fcr Ihre Bonsai-Anbaubed\u00fcrfnisse, da Sie sich jederzeit an uns wenden k\u00f6nnen, um Hilfe oder Beratung zu erhalten.<\/p>\n<p>Es war noch nie so einfach, Ihren Traum-Bonsai-Baum zu z\u00fcchten. Bonsai-B\u00e4ume verleihen dem Zuhause eine beruhigende Ausstrahlung oder k\u00f6nnen als Mittelpunkt eines Stadtgartens dienen. Diese B\u00e4ume haben die perfekte Gr\u00f6\u00dfe f\u00fcr die st\u00e4ndig wachsende Stadt. Gr\u00fcnfl\u00e4chen in Ihrem Zuhause sind sehr wichtig und Bonsai sind der perfekte Weg, dieses Ziel zu erreichen.<\/p>\n<p>Vier klassische Bonsai-Samen<br \/>Cotoneaster ist ein winterharter Baum, der sich ideal f\u00fcr Gro\u00dfbritannien eignet, da er sich gut an k\u00e4ltere Klimazonen anpasst und rosa und wei\u00dfe Bl\u00fcten hervorbringt, bevor im Sp\u00e4tsommer die orangefarbenen und roten Beeren reifen.<\/p>\n<p>Die Japanische Schwarzkiefer ist ein sehr beliebter Bonsai-Baum, ein relativ einfach zu z\u00fcchtender Baum, der kalte Temperaturen vertr\u00e4gt und eine ideale Wahl f\u00fcr Gro\u00dfbritannien ist. Diese Samen werden einen starken, maskulinen Baum voller Charakter hervorbringen.<\/p>\n<p>Der Bluebonnet ist ein spektakul\u00e4rer Bonsai mit seinen wundersch\u00f6nen gro\u00dfen glockenf\u00f6rmigen violetten Bl\u00fcten und einem atemberaubenden, spitzenfarnartigen Laub. Die atemberaubende violette Farbe kontrastiert mit dem gr\u00fcnen Laub und dieser Baum w\u00fcrde in jedem Haus oder Garten fantastisch aussehen!<\/p>\n<p>Zwergschirmchen sind in S\u00fcdostasien weit verbreitet und k\u00f6nnen Luftwurzeln ausbilden, um Bonsai noch mehr Charakter zu verleihen. Dieser besondere Bonsai-Baum ist wahrscheinlich einer der am einfachsten zu z\u00fcchtenden und zu pflegenden B\u00e4ume und eignet sich daher perfekt f\u00fcr Anf\u00e4nger.<\/p>","protected":false},"excerpt":{"rendered":"<p>Bonsai-Samen-Starter-Kit | Wachsen Sie Ihre eigenen Bonsai-B\u00e4ume | Perfekt f\u00fcr Bonsai-Anf\u00e4nger und -Enthusiasten<\/p>","protected":false},"featured_media":12115,"comment_status":"open","ping_status":"closed","template":"","meta":[],"product_cat":[40],"product_tag":[49],"acf":[],"_links":{"self":[{"href":"https:\/\/www.garden-kit.com\/de\/wp-json\/wp\/v2\/product\/6468"}],"collection":[{"href":"https:\/\/www.garden-kit.com\/de\/wp-json\/wp\/v2\/product"}],"about":[{"href":"https:\/\/www.garden-kit.com\/de\/wp-json\/wp\/v2\/types\/product"}],"replies":[{"embeddable":true,"href":"https:\/\/www.garden-kit.com\/de\/wp-json\/wp\/v2\/comments?post=6468"}],"wp:featuredmedia":[{"embeddable":true,"href":"https:\/\/www.garden-kit.com\/de\/wp-json\/wp\/v2\/media\/12115"}],"wp:attachment":[{"href":"https:\/\/www.garden-kit.com\/de\/wp-json\/wp\/v2\/media?parent=6468"}],"wp:term":[{"taxonomy":"product_cat","embeddable":true,"href":"https:\/\/www.garden-kit.com\/de\/wp-json\/wp\/v2\/product_cat?post=6468"},{"taxonomy":"product_tag","embeddable":true,"href":"https:\/\/www.garden-kit.com\/de\/wp-json\/wp\/v2\/product_tag?post=6468"}],"curies":[{"name":"wp","href":"https:\/\/api.w.org\/{rel}","templated":true}]}}