{"id":6475,"date":"2022-11-07T10:54:10","date_gmt":"2022-11-07T02:54:10","guid":{"rendered":"https:\/\/www.garden-kit.com\/product\/grow-starter-kit\/"},"modified":"2023-03-31T14:44:22","modified_gmt":"2023-03-31T06:44:22","slug":"grow-starter-kit-2","status":"publish","type":"product","link":"https:\/\/www.garden-kit.com\/de\/product\/grow-starter-kit-2\/","title":{"rendered":"Grow-Starter-Kit"},"content":{"rendered":"<p>BONSAI-BAUM-SAMEN-KIT \u2013 ALLES, WAS SIE BEN\u00d6TIGEN, UM 4 SCH\u00d6NE BONSAI-B\u00c4UME ZU ZUCHTEN:<\/p>\n<p>Das Starter-Set \u201eGrow Buddha Grow Your Own Bonsai Tree\u201c enth\u00e4lt in einer Box alle Artikel, die Sie zum Z\u00fcchten von 4 Arten wundersch\u00f6ner Bonsai-B\u00e4ume ben\u00f6tigen. Sie erhalten au\u00dferdem Samen, T\u00f6pfe, Erde, Gartenschere, Namensschilder, einen Plastiktopf, eine Brosch\u00fcre und sogar ein E-Book.<\/p>\n<p>HOHE KEIMUNGSRATEN (VON UNS SELBST GETESTET): Alle unsere Bonsai-Samen stammen aus China von renommierten Baumschulen. Wir haben die Samen selbst getestet und zum Keimen gebracht, bevor wir sie in einer unserer Bonsai-Kit-Chargen anbieten.<\/p>\n<p>INKLUSIVE PREMIUM-BONSAI-TOPF \u2013 Im Gegensatz zu anderen Bonsai-Baum-Sets werden unsere Sets mit einem Premium-Bonsai-Topf geliefert, der nach h\u00f6chsten Standards gefertigt wurde.<\/p>\n<p>VOLLST\u00c4NDIG ANF\u00c4NGERFREUNDLICH: Unsere Kits sind ideal f\u00fcr Anf\u00e4nger, Meister und Kinder gleicherma\u00dfen. Bei der Entwicklung der Grow Buddha Bonsai-Starterkits stellen wir sicher, dass unsere Bonsai-Kits absolut anf\u00e4ngerfreundlich sind.<\/p>\n<p>EINE WIRKLICH EINZIGARTIGE GESCHENKIDEE: Kennen Sie jemanden, der Pflanzen liebt? Stellen Sie sich vor, wie aufgeregt sie sind, wenn sie dieses einzigartige und sorgf\u00e4ltig gefertigte Bonsai-Starterset erhalten. Dies ist ein einzigartiges Geschenk f\u00fcr Muttertag, G\u00e4rtner, Anf\u00e4nger, Kinder, M\u00fctter, V\u00e4ter, Opa, Gro\u00dfm\u00fctter, das B\u00fcro und sogar die erfahrensten Botaniker.<\/p>\n<p>JEDES BONSAI-KIT ENTH\u00c4LT:<\/p>\n<p>\u2705 1 Premium-Kunststofftopf<br \/>\u2705 4 biologisch abbaubare T\u00f6pfe<br \/>\u2705 4 erweiterbare Bodenscheiben<br \/>\u2705 4 Arten von Bonsai-Baumsamen + 2 kostenlose Geschenksamen<br \/>\u2705 5 Pflanzen-Tag-Schilder<br \/>\u2705 1 Paar Bonsai-Baumschere<br \/>\u2705 1 Taschenbuch-Bedienungsanleitung<br \/>\u2705 1 umfassendes Bonsai-E-Book<br \/>\u2705 Online-Video-Tutorials<\/p>\n<p>WARUM UNSER KIT?<br \/>Das Bonsai-Baum-Set von Garden-kit ist nicht nur deshalb einzigartig, weil wir Ihnen 4 Arten von Bonsai-Baumsamen in einem Bonsai-Set liefern, sondern wir haben auch alles getan, um sicherzustellen, dass wir Ihnen alles zur Verf\u00fcgung gestellt haben, was Sie jemals brauchen w\u00fcrden, um Ihren eigenen Bonsai-Baum zu z\u00fcchten, ohne etwas kaufen zu m\u00fcssen noch etwas.<\/p>\n<p>Im Gegensatz zu unseren Mitbewerbern bieten wir mit unserem Bonsai Starter Kit eine hervorragende Qualit\u00e4t und ein gutes Preis-Leistungs-Verh\u00e4ltnis. Dar\u00fcber hinaus haben wir unsere Zeit und Ressourcen investiert, um die Samen gr\u00fcndlich zu testen und zu versuchen, sie anzubauen, bevor wir jede Charge zum Verkauf freigeben.<\/p>\n<p>*** WEITERE INFORMATIONEN ***<\/p>\n<p>Jeder unserer Kunden erh\u00e4lt in unseren Kits eine vollst\u00e4ndige Anleitung zur Aufzucht seiner Bonsai-B\u00e4ume als Taschenbuchexemplar.<\/p>\n<p>ABER WARTE\u2026. ES GIBT MEHR!!<\/p>\n<p>Unsere Kits enthalten au\u00dferdem ein umfassendes Bonsai-E-Book, das Ihnen alles vermittelt, was Sie \u00fcber die Welt des Bonsai wissen m\u00fcssen.<\/p>\n<p>\u2705 Absolut anf\u00e4ngerfreundlich<\/p>\n<p>\u2705 Eine tolle Geschenkidee<\/p>\n<p>\u2705 Keimung garantiert<\/p>\n<p>\u2705 Zugriff auf Schritt-f\u00fcr-Schritt-Video-Tutorials<\/p>\n<p>\u2705 Leicht verst\u00e4ndliche Anleitung<\/p>\n<p>\u2705 Kostenlose Unterst\u00fctzung durch Gartenexperten<\/p><\/p>","protected":false},"excerpt":{"rendered":"<p>GROWING KIT, BONSAI-Kit, Bonsai-Samen wachsen 4 Arten von Bonsai-B\u00e4umen Naturliebhaber Housewarminggeschenk, Bonsai-Baum-Starter-Kit<\/p>","protected":false},"featured_media":12117,"comment_status":"open","ping_status":"closed","template":"","meta":[],"product_cat":[40],"product_tag":[323],"acf":[],"_links":{"self":[{"href":"https:\/\/www.garden-kit.com\/de\/wp-json\/wp\/v2\/product\/6475"}],"collection":[{"href":"https:\/\/www.garden-kit.com\/de\/wp-json\/wp\/v2\/product"}],"about":[{"href":"https:\/\/www.garden-kit.com\/de\/wp-json\/wp\/v2\/types\/product"}],"replies":[{"embeddable":true,"href":"https:\/\/www.garden-kit.com\/de\/wp-json\/wp\/v2\/comments?post=6475"}],"wp:featuredmedia":[{"embeddable":true,"href":"https:\/\/www.garden-kit.com\/de\/wp-json\/wp\/v2\/media\/12117"}],"wp:attachment":[{"href":"https:\/\/www.garden-kit.com\/de\/wp-json\/wp\/v2\/media?parent=6475"}],"wp:term":[{"taxonomy":"product_cat","embeddable":true,"href":"https:\/\/www.garden-kit.com\/de\/wp-json\/wp\/v2\/product_cat?post=6475"},{"taxonomy":"product_tag","embeddable":true,"href":"https:\/\/www.garden-kit.com\/de\/wp-json\/wp\/v2\/product_tag?post=6475"}],"curies":[{"name":"wp","href":"https:\/\/api.w.org\/{rel}","templated":true}]}}