{"id":6531,"date":"2022-11-07T11:15:52","date_gmt":"2022-11-07T03:15:52","guid":{"rendered":"https:\/\/www.garden-kit.com\/product\/diy-christmas-tree-kit\/"},"modified":"2023-03-31T14:44:16","modified_gmt":"2023-03-31T06:44:16","slug":"diy-christmas-tree-kit","status":"publish","type":"product","link":"https:\/\/www.garden-kit.com\/de\/product\/diy-christmas-tree-kit\/","title":{"rendered":"DIY-Weihnachtsbaum-Kit"},"content":{"rendered":"<h3 style=\"text-align: justify;font-size: 19px\">Technische Details<\/h3>\n<p style=\"text-align: justify\">Inhalt: Baumsamen (Picea abies), 2 T\u00f6pfe, 4 Erdpellets, 1 verschlie\u00dfbarer Plastikbeutel<\/p>\n<p style=\"line-height: 1.5;text-align: justify\"><span style=\"font-family: arial, helvetica, sans-serif\"><img decoding=\"async\" src=\"https:\/\/data.adwebcloud.com\/public\/material\/2206293ihquj\/product\/14105_MG_6186_1667790667537.jpg\" alt=\"Beispiel\" width=\"500\" title=\"\"><img decoding=\"async\" src=\"https:\/\/data.adwebcloud.com\/public\/material\/2206293ihquj\/product\/14105_MG_6183_1667790661839.jpg\" alt=\"Beispiel\" width=\"500\" title=\"\"> &nbsp;<\/span><\/p>\n<h3 style=\"text-align: justify;font-size: 19px\">Ihr eigenes DIY-Weihnachtsbaum-Set<\/h3>\n<p style=\"text-align: justify\">Das Set zum Z\u00fcchten Ihres eigenen Weihnachtsbaums enth\u00e4lt Samen, zwei Torft\u00f6pfe, Erdgranulat und eine Anleitung f\u00fcr regelm\u00e4\u00dfiges Gie\u00dfen und Pflegen, die f\u00fcr ein frohes Weihnachtsfest sorgen;)<br \/>Weihnachten kann ohne Weihnachtsbaum nicht Weihnachten genannt werden! Auch wenn es nur ein armer Baum oder auch nur ein Zweig ist, ohne den Geruch von echtem Holz, den Nadeln auf dem Boden und dem Saft an den Fingern kann man die Weihnachtsstimmung nie wirklich sp\u00fcren.<\/p>\n<p style=\"text-align: justify\">Allerdings sind sie nicht billig, oder?<\/p>\n<p style=\"text-align: justify\">Wenn Sie nicht l\u00e4cherlich viel Geld in die Taschen von Baumverk\u00e4ufern werfen m\u00f6chten, ist dieses \u201eZ\u00fcchten Sie Ihren eigenen Weihnachtsbaum\u201c-Set eine gro\u00dfartige Option. Hier finden Sie alles, was Sie brauchen, um einen echten, lebensgro\u00dfen Baum wachsen zu lassen! Sie m\u00fcssen lediglich den Anweisungen zum Pflanzen der Samen folgen. Befolgen Sie einfach die Anweisungen, pflanzen Sie die Samen in die mitgelieferten T\u00f6pfe und schon k\u00f6nnen Sie rechtzeitig zum n\u00e4chsten Weihnachten Ihren eigenen Baum schm\u00fccken!<\/p>\n<p style=\"text-align: justify\">Bitte beachten Sie: Ein Baum braucht Zeit, um zu wachsen und sich vollst\u00e4ndig zu entwickeln. (Bitte kaufen Sie dieses Set nicht Anfang Dezember und rechnen Sie damit, dass Sie am 24. Dezember einen Baum in Ihren H\u00e4nden halten ;).<\/p>\n<p style=\"line-height: 1.5;text-align: center\"><span style=\"font-family: arial, helvetica, sans-serif\"><img decoding=\"async\" src=\"https:\/\/data.adwebcloud.com\/public\/material\/2206293ihquj\/product\/wtmftreefarm_1667790672452.jpg\" alt=\"Beispiel\" width=\"1000\" title=\"\"> <\/span><\/p>\n<h3 style=\"font-size: 19px\">Hinweise zum DIY-Weihnachtsbaum-Set:<\/h3>\n<p>Sie wissen bereits, dass Ihr DIY-Weihnachtsbaum im Voraus vorbereitet werden muss und es keine M\u00f6glichkeit gibt, ihn sofort zu haben. Wie also sollte man ihn kultivieren, damit man den selbst gepflanzten Weihnachtsbaum zur Weihnachtszeit ernten kann?<\/p>\n<ol>\n<li>Weihnachtsb\u00e4ume sind wasserliebend. W\u00e4hrend des Wachstumsprozesses haben sie einen gro\u00dfen Wasserbedarf. Sie k\u00f6nnen die Pflanzen alle 5 Tage gie\u00dfen, um den Boden feucht zu halten und zu verhindern, dass den Weihnachtsb\u00e4umen Wasser fehlt und sie schlecht wachsen.<\/li>\n<li>Wenn Sie m\u00f6chten, dass das DIY-Weihnachtsbaum-Set kr\u00e4ftiger w\u00e4chst, m\u00fcssen Sie es mit ausreichend N\u00e4hrstoffen versorgen, um das normale Wachstum der Pflanze aufrechtzuerhalten. Sie k\u00f6nnen den Weihnachtsbaum alle zwei Monate mit zersetztem Fl\u00fcssigd\u00fcnger ausbringen.<\/li>\n<li>Wenn Sie einen Weihnachtsbaum kultivieren, muss dieser beschnitten werden. Mit einer scharfen Schere k\u00f6nnen Sie die \u00fcberwucherten \u00c4ste der Pflanze k\u00fcrzen, um den N\u00e4hrstoffverbrauch des Weihnachtsbaums zu reduzieren. Nach dem Beschneiden m\u00fcssen Sie Carbendazim auf die Wunde der Pflanze auftragen, um zu verhindern, dass der Weihnachtsbaum w\u00e4chst. Eine Wunde wird mit Bakterien infiziert.<\/li>\n<\/ol>\n<p style=\"text-align: justify\">Ich glaube, dass Sie Ihrer Familie zur Weihnachtszeit mehr Freude bereiten werden, solange Sie Ihren Weihnachtsbaumbausatz sorgf\u00e4ltig pflegen!<\/p>","protected":false},"excerpt":{"rendered":"<p>Weihnachtsb\u00e4ume selber z\u00fcchten Ein DIY-Weihnachtsbaum \u2013 dieses Set macht\u2019s m\u00f6glich!<\/p><\/p>","protected":false},"featured_media":12116,"comment_status":"open","ping_status":"closed","template":"","meta":[],"product_cat":[40],"product_tag":[327],"acf":[],"_links":{"self":[{"href":"https:\/\/www.garden-kit.com\/de\/wp-json\/wp\/v2\/product\/6531"}],"collection":[{"href":"https:\/\/www.garden-kit.com\/de\/wp-json\/wp\/v2\/product"}],"about":[{"href":"https:\/\/www.garden-kit.com\/de\/wp-json\/wp\/v2\/types\/product"}],"replies":[{"embeddable":true,"href":"https:\/\/www.garden-kit.com\/de\/wp-json\/wp\/v2\/comments?post=6531"}],"wp:featuredmedia":[{"embeddable":true,"href":"https:\/\/www.garden-kit.com\/de\/wp-json\/wp\/v2\/media\/12116"}],"wp:attachment":[{"href":"https:\/\/www.garden-kit.com\/de\/wp-json\/wp\/v2\/media?parent=6531"}],"wp:term":[{"taxonomy":"product_cat","embeddable":true,"href":"https:\/\/www.garden-kit.com\/de\/wp-json\/wp\/v2\/product_cat?post=6531"},{"taxonomy":"product_tag","embeddable":true,"href":"https:\/\/www.garden-kit.com\/de\/wp-json\/wp\/v2\/product_tag?post=6531"}],"curies":[{"name":"wp","href":"https:\/\/api.w.org\/{rel}","templated":true}]}}