{"id":6572,"date":"2022-11-07T14:09:03","date_gmt":"2022-11-07T06:09:03","guid":{"rendered":"https:\/\/www.garden-kit.com\/product\/cactus-growing-kit\/"},"modified":"2023-03-31T14:40:18","modified_gmt":"2023-03-31T06:40:18","slug":"cactus-growing-kit","status":"publish","type":"product","link":"https:\/\/www.garden-kit.com\/de\/product\/cactus-growing-kit\/","title":{"rendered":"Kakteenzuchtset"},"content":{"rendered":"<p style=\"line-height: 1.5\"><span style=\"font-family: arial, helvetica, sans-serif\">????Z\u00dcCHTEN SIE IHRE EIGENEN MINI-KAKTUSPFLANZEN AUS SAMEN: Golden Barrel, Saguaro, Hedgehog, Ferocactus und Organ Pipes \u2013 5 Sorten in 1 Stayfresh-Beutel \u2013 ca. 70 Samen. Das gro\u00dfz\u00fcgige Wachstumsset enth\u00e4lt au\u00dferdem Kaktust\u00f6pfe, Pflanzenmarkierungen, komprimierte Erde, Vermiculit, Wasservernebler und eine Schritt-f\u00fcr-Schritt-Anleitung<\/span><\/p>\n<p style=\"line-height: 1.5\"><span style=\"font-family: arial, helvetica, sans-serif\">????UNGEW\u00d6HNLICHES GARTENGESCHENK: Dieses komplette Kaktus-Starterset ist ein wunderbares Geschenk. Es ist wundersch\u00f6n verpackt und eignet sich ideal als Wichtelgeschenk oder Weihnachtsstrumpff\u00fcller f\u00fcr Gartenliebhaber.<\/span><\/p>\n<p style=\"line-height: 1.5\"><span style=\"font-family: arial, helvetica, sans-serif\">????ALLES, WAS SIE BEN\u00d6TIGEN, IN EINEM EINFACHEN STARTER-SET: Das Grow-Kit f\u00fchrt Sie von den Kakteensamen bis zur Keimung. Ihre stacheligen Pflanzen werden eine wunderbare Erg\u00e4nzung f\u00fcr Ihr Zimmerterrarium sein!<\/span><\/p>\n<p style=\"line-height: 1.5\"><span style=\"font-family: arial, helvetica, sans-serif\">????GR\u00dcNE FINGER NICHT ERFORDERLICH: Machen Sie sich keine Sorgen, wenn Sie noch nie zuvor ungew\u00f6hnliche Zimmerpflanzen gez\u00fcchtet haben \u2013 dieses Set wurde speziell f\u00fcr Anf\u00e4nger entwickelt. Der Kaktusanbau ist super einfach und der umfassende Leitfaden garantiert Ihren Erfolg. Wir h\u00f6ren hier nicht auf \u2013 wir sind in jeder Phase des Wachstumsprozesses f\u00fcr Sie da.<\/span><\/p>\n<p style=\"line-height: 1.5\"><span style=\"font-family: arial, helvetica, sans-serif\">????100% ZUFRIEDENHEIT GARANTIERT: Wir haben uns die M\u00fche gemacht, ein tolles Kakteen-Starterset zu produzieren, und wir sind sicher, dass Sie es lieben werden! Wenn Sie aus irgendeinem Grund mit Ihrem Kit nicht zufrieden sind, lassen Sie es uns wissen<\/span><\/p>\n<p style=\"line-height: 1.5\"><span style=\"font-family: arial, helvetica, sans-serif\"><\/span><\/p>\n<p>Ein umfassender Einkaufsf\u00fchrer f\u00fcr hochwertige Kaktus-Starterkits<br \/>Welche Vorteile hat der Anbau von Kakteen?<br \/>Ob Sie Kakteen (oder andere Sukkulenten) anbauen sollten, ist unter Gartenbegeisterten und Experten gleicherma\u00dfen umstritten. Manche behaupten, dass diese dornigen Pflanzen negative Energie in Ihr Inneres bringen. Gleichzeitig behaupten einige, es habe heilende Kr\u00e4fte.<\/p>\n<p>Aber hier werden wir \u00fcber Fakten und Wissenschaft sprechen.<\/p>\n<p>Wie jede andere Pflanze atmet auch der Kaktus durch Photosynthese, und sein Produkt, Sauerstoff, ist f\u00fcr den Menschen von Vorteil. Dabei nimmt der Kaktus auch Kohlendioxid auf.<\/p>\n<p>Daher kann der Anbau von Kakteen dazu beitragen, das Verh\u00e4ltnis von Sauerstoff zu Kohlendioxid in einem Raum zu erh\u00f6hen. Dar\u00fcber hinaus f\u00fchrt die erh\u00f6hte Sauerstoffzufuhr zu einer Verbesserung Ihrer Gesundheit. M\u00f6glicherweise f\u00fchlen Sie sich auch erfrischt und voller Energie.<\/p>\n<p>Auch die Platzierung dieser Gr\u00fcnpflanzen rund um Ihren Arbeitsplatz wirkt sich positiv auf Ihren Geist aus. Die Menschen werden sich sp\u00fcrbar ruhiger, konzentrierter und produktiver f\u00fchlen. Insgesamt hat der Anbau von Kakteen gro\u00dfe Vorteile f\u00fcr die Gesundheit.<\/p>\n<p>Merkmale der besten Kaktus-Starterkits<br \/>Es gibt eine gro\u00dfe Anzahl der besten Kaktus-Starterkits auf dem Markt. Daher kann es schwierig sein, das Richtige zu finden, insbesondere wenn Sie auf einen Schlag erfolgreiche Ergebnisse erzielen m\u00f6chten.<\/p>\n<p>Nachfolgend haben wir einige wichtige Merkmale zusammengestellt, die den Kauf des idealen Kaktus-Sets erleichtern k\u00f6nnen. Weiterlesen!<\/p>\n<p>Arten von Kakteen<br \/>Die verschiedenen Kaktuszucht-Sets umfassen verschiedene Arten von Kakteen. Diese beinhalten<\/p>\n<p>Feigenkaktus<br \/>Saguaro <br \/>Kaninchenkaktus<br \/>Goldener Fasskaktus<br \/>Einige enthalten sogar Samen f\u00fcr Sukkulenten, um f\u00fcr Abwechslung in Ihrem Minigarten zu sorgen. Wenn Sie nach einem bestimmten Typ suchen, pr\u00fcfen Sie, was auf der Verpackung steht.<\/p>\n<p>Menge und Qualit\u00e4t der Samen <br \/>Es ist in Ordnung, dass einige Samen keimen und andere nicht. Es kann jedoch herzzerrei\u00dfend sein, so viel Zeit in die Z\u00fcchtung von Kakteen zu investieren und dann festzustellen, dass keiner von ihnen Erfolg hat. W\u00e4hlen Sie daher unbedingt Kaktus-Starterkits, die gepr\u00fcftes und zertifiziertes Saatgut versprechen.<\/p>\n<p>Diese hochwertigen Samen wachsen garantiert, wenn die richtigen Bedingungen gegeben sind. Wenn Sie sich nicht sicher sind, w\u00e4hlen Sie ein Set, das f\u00fcr jede Art eine gro\u00dfe Anzahl Samen enth\u00e4lt. Selbst wenn also ein Fehler passiert, bleiben noch einige Samen zum Experimentieren \u00fcbrig.<\/p>\n<p>Benutzerfreundlichkeit <br \/>Es spielt keine Rolle, ob Sie Anf\u00e4nger oder Experte im Kaktusanbau sind. Achten Sie beim Kauf eines Kaktus-Zuchtsets darauf, dass eine Anleitung enthalten ist. Manchmal erfordern behandelte Samen eine einzigartige Methode, um erfolgreiche Kakteen zu z\u00fcchten. Ein Handbuch des Unternehmens kann die Arbeit erleichtern.<\/p>\n<p>Zubeh\u00f6r <br \/>Dar\u00fcber hinaus sollten Sie auch nach anderen Werkzeugen und Materialien suchen, die im Anbauset enthalten sind. Mit diesem Zubeh\u00f6r k\u00f6nnen Sie sich die M\u00fche ersparen, Dinge separat zu kaufen.<\/p>\n<p>Die meisten Kakteen-Anbausets werden mit Erdmischungen, T\u00f6pfen und Pflanzenmarkierungen geliefert. Einige enthalten jedoch nur Samen oder Erdmischungen.<\/p>\n<p>Wie baut man Kakteen an?<br \/>Der Anbau von Kaktus-Sets ist ziemlich einfach und unkompliziert. Normalerweise liegt jedem Kit ein ausf\u00fchrliches Handbuch bei<\/p><\/p>","protected":false},"excerpt":{"rendered":"<p>Kaktus-Kit \u2013 Z\u00fcchten Sie Ihre eigenen Kakteen im Innenbereich \u2013 Geschenk f\u00fcr die Gartenarbeit<\/p><\/p>","protected":false},"featured_media":12049,"comment_status":"open","ping_status":"closed","template":"","meta":[],"product_cat":[40],"product_tag":[464,329,470,468,467,466,463,465,469,471],"acf":[],"_links":{"self":[{"href":"https:\/\/www.garden-kit.com\/de\/wp-json\/wp\/v2\/product\/6572"}],"collection":[{"href":"https:\/\/www.garden-kit.com\/de\/wp-json\/wp\/v2\/product"}],"about":[{"href":"https:\/\/www.garden-kit.com\/de\/wp-json\/wp\/v2\/types\/product"}],"replies":[{"embeddable":true,"href":"https:\/\/www.garden-kit.com\/de\/wp-json\/wp\/v2\/comments?post=6572"}],"wp:featuredmedia":[{"embeddable":true,"href":"https:\/\/www.garden-kit.com\/de\/wp-json\/wp\/v2\/media\/12049"}],"wp:attachment":[{"href":"https:\/\/www.garden-kit.com\/de\/wp-json\/wp\/v2\/media?parent=6572"}],"wp:term":[{"taxonomy":"product_cat","embeddable":true,"href":"https:\/\/www.garden-kit.com\/de\/wp-json\/wp\/v2\/product_cat?post=6572"},{"taxonomy":"product_tag","embeddable":true,"href":"https:\/\/www.garden-kit.com\/de\/wp-json\/wp\/v2\/product_tag?post=6572"}],"curies":[{"name":"wp","href":"https:\/\/api.w.org\/{rel}","templated":true}]}}