{"id":6578,"date":"2022-11-07T14:11:51","date_gmt":"2022-11-07T06:11:51","guid":{"rendered":"https:\/\/www.garden-kit.com\/product\/plant-terrarium-kit\/"},"modified":"2023-03-31T14:45:29","modified_gmt":"2023-03-31T06:45:29","slug":"plant-terrarium-kit","status":"publish","type":"product","link":"https:\/\/www.garden-kit.com\/de\/product\/plant-terrarium-kit\/","title":{"rendered":"Pflanzenterrarium-Kit"},"content":{"rendered":"<h3 style=\"font-size: 19px\"><strong>Inhalt des Pflanzenterrarium-Sets:<\/strong><\/h3>\n<p><strong>MACHEN SIE IHR EIGENES TERRARIUM: <\/strong>Zu den vorab abgemessenen Grundausstattungen geh\u00f6ren; Kaktuserde 250 g, Drainagekiesel 130 g, Aktivkohle 30 g, Moos 50 g, dekorativer Kies 150 g und Werkzeuge. Gro\u00dfz\u00fcgiger Vorrat \u2013 genug, um ein 15\u201320 cm gro\u00dfes Fischglas zu f\u00fcllen!! Die Zutaten sind in robusten Beuteln versiegelt, um ein Versch\u00fctten zu verhindern.<\/p>\n<p style=\"text-align: center\"><img decoding=\"async\" src=\"https:\/\/data.adwebcloud.com\/public\/material\/2206293ihquj\/product\/il_1140xN.3043638372_snz1_1667801392478.jpg\" alt=\"Beispiel\" width=\"1000\" title=\"\"><\/p>\n<p><strong>KAKTUSKOMPOST IN HOCHWERTIGER QUALIT\u00c4T: <\/strong>Speziell formulierter Boden, um sicherzustellen, dass Ihre Terrarienpflanzen gesund bleiben und gedeihen. Einen Boden dieser Qualit\u00e4t gibt es in \u00f6rtlichen Gartencentern nicht.<\/p>\n<p style=\"text-align: center\"><img decoding=\"async\" src=\"https:\/\/data.adwebcloud.com\/public\/material\/2206293ihquj\/product\/il_1140xN.3043637230_kqxu_1667801399728.jpg\" alt=\"Beispiel\" width=\"1000\" title=\"\"><\/p>\n<p><strong>15-seitiger Leitfaden: <\/strong>Lernen Sie die Kunst und Wissenschaft hinter der Herstellung Ihres Miniatur-Glasgartens kennen. Entdecken Sie, wie diese in sich geschlossenen \u00d6kosysteme funktionieren, erfahren Sie, wie Sie die besten Pflanzen ausw\u00e4hlen, wie Sie Ihr Terrarium pflegen und vieles mehr \u2026<\/p>\n<\/p>\n<p><strong>SPASSIG, SCHNELL UND EINFACH:<\/strong> Erstellen Sie Ihr Meisterwerk in weniger als einer Stunde. Die perfekte Aktivit\u00e4t, um sie mit Freunden und Familie zu teilen!<\/p>\n<\/p>\n<p><strong>TOLLE GESCHENKIDEE: <\/strong>Alles, was Sie brauchen, ist ein Glasbeh\u00e4lter und eine Auswahl an Kakteen oder Sukkulenten, um ein einzigartiges Geschenk zu kreieren. Klicken Sie auf \u201eAnfrage\u201c und bestellen Sie noch heute Ihr Kit!<\/p>\n<\/p>\n<h3 style=\"font-size: 19px\"><strong>Eigenschaften des Pflanzen-Terrarium-Sets:<\/strong><\/h3>\n<ul>\n<li>Unser Terrarienset eignet sich nicht nur f\u00fcr die klassische Dekoration, sondern eignet sich auch hervorragend zum Pr\u00e4sentieren von Blumen und Pflanzen, zum Reinigen der Luft und zum Aufheitern Ihrer Stimmung.<\/li>\n<li>Einfaches und elegantes rundes Vasendesign aus Glas. Wenn Sie einige Kieselsteine und Blumen hineinlegen, wird es sch\u00f6ner und auff\u00e4lliger.<\/li>\n<li>Die Tisch-Pflanzenzuchtstation aus Glas besteht aus hochwertigem, klarem Glas. Separater Holztank und Glasblumentopf, praktisch f\u00fcr Wasserwechsel und Reinigung.<\/li>\n<li>Pflanzgef\u00e4\u00dfe im Landhausstil sind eine klassisch-moderne Erg\u00e4nzung f\u00fcr Couchtische, Esstische, B\u00fccherregale, Wohnzimmer und Fensterb\u00e4nke. Elegante Flaschenvasen aus Glas verwandeln einen tristen Raum in einen fr\u00f6hlicheren Raum und verleihen jedem Raum Eleganz und Chic.<\/li>\n<li>Die einfache Hydrokulturvase aus Glas eignet sich f\u00fcr die Vermehrung der meisten Pflanzen wie Blattb\u00e4ume, Farne, Gl\u00fccksbambus, afrikanische G\u00e4nsebl\u00fcmchen, Kr\u00e4uter, Hydrokulturpflanzen und Blumenstecklinge.<\/li>\n<\/ul>\n<h3 style=\"font-size: 19px\">Geeignete Topftypen f\u00fcr den Pflanzen-Terrarium-Kit-Anbau<\/h3>\n<p style=\"text-align: justify\"><strong>1. Sukkulente Topfpflanzen<\/strong><br \/>Die Bl\u00e4tter von Sukkulenten sind meist dick und saftig und k\u00f6nnen sich an eine relativ trockene Umgebung anpassen. Bei entsprechender Lichtintensit\u00e4t haben die Bl\u00e4tter je nach Sorte unterschiedliche Farben. Sein Aussehen hat die Arten von Topfpflanzen im Haushalt bereichert und auch Anf\u00e4ngern, die nicht sehr gut im Blumenanbau sind, eine gr\u00f6\u00dfere Auswahl an Topfpflanzen geboten. Viele Freunde denken, dass es erfreulicher ist, Sukkulenten zu z\u00fcchten und ihnen dabei zuzusehen, wie sie Topf f\u00fcr Topf oder eine Topfpflanze mit einer gr\u00f6\u00dferen Pflanzenform wachsen, als die Bl\u00fctezeit einzul\u00e4uten.<\/p>\n<p style=\"text-align: center\"><strong><img decoding=\"async\" src=\"https:\/\/data.adwebcloud.com\/public\/material\/2206293ihquj\/product\/image_7402854073167541083292_1675410833307.jpg\" width=\"500\" alt=\"\" title=\"\"> <img decoding=\"async\" src=\"https:\/\/data.adwebcloud.com\/public\/material\/2206293ihquj\/product\/image_1032129574167541085050_1675410850841.jpg\" width=\"500\" alt=\"\" title=\"\"><\/strong><\/p>\n<p><strong>2. Kaktus-Topfpflanze<\/strong><br \/>Kakteen waren in der Vergangenheit vielleicht wenig bekannt, denn diese Pflanze scheint au\u00dfer der Reinigung der Luft keine gr\u00f6\u00dferen Verwendungszwecke zu haben. Doch im Laufe der Zeit lernten die Menschen, dass verschiedene Kakteen unterschiedliche praktische Werte haben.<\/p>\n<p>Einige Kakteen bl\u00fchen und tragen Fr\u00fcchte und haben nicht nur eine dekorative Wirkung, sondern auch eine essbare Wirkung und einen gewissen medizinischen Wert.<\/p>\n<p>Aber als normaler Mensch sollten Sie es auf keinen Fall nebenbei nutzen, und als Gartenliebhaber sollten Sie es sich nicht entgehen lassen!<\/p><\/p>","protected":false},"excerpt":{"rendered":"<p>Pflanzenterrarium-Kit f\u00fcr Sukkulenten und Kakteen. Enth\u00e4lt Kakteenerde, Moos, Kies und Schritt-f\u00fcr-Schritt-Anleitung<\/p>","protected":false},"featured_media":12175,"comment_status":"open","ping_status":"closed","template":"","meta":[],"product_cat":[40],"product_tag":[330],"acf":[],"_links":{"self":[{"href":"https:\/\/www.garden-kit.com\/de\/wp-json\/wp\/v2\/product\/6578"}],"collection":[{"href":"https:\/\/www.garden-kit.com\/de\/wp-json\/wp\/v2\/product"}],"about":[{"href":"https:\/\/www.garden-kit.com\/de\/wp-json\/wp\/v2\/types\/product"}],"replies":[{"embeddable":true,"href":"https:\/\/www.garden-kit.com\/de\/wp-json\/wp\/v2\/comments?post=6578"}],"wp:featuredmedia":[{"embeddable":true,"href":"https:\/\/www.garden-kit.com\/de\/wp-json\/wp\/v2\/media\/12175"}],"wp:attachment":[{"href":"https:\/\/www.garden-kit.com\/de\/wp-json\/wp\/v2\/media?parent=6578"}],"wp:term":[{"taxonomy":"product_cat","embeddable":true,"href":"https:\/\/www.garden-kit.com\/de\/wp-json\/wp\/v2\/product_cat?post=6578"},{"taxonomy":"product_tag","embeddable":true,"href":"https:\/\/www.garden-kit.com\/de\/wp-json\/wp\/v2\/product_tag?post=6578"}],"curies":[{"name":"wp","href":"https:\/\/api.w.org\/{rel}","templated":true}]}}