{"id":6585,"date":"2022-11-07T14:17:35","date_gmt":"2022-11-07T06:17:35","guid":{"rendered":"https:\/\/www.garden-kit.com\/product\/flower-garden-kit\/"},"modified":"2023-11-10T15:08:32","modified_gmt":"2023-11-10T07:08:32","slug":"flower-garden-kit","status":"publish","type":"product","link":"https:\/\/www.garden-kit.com\/de\/product\/flower-garden-kit\/","title":{"rendered":"Blumengarten-Kit"},"content":{"rendered":"<h1 style=\"line-height: 1.5;\">Blumengarten-Kit<\/h1>\n<p>Blumengarten-Set Ihr bestes Samen-Starter-Set!<\/p>\n<p>&nbsp;<\/p>\n<p>Z\u00fcchten Sie Ihre eigenen Gartenblumen:<br \/>\nZu den 12 Samensorten geh\u00f6ren Lupinen, Narzissen, Geranien, Schleierkraut, Petunien, Anemonen, Rittersporn, Alstroemeria, Lavendel und Ringelblumen. Das Set besteht au\u00dferdem aus 12 Pflanzgef\u00e4\u00dfen, 12 Erdschalen und einer Schritt-f\u00fcr-Schritt-Anleitung.<\/p>\n<p>Kein gr\u00fcner Daumen erforderlich:<br \/>\nMachen Sie sich keine Sorgen, wenn Sie noch nie Pflanzen angebaut haben \u2013 dieses Pflanzset enth\u00e4lt eine illustrierte Anleitung, die sich perfekt f\u00fcr Anf\u00e4nger eignet. Dar\u00fcber hinaus sind wir in jeder Phase des Wachstumsprozesses f\u00fcr Sie da, um Ihre Fragen zu beantworten.<\/p>\n<p>Umweltfreundliches Geschenk:<br \/>\nDas Urban Sprout Flower Garden Kit ist wundersch\u00f6n verpackt und eignet sich perfekt zum Verschenken f\u00fcr jeden Anlass.<\/p>\n<p>Kostenlose Anleitung zum Blumenpflanzen-Set:<br \/>\nErfahren Sie mit dieser informativen, illustrierten Anleitung, wie Sie die Blumenkombinationen in Ihrem Set kombinieren. Ob Sie Blumen in Beeten, K\u00fcbeln oder H\u00e4ngek\u00f6rben z\u00fcchten, der Blumenkombinationsratgeber bietet Ratschl\u00e4ge und Tipps.<\/p>\n<p>Keimversprechen:<br \/>\nWir unternehmen gro\u00dfe Anstrengungen, um Saatgut-Sets herzustellen, die Sie zufriedenstellen werden! Wenn die Samen im Set nicht keimen, teilen Sie uns dies mit. Wir versprechen, Ihnen noch mehr zu schicken!<\/p>","protected":false},"excerpt":{"rendered":"<p>Blumengarten-Set \u2013 Z\u00fcchten Sie Ihren eigenen Bauerngarten oder H\u00e4ngek\u00f6rbe, Garten-Geschenkset f\u00fcr sie \u2013 12 Pflanzensamenpakete \u2013 Petunien, Dahlien<\/p>","protected":false},"featured_media":12119,"comment_status":"open","ping_status":"closed","template":"","meta":[],"product_cat":[40],"product_tag":[331],"acf":[],"_links":{"self":[{"href":"https:\/\/www.garden-kit.com\/de\/wp-json\/wp\/v2\/product\/6585"}],"collection":[{"href":"https:\/\/www.garden-kit.com\/de\/wp-json\/wp\/v2\/product"}],"about":[{"href":"https:\/\/www.garden-kit.com\/de\/wp-json\/wp\/v2\/types\/product"}],"replies":[{"embeddable":true,"href":"https:\/\/www.garden-kit.com\/de\/wp-json\/wp\/v2\/comments?post=6585"}],"wp:featuredmedia":[{"embeddable":true,"href":"https:\/\/www.garden-kit.com\/de\/wp-json\/wp\/v2\/media\/12119"}],"wp:attachment":[{"href":"https:\/\/www.garden-kit.com\/de\/wp-json\/wp\/v2\/media?parent=6585"}],"wp:term":[{"taxonomy":"product_cat","embeddable":true,"href":"https:\/\/www.garden-kit.com\/de\/wp-json\/wp\/v2\/product_cat?post=6585"},{"taxonomy":"product_tag","embeddable":true,"href":"https:\/\/www.garden-kit.com\/de\/wp-json\/wp\/v2\/product_tag?post=6585"}],"curies":[{"name":"wp","href":"https:\/\/api.w.org\/{rel}","templated":true}]}}