{"id":6757,"date":"2022-11-11T10:06:36","date_gmt":"2022-11-11T02:06:36","guid":{"rendered":"https:\/\/www.garden-kit.com\/product\/grow-your-own-seed-box\/"},"modified":"2023-03-31T14:15:26","modified_gmt":"2023-03-31T06:15:26","slug":"grow-your-own-seed-box","status":"publish","type":"product","link":"https:\/\/www.garden-kit.com\/de\/product\/grow-your-own-seed-box\/","title":{"rendered":"Z\u00fcchten Sie Ihre eigene Samenkiste"},"content":{"rendered":"<h3 class=\"a-size-base-plus a-text-bold\" style=\"padding: 0px 0px 4px;margin: 0px;color: #0f1111;font-family: 'Amazon Ember', Arial, sans-serif;background-color: #ffffff;font-size: 19px;line-height: 1.5\"><span style=\"font-family: arial, helvetica, sans-serif\">\u00dcber diesen Artikel<\/span><\/h3>\n<ul>\n<li><span class=\"a-list-item\" style=\"color: #0f1111;font-family: arial, helvetica, sans-serif\">Komplettes Anzuchtset: Das ideale Starterset f\u00fcr den angehenden G\u00e4rtner. Perfekt zum Basteln f\u00fcr Erwachsene und Kinder! Neben einer gro\u00dfen Auswahl an Pflanzensamen enth\u00e4lt Ihr Zuchtset auch Gartenhandschuhe mit Krallen und eine ausf\u00fchrliche Anbauanleitung. Es ist alles, was Sie brauchen, um zu wachsen<\/span><\/li>\n<li><span class=\"a-list-item\" style=\"color: #0f1111;font-family: arial, helvetica, sans-serif\">Samenbox mit hoher Keimf\u00e4higkeit: Dank unserer strengen Qualit\u00e4tskontrolle und Tests im Keimungslabor wird Sie unsere Premium-Samenkollektion nicht entt\u00e4uschen. Unser Saatgut ist doppelt qualit\u00e4tsgepr\u00fcft und gentechnikfrei. Sie k\u00f6nnen sicher sein, dass das, was Sie in Ihrem Gem\u00fcse-, Blumen- und Kr\u00e4utergarten s\u00e4en, wachsen wird!<\/span><\/li>\n<li><span class=\"a-list-item\" style=\"color: #0f1111;font-family: arial, helvetica, sans-serif\">Hochwertiges Anzuchtset: Mit 65 verschiedenen Gem\u00fcsepflanzen, 15 Kr\u00e4uterpflanzenarten und 20 Blumensorten erhalten Sie insgesamt \u00fcber 45.000 Samen! Mit einer so gro\u00dfen Auswahl an Samen f\u00fcr den Gem\u00fcse-, Obst- und Blumenanbau k\u00f6nnen Sie sich an einer kompletten G\u00e4rtnerei erfreuen, alles aus einer Box<\/span><\/li>\n<li><span class=\"a-list-item\" style=\"color: #0f1111;font-family: arial, helvetica, sans-serif\">Das perfekte Geschenkset f\u00fcr den Garten: Verpackt in einer luxuri\u00f6sen Holzkiste und mit hochwertigem Gartenzubeh\u00f6r ist es eine ideale Geschenkidee f\u00fcr angehende G\u00e4rtner. Perfekte DIY-Sets f\u00fcr Erwachsene und Kinder, ideal als gr\u00fcner Freund, als Einweihungsgeschenk oder sogar als Weihnachtsgeschenk.<\/span><\/li>\n<li><span class=\"a-list-item\" style=\"color: #0f1111;font-family: arial, helvetica, sans-serif\">Das perfekte Geschenkset f\u00fcr den Garten: Verpackt in einer luxuri\u00f6sen Holzkiste und mit hochwertigem Gartenzubeh\u00f6r ist es eine ideale Geschenkidee f\u00fcr angehende G\u00e4rtner. Perfekte DIY-Sets f\u00fcr Erwachsene und Kinder, ideal als gr\u00fcner Freund, als Einweihungsgeschenk oder sogar als Weihnachtsgeschenk.<\/span><\/li>\n<\/ul>","protected":false},"excerpt":{"rendered":"<p><span id=\"productTitle\" class=\"a-size-large product-title-word-break\" style=\"font-size: 16px;line-height: 32px;font-family: arial, helvetica, sans-serif;color: #000000\">Grow Your Own Kit von Garden Pack \u2013 100 verschiedene Gem\u00fcse-, Kr\u00e4uter- und Blumensamen \u2013 Gartengeschenke f\u00fcr Frauen und M\u00e4nner \u2013 Geschenkbox und Zubeh\u00f6r aus Naturholz<\/span><\/p><\/p>","protected":false},"featured_media":11921,"comment_status":"closed","ping_status":"closed","template":"","meta":[],"product_cat":[50],"product_tag":[344],"acf":[],"_links":{"self":[{"href":"https:\/\/www.garden-kit.com\/de\/wp-json\/wp\/v2\/product\/6757"}],"collection":[{"href":"https:\/\/www.garden-kit.com\/de\/wp-json\/wp\/v2\/product"}],"about":[{"href":"https:\/\/www.garden-kit.com\/de\/wp-json\/wp\/v2\/types\/product"}],"replies":[{"embeddable":true,"href":"https:\/\/www.garden-kit.com\/de\/wp-json\/wp\/v2\/comments?post=6757"}],"wp:featuredmedia":[{"embeddable":true,"href":"https:\/\/www.garden-kit.com\/de\/wp-json\/wp\/v2\/media\/11921"}],"wp:attachment":[{"href":"https:\/\/www.garden-kit.com\/de\/wp-json\/wp\/v2\/media?parent=6757"}],"wp:term":[{"taxonomy":"product_cat","embeddable":true,"href":"https:\/\/www.garden-kit.com\/de\/wp-json\/wp\/v2\/product_cat?post=6757"},{"taxonomy":"product_tag","embeddable":true,"href":"https:\/\/www.garden-kit.com\/de\/wp-json\/wp\/v2\/product_tag?post=6757"}],"curies":[{"name":"wp","href":"https:\/\/api.w.org\/{rel}","templated":true}]}}