{"id":6763,"date":"2022-11-11T10:10:20","date_gmt":"2022-11-11T02:10:20","guid":{"rendered":"https:\/\/www.garden-kit.com\/product\/herb-garden-cultivation-set\/"},"modified":"2023-04-28T15:13:25","modified_gmt":"2023-04-28T07:13:25","slug":"herb-garden-cultivation-set","status":"publish","type":"product","link":"https:\/\/www.garden-kit.com\/de\/product\/herb-garden-cultivation-set\/","title":{"rendered":"Kr\u00e4utergarten-Anbau-Set"},"content":{"rendered":"<h3 style=\"line-height: 1.5;font-size: 19px\"><span style=\"font-family: arial, helvetica, sans-serif;font-size: 16px\">Informationen zu diesem Projekt<\/span><\/h3>\n<h3 style=\"line-height: 1.5;font-size: 19px\"><span style=\"font-family: arial, helvetica, sans-serif;font-size: 16px\">Mit unserem Premium-Set k\u00f6nnen Sie ganz einfach Ihre eigenen Kr\u00e4uter anbauen <\/span><\/h3>\n<p style=\"line-height: 1.5\"><span style=\"font-family: arial, helvetica, sans-serif;font-size: 16px\">Unser Set enth\u00e4lt 4 Kr\u00e4utersamen (THYMIAN, BASILICUM, PETERSILIA und KORIANDER), ein Vintage-Holztablett, 16 Erdschalen, 4 Sackleinent\u00f6pfe mit wasserdichter Einlage, 4 Bambusst\u00e4be, eine Gartenschere und eine Schritt-f\u00fcr-Schritt-Anleitung in 5 Sprachen.<\/span><\/p>\n<h3 style=\"line-height: 1.5;font-size: 19px\"><span style=\"font-family: arial, helvetica, sans-serif;font-size: 16px\">100% Bio-Kr\u00e4utersamen<\/span><\/h3>\n<p style=\"line-height: 1.5\"><span style=\"font-family: arial, helvetica, sans-serif;font-size: 16px\">Nat\u00fcrlich in China angebaut \u2013 Unsere Samen sind 100% biologisch und gentechnikfrei und werden alle sorgf\u00e4ltig in S\u00fcdchina angebaut. Z\u00fcchten Sie ganz einfach Ihre eigenen frischen, hochwertigen Kr\u00e4uter zu Hause und f\u00fcgen Sie sie Ihren Rezepten hinzu.<\/span><\/p>\n<h3 style=\"line-height: 1.5;font-size: 19px\"><span style=\"font-family: arial, helvetica, sans-serif;font-size: 16px\">DEKORIEREN SIE IHR ZUHAUSE MIT UNSEREM KR\u00c4UTERGARTEN-KIT IM VINTAGE-STIL&nbsp;<\/span><\/h3>\n<p style=\"line-height: 1.5\"><span style=\"font-family: arial, helvetica, sans-serif;font-size: 16px\"> Unser Set kann als Starterset f\u00fcr einen Kr\u00e4utergarten im Innenbereich verwendet werden, einschlie\u00dflich Kr\u00e4utersamen-Sets, und ist auch ein tolles Dekorationselement f\u00fcr Arbeitsplatten, Fensterb\u00e4nke, Balkone, Terrassen oder Dachg\u00e4rten.<\/span><\/p>\n<h3 style=\"line-height: 1.5;font-size: 19px\"><span style=\"font-family: arial, helvetica, sans-serif;font-size: 16px\">EINZIGARTIGE GESCHENKIDEEN <\/span><\/h3>\n<p style=\"line-height: 1.5\"><span style=\"font-family: arial, helvetica, sans-serif;font-size: 16px\">Unsere Kits sind das perfekte Geschenk f\u00fcr Kinder, f\u00fcr Freunde, die gerade mit dem G\u00e4rtnern oder Arbeiten in der K\u00fcche beginnen, als dekoratives Geschenk f\u00fcr das B\u00fcro oder \u00fcberall im Haus oder als Pflanzset zum Keimen hochwertiger Kr\u00e4utersamen.<\/span><\/p>\n<p style=\"line-height: 1.5\"><span style=\"font-family: arial, helvetica, sans-serif;font-size: 16px\">Unser Ziel ist es, mit unseren einsteigerfreundlichen und nachhaltigen Anzuchtsets mit Samen das Beste aus der Natur n\u00e4her zu Ihnen nach Hause zu bringen. Wenn Sie Fragen haben oder Hilfe ben\u00f6tigen, z\u00f6gern Sie bitte nicht, uns direkt zu kontaktieren.<\/span><\/p>","protected":false},"excerpt":{"rendered":"<div id=\"availability_feature_div\" class=\"celwidget\" data-feature-name=\"availability\" data-csa-c-type=\"widget\" data-csa-c-content-id=\"availability\" data-csa-c-slot-id=\"availability_feature_div\" data-csa-c-asin=\"B08TV4NV1D\" data-csa-c-is-in-initial-active-row=\"false\" data-csa-c-id=\"zey3c5-d2dyz1-ngpnnb-huc9rt\" data-cel-widget=\"availability_feature_div\" style=\"color: #0f1111;font-family: 'Amazon Ember', Arial, sans-serif;font-size: 14px;background-color: #ffffff\">\n<div id=\"availability\" class=\"a-section a-spacing-base a-spacing-top-micro }\" style=\"margin-bottom: 22px;padding-top: 4px;margin-top: 0px\"><span class=\"a-size-medium a-color-price\" style=\"font-size: 18px;line-height: 24px;color: #b12704\">Derzeit nicht verf\u00fcgbar.<\/span><br \/>Ob und wann dieser Artikel wieder vorr\u00e4tig sein wird, ist unbekan<\/div>\n<\/div>\n<div id=\"olp_feature_div\" class=\"celwidget\" data-feature-name=\"olp\" data-csa-c-type=\"widget\" data-csa-c-content-id=\"olp\" data-csa-c-slot-id=\"olp_feature_div\" data-csa-c-asin=\"B08TV4NV1D\" data-csa-c-is-in-initial-active-row=\"false\" data-csa-c-id=\"kx1ymj-6ld3y0-xdu6o9-7vby7d\" data-cel-widget=\"olp_feature_div\" style=\"color: #0f1111;font-family: 'Amazon Ember', Arial, sans-serif;font-size: 14px;background-color: #ffffff\"><span class=\"a-declarative\" data-action=\"close-all-offers-display\" data-csa-c-type=\"widget\" data-csa-c-func-deps=\"aui-da-close-all-offers-display\" data-close-all-offers-display=\"{}\" data-csa-c-id=\"jfxmv-q4vqgy-ox8y5x-lmgrdh\"><\/span><\/div>","protected":false},"featured_media":14813,"comment_status":"open","ping_status":"closed","template":"","meta":[],"product_cat":[50],"product_tag":[500,180,345,183,645],"acf":[],"_links":{"self":[{"href":"https:\/\/www.garden-kit.com\/de\/wp-json\/wp\/v2\/product\/6763"}],"collection":[{"href":"https:\/\/www.garden-kit.com\/de\/wp-json\/wp\/v2\/product"}],"about":[{"href":"https:\/\/www.garden-kit.com\/de\/wp-json\/wp\/v2\/types\/product"}],"replies":[{"embeddable":true,"href":"https:\/\/www.garden-kit.com\/de\/wp-json\/wp\/v2\/comments?post=6763"}],"wp:featuredmedia":[{"embeddable":true,"href":"https:\/\/www.garden-kit.com\/de\/wp-json\/wp\/v2\/media\/14813"}],"wp:attachment":[{"href":"https:\/\/www.garden-kit.com\/de\/wp-json\/wp\/v2\/media?parent=6763"}],"wp:term":[{"taxonomy":"product_cat","embeddable":true,"href":"https:\/\/www.garden-kit.com\/de\/wp-json\/wp\/v2\/product_cat?post=6763"},{"taxonomy":"product_tag","embeddable":true,"href":"https:\/\/www.garden-kit.com\/de\/wp-json\/wp\/v2\/product_tag?post=6763"}],"curies":[{"name":"wp","href":"https:\/\/api.w.org\/{rel}","templated":true}]}}