{"id":6775,"date":"2022-11-11T10:14:30","date_gmt":"2022-11-11T02:14:30","guid":{"rendered":"https:\/\/www.garden-kit.com\/product\/herb-growing-set\/"},"modified":"2023-03-31T14:15:44","modified_gmt":"2023-03-31T06:15:44","slug":"herb-growing-set","status":"publish","type":"product","link":"https:\/\/www.garden-kit.com\/de\/product\/herb-growing-set\/","title":{"rendered":"Kr\u00e4uterzuchtset"},"content":{"rendered":"<p>Infos zu diesem Artikel<\/p>\n<p>Z\u00fcchten Sie ganz einfach Ihr eigenes Gem\u00fcse mit Samen aus unserem hochwertigen Anzuchtset \u2013 unser Set enth\u00e4lt 4 Pflanzensamen, einen Vintage-Holzg\u00e4rtner mit wasserfester Auskleidung, 1 Bodenfliese, 4 Bambusmarker, eine Gartenschere und eine Schritt-f\u00fcr-Schritt-Anleitung in 5 Sprachen .<\/p>\n<p>100% \u00d6KOLOGISCHES SAMEN, NAT\u00dcRLICH IN SPANIEN ANGEBAUT \u2013 Unsere Samen sind 100% biologisch und gentechnikfrei und werden sorgf\u00e4ltig an der Mittelmeerk\u00fcste Spaniens angebaut. Bauen Sie zu Hause Ihr eigenes frisches Gem\u00fcse von h\u00f6chster Qualit\u00e4t an und f\u00fcgen Sie es Ihren Rezepten hinzu<\/p>\n<p>EINZIGARTIGE GESCHENKIDEE \u2013 Unser Set ist ein perfektes Geschenk f\u00fcr Kinder, f\u00fcr Freunde, die gerade mit dem G\u00e4rtnern oder Kochen beginnen, als dekoratives Geschenk f\u00fcr das B\u00fcro oder \u00fcberall im Haus oder als Anzuchtset zum Keimen hochwertiger Pflanzensamen<\/p>\n<p>Dekorieren Sie Ihr Zuhause mit unserem Gem\u00fcsegarten-Set im Vintage-Stil \u2013 alle Komponenten unseres Sets sind von sehr hoher Qualit\u00e4t. Unser Anzuchtset und die darin enthaltenen Pflanzensamen k\u00f6nnen als Starterset f\u00fcr den Gem\u00fcseanbau im Innenbereich verwendet werden und sind auch ein tolles Dekorationselement f\u00fcr Arbeitsplatten, Fensterb\u00e4nke, Balkone, Terrassen oder Dachterrassen<\/p>\n<p>NAUKUA \u2013 Unser Ziel ist es, mit unseren einsteigerfreundlichen und nachhaltigen Saatgut-Anbausets die Essenz der Natur n\u00e4her zu Ihnen nach Hause zu bringen. Z\u00f6gern Sie nicht, uns direkt zu kontaktieren, wenn Sie Fragen haben oder Hilfe zu Ihrem Kit ben\u00f6tigen.<\/p><\/p>","protected":false},"excerpt":{"rendered":"<p><span id=\"productTitle\" class=\"a-size-large product-title-word-break\" style=\"font-size: 16px;line-height: 32px\">Vintage Gem\u00fcse Anzuchtset Geschenk \u2013 (Saatgut f\u00fcr Salat, Tomaten, Radieschen und Paprika) \u2013 100% Organische, Gem\u00fcsesamen aus Spanien \u2013 Alles was du brauchst, um dein eigenes frisches Gem\u00fcse zu Hause zu haben<\/span><\/p><\/p>","protected":false},"featured_media":11919,"comment_status":"open","ping_status":"closed","template":"","meta":[],"product_cat":[50],"product_tag":[347],"acf":[],"_links":{"self":[{"href":"https:\/\/www.garden-kit.com\/de\/wp-json\/wp\/v2\/product\/6775"}],"collection":[{"href":"https:\/\/www.garden-kit.com\/de\/wp-json\/wp\/v2\/product"}],"about":[{"href":"https:\/\/www.garden-kit.com\/de\/wp-json\/wp\/v2\/types\/product"}],"replies":[{"embeddable":true,"href":"https:\/\/www.garden-kit.com\/de\/wp-json\/wp\/v2\/comments?post=6775"}],"wp:featuredmedia":[{"embeddable":true,"href":"https:\/\/www.garden-kit.com\/de\/wp-json\/wp\/v2\/media\/11919"}],"wp:attachment":[{"href":"https:\/\/www.garden-kit.com\/de\/wp-json\/wp\/v2\/media?parent=6775"}],"wp:term":[{"taxonomy":"product_cat","embeddable":true,"href":"https:\/\/www.garden-kit.com\/de\/wp-json\/wp\/v2\/product_cat?post=6775"},{"taxonomy":"product_tag","embeddable":true,"href":"https:\/\/www.garden-kit.com\/de\/wp-json\/wp\/v2\/product_tag?post=6775"}],"curies":[{"name":"wp","href":"https:\/\/api.w.org\/{rel}","templated":true}]}}