{"id":6802,"date":"2022-11-11T10:24:24","date_gmt":"2022-11-11T02:24:24","guid":{"rendered":"https:\/\/www.garden-kit.com\/product\/chilli-seeds-kit\/"},"modified":"2023-06-14T15:02:34","modified_gmt":"2023-06-14T07:02:34","slug":"chilli-seeds-kit","status":"publish","type":"product","link":"https:\/\/www.garden-kit.com\/de\/product\/chilli-seeds-kit\/","title":{"rendered":"Chilisamen-Kit"},"content":{"rendered":"<p><span style=\"color: #222222; font-family: 'Graphik Webfont', -apple-system, 'Helvetica Neue', 'Droid Sans', Arial, sans-serif; font-size: 16px; background-color: #ffffff; float: none;\">???? Z\u00dcCHTEN SIE IHRE EIGENEN CHILLI-PFLANZEN AUS SAMEN: Das gro\u00dfz\u00fcgige Starter-Set enth\u00e4lt 10 CHILLI-SORTEN mit \u00dcBER 250 SAMEN! Plus 10 T\u00f6pfe, 10 Erdpellets, 10 Pflanzenmarker! Bleistift und Schritt-f\u00fcr-Schritt-Anleitung<\/span><br style=\"margin: 0px; color: #222222; font-family: 'Graphik Webfont', -apple-system, 'Helvetica Neue', 'Droid Sans', Arial, sans-serif; font-size: 16px; background-color: #ffffff;\" \/><br style=\"margin: 0px; color: #222222; font-family: 'Graphik Webfont', -apple-system, 'Helvetica Neue', 'Droid Sans', Arial, sans-serif; font-size: 16px; background-color: #ffffff;\" \/><span style=\"color: #222222; font-family: 'Graphik Webfont', -apple-system, 'Helvetica Neue', 'Droid Sans', Arial, sans-serif; font-size: 16px; background-color: #ffffff; float: none;\">???? Manche m\u00f6gen es umwerfend scharf: von mild bis umwerfend scharf!!! F\u00fcr Chilli-K\u00f6pfe jeder Couleur ist etwas dabei, einschlie\u00dflich; Milder Jalape\u00f1o, Habernero, Padron, Ungarischer Schwarzer, Special Dwarf, Hot Devils, Bhut Jolokia, De Cayenne, Biquino Hot, Prairie Fire<\/span><br style=\"margin: 0px; color: #222222; font-family: 'Graphik Webfont', -apple-system, 'Helvetica Neue', 'Droid Sans', Arial, sans-serif; font-size: 16px; background-color: #ffffff;\" \/><br style=\"margin: 0px; color: #222222; font-family: 'Graphik Webfont', -apple-system, 'Helvetica Neue', 'Droid Sans', Arial, sans-serif; font-size: 16px; background-color: #ffffff;\" \/><span style=\"color: #222222; font-family: 'Graphik Webfont', -apple-system, 'Helvetica Neue', 'Droid Sans', Arial, sans-serif; font-size: 16px; background-color: #ffffff; float: none;\">???? GR\u00dcNE FINGER NICHT ERFORDERLICH: Machen Sie sich keine Sorgen, wenn Sie noch nie etwas angebaut haben \u2013 wir haben dieses Kit speziell f\u00fcr Anf\u00e4nger entwickelt. Die Schritt-f\u00fcr-Schritt-Anleitung sichert Ihren Erfolg. Wir h\u00f6ren hier nicht auf \u2013 wir sind hier, um in jeder Phase des Wachstumsprozesses zu helfen<\/span><br style=\"margin: 0px; color: #222222; font-family: 'Graphik Webfont', -apple-system, 'Helvetica Neue', 'Droid Sans', Arial, sans-serif; font-size: 16px; background-color: #ffffff;\" \/><br style=\"margin: 0px; color: #222222; font-family: 'Graphik Webfont', -apple-system, 'Helvetica Neue', 'Droid Sans', Arial, sans-serif; font-size: 16px; background-color: #ffffff;\" \/><span style=\"color: #222222; font-family: 'Graphik Webfont', -apple-system, 'Helvetica Neue', 'Droid Sans', Arial, sans-serif; font-size: 16px; background-color: #ffffff; float: none;\">???? TOLLE GESCHENKIDEE: Ihr Chili-Starterset ist liebevoll handgefertigt und wird wundersch\u00f6n verpackt in einer stilvollen Geschenkbox geliefert, die die besondere Person auf Ihrer Liste mit Sicherheit \u00fcberraschen und erfreuen wird.<\/span><br style=\"margin: 0px; color: #222222; font-family: 'Graphik Webfont', -apple-system, 'Helvetica Neue', 'Droid Sans', Arial, sans-serif; font-size: 16px; background-color: #ffffff;\" \/><br style=\"margin: 0px; color: #222222; font-family: 'Graphik Webfont', -apple-system, 'Helvetica Neue', 'Droid Sans', Arial, sans-serif; font-size: 16px; background-color: #ffffff;\" \/><span style=\"color: #222222; font-family: 'Graphik Webfont', -apple-system, 'Helvetica Neue', 'Droid Sans', Arial, sans-serif; font-size: 16px; background-color: #ffffff; float: none;\">???? ZUFRIEDENHEIT GARANTIERT: Wir haben uns die M\u00fche gemacht, ein Kit zu produzieren, von dem wir sicher sind, dass Sie es lieben werden! Klicken Sie auf \u201eZum Warenkorb hinzuf\u00fcgen\u201c.<\/span><\/p>","protected":false},"excerpt":{"rendered":"<p>Chili-Samen-Set, bauen Sie Ihre eigenen Chilischoten drinnen an, nachhaltiges \u00d6ko-Garten-Geschenkset enth\u00e4lt 10 brandhei\u00dfe Sorten<\/p>","protected":false},"featured_media":6794,"comment_status":"closed","ping_status":"closed","template":"","meta":[],"product_cat":[50],"product_tag":[351],"acf":[],"_links":{"self":[{"href":"https:\/\/www.garden-kit.com\/de\/wp-json\/wp\/v2\/product\/6802"}],"collection":[{"href":"https:\/\/www.garden-kit.com\/de\/wp-json\/wp\/v2\/product"}],"about":[{"href":"https:\/\/www.garden-kit.com\/de\/wp-json\/wp\/v2\/types\/product"}],"replies":[{"embeddable":true,"href":"https:\/\/www.garden-kit.com\/de\/wp-json\/wp\/v2\/comments?post=6802"}],"wp:featuredmedia":[{"embeddable":true,"href":"https:\/\/www.garden-kit.com\/de\/wp-json\/wp\/v2\/media\/6794"}],"wp:attachment":[{"href":"https:\/\/www.garden-kit.com\/de\/wp-json\/wp\/v2\/media?parent=6802"}],"wp:term":[{"taxonomy":"product_cat","embeddable":true,"href":"https:\/\/www.garden-kit.com\/de\/wp-json\/wp\/v2\/product_cat?post=6802"},{"taxonomy":"product_tag","embeddable":true,"href":"https:\/\/www.garden-kit.com\/de\/wp-json\/wp\/v2\/product_tag?post=6802"}],"curies":[{"name":"wp","href":"https:\/\/api.w.org\/{rel}","templated":true}]}}