{"id":6813,"date":"2022-11-11T10:26:00","date_gmt":"2022-11-11T02:26:00","guid":{"rendered":"https:\/\/www.garden-kit.com\/product\/herb-garden-kit\/"},"modified":"2023-03-31T14:16:18","modified_gmt":"2023-03-31T06:16:18","slug":"herb-garden-kit","status":"publish","type":"product","link":"https:\/\/www.garden-kit.com\/de\/product\/herb-garden-kit\/","title":{"rendered":"Kr\u00e4utergarten-Kit"},"content":{"rendered":"<p style=\"line-height: 1.5\"><span style=\"color: #222222;font-family: arial, helvetica, sans-serif;font-size: 16px;background-color: #ffffff;float: none\">Bauen Sie Ihren eigenen Kr\u00e4utergarten auf der Fensterbank an: Die Kr\u00e4utersamen-Sammlung umfasst 6 Samenbeutel, Basilikum, Thymiansamen, Koriander, Petersilie und Schnittlauch, 12 T\u00f6pfe, 12 Pflanzmarkierungen, 12 Erdpellets sowie eine Bonus-Kr\u00e4uterschneideschere<\/span><\/p>\n<p style=\"line-height: 1.5\"><span style=\"color: #222222;font-family: arial, helvetica, sans-serif;font-size: 16px;background-color: #ffffff;float: none\">????VIEL KR\u00c4UTERSAMEN: Dieses gro\u00dfz\u00fcgige Geschenkset enth\u00e4lt \u00fcber 100 Samen in jeder Packung \u2013 mehr als genug f\u00fcr mehrere Versuche!<\/span><\/p>\n<p style=\"line-height: 1.5\"><span style=\"color: #222222;font-family: arial, helvetica, sans-serif;font-size: 16px;background-color: #ffffff;float: none\">????SIE BRAUCHEN KEINE GR\u00dcNEN FINGER: Machen Sie sich keine Sorgen, wenn Sie noch nie K\u00fcchenkr\u00e4uter angebaut haben \u2013 dieses Anbauset enth\u00e4lt eine illustrierte Anleitung, die perfekt f\u00fcr Anf\u00e4nger geeignet ist. Dar\u00fcber hinaus sind wir in jeder Phase des Wachstumsprozesses f\u00fcr Sie da, um Ihre Fragen zu beantworten.<\/span><\/p>\n<p style=\"line-height: 1.5\"><span style=\"color: #222222;font-family: arial, helvetica, sans-serif;font-size: 16px;background-color: #ffffff;float: none\">????EINZIGARTIGE GESCHENKIDEE: Das Urban Sprout Herb Garden Kit wird wundersch\u00f6n in einer attraktiven Verpackung pr\u00e4sentiert und ist ein wunderbares Gartengeschenk f\u00fcr Sie oder Ihn.<\/span><\/p>\n<p style=\"line-height: 1.5\"><span style=\"color: #222222;font-family: arial, helvetica, sans-serif;font-size: 16px;background-color: #ffffff;float: none\">????100% ZUFRIEDENHEIT GARANTIERT: Wir haben uns die M\u00fche gemacht, ein Kr\u00e4utergarten-Set f\u00fcr den Innenbereich herzustellen, von dem wir wissen, dass Sie es lieben werden. Wenn Sie aus irgendeinem Grund mit Ihrem Kit nicht zufrieden sind, lassen Sie es uns wissen und wir reparieren es oder geben Ihnen Ihr Geld zur\u00fcck!<\/span><\/p><\/p>","protected":false},"excerpt":{"rendered":"<p class=\"wt-text-body-03 wt-line-height-tight wt-break-word\" data-buy-box-listing-title=\"true\" style=\"margin: 0px;line-height: 1.5;font-size: 16px;font-weight: 300;font-family: Guardian-EgypTT, Charter, 'Charter Bitstream', Cambria, 'Noto Serif Light', 'Droid Serif', Georgia, serif;color: #222222;background-color: #ffffff\"><span style=\"font-family: arial, helvetica, sans-serif;font-size: 16px\">Z\u00fcchten Sie Ihre eigenen K\u00fcchenkr\u00e4uter drinnen \u2013 G\u00e4rtner-Geschenkset \u2013 Basilikum, Petersilie, Thymian, Koriander, Dill und Kr\u00e4uterschere<\/span><\/p><\/p>","protected":false},"featured_media":11920,"comment_status":"open","ping_status":"closed","template":"","meta":[],"product_cat":[50],"product_tag":[352],"acf":[],"_links":{"self":[{"href":"https:\/\/www.garden-kit.com\/de\/wp-json\/wp\/v2\/product\/6813"}],"collection":[{"href":"https:\/\/www.garden-kit.com\/de\/wp-json\/wp\/v2\/product"}],"about":[{"href":"https:\/\/www.garden-kit.com\/de\/wp-json\/wp\/v2\/types\/product"}],"replies":[{"embeddable":true,"href":"https:\/\/www.garden-kit.com\/de\/wp-json\/wp\/v2\/comments?post=6813"}],"wp:featuredmedia":[{"embeddable":true,"href":"https:\/\/www.garden-kit.com\/de\/wp-json\/wp\/v2\/media\/11920"}],"wp:attachment":[{"href":"https:\/\/www.garden-kit.com\/de\/wp-json\/wp\/v2\/media?parent=6813"}],"wp:term":[{"taxonomy":"product_cat","embeddable":true,"href":"https:\/\/www.garden-kit.com\/de\/wp-json\/wp\/v2\/product_cat?post=6813"},{"taxonomy":"product_tag","embeddable":true,"href":"https:\/\/www.garden-kit.com\/de\/wp-json\/wp\/v2\/product_tag?post=6813"}],"curies":[{"name":"wp","href":"https:\/\/api.w.org\/{rel}","templated":true}]}}