{"id":6859,"date":"2022-11-11T18:53:57","date_gmt":"2022-11-11T10:53:57","guid":{"rendered":"https:\/\/www.garden-kit.com\/product\/party-6-color-tie-dye-kit\/"},"modified":"2024-03-07T10:33:04","modified_gmt":"2024-03-07T02:33:04","slug":"party-6-color-tie-dye-kit","status":"publish","type":"product","link":"https:\/\/www.garden-kit.com\/de\/product\/party-6-color-tie-dye-kit\/","title":{"rendered":"Party 6-farbiges Tie Dye Bag Kit"},"content":{"rendered":"<p><span style=\"font-family: 'PingFang SC', 'Microsoft YaHei', sans-serif;font-size: 16px\" class=\"a-list-item\">Das Tulip Party Pack 6-Color One-Step Tie-Dye Kit enth\u00e4lt sechs (16 fl. oz.) One-Step Dyes in einer essentiellen Regenbogenpalette (Rot, Orange, Gelb, Gr\u00fcn, T\u00fcrkis, Lila), sowie Handschuhe, Gummib\u00e4nder und eine Projektanleitung. F\u00e4rbt bis zu 72 Projekte. Alle Tulip One-Step Dyes sind ungiftig und sicher f\u00fcr Bastler jeden Alters und jeder Erfahrung. One-Step-Farben sind so formuliert, dass sie auf Naturfaserstoffen am besten und leuchtendsten wirken. Die Farbstoffe k\u00f6nnen problemlos in der Maschine gewaschen werden - die Farben bleiben auch bei wiederholtem Waschen kr\u00e4ftig.<\/span><\/p>\n<p><span style=\"font-family: 'PingFang SC', 'Microsoft YaHei', sans-serif;font-size: 16px\" class=\"a-list-item\"><\/span><\/p>\n<ul>\n<li><span style=\"font-family: 'PingFang SC', 'Microsoft YaHei', sans-serif;font-size: 16px\" class=\"a-list-item\">Das Kit enth\u00e4lt ausreichend Farbstoff f\u00fcr die Erstellung von bis zu 72 Projekten<\/span><\/li>\n<li><span style=\"font-family: 'PingFang SC', 'Microsoft YaHei', sans-serif;font-size: 16px\" class=\"a-list-item\">Die meistverkauften Batikfarben in einem Jumbo-Set<\/span><\/li>\n<li><span style=\"font-family: 'PingFang SC', 'Microsoft YaHei', sans-serif;font-size: 16px\" class=\"a-list-item\">Enth\u00e4lt 6 extragro\u00dfe 16-oz. Flaschen mit hochkonzentrierten, ungiftigen One-Step-Farbstoffen. Zum Aktivieren einfach Wasser hinzuf\u00fcgen<\/span><\/li>\n<li><span style=\"font-family: 'PingFang SC', 'Microsoft YaHei', sans-serif;font-size: 16px\" class=\"a-list-item\">Enth\u00e4lt eine Schritt-f\u00fcr-Schritt-Technikanleitung mit \u00fcber 8 Batik-Looks zur Auswahl<\/span><\/li>\n<li><span style=\"font-family: 'PingFang SC', 'Microsoft YaHei', sans-serif;font-size: 16px\" class=\"a-list-item\">Farbstoffe k\u00f6nnen sicher in der Maschine gewaschen werden \u2013 die Farben bleiben auch nach mehrmaligem Waschen leuchtend und kr\u00e4ftig<\/span><\/li>\n<\/ul>\n<p><span style=\"font-family: 'PingFang SC', 'Microsoft YaHei', sans-serif;font-size: 16px\" class=\"a-list-item\"><\/span><\/p>\n<p><span style=\"font-family: 'PingFang SC', 'Microsoft YaHei', sans-serif;font-size: 16px\" class=\"a-list-item\">Die Anzahl der Projekte h\u00e4ngt von der Gr\u00f6\u00dfe des Kleidungsst\u00fccks und der Menge des verwendeten Farbstoffs ab. Die Farbstoffe erscheinen auf dem feuchten Stoff vor dem Waschen dunkler und werden nach dem Waschen nat\u00fcrlich heller. Die Farbstoffe erscheinen auf dem feuchten Stoff vor dem Waschen dunkler und werden nach dem Waschen nat\u00fcrlich heller.<\/span><span class=\"a-list-item\" style=\"font-size: 16px;font-family: 'PingFang SC', 'Microsoft YaHei', sans-serif\"><\/span><span style=\"font-family: 'PingFang SC', 'Microsoft YaHei', sans-serif;font-size: 16px\" class=\"a-list-item\"><\/span><\/p>\n<h3 style=\"font-size: 19px\">Wie kommt man zu uns?<\/h3>\n<ol>\n<li><span style=\"font-family: 'PingFang SC', 'Microsoft YaHei', sans-serif;font-size: 16px\" class=\"a-list-item\">Die Arbeitsfl\u00e4che mit einem Plastiktischtuch oder M\u00fclls\u00e4cken abdecken. Mit einer Lage Papierhandt\u00fccher abdecken.<\/span><\/li>\n<li><span style=\"font-family: 'PingFang SC', 'Microsoft YaHei', sans-serif;font-size: 16px\" class=\"a-list-item\">Waschen Sie den Stoff vor, um die Schlichte zu entfernen. Verwenden Sie keinen Weichsp\u00fcler oder Trocknerbl\u00e4tter.<\/span><\/li>\n<li><span style=\"font-family: 'PingFang SC', 'Microsoft YaHei', sans-serif;font-size: 16px\" class=\"a-list-item\">W\u00e4hlen Sie die gew\u00fcnschte Technik. Bei der Nasstechnik verwenden Sie den Stoff direkt aus der Waschmaschine. Wenn Sie die Trockentechnik verwenden, trocknen Sie den Stoff zun\u00e4chst im Trockner.<\/span><\/li>\n<li><span style=\"font-family: 'PingFang SC', 'Microsoft YaHei', sans-serif;font-size: 16px\" class=\"a-list-item\">Tragen Sie Gummihandschuhe und f\u00fcllen Sie die Farbstoffflasche bis zum Rand mit Wasser auf. Verschlie\u00dfen Sie die Flasche wieder fest. Sch\u00fctteln, bis die Farbe aufgel\u00f6st ist. Verwenden Sie die volle St\u00e4rke f\u00fcr intensive Farben. F\u00fcr einen helleren Farbton f\u00fcgen Sie mehr Wasser hinzu und verwenden bei Bedarf eine weitere Flasche.<\/span><\/li>\n<li><span style=\"font-family: 'PingFang SC', 'Microsoft YaHei', sans-serif;font-size: 16px\" class=\"a-list-item\">Tragen Sie die Farbe auf den Stoff auf und vergewissern Sie sich, dass die Farbe in Falten und Knicke eingedrungen ist. S\u00e4ttigen Sie den Stoff nicht zu sehr. Wenn die Farben zu dicht nebeneinander aufgetragen werden, k\u00f6nnen die Farben matschig werden. Pr\u00fcfen Sie die R\u00fcckseite des Stoffes, um sicherzustellen, dass die Farbe bis zur R\u00fcckseite durchgedrungen ist. Ist dies nicht der Fall, drehen Sie den Stoff vorsichtig um und f\u00e4rben Sie ihn erneut. <\/span><\/li>\n<li><span style=\"font-family: 'PingFang SC', 'Microsoft YaHei', sans-serif;font-size: 16px\" class=\"a-list-item\">Decken Sie den gef\u00e4rbten Stoff mit Plastikfolie ab, um ihn feucht zu halten. Lassen Sie den Stoff 6-8 Stunden oder l\u00e4nger f\u00fcr die intensivsten Farben einwirken. Sp\u00fclen Sie den gef\u00e4rbten Stoff vollst\u00e4ndig in warmem Wasser aus, bis alle \u00fcbersch\u00fcssige Farbe entfernt ist und das Wasser klar ist.<\/span><\/li>\n<li><span style=\"font-family: 'PingFang SC', 'Microsoft YaHei', sans-serif;font-size: 16px\" class=\"a-list-item\">F\u00fcllen Sie die Waschmaschine auf gro\u00dfe Beladung mit dem hei\u00dfesten Wasser, das f\u00fcr den Stoff geeignet ist, und einer kleinen Menge Waschseife. Separat waschen und trocknen. 8. Waschen Sie die ersten paar W\u00e4schen separat. Lassen Sie gef\u00e4rbte Stoffe nicht nass auf anderen Gegenst\u00e4nden liegen.<\/span><\/li>\n<\/ol>\n<h3 style=\"font-size: 19px\">Vorsichtsma\u00dfnahmen f\u00fcr die Verwendung des Batikbeutel-Sets<\/h3>\n<p>Hier sind einige Vorsichtsma\u00dfnahmen f\u00fcr die Verwendung eines Batikbeutel-Sets:<\/p>\n<ol>\n<li>Tragen Sie Handschuhe: Batikfarben k\u00f6nnen schmutzig sein und die im Set verwendeten Farbstoffe k\u00f6nnen Flecken auf der Haut hinterlassen. Daher ist es ratsam, bei der Verwendung des Kits Handschuhe zu tragen.<\/li>\n<li>Sch\u00fctzen Sie Ihren Arbeitsbereich: Krawattenfarbe kann auch auf Oberfl\u00e4chen abf\u00e4rben. Achten Sie also darauf, dass Sie auf einer gesch\u00fctzten Oberfl\u00e4che arbeiten. Sie k\u00f6nnen Plastikfolien, Zeitungen oder Karton verwenden, um Ihren Arbeitsbereich zu sch\u00fctzen.<\/li>\n<li>Verwenden Sie das Kit in einem gut bel\u00fcfteten Bereich: Die beim F\u00e4rbevorgang verwendeten Chemikalien k\u00f6nnen D\u00e4mpfe abgeben, die beim Einatmen gesundheitssch\u00e4dlich sein k\u00f6nnen. Stellen Sie daher sicher, dass Sie das Kit in einem gut bel\u00fcfteten Bereich verwenden.<\/li>\n<li>Befolgen Sie die Anweisungen sorgf\u00e4ltig: Jedes Batikset ist anders. Lesen Sie die Anweisungen daher sorgf\u00e4ltig durch und befolgen Sie sie. Dadurch wird sichergestellt, dass Sie mit dem Kit die besten Ergebnisse erzielen.<\/li>\n<li>Sp\u00fclen Sie den Beutel gr\u00fcndlich aus: Sp\u00fclen Sie den Beutel nach dem F\u00e4rben gr\u00fcndlich aus, um \u00fcbersch\u00fcssige Farbe zu entfernen. Sie k\u00f6nnen den Beutel mit einem Schlauch oder einem Waschbecken aussp\u00fclen, aber achten Sie darauf, dass Sie dies an einem daf\u00fcr vorgesehenen Ort tun, wo die Farbe keine Flecken hinterl\u00e4sst.<\/li>\n<li>Waschen Sie den Beutel separat: Wenn Sie den Beutel waschen, waschen Sie ihn getrennt von anderen Kleidungsst\u00fccken, da der Farbstoff ausbluten und andere Kleidungsst\u00fccke verf\u00e4rben kann.<\/li>\n<\/ol>\n<h3 style=\"font-size: 19px\">Vorteile des Tie-Dye-Beutel-Sets<\/h3>\n<p>Ein Batikbeutel-Set hat mehrere Vorteile, darunter:<\/p>\n<ol style=\"list-style-type: decimal\">\n<li>\n<p>Kreativit\u00e4t und Spa\u00df: Krawattenf\u00e4rben ist eine unterhaltsame und kreative Aktivit\u00e4t, die es Ihnen erm\u00f6glicht, Ihre Pers\u00f6nlichkeit auszudr\u00fccken und einzigartige Designs zu kreieren. Mit einem Batik-Taschenset k\u00f6nnen Sie Ihre eigene personalisierte Tasche herstellen, die Ihren Stil widerspiegelt.<\/p>\n<\/li>\n<li>\n<p>Erschwinglich: Batikbeutel-Sets sind oft sehr erschwinglich und bieten Ihnen alles, was Sie f\u00fcr den Einstieg ben\u00f6tigen, einschlie\u00dflich Farbstoffen, Handschuhen und Anleitungen.<\/p>\n<\/li>\n<li>\n<p>Einfach anzuwenden: Batikf\u00e4rben ist ein einfacher Prozess, der nur minimale Ausr\u00fcstung erfordert und bequem von zu Hause aus durchgef\u00fchrt werden kann. Mit einem Batik-Taschenset ben\u00f6tigen Sie keine Vorkenntnisse, um sch\u00f6ne Designs zu kreieren.<\/p>\n<\/li>\n<li>\n<p>Anpassbar: Mit der Batikf\u00e4rbung k\u00f6nnen Sie einzigartige Designs kreieren, die Ihre Individualit\u00e4t widerspiegeln. Mit einem Batik-Taschenset k\u00f6nnen Sie Ihre eigenen Farben und Muster ausw\u00e4hlen, um eine Tasche zu kreieren, die einzigartig f\u00fcr Sie ist.<\/p>\n<\/li>\n<li>\n<p>Umweltfreundlich: Batikf\u00e4rben ist eine nachhaltige und umweltfreundliche T\u00e4tigkeit, die mit nat\u00fcrlichen Farbstoffen und recycelten Materialien durchgef\u00fchrt werden kann. Mit einem Batik-Taschenset k\u00f6nnen Sie eine alte Tasche aufwerten und ihr neues Leben einhauchen.<\/p>\n<\/li>\n<\/ol>\n<h3 style=\"font-size: 19px\">FAQs zum Batik-Beutelset<\/h3>\n<p>1. F: Was ist ein Batik-Taschenset?<br \/>A: Ein Batik-Taschenset besteht aus einer Reihe von Materialien, mit denen Sie Ihre eigenen, einzigartigen Batik-Designs auf einer Stofftasche erstellen k\u00f6nnen.<\/p>\n<p>2. F: Was ist normalerweise in einem Batik-Taschenset enthalten?<br \/>A: Ein Batik-Taschenset enth\u00e4lt normalerweise eine einfache Stofftasche, Farbe, Handschuhe, Gummib\u00e4nder und eine Anleitung.<\/p>\n<p>3. F: Wie verwende ich ein Batik-Taschenset?<br \/>A: Zuerst m\u00fcssen Sie Ihren Arbeitsbereich vorbereiten und die Handschuhe anziehen. Anschlie\u00dfend erstellen Sie mit den Gummib\u00e4ndern das gew\u00fcnschte Muster auf der Tasche. Mischen Sie anschlie\u00dfend die Farbe gem\u00e4\u00df den Anweisungen und tragen Sie sie auf den Beutel auf. Lassen Sie die Farbe f\u00fcr die empfohlene Zeitspanne aush\u00e4rten, sp\u00fclen Sie dann den Beutel aus und waschen Sie ihn.<\/p>\n<p>4. F: Sind Batikbeutel-Sets sicher in der Anwendung?<br \/>A: Ja, Batikbeutel-Sets sind im Allgemeinen sicher in der Anwendung, aber es ist wichtig, die Anweisungen sorgf\u00e4ltig zu befolgen und die notwendigen Vorsichtsma\u00dfnahmen zu treffen, wenn man mit Farbstoff arbeitet.<\/p>\n<p>5. F: Kann ich ein Batik-Taschen-Set au\u00dfer der mitgelieferten Tasche auch f\u00fcr andere Stoffe verwenden?<br \/>A: Ja, Sie k\u00f6nnen Batik-Sets auch f\u00fcr andere Stoffe verwenden. W\u00e4hlen Sie jedoch unbedingt Stoffe aus, die zum F\u00e4rben geeignet sind, und befolgen Sie die Anweisungen sorgf\u00e4ltig.<\/p>\n<p>6. F: Kann ich ein Batikbeutel-Set wiederverwenden?<br \/>A: Nein, Batik-Sets sind im Allgemeinen f\u00fcr den einmaligen Gebrauch konzipiert und funktionieren m\u00f6glicherweise nicht so gut, wenn sie wiederverwendet werden. Sie k\u00f6nnen jedoch zus\u00e4tzliche Farbstoffe und andere Materialien erwerben, um das Batiken selbst fortzusetzen.<\/p>\n<p>7. F: Wie lange dauert es, mit einem Batikbeutel-Set einen Batikbeutel fertigzustellen?<br \/>A: Die Zeit, die zum Fertigstellen einer Batiktasche mit einem Batiktaschen-Set ben\u00f6tigt wird, kann variieren, normalerweise dauert es jedoch von Anfang bis Ende ein paar Stunden.<\/p>\n<\/p>\n<p>Tie-Dye-Taschen-Kits sind vielseitig einsetzbar und erm\u00f6glichen es dem Einzelnen, seiner Kreativit\u00e4t freien Lauf zu lassen und Taschen auf verschiedene Weise zu gestalten. Hier sind einige Anwendungen f\u00fcr Tie-Dye-Taschen-Kits:<\/p>\n<p><strong>Mode und Stil:<\/strong><\/p>\n<ul>\n<li>Personalisierte Accessoires: Mit Tie-Dye-Taschen-Kits lassen sich personalisierte Accessoires herstellen. Die Benutzer k\u00f6nnen Tragetaschen, Rucks\u00e4cke oder Beutel mit einzigartigen Tie-Dye-Mustern gestalten und so ihrem Stil einen Hauch von Individualit\u00e4t verleihen.<\/li>\n<li>Modische Aussagen: Durch die Gestaltung von Taschen mit Batikmustern kann man ein modisches Statement abgeben. Diese einzigartig gestalteten Taschen k\u00f6nnen Outfits erg\u00e4nzen und den pers\u00f6nlichen Stil und die Kreativit\u00e4t unterstreichen.<\/li>\n<\/ul>\n<p><strong>K\u00fcnstlerischer Ausdruck:<\/strong><\/p>\n<ul>\n<li>Kunstprojekte: Tie-Dye-Taschen-Kits eignen sich hervorragend f\u00fcr Kunstprojekte. Sie dienen als Leinwand f\u00fcr den k\u00fcnstlerischen Ausdruck und erm\u00f6glichen es den Benutzern, mit verschiedenen F\u00e4rbetechniken, Farbkombinationen und Mustern zu experimentieren.<\/li>\n<li>Basteln und Heimwerken: Diese Kits sind ideal f\u00fcr Bastel- und Heimwerkerbegeisterte. Sie bieten ein Ventil f\u00fcr die Kreativit\u00e4t und erm\u00f6glichen die Herstellung handgefertigter, einzigartiger Taschen, die verwendet oder verschenkt werden k\u00f6nnen.<\/li>\n<\/ul>\n<p><strong>Praktische Anwendungen:<\/strong><\/p>\n<ul>\n<li>Geschenke und Souvenirs: Handgefertigte Tie-Dye-Taschen eignen sich gut als Geschenk oder Souvenir. Sie haben einen sentimentalen Wert und k\u00f6nnen f\u00fcr bestimmte Anl\u00e4sse oder Personen personalisiert werden.<\/li>\n<li>Markt- oder Einkaufstaschen: Mit diesen Kits hergestellte Tie-Dye-Taschen k\u00f6nnen praktische und umweltfreundliche Alternativen f\u00fcr Markt- oder Einkaufstaschen sein. Individuell gestaltete Tragetaschen k\u00f6nnen stilvoll sein und gleichzeitig die Abh\u00e4ngigkeit von Einwegkunststoffen verringern.<\/li>\n<\/ul>\n<p><strong>Gruppenaktivit\u00e4ten und Veranstaltungen:<\/strong><\/p>\n<ul>\n<li>Gruppenaktivit\u00e4ten: Tie-dye bag kits eignen sich perfekt f\u00fcr Gruppenaktivit\u00e4ten, sei es bei Partys, Teambuilding-Veranstaltungen oder Sommercamps. Sie f\u00f6rdern die Zusammenarbeit und Kreativit\u00e4t der Teilnehmer.<\/li>\n<li>Merchandise f\u00fcr Veranstaltungen: Individuell gestaltete Tie-Dye-Taschen k\u00f6nnen als Merchandising-Artikel f\u00fcr Veranstaltungen wie Festivals, Workshops oder Benefizveranstaltungen dienen. Sie schaffen unvergessliche Erinnerungsst\u00fccke und f\u00f6rdern das Gemeinschaftsgef\u00fchl.<\/li>\n<\/ul>\n<p><strong>Lernen und Bildungszwecke:<\/strong><\/p>\n<ul>\n<li>Kunsterziehung: F\u00e4rbebeutel-Sets k\u00f6nnen im Kunstunterricht verwendet werden. Sie f\u00fchren Sch\u00fcler in die Farbtheorie, F\u00e4rbetechniken und den kreativen Prozess ein.<\/li>\n<li>Therapeutische Aktivit\u00e4ten: Die Besch\u00e4ftigung mit dem F\u00e4rben von Taschen kann therapeutische Wirkung haben. Der Prozess kann entspannend und stressabbauend sein und bietet ein kreatives Ventil f\u00fcr Menschen, die Entspannung durch Kunst suchen.<\/li>\n<\/ul>\n<p><strong>Umweltfreundliche Initiativen:<\/strong><\/p>\n<ul>\n<li>Upcycling-Projekte: Die Verwendung von Tie-Dye-Kits zur Aufwertung alter oder einfacher Taschen f\u00f6rdert das Upcycling. Sie verl\u00e4ngern die Lebensdauer bestehender Taschen, verringern den Abfall und tragen zu umweltfreundlichen Praktiken bei.<\/li>\n<li>Nachhaltige Mode: Die Gestaltung von Taschen mit Batikmustern entspricht dem Trend zur nachhaltigen Mode. Es f\u00f6rdert die Wiederverwendung und Personalisierung und unterst\u00fctzt einen umweltbewussten Ansatz in der Mode.<\/li>\n<\/ul>","protected":false},"excerpt":{"rendered":"<p>Tulip Party Kit 6-farbiges Batik-Set Holen Sie sich die meistverkauften Batikfarben in einem \u00fcbergro\u00dfen Kit! Enth\u00e4lt 6 (16 oz.) essentielle Regenbogenpaletten (rot, gelb, gr\u00fcn, t\u00fcrkis, lila) mit Einzelschritt-Farbstoff sowie Handschuhe und Gummib\u00e4nder. Enth\u00e4lt 6 (16 oz.) Single-Step-Farben in der Basic Rainbow-Palette (rot, gelb, gr\u00fcn, t\u00fcrkis, lila) sowie Handschuhe und Gummib\u00e4nder. Enth\u00e4lt 6 (16 oz.) Single-Step-F\u00e4rbemittel in der prim\u00e4ren Regenbogenpalette (rot, orange, gelb, gr\u00fcn, t\u00fcrkis, lila) plus Handschuhe, Gummib\u00e4nder und Projektleitfaden. Dieses Kit bringt leuchtenden Regenbogen-Batik-Spa\u00df in Ihre Garderobe!<\/p>\n<p>Ein Batikbeutel-Kit enth\u00e4lt normalerweise alle Materialien, die zum Erstellen Ihrer eigenen einzigartigen Batiktasche erforderlich sind. Das Set kann eine einfache Stoff- oder Baumwolltasche, Batikfarben in verschiedenen Farben, Handschuhe zum Schutz Ihrer H\u00e4nde, Gummib\u00e4nder oder Schn\u00fcre zum Erstellen von Mustern und Anweisungen f\u00fcr Binde- und F\u00e4rbetechniken enthalten.<\/p><\/p>","protected":false},"featured_media":18019,"comment_status":"closed","ping_status":"closed","template":"","meta":[],"product_cat":[226],"product_tag":[670,674,673,360,676,669,671,675,677,672],"acf":[],"_links":{"self":[{"href":"https:\/\/www.garden-kit.com\/de\/wp-json\/wp\/v2\/product\/6859"}],"collection":[{"href":"https:\/\/www.garden-kit.com\/de\/wp-json\/wp\/v2\/product"}],"about":[{"href":"https:\/\/www.garden-kit.com\/de\/wp-json\/wp\/v2\/types\/product"}],"replies":[{"embeddable":true,"href":"https:\/\/www.garden-kit.com\/de\/wp-json\/wp\/v2\/comments?post=6859"}],"wp:featuredmedia":[{"embeddable":true,"href":"https:\/\/www.garden-kit.com\/de\/wp-json\/wp\/v2\/media\/18019"}],"wp:attachment":[{"href":"https:\/\/www.garden-kit.com\/de\/wp-json\/wp\/v2\/media?parent=6859"}],"wp:term":[{"taxonomy":"product_cat","embeddable":true,"href":"https:\/\/www.garden-kit.com\/de\/wp-json\/wp\/v2\/product_cat?post=6859"},{"taxonomy":"product_tag","embeddable":true,"href":"https:\/\/www.garden-kit.com\/de\/wp-json\/wp\/v2\/product_tag?post=6859"}],"curies":[{"name":"wp","href":"https:\/\/api.w.org\/{rel}","templated":true}]}}