{"id":16815,"date":"2023-09-20T17:08:35","date_gmt":"2023-09-20T09:08:35","guid":{"rendered":"https:\/\/www.garden-kit.com\/?page_id=16815"},"modified":"2023-09-21T17:27:55","modified_gmt":"2023-09-21T09:27:55","slug":"bonsai-starter-kit1","status":"publish","type":"page","link":"https:\/\/www.garden-kit.com\/es\/bonsai-starter-kit1\/","title":{"rendered":"kit de inicio de bonsai"},"content":{"rendered":"<div data-elementor-type=\"wp-page\" data-elementor-id=\"16815\" class=\"elementor elementor-16815\" data-elementor-settings=\"[]\">\n\t\t\t\t\t\t\t<div class=\"elementor-section-wrap\">\n\t\t\t\t\t\t\t<section class=\"elementor-section elementor-top-section elementor-element elementor-element-3aff889 elementor-section-boxed elementor-section-height-default elementor-section-height-default\" data-id=\"3aff889\" data-element_type=\"section\">\n\t\t\t\t\t\t<div class=\"elementor-container elementor-column-gap-default\">\n\t\t\t\t\t<div class=\"elementor-column elementor-col-100 elementor-top-column elementor-element elementor-element-49ff700\" data-id=\"49ff700\" data-element_type=\"column\">\n\t\t\t<div class=\"elementor-widget-wrap elementor-element-populated\">\n\t\t\t\t\t\t\t\t<div class=\"elementor-element elementor-element-64e6f5a elementor-widget elementor-widget-woocommerce-breadcrumb\" data-id=\"64e6f5a\" data-element_type=\"widget\" data-widget_type=\"woocommerce-breadcrumb.default\">\n\t\t\t\t<div class=\"elementor-widget-container\">\n\t\t\t<nav class=\"woocommerce-breadcrumb\" data-no-translation=\"\" data-trp-gettext=\"\">Thuis<\/nav>\t\t<\/div>\n\t\t\t\t<\/div>\n\t\t\t\t\t<\/div>\n\t\t<\/div>\n\t\t\t\t\t\t\t<\/div>\n\t\t<\/section>\n\t\t\t\t<section class=\"elementor-section elementor-top-section elementor-element elementor-element-f0cc7a0 elementor-section-full_width elementor-section-height-default elementor-section-height-default\" data-id=\"f0cc7a0\" data-element_type=\"section\">\n\t\t\t\t\t\t<div class=\"elementor-container elementor-column-gap-default\">\n\t\t\t\t\t<div class=\"elementor-column elementor-col-50 elementor-top-column elementor-element elementor-element-a4bafc9\" data-id=\"a4bafc9\" data-element_type=\"column\">\n\t\t\t<div class=\"elementor-widget-wrap elementor-element-populated\">\n\t\t\t\t\t\t\t\t<div class=\"elementor-element elementor-element-3e11e89 elementor-widget elementor-widget-image\" data-id=\"3e11e89\" data-element_type=\"widget\" data-widget_type=\"image.default\">\n\t\t\t\t<div class=\"elementor-widget-container\">\n\t\t\t<style>\/*! elementor - v3.5.4 - 23-01-2022 *\/\n.elementor-widget-image{text-align:center}.elementor-widget-image a{display:inline-block}.elementor-widget-image a img[src$=\".svg\"]{width:48px}.elementor-widget-image img{vertical-align:middle;display:inline-block}<\/style>\t\t\t\t\t\t\t\t\t\t\t\t<img decoding=\"async\" width=\"499\" height=\"499\" src=\"https:\/\/www.garden-kit.com\/wp-content\/uploads\/2023\/09\/bonsai-garden-kit.webp\" class=\"attachment-large size-large\" alt=\"kit de inicio de bonsai\" loading=\"lazy\" title=\"\">\t\t\t\t\t\t\t\t\t\t\t\t\t\t\t<\/div>\n\t\t\t\t<\/div>\n\t\t\t\t\t<\/div>\n\t\t<\/div>\n\t\t\t\t<div class=\"elementor-column elementor-col-50 elementor-top-column elementor-element elementor-element-ff51782\" data-id=\"ff51782\" data-element_type=\"column\">\n\t\t\t<div class=\"elementor-widget-wrap elementor-element-populated\">\n\t\t\t\t\t\t\t\t<div class=\"elementor-element elementor-element-dee6194 elementor-widget elementor-widget-heading\" data-id=\"dee6194\" data-element_type=\"widget\" data-widget_type=\"heading.default\">\n\t\t\t\t<div class=\"elementor-widget-container\">\n\t\t\t<style>\/*! elementor - v3.5.4 - 23-01-2022 *\/\n.elementor-heading-title{padding:0;margin:0;line-height:1}.elementor-widget-heading .elementor-heading-title[class*=elementor-size-]>a{color:inherit;font-size:inherit;line-height:inherit}.elementor-widget-heading .elementor-heading-title.elementor-size-small{font-size:15px}.elementor-widget-heading .elementor-heading-title.elementor-size-medium{font-size:19px}.elementor-widget-heading .elementor-heading-title.elementor-size-large{font-size:29px}.elementor-widget-heading .elementor-heading-title.elementor-size-xl{font-size:39px}.elementor-widget-heading .elementor-heading-title.elementor-size-xxl{font-size:59px}<\/style><h1 class=\"elementor-heading-title elementor-size-default\">Kit de inicio de bons\u00e1i<\/h1>\t\t<\/div>\n\t\t\t\t<\/div>\n\t\t\t\t<div class=\"elementor-element elementor-element-9a8935a elementor-widget elementor-widget-text-editor\" data-id=\"9a8935a\" data-element_type=\"widget\" data-widget_type=\"text-editor.default\">\n\t\t\t\t<div class=\"elementor-widget-container\">\n\t\t\t<style>\/*! elementor - v3.5.4 - 23-01-2022 *\/\n.elementor-widget-text-editor.elementor-drop-cap-view-stacked .elementor-drop-cap{background-color:#818a91;color:#fff}.elementor-widget-text-editor.elementor-drop-cap-view-framed .elementor-drop-cap{color:#818a91;border:3px solid;background-color:transparent}.elementor-widget-text-editor:not(.elementor-drop-cap-view-default) .elementor-drop-cap{margin-top:8px}.elementor-widget-text-editor:not(.elementor-drop-cap-view-default) .elementor-drop-cap-letter{width:1em;height:1em}.elementor-widget-text-editor .elementor-drop-cap{float:left;text-align:center;line-height:1;font-size:50px}.elementor-widget-text-editor .elementor-drop-cap-letter{display:inline-block}<\/style>\t\t\t\t<p>\u00a1Cultiva tu \u00e1rbol bons\u00e1i a partir de semillas!<\/p><p>Nuestros kits variados de \u00e1rboles bons\u00e1i agregar\u00e1n un toque de alegr\u00eda a su espacio vital. Nuestro kit inicial de bons\u00e1i incluye todo lo que necesitas para cultivar tu propio bons\u00e1i. Seleccionamos cuidadosamente cada pieza del interior para garantizar que su calidad sea siempre buena. Por supuesto, tambi\u00e9n podemos proporcionarle un kit de semillas de bons\u00e1i personalizado seg\u00fan sus necesidades. Puede experimentar la satisfacci\u00f3n de cultivar un \u00e1rbol bons\u00e1i en el momento en que reciba nuestro kit inicial para \u00e1rboles bons\u00e1i a partir de semillas que han sido seleccionadas y probadas para determinar sus tasas de germinaci\u00f3n. Aunque puedan parecer peque\u00f1os al principio, son tenaces y un complemento perfecto para su hogar.<\/p>\t\t\t\t\t\t<\/div>\n\t\t\t\t<\/div>\n\t\t\t\t<div class=\"elementor-element elementor-element-3dd92a2 elementor-widget elementor-widget-button\" data-id=\"3dd92a2\" data-element_type=\"widget\" data-widget_type=\"button.default\">\n\t\t\t\t<div class=\"elementor-widget-container\">\n\t\t\t\t\t<div class=\"elementor-button-wrapper\">\n\t\t\t<a href=\"#\" class=\"elementor-button-link elementor-button elementor-size-sm\" role=\"button\">\n\t\t\t\t\t\t<span class=\"elementor-button-content-wrapper\">\n\t\t\t\t\t\t<span class=\"elementor-button-text\">haga clic aqu\u00ed<\/span>\n\t\t<\/span>\n\t\t\t\t\t<\/a>\n\t\t<\/div>\n\t\t\t\t<\/div>\n\t\t\t\t<\/div>\n\t\t\t\t\t<\/div>\n\t\t<\/div>\n\t\t\t\t\t\t\t<\/div>\n\t\t<\/section>\n\t\t\t\t<section class=\"elementor-section elementor-top-section elementor-element elementor-element-2dc8fbc elementor-section-full_width elementor-section-height-default elementor-section-height-default\" data-id=\"2dc8fbc\" data-element_type=\"section\">\n\t\t\t\t\t\t<div class=\"elementor-container elementor-column-gap-default\">\n\t\t\t\t\t<div class=\"elementor-column elementor-col-50 elementor-top-column elementor-element elementor-element-e7bdc87\" data-id=\"e7bdc87\" data-element_type=\"column\">\n\t\t\t<div class=\"elementor-widget-wrap elementor-element-populated\">\n\t\t\t\t\t\t\t\t<div class=\"elementor-element elementor-element-90372c0 elementor-widget elementor-widget-heading\" data-id=\"90372c0\" data-element_type=\"widget\" data-widget_type=\"heading.default\">\n\t\t\t\t<div class=\"elementor-widget-container\">\n\t\t\t<h2 class=\"elementor-heading-title elementor-size-default\">\u00bfPor qu\u00e9 nuestros kits de cultivo de semillas?<\/h2>\t\t<\/div>\n\t\t\t\t<\/div>\n\t\t\t\t<div class=\"elementor-element elementor-element-7d6a7fc elementor-widget elementor-widget-text-editor\" data-id=\"7d6a7fc\" data-element_type=\"widget\" data-widget_type=\"text-editor.default\">\n\t\t\t\t<div class=\"elementor-widget-container\">\n\t\t\t\t\t\t\t<ol><li>Somos una f\u00e1brica profesional de kits de inicio de bons\u00e1i. Hemos atendido a muchos de los principales vendedores de Amazon y grandes supermercados. Tenemos una experiencia muy rica.<\/li><li>El precio al por mayor de nuestro kit de inicio de bons\u00e1i es muy bueno, \u00a1MOQ bajo!<\/li><li>Certificaciones completas, brindamos certificaci\u00f3n USDA, certificaci\u00f3n OMRI y las certificaciones que necesita para importar.<\/li><li>Cada kit de semillas de bons\u00e1i puede ser un regalo perfecto para su familia, amigos y profesores.<\/li><\/ol><p>\u00a0<\/p><p>Nos tomamos muy en serio cada oportunidad de trabajar juntos, por lo que invertimos mucho tiempo y dinero en perfeccionar nuestros procesos de producci\u00f3n, probar nuestras semillas y cultivar cada lote antes de venderlo. Porque queremos asegurarnos de que cada semilla pueda germinar y crecer.<\/p>\t\t\t\t\t\t<\/div>\n\t\t\t\t<\/div>\n\t\t\t\t\t<\/div>\n\t\t<\/div>\n\t\t\t\t<div class=\"elementor-column elementor-col-50 elementor-top-column elementor-element elementor-element-aebafe3\" data-id=\"aebafe3\" data-element_type=\"column\">\n\t\t\t<div class=\"elementor-widget-wrap elementor-element-populated\">\n\t\t\t\t\t\t\t\t<div class=\"elementor-element elementor-element-bd942d6 elementor-widget elementor-widget-image\" data-id=\"bd942d6\" data-element_type=\"widget\" data-widget_type=\"image.default\">\n\t\t\t\t<div class=\"elementor-widget-container\">\n\t\t\t\t\t\t\t\t\t\t\t\t\t\t\t<img decoding=\"async\" width=\"450\" height=\"450\" src=\"https:\/\/www.garden-kit.com\/wp-content\/uploads\/2023\/09\/Why-our-seed-growing-kits.webp\" class=\"attachment-medium_large size-medium_large\" alt=\"Por qu\u00e9 nuestros kits de cultivo de semillas\" loading=\"lazy\" title=\"\">\t\t\t\t\t\t\t\t\t\t\t\t\t\t\t<\/div>\n\t\t\t\t<\/div>\n\t\t\t\t\t<\/div>\n\t\t<\/div>\n\t\t\t\t\t\t\t<\/div>\n\t\t<\/section>\n\t\t\t\t<section class=\"elementor-section elementor-top-section elementor-element elementor-element-6a29830 elementor-section-full_width elementor-section-height-default elementor-section-height-default\" data-id=\"6a29830\" data-element_type=\"section\">\n\t\t\t\t\t\t<div class=\"elementor-container elementor-column-gap-default\">\n\t\t\t\t\t<div class=\"elementor-column elementor-col-50 elementor-top-column elementor-element elementor-element-8d206b1\" data-id=\"8d206b1\" data-element_type=\"column\">\n\t\t\t<div class=\"elementor-widget-wrap elementor-element-populated\">\n\t\t\t\t\t\t\t\t<div class=\"elementor-element elementor-element-6a06b34 elementor-widget elementor-widget-image\" data-id=\"6a06b34\" data-element_type=\"widget\" data-widget_type=\"image.default\">\n\t\t\t\t<div class=\"elementor-widget-container\">\n\t\t\t\t\t\t\t\t\t\t\t\t\t\t\t<img decoding=\"async\" width=\"800\" height=\"481\" src=\"https:\/\/advich-wordpress-static-resources.s3.us-west-2.amazonaws.com\/test\/20230904151659\/1693812267035.png\" class=\"attachment-large size-large\" alt=\"variedades de arboles bonsais\" loading=\"lazy\" srcset=\"https:\/\/advich-wordpress-static-resources.s3.us-west-2.amazonaws.com\/test\/20230904151659\/1693812267035.png 801w, https:\/\/advich-wordpress-static-resources.s3.us-west-2.amazonaws.com\/test\/20230904151659\/1693812267035-300x181.png 300w, https:\/\/advich-wordpress-static-resources.s3.us-west-2.amazonaws.com\/test\/20230904151659\/1693812267035-768x462.png 768w, https:\/\/advich-wordpress-static-resources.s3.us-west-2.amazonaws.com\/test\/20230904151659\/1693812267035-18x12.png 18w, https:\/\/advich-wordpress-static-resources.s3.us-west-2.amazonaws.com\/test\/20230904151659\/1693812267035-600x361.png 600w\" sizes=\"(max-width: 800px) 100vw, 800px\" title=\"\">\t\t\t\t\t\t\t\t\t\t\t\t\t\t\t<\/div>\n\t\t\t\t<\/div>\n\t\t\t\t\t<\/div>\n\t\t<\/div>\n\t\t\t\t<div class=\"elementor-column elementor-col-50 elementor-top-column elementor-element elementor-element-dcdeb0b\" data-id=\"dcdeb0b\" data-element_type=\"column\">\n\t\t\t<div class=\"elementor-widget-wrap elementor-element-populated\">\n\t\t\t\t\t\t\t\t<div class=\"elementor-element elementor-element-424d7cb elementor-widget elementor-widget-heading\" data-id=\"424d7cb\" data-element_type=\"widget\" data-widget_type=\"heading.default\">\n\t\t\t\t<div class=\"elementor-widget-container\">\n\t\t\t<h2 class=\"elementor-heading-title elementor-size-default\">Kit b\u00e1sico para cultivar su propio \u00e1rbol bons\u00e1i: recomendamos las siguientes variedades de \u00e1rboles bons\u00e1i:<\/h2>\t\t<\/div>\n\t\t\t\t<\/div>\n\t\t\t\t<div class=\"elementor-element elementor-element-4fccb77 elementor-widget elementor-widget-text-editor\" data-id=\"4fccb77\" data-element_type=\"widget\" data-widget_type=\"text-editor.default\">\n\t\t\t\t<div class=\"elementor-widget-container\">\n\t\t\t\t\t\t\t<ul><li>Acer palmatum (arce rojo)<\/li><li>Delonix Regia (\u00e1rbol de llamas)<\/li><li>Jacaranda mimosifolia (helecho)<\/li><li>Lagerstroemia indica (mirto)<\/li><li>Picea Abies (abeto)<\/li><li>Picea Mariana (P\u00edcea Negra)<\/li><li>Picea pungens (abeto azul)<\/li><li>Pinus Aristata (Pino Bristlecone)<\/li><li>Pinus elliottii (pino cortado)<\/li><li>Pinus tabuliformis (pino rojo chino)<\/li><li>michaelhagedorn glicina<\/li><li>sinensis (glicina china)<\/li><\/ul>\t\t\t\t\t\t<\/div>\n\t\t\t\t<\/div>\n\t\t\t\t\t<\/div>\n\t\t<\/div>\n\t\t\t\t\t\t\t<\/div>\n\t\t<\/section>\n\t\t\t\t<section class=\"elementor-section elementor-top-section elementor-element elementor-element-7c83c71 elementor-section-full_width elementor-section-height-default elementor-section-height-default\" data-id=\"7c83c71\" data-element_type=\"section\">\n\t\t\t\t\t\t<div class=\"elementor-container elementor-column-gap-default\">\n\t\t\t\t\t<div class=\"elementor-column elementor-col-50 elementor-top-column elementor-element elementor-element-9b3ec75\" data-id=\"9b3ec75\" data-element_type=\"column\">\n\t\t\t<div class=\"elementor-widget-wrap elementor-element-populated\">\n\t\t\t\t\t\t\t\t<div class=\"elementor-element elementor-element-e2591fc elementor-widget elementor-widget-heading\" data-id=\"e2591fc\" data-element_type=\"widget\" data-widget_type=\"heading.default\">\n\t\t\t\t<div class=\"elementor-widget-container\">\n\t\t\t<h2 class=\"elementor-heading-title elementor-size-default\">\u00bfNuestra lista de kits de cultivo?<\/h2>\t\t<\/div>\n\t\t\t\t<\/div>\n\t\t\t\t<div class=\"elementor-element elementor-element-ddc082f elementor-widget elementor-widget-text-editor\" data-id=\"ddc082f\" data-element_type=\"widget\" data-widget_type=\"text-editor.default\">\n\t\t\t\t<div class=\"elementor-widget-container\">\n\t\t\t\t\t\t\t<p>Cada uno de nuestros kits de bons\u00e1i es \u00fanico, le proporcionamos una amplia variedad de semillas de \u00e1rboles de bons\u00e1i en cada kit de inicio de bons\u00e1i y tambi\u00e9n nos aseguramos de brindarle todo lo que necesita para cultivar su propio \u00e1rbol de bons\u00e1i, no faltar\u00e1n plantas. sobre herramientas.<\/p><p>Cada kit de bons\u00e1i puede contener: Combina seg\u00fan tus necesidades<\/p><ul><li>Una variedad de semillas naturales de \u00e1rboles bons\u00e1i (glicina, \u00e1rbol de llama, pino negro japon\u00e9s, granada, jacarand\u00e1 y eucalipto).<\/li><li>Macetas biodegradables<\/li><li>lavabo de plastico<\/li><li>fibra de coco<\/li><li>etiqueta de nombre de madera<\/li><li>podadora de plantas<\/li><li>conjunto de herramientas de madera<\/li><li>Entrenamiento de bons\u00e1i de ra\u00edz<\/li><li>alambre (1mm)<\/li><li>Gu\u00eda de crecimiento<\/li><li>Higr\u00f3metro<\/li><\/ul>\t\t\t\t\t\t<\/div>\n\t\t\t\t<\/div>\n\t\t\t\t\t<\/div>\n\t\t<\/div>\n\t\t\t\t<div class=\"elementor-column elementor-col-50 elementor-top-column elementor-element elementor-element-4fe30ca\" data-id=\"4fe30ca\" data-element_type=\"column\">\n\t\t\t<div class=\"elementor-widget-wrap elementor-element-populated\">\n\t\t\t\t\t\t\t\t<div class=\"elementor-element elementor-element-8684c01 elementor-widget elementor-widget-image\" data-id=\"8684c01\" data-element_type=\"widget\" data-widget_type=\"image.default\">\n\t\t\t\t<div class=\"elementor-widget-container\">\n\t\t\t\t\t\t\t\t\t\t\t\t\t\t\t<img decoding=\"async\" width=\"800\" height=\"807\" src=\"https:\/\/advich-wordpress-static-resources.s3.us-west-2.amazonaws.com\/test\/20230904142924\/p3apn7h50f_1661262082924.jpg\" class=\"attachment-large size-large\" alt=\"Lista de kits de cultivo\" loading=\"lazy\" srcset=\"https:\/\/advich-wordpress-static-resources.s3.us-west-2.amazonaws.com\/test\/20230904142924\/p3apn7h50f_1661262082924.jpg 850w, https:\/\/advich-wordpress-static-resources.s3.us-west-2.amazonaws.com\/test\/20230904142924\/p3apn7h50f_1661262082924-298x300.jpg 298w, https:\/\/advich-wordpress-static-resources.s3.us-west-2.amazonaws.com\/test\/20230904142924\/p3apn7h50f_1661262082924-150x150.jpg 150w, https:\/\/advich-wordpress-static-resources.s3.us-west-2.amazonaws.com\/test\/20230904142924\/p3apn7h50f_1661262082924-768x774.jpg 768w, https:\/\/advich-wordpress-static-resources.s3.us-west-2.amazonaws.com\/test\/20230904142924\/p3apn7h50f_1661262082924-12x12.jpg 12w, https:\/\/advich-wordpress-static-resources.s3.us-west-2.amazonaws.com\/test\/20230904142924\/p3apn7h50f_1661262082924-600x605.jpg 600w, https:\/\/advich-wordpress-static-resources.s3.us-west-2.amazonaws.com\/test\/20230904142924\/p3apn7h50f_1661262082924-100x100.jpg 100w\" sizes=\"(max-width: 800px) 100vw, 800px\" title=\"\">\t\t\t\t\t\t\t\t\t\t\t\t\t\t\t<\/div>\n\t\t\t\t<\/div>\n\t\t\t\t\t<\/div>\n\t\t<\/div>\n\t\t\t\t\t\t\t<\/div>\n\t\t<\/section>\n\t\t\t\t<section class=\"elementor-section elementor-top-section elementor-element elementor-element-03dd56c elementor-section-full_width elementor-section-height-default elementor-section-height-default\" data-id=\"03dd56c\" data-element_type=\"section\">\n\t\t\t\t\t\t<div class=\"elementor-container elementor-column-gap-default\">\n\t\t\t\t\t<div class=\"elementor-column elementor-col-100 elementor-top-column elementor-element elementor-element-777a3d0\" data-id=\"777a3d0\" data-element_type=\"column\">\n\t\t\t<div class=\"elementor-widget-wrap\">\n\t\t\t\t\t\t\t\t\t<\/div>\n\t\t<\/div>\n\t\t\t\t\t\t\t<\/div>\n\t\t<\/section>\n\t\t\t\t\t\t<\/div>\n\t\t\t\t\t<\/div>","protected":false},"excerpt":{"rendered":"<p>Kit de iniciaci\u00f3n al bons\u00e1i \u00a1Cultive su bons\u00e1i desde la semilla! Nuestros kits surtidos de \u00e1rboles bons\u00e1i a\u00f1adir\u00e1n un toque de alegr\u00eda a su espacio vital. Nuestro kit de iniciaci\u00f3n al bons\u00e1i incluye todo lo que necesita para cultivar su propio bons\u00e1i. Seleccionamos cuidadosamente cada una de las piezas de su interior para asegurarnos de que su calidad sea siempre buena. [...]<\/p>","protected":false},"author":3,"featured_media":16714,"parent":0,"menu_order":0,"comment_status":"closed","ping_status":"closed","template":"","meta":[],"acf":[],"_links":{"self":[{"href":"https:\/\/www.garden-kit.com\/es\/wp-json\/wp\/v2\/pages\/16815"}],"collection":[{"href":"https:\/\/www.garden-kit.com\/es\/wp-json\/wp\/v2\/pages"}],"about":[{"href":"https:\/\/www.garden-kit.com\/es\/wp-json\/wp\/v2\/types\/page"}],"author":[{"embeddable":true,"href":"https:\/\/www.garden-kit.com\/es\/wp-json\/wp\/v2\/users\/3"}],"replies":[{"embeddable":true,"href":"https:\/\/www.garden-kit.com\/es\/wp-json\/wp\/v2\/comments?post=16815"}],"version-history":[{"count":0,"href":"https:\/\/www.garden-kit.com\/es\/wp-json\/wp\/v2\/pages\/16815\/revisions"}],"wp:featuredmedia":[{"embeddable":true,"href":"https:\/\/www.garden-kit.com\/es\/wp-json\/wp\/v2\/media\/16714"}],"wp:attachment":[{"href":"https:\/\/www.garden-kit.com\/es\/wp-json\/wp\/v2\/media?parent=16815"}],"curies":[{"name":"wp","href":"https:\/\/api.w.org\/{rel}","templated":true}]}}