{"id":17041,"date":"2023-11-03T14:10:05","date_gmt":"2023-11-03T06:10:05","guid":{"rendered":"https:\/\/www.garden-kit.com\/?page_id=17041"},"modified":"2023-11-03T16:03:17","modified_gmt":"2023-11-03T08:03:17","slug":"customized-herb-starter-kit","status":"publish","type":"page","link":"https:\/\/www.garden-kit.com\/es\/customized-herb-starter-kit\/","title":{"rendered":"Kit de inicio de hierbas personalizado"},"content":{"rendered":"<div data-elementor-type=\"wp-page\" data-elementor-id=\"17041\" class=\"elementor elementor-17041\" data-elementor-settings=\"[]\">\n\t\t\t\t\t\t\t<div class=\"elementor-section-wrap\">\n\t\t\t\t\t\t\t<section class=\"elementor-section elementor-top-section elementor-element elementor-element-12add90c elementor-section-full_width elementor-section-height-min-height elementor-section-height-default elementor-section-items-middle\" data-id=\"12add90c\" data-element_type=\"section\" data-settings=\"{&quot;background_background&quot;:&quot;classic&quot;}\">\n\t\t\t\t\t\t\t<div class=\"elementor-background-overlay\"><\/div>\n\t\t\t\t\t\t\t<div class=\"elementor-container elementor-column-gap-default\">\n\t\t\t\t\t<div class=\"elementor-column elementor-col-100 elementor-top-column elementor-element elementor-element-25d6e5e2\" data-id=\"25d6e5e2\" data-element_type=\"column\">\n\t\t\t<div class=\"elementor-widget-wrap elementor-element-populated\">\n\t\t\t\t\t\t\t\t<section class=\"elementor-section elementor-inner-section elementor-element elementor-element-623d8c21 elementor-section-boxed elementor-section-height-default elementor-section-height-default\" data-id=\"623d8c21\" data-element_type=\"section\">\n\t\t\t\t\t\t<div class=\"elementor-container elementor-column-gap-default\">\n\t\t\t\t\t<div class=\"elementor-column elementor-col-100 elementor-inner-column elementor-element elementor-element-2435a5d\" data-id=\"2435a5d\" data-element_type=\"column\">\n\t\t\t<div class=\"elementor-widget-wrap elementor-element-populated\">\n\t\t\t\t\t\t\t\t<div class=\"elementor-element elementor-element-6827f684 elementor-widget elementor-widget-woocommerce-breadcrumb\" data-id=\"6827f684\" data-element_type=\"widget\" data-widget_type=\"woocommerce-breadcrumb.default\">\n\t\t\t\t<div class=\"elementor-widget-container\">\n\t\t\t<nav class=\"woocommerce-breadcrumb\" data-no-translation=\"\" data-trp-gettext=\"\">\u5bb6<\/nav>\t\t<\/div>\n\t\t\t\t<\/div>\n\t\t\t\t\t<\/div>\n\t\t<\/div>\n\t\t\t\t\t\t\t<\/div>\n\t\t<\/section>\n\t\t\t\t\t<\/div>\n\t\t<\/div>\n\t\t\t\t\t\t\t<\/div>\n\t\t<\/section>\n\t\t\t\t<section class=\"elementor-section elementor-top-section elementor-element elementor-element-08eb45c elementor-section-boxed elementor-section-height-default elementor-section-height-default\" data-id=\"08eb45c\" data-element_type=\"section\">\n\t\t\t\t\t\t<div class=\"elementor-container elementor-column-gap-default\">\n\t\t\t\t\t<div class=\"elementor-column elementor-col-100 elementor-top-column elementor-element elementor-element-38fa081\" data-id=\"38fa081\" data-element_type=\"column\">\n\t\t\t<div class=\"elementor-widget-wrap elementor-element-populated\">\n\t\t\t\t\t\t\t\t<div class=\"elementor-element elementor-element-c18ec6a elementor-widget elementor-widget-text-editor\" data-id=\"c18ec6a\" data-element_type=\"widget\" data-widget_type=\"text-editor.default\">\n\t\t\t\t<div class=\"elementor-widget-container\">\n\t\t\t<style>\/*! elementor - v3.5.4 - 23-01-2022 *\/\n.elementor-widget-text-editor.elementor-drop-cap-view-stacked .elementor-drop-cap{background-color:#818a91;color:#fff}.elementor-widget-text-editor.elementor-drop-cap-view-framed .elementor-drop-cap{color:#818a91;border:3px solid;background-color:transparent}.elementor-widget-text-editor:not(.elementor-drop-cap-view-default) .elementor-drop-cap{margin-top:8px}.elementor-widget-text-editor:not(.elementor-drop-cap-view-default) .elementor-drop-cap-letter{width:1em;height:1em}.elementor-widget-text-editor .elementor-drop-cap{float:left;text-align:center;line-height:1;font-size:50px}.elementor-widget-text-editor .elementor-drop-cap-letter{display:inline-block}<\/style>\t\t\t\t<p><strong>SEMILLAS: <\/strong><\/p><p>El kit de inicio de hierbas incluye semillas de una variedad de plantas herb\u00e1ceas como albahaca, romero, menta, or\u00e9gano, cilantro y m\u00e1s. Estas semillas suelen ser no transg\u00e9nicas y pueden cultivarse en interior o exterior.<\/p><p><strong>Medio de cultivo: <\/strong><\/p><p>Normalmente, los kits incluyen un medio de cultivo adecuado para la germinaci\u00f3n de semillas y el crecimiento de las plantas, como tierra, turba o fibra de coco.<\/p><p><strong>Contenedores: <\/strong><\/p><p>Algunos kits de iniciaci\u00f3n a las hierbas incluyen recipientes para plantar, que pueden ser macetas de pl\u00e1stico, jardineras, bandejas de semillas o bolsas de plantaci\u00f3n, entre otros. Estos recipientes suelen tener agujeros de drenaje para que las plantas no se encharquen en exceso.<\/p><p><strong>Manuales de instrucciones: <\/strong><\/p><p>Los kits suelen proporcionar instrucciones detalladas sobre c\u00f3mo plantar, cuidar y cosechar las plantas de hierba. Estas gu\u00edas suelen incluir informaci\u00f3n sobre los requisitos de temperatura, humedad, luz y riego.<\/p><p><strong>Luz: <\/strong><\/p><p>Las plantas herb\u00e1ceas suelen necesitar suficiente luz solar para crecer, as\u00ed que aseg\u00farate de proporcionarles suficiente luz natural o utiliza luces de cultivo artificiales.<\/p><p><strong>Temperatura y humedad:<\/strong><\/p><p>Diferentes plantas de hierba pueden requerir diferentes condiciones de temperatura y humedad. La gu\u00eda del kit suele proporcionar informaci\u00f3n sobre estas condiciones.<\/p><p><strong>Riego: <\/strong><\/p><p>El riego regular es fundamental para el cultivo de plantas arom\u00e1ticas. La gu\u00eda del kit suele aconsejar c\u00f3mo regar correctamente para evitar el exceso o la falta de riego.<\/p><p><strong>Cosecha: <\/strong><\/p><p>Por lo general, las plantas arom\u00e1ticas pueden cosecharse a medida que maduran. Las gu\u00edas le indicar\u00e1n c\u00f3mo cosechar y utilizar correctamente estas hierbas.<\/p><p><strong>Usos comestibles: <\/strong><\/p><p>Las plantas arom\u00e1ticas pueden utilizarse para diversos fines, como cocinar, aromatizar, preparar infusiones, usos medicinales y mucho m\u00e1s. Los kits suelen ofrecer consejos sobre c\u00f3mo utilizar estas hierbas.<\/p><p><strong>Elecci\u00f3n de hierbas: <\/strong><\/p><p>Las distintas plantas arom\u00e1ticas tienen sabores y usos diferentes, por lo que puedes elegir la que mejor se adapte a tus gustos y necesidades personales.<\/p>\t\t\t\t\t\t<\/div>\n\t\t\t\t<\/div>\n\t\t\t\t\t<\/div>\n\t\t<\/div>\n\t\t\t\t\t\t\t<\/div>\n\t\t<\/section>\n\t\t\t\t\t\t<\/div>\n\t\t\t\t\t<\/div>","protected":false},"excerpt":{"rendered":"<p>SEEDS: The Herb starter kit includes seeds from a variety of herb plants such as basil, rosemary, mint, oregano, cilantro, and more. These seeds are usually non-GMO and can be grown indoors or outdoors. Culture medium: Typically, kits include a culture medium suitable for seed germination and plant growth, such as soil, peat, or coir fiber. Containers: Some herb starter kits include planting containers, which can be plastic pots, planters, seed trays, or planting bags, among others. These containers usually have drainage holes to ensure that the plants do not become overly waterlogged. Instruction manuals: Kits usually provide detailed instructions on how to plant, care for, and harvest herb plants. [&hellip;]<\/p>","protected":false},"author":5,"featured_media":0,"parent":0,"menu_order":0,"comment_status":"closed","ping_status":"closed","template":"","meta":[],"acf":[],"_links":{"self":[{"href":"https:\/\/www.garden-kit.com\/es\/wp-json\/wp\/v2\/pages\/17041"}],"collection":[{"href":"https:\/\/www.garden-kit.com\/es\/wp-json\/wp\/v2\/pages"}],"about":[{"href":"https:\/\/www.garden-kit.com\/es\/wp-json\/wp\/v2\/types\/page"}],"author":[{"embeddable":true,"href":"https:\/\/www.garden-kit.com\/es\/wp-json\/wp\/v2\/users\/5"}],"replies":[{"embeddable":true,"href":"https:\/\/www.garden-kit.com\/es\/wp-json\/wp\/v2\/comments?post=17041"}],"version-history":[{"count":0,"href":"https:\/\/www.garden-kit.com\/es\/wp-json\/wp\/v2\/pages\/17041\/revisions"}],"wp:attachment":[{"href":"https:\/\/www.garden-kit.com\/es\/wp-json\/wp\/v2\/media?parent=17041"}],"curies":[{"name":"wp","href":"https:\/\/api.w.org\/{rel}","templated":true}]}}