{"id":1419,"date":"2022-08-23T23:32:04","date_gmt":"2022-08-23T15:32:04","guid":{"rendered":"http:\/\/www.garden-kit.com\/product\/bonsai-seed-kit\/"},"modified":"2023-09-02T14:30:56","modified_gmt":"2023-09-02T06:30:56","slug":"bonsai-seed-kit","status":"publish","type":"product","link":"https:\/\/www.garden-kit.com\/es\/product\/bonsai-seed-kit\/","title":{"rendered":"Kit de semillas de bons\u00e1i"},"content":{"rendered":"<h1>Kit de semillas de bons\u00e1i<\/h1>\n<h3 style=\"line-height: 1.5; font-size: 19px;\"><span style=\"font-family: arial, helvetica, sans-serif; font-size: 16px;\">Descripci\u00f3n general<\/span><\/h3>\n<table style=\"border-collapse: collapse; width: 100%; height: 168px;\">\n<tbody>\n<tr style=\"height: 21px;\">\n<td style=\"height: 21px;\" width=\"298\"><span style=\"font-family: arial, helvetica, sans-serif; font-size: 16px;\">Instrucciones de cuidado del producto<\/span><\/td>\n<td style=\"height: 21px;\" width=\"298\"><span style=\"font-family: arial, helvetica, sans-serif; font-size: 16px;\">Disponible<\/span><\/td>\n<\/tr>\n<tr style=\"height: 21px;\">\n<td style=\"height: 21px;\" width=\"298\"><span style=\"font-family: arial, helvetica, sans-serif; font-size: 16px;\">Tipo de producto vegetal<\/span><\/td>\n<td style=\"height: 21px;\" width=\"298\"><span style=\"font-family: arial, helvetica, sans-serif; font-size: 16px;\">\u00c1rbol bonsai<\/span><\/td>\n<\/tr>\n<tr style=\"height: 21px;\">\n<td style=\"height: 21px;\" width=\"298\"><span style=\"font-family: arial, helvetica, sans-serif; font-size: 16px;\">Caracter\u00edstica especial<\/span><\/td>\n<td style=\"height: 21px;\" width=\"298\"><span style=\"font-family: arial, helvetica, sans-serif; font-size: 16px;\">Cultivo Interior-Exterior<\/span><\/td>\n<\/tr>\n<tr style=\"height: 21px;\">\n<td style=\"height: 21px;\" width=\"298\"><span style=\"font-family: arial, helvetica, sans-serif; font-size: 16px;\">Marca<\/span><\/td>\n<td style=\"height: 21px;\" width=\"298\"><span style=\"font-family: arial, helvetica, sans-serif; font-size: 16px;\">Juego de jard\u00edn<\/span><\/td>\n<\/tr>\n<tr style=\"height: 21px;\">\n<td style=\"height: 21px;\" width=\"298\"><span style=\"font-family: arial, helvetica, sans-serif; font-size: 16px;\">Lugar de origen<\/span><\/td>\n<td style=\"height: 21px;\" width=\"298\"><span style=\"font-family: arial, helvetica, sans-serif; font-size: 16px;\">Fuji\u00e1n, China<\/span><\/td>\n<\/tr>\n<tr style=\"height: 21px;\">\n<td style=\"height: 21px;\" width=\"298\"><span style=\"font-family: arial, helvetica, sans-serif; font-size: 16px;\">ODM\/OEM<\/span><\/td>\n<td style=\"height: 21px;\" width=\"298\"><span style=\"font-family: arial, helvetica, sans-serif; font-size: 16px;\">Disponible<\/span><\/td>\n<\/tr>\n<tr style=\"height: 21px;\">\n<td style=\"height: 21px;\" width=\"298\"><span style=\"font-family: arial, helvetica, sans-serif; font-size: 16px;\">MOQ para pedidos personalizados<\/span><\/td>\n<td style=\"height: 21px;\" width=\"298\"><span style=\"font-family: arial, helvetica, sans-serif; font-size: 16px;\">3000 piezas<\/span><\/td>\n<\/tr>\n<tr style=\"height: 21px;\">\n<td style=\"height: 21px;\" width=\"298\"><span style=\"font-family: arial, helvetica, sans-serif; font-size: 16px;\">costo de la muestra<\/span><\/td>\n<td style=\"height: 21px;\" width=\"298\"><span style=\"font-family: arial, helvetica, sans-serif; font-size: 16px;\">US$400\/muestra, devoluci\u00f3n completa despu\u00e9s de un pedido nuestro<\/span><\/td>\n<\/tr>\n<\/tbody>\n<\/table>\n<p style=\"line-height: 1.5;\"><span style=\"font-family: arial, helvetica, sans-serif; font-size: 16px;\">Descripci\u00f3n<\/span><\/p>\n<p style=\"line-height: 1.5;\"><span style=\"font-family: arial, helvetica, sans-serif; font-size: 16px;\">Kit de cultivo de bons\u00e1i preparado de 15 piezas: todo lo que necesita para llevar la alegr\u00eda de cultivar macetas a su vida o la de su ser querido, en una elegante caja: contiene 4 semillas (Pinus aristata, Jacaranda mimosifolia, Picea abies, Delonix regia). Para una mejor germinaci\u00f3n, gu\u00e1rdelo en un paquete seguro para semillas, 4 maceteros bien drenados, 1 bandeja de tierra expandible, 4 marcadores de plantas de bamb\u00fa, 1 tijera para bons\u00e1i y un manual de instrucciones agradable, completo y sencillo.<\/span><\/p>\n<p style=\"line-height: 1.5;\"><span style=\"font-family: arial, helvetica, sans-serif;\">\u00a0<\/span><\/p>\n<p style=\"line-height: 1.5;\"><span style=\"font-family: arial, helvetica, sans-serif; font-size: 16px;\">Los siguientes elementos est\u00e1n incluidos en el kit.<\/span><\/p>\n<p style=\"line-height: 1.5;\"><span style=\"font-family: arial, helvetica, sans-serif; font-size: 16px;\">4 macetas de arpillera impermeables<\/span><\/p>\n<p style=\"line-height: 1.5;\"><span style=\"font-family: arial, helvetica, sans-serif; font-size: 16px;\">1 dis de suelo pre-fertilizado<\/span><\/p>\n<p style=\"line-height: 1.5;\"><span style=\"font-family: arial, helvetica, sans-serif; font-size: 16px;\">4 paquetes de semillas frescas<\/span><\/p>\n<p style=\"line-height: 1.5;\"><span style=\"font-family: arial, helvetica, sans-serif; font-size: 16px;\">4 macetas de yute bien escurridas<\/span><\/p>\n<p style=\"line-height: 1.5;\"><span style=\"font-family: arial, helvetica, sans-serif; font-size: 16px;\">1 tijera de podar<\/span><\/p>\n<p style=\"line-height: 1.5;\"><span style=\"font-family: arial, helvetica, sans-serif; font-size: 16px;\">1 disco de suelo<\/span><\/p>\n<p style=\"line-height: 1.5;\"><span style=\"font-family: arial, helvetica, sans-serif; font-size: 16px;\">4 marcadores de bamb\u00fa<\/span><\/p>\n<p style=\"line-height: 1.5;\"><span style=\"font-family: arial, helvetica, sans-serif; font-size: 16px;\">1 Gu\u00eda de plantaci\u00f3n paso a paso<\/span><\/p>\n<p style=\"line-height: 1.5;\"><span style=\"font-family: arial, helvetica, sans-serif; font-size: 16px;\">1 maceta: 4 macetas de yute: ideales para el crecimiento de pl\u00e1ntulas con buen drenaje. Guardar y reutilizar.<\/span><\/p>\n<p style=\"line-height: 1.5;\"><span style=\"font-family: arial, helvetica, sans-serif; font-size: 16px;\">2 Siembra: 4 paquetes de semillas premium, con 4 especies diferentes: pino de las monta\u00f1as rocosas, f\u00e9nix real, jacarand\u00e1, p\u00edcea de Noruega. Todas las semillas se prueban para obtener la tasa de germinaci\u00f3n m\u00e1s alta.<\/span><\/p>\n<p style=\"line-height: 1.5;\"><span style=\"font-family: arial, helvetica, sans-serif; font-size: 16px;\">3 Alimentaci\u00f3n: discos de suelo prefertilizados ricos en nutrientes: agregue agua y se expandir\u00e1n de 6 a 8 veces m\u00e1s.<\/span><\/p>\n<p style=\"line-height: 1.5;\"><span style=\"font-family: arial, helvetica, sans-serif; font-size: 16px;\">4 marcas: 4 marcadores de bamb\u00fa: los marcadores lo ayudan a identificar sus pl\u00e1ntulas a medida que crecen. Entr\u00e9nelo: Tijeras de podar: excelentes para recortar el exceso de hojas y ra\u00edces.<\/span><\/p>\n<p style=\"line-height: 1.5;\"><span style=\"font-family: arial, helvetica, sans-serif;\">\u00a0<\/span><\/p>\n<p style=\"line-height: 1.5;\"><span style=\"font-family: arial, helvetica, sans-serif; font-size: 16px;\">Semillas de alta germinaci\u00f3n: las semillas se almacenan en nuestro paquete de seguridad de semillas para garantizar una germinaci\u00f3n adecuada.<\/span><\/p>\n<p style=\"line-height: 1.5;\"><span style=\"font-family: arial, helvetica, sans-serif; font-size: 16px;\">REGALO DE BRICOLAJE PERFECTO: para mam\u00e1, pap\u00e1, \u00e9l o ella, este es el regalo perfecto para un cumplea\u00f1os, aniversario, vacaciones, inauguraci\u00f3n de la casa o cualquier otra ocasi\u00f3n, ideal para principiantes, maestros y ni\u00f1os por igual. Vea la emoci\u00f3n en sus ojos mientras experimentan el cultivo de un \u00e1rbol bons\u00e1i de interior.<\/span><\/p>\n<p style=\"line-height: 1.5;\"><span style=\"font-family: arial, helvetica, sans-serif;\">\u00a0<\/span><\/p>\n<p style=\"line-height: 1.5;\"><span style=\"font-family: arial, helvetica, sans-serif; font-size: 16px;\">No se necesita un pulgar verde: \u00a1simplemente siga las sencillas instrucciones paso a paso y listo! Los 4 \u00e1rboles se pueden plantar y mantener en interiores y exteriores en cualquier \u00e9poca del a\u00f1o sin necesidad de estratificar ninguna semilla. El folleto incluido es completo y est\u00e1 bellamente dise\u00f1ado para que pueda seguir el viaje de cada semilla, su historia y la mejor manera de plantarla para asegurarse de que germine.<\/span><\/p>","protected":false},"excerpt":{"rendered":"<p>Kit de semillas de bons\u00e1i para mujeres y hombres \u2013 Kits de pasatiempos para manualidades de jard\u00edn para cultivo de \u00e1rboles bons\u00e1i para adultos, pasatiempos \u00fanicos de bricolaje para amantes de las plantas \u2013 Ideas inusuales de regalos de Navidad o madre jardinera<\/p>","protected":false},"featured_media":12453,"comment_status":"closed","ping_status":"closed","template":"","meta":[],"product_cat":[40],"product_tag":[104,42,214,102,103,112],"acf":[],"_links":{"self":[{"href":"https:\/\/www.garden-kit.com\/es\/wp-json\/wp\/v2\/product\/1419"}],"collection":[{"href":"https:\/\/www.garden-kit.com\/es\/wp-json\/wp\/v2\/product"}],"about":[{"href":"https:\/\/www.garden-kit.com\/es\/wp-json\/wp\/v2\/types\/product"}],"replies":[{"embeddable":true,"href":"https:\/\/www.garden-kit.com\/es\/wp-json\/wp\/v2\/comments?post=1419"}],"wp:featuredmedia":[{"embeddable":true,"href":"https:\/\/www.garden-kit.com\/es\/wp-json\/wp\/v2\/media\/12453"}],"wp:attachment":[{"href":"https:\/\/www.garden-kit.com\/es\/wp-json\/wp\/v2\/media?parent=1419"}],"wp:term":[{"taxonomy":"product_cat","embeddable":true,"href":"https:\/\/www.garden-kit.com\/es\/wp-json\/wp\/v2\/product_cat?post=1419"},{"taxonomy":"product_tag","embeddable":true,"href":"https:\/\/www.garden-kit.com\/es\/wp-json\/wp\/v2\/product_tag?post=1419"}],"curies":[{"name":"wp","href":"https:\/\/api.w.org\/{rel}","templated":true}]}}