{"id":1425,"date":"2022-08-23T23:32:40","date_gmt":"2022-08-23T15:32:40","guid":{"rendered":"http:\/\/www.garden-kit.com\/product\/bonsai-tree-seeds-kit\/"},"modified":"2023-11-24T14:00:48","modified_gmt":"2023-11-24T06:00:48","slug":"bonsai-tree-seeds-kit","status":"publish","type":"product","link":"https:\/\/www.garden-kit.com\/es\/product\/bonsai-tree-seeds-kit\/","title":{"rendered":"Kit de semillas de \u00e1rboles Bonsai"},"content":{"rendered":"<h3 style=\"line-height: 1.5;font-size: 19px\"><span style=\"font-family: arial, helvetica, sans-serif;font-size: 16px\">Descripci\u00f3n general<\/span><\/h3>\n<table style=\"border-collapse: collapse;width: 100%;height: 168px\">\n<tbody>\n<tr style=\"height: 21px\">\n<td width=\"298\" style=\"height: 21px\"><span style=\"font-family: arial, helvetica, sans-serif;font-size: 16px\">Instrucciones de cuidado del producto<\/span><\/td>\n<td width=\"298\" style=\"height: 21px\"><span style=\"font-family: arial, helvetica, sans-serif;font-size: 16px\">Disponible<\/span><\/td>\n<\/tr>\n<tr style=\"height: 21px\">\n<td width=\"298\" style=\"height: 21px\"><span style=\"font-family: arial, helvetica, sans-serif;font-size: 16px\">Tipo de producto vegetal<\/span><\/td>\n<td width=\"298\" style=\"height: 21px\"><span style=\"font-family: arial, helvetica, sans-serif;font-size: 16px\">\u00c1rbol bonsai<\/span><\/td>\n<\/tr>\n<tr style=\"height: 21px\">\n<td width=\"298\" style=\"height: 21px\"><span style=\"font-family: arial, helvetica, sans-serif;font-size: 16px\">Caracter\u00edstica especial<\/span><\/td>\n<td width=\"298\" style=\"height: 21px\"><span style=\"font-family: arial, helvetica, sans-serif;font-size: 16px\">Cultivo Interior-Exterior<\/span><\/td>\n<\/tr>\n<tr style=\"height: 21px\">\n<td width=\"298\" style=\"height: 21px\"><span style=\"font-family: arial, helvetica, sans-serif;font-size: 16px\">Marca<\/span><\/td>\n<td width=\"298\" style=\"height: 21px\"><span style=\"font-family: arial, helvetica, sans-serif;font-size: 16px\">Juego de jard\u00edn<\/span><\/td>\n<\/tr>\n<tr style=\"height: 21px\">\n<td width=\"298\" style=\"height: 21px\"><span style=\"font-family: arial, helvetica, sans-serif;font-size: 16px\">Lugar de origen<\/span><\/td>\n<td width=\"298\" style=\"height: 21px\"><span style=\"font-family: arial, helvetica, sans-serif;font-size: 16px\">Fuji\u00e1n, China<\/span><\/td>\n<\/tr>\n<tr style=\"height: 21px\">\n<td width=\"298\" style=\"height: 21px\"><span style=\"font-family: arial, helvetica, sans-serif;font-size: 16px\">ODM\/OEM<\/span><\/td>\n<td width=\"298\" style=\"height: 21px\"><span style=\"font-family: arial, helvetica, sans-serif;font-size: 16px\">Disponible<\/span><\/td>\n<\/tr>\n<tr style=\"height: 21px\">\n<td width=\"298\" style=\"height: 21px\"><span style=\"font-family: arial, helvetica, sans-serif;font-size: 16px\">MOQ para pedidos personalizados<\/span><\/td>\n<td width=\"298\" style=\"height: 21px\"><span style=\"font-family: arial, helvetica, sans-serif;font-size: 16px\">3000 piezas<\/span><\/td>\n<\/tr>\n<tr style=\"height: 21px\">\n<td width=\"298\" style=\"height: 21px\"><span style=\"font-family: arial, helvetica, sans-serif;font-size: 16px\">costo de la muestra<\/span><\/td>\n<td width=\"298\" style=\"height: 21px\"><span style=\"font-family: arial, helvetica, sans-serif;font-size: 16px\">US$400\/muestra, devoluci\u00f3n completa despu\u00e9s de un pedido nuestro<\/span><\/td>\n<\/tr>\n<\/tbody>\n<\/table>\n<p style=\"line-height: 1.5\"><span style=\"font-family: arial, helvetica, sans-serif\">&nbsp;<\/span><\/p>\n<p style=\"line-height: 1.5\"><span style=\"font-family: arial, helvetica, sans-serif;font-size: 16px\">Kit preparado de 15 piezas para cultivar su propio bons\u00e1i: Es f\u00e1cil: te ayudamos a cultivar un bons\u00e1i desde la semilla, gui\u00e1ndote en cada paso del proceso. Todo lo que necesita para llevar la alegr\u00eda del bons\u00e1i a su vida o a la de sus seres queridos se encuentra en una bonita caja de regalo de madera. \u00a1Pl\u00e1ntalo!<\/span><\/p>\n<p style=\"line-height: 1.5\"><span style=\"font-family: arial, helvetica, sans-serif\">&nbsp;<\/span><\/p>\n<p style=\"line-height: 1.5\"><span style=\"font-family: arial, helvetica, sans-serif;font-size: 16px\">Los siguientes elementos est\u00e1n incluidos en el kit.<\/span><\/p>\n<p style=\"line-height: 1.5\"><span style=\"font-family: arial, helvetica, sans-serif;font-size: 16px\">1 macetero de madera<\/span><\/p>\n<p style=\"line-height: 1.5\"><span style=\"font-family: arial, helvetica, sans-serif;font-size: 16px\">4 paquetes de semillas no transg\u00e9nicas<\/span><\/p>\n<p style=\"line-height: 1.5\"><span style=\"font-family: arial, helvetica, sans-serif;font-size: 16px\">1 Gu\u00eda de plantaci\u00f3n paso a paso<\/span><\/p>\n<p style=\"line-height: 1.5\"><span style=\"font-family: arial, helvetica, sans-serif;font-size: 16px\">10 marcadores de plantas de madera<\/span><\/p>\n<p style=\"line-height: 1.5\"><span style=\"font-family: arial, helvetica, sans-serif\">&nbsp;<\/span><\/p>\n<p style=\"line-height: 1.5\"><span style=\"font-family: arial, helvetica, sans-serif;font-size: 16px\">Kit de bons\u00e1i: 4 tipos de semillas de bons\u00e1i en miniatura en maceta, 8 tipos de semillas de bons\u00e1i con nombres y marcadores de bamb\u00fa sembrado, instrucciones, una caja de regalo de madera y un kit de inicio de semillas de bons\u00e1i.<\/span><\/p>\n<p style=\"line-height: 1.5\"><span style=\"font-family: arial, helvetica, sans-serif\">&nbsp;<\/span><\/p>\n<p style=\"line-height: 1.5\"><span style=\"font-family: arial, helvetica, sans-serif;font-size: 16px\">Las semillas incluyen Jacaranda Mimosa - Palo de rosa brasile\u00f1o. Picea, Picea Negra y Picea Azul de San Juan-Colorado Delonix Regia: Abeto Negro<\/span><\/p>\n<p style=\"line-height: 1.5\"><span style=\"font-family: arial, helvetica, sans-serif\">&nbsp;<\/span><\/p>\n<p style=\"line-height: 1.5\"><span style=\"font-family: arial, helvetica, sans-serif;font-size: 16px\">Ideas de regalo \u00fanicas: el kit de jard\u00edn, los kits de cultivo de \u00e1rboles para interiores, los kits de jard\u00edn de hierbas para interiores y las bolsas de semillas son regalos excelentes y \u00fanicos para hombres y mujeres que cultivan plantas en macetas, plantas de oficina, plantas de escritorio, regalos de jard\u00edn de jardineros y regalos de plantas de interior.<\/span><\/p>\n<p style=\"line-height: 1.5\"><span style=\"font-family: arial, helvetica, sans-serif\">&nbsp;<\/span><\/p>\n<p style=\"line-height: 1.5\"><span style=\"font-family: arial, helvetica, sans-serif;font-size: 16px\">No se requiere pulgar verde: nuestros kits de \u00e1rboles Bonsai son perfectos para la jardiner\u00eda de interiores de todos los niveles de experiencia, adem\u00e1s, incluimos suficientes semillas para una segunda ronda de plantaci\u00f3n en caso de que cometa un error.<\/span><\/p>\n<p style=\"line-height: 1.5\"><span style=\"font-family: arial, helvetica, sans-serif\">&nbsp;<\/span><\/p>\n<p style=\"line-height: 1.5\"><span style=\"font-family: arial, helvetica, sans-serif;font-size: 16px\">Calidad en la que puede confiar: nuestros kits de jard\u00edn interior, para \u00e1rboles bons\u00e1i vivos reales de interior y exterior, se prueban para obtener las tasas de germinaci\u00f3n m\u00e1s altas disponibles en el mercado para ese tipo de \u00e1rbol. Esto garantiza que obtenga semillas reci\u00e9n cosechadas, lo que le brinda la mejor oportunidad de \u00e9xito en su viaje de cultivo de bons\u00e1is.<\/span><\/p>\n<p style=\"line-height: 1.5\"><span style=\"font-family: arial, helvetica, sans-serif\">&nbsp;Precauciones de plantaci\u00f3n<\/span><br \/><span style=\"font-family: arial, helvetica, sans-serif\">1. Espolvoree las semillas de la planta en el suelo y golpee las semillas con fuerza para que las semillas y el suelo est\u00e9n en estrecho contacto.<\/span><br \/><span style=\"font-family: arial, helvetica, sans-serif\">2. Cubra las semillas con aproximadamente 2 mm de tierra, siempre que las semillas no queden expuestas.<\/span><br \/><span style=\"font-family: arial, helvetica, sans-serif\">3. Lo mejor es rociar agua una vez al d\u00eda para las semillas plantadas.<\/span><br \/><span style=\"font-family: arial, helvetica, sans-serif\">4. Las semillas plantadas no pueden recibir luz solar directa antes de que aparezcan las pl\u00e1ntulas, pero si la temperatura es inferior a 20 grados, tambi\u00e9n puede cubrir las semillas con una pel\u00edcula y luego exponerlas al sol.<\/span><br \/><span style=\"font-family: arial, helvetica, sans-serif\">5. Si se quiere plantar en exterior, la temperatura debe superar los veinte grados sobre cero. Si la temperatura es demasiado baja, se pueden tomar algunas medidas para aumentar la temperatura, como agregar una capa de pel\u00edcula pl\u00e1stica, construir un invernadero, cerrar el balc\u00f3n, o en una habitaci\u00f3n con calefacci\u00f3n o aire acondicionado, etc., para garantizar que las semillas germinan antes de germinar. La temperatura de la planta es muy importante, y debe alcanzar la temperatura ambiente para que las semillas germinen.<\/span><br \/><span style=\"font-family: arial, helvetica, sans-serif\">6. No es necesario dividir el tiempo de siembra de las semillas en temporadas, pero el tiempo de floraci\u00f3n puede ser temprano o tard\u00edo.<\/span><br \/><span style=\"font-family: arial, helvetica, sans-serif\">7. No coloque las semillas directamente al sol despu\u00e9s de la germinaci\u00f3n, sino que se adapte gradualmente al sol. En este momento, la frecuencia de riego de las semillas debe reducirse gradualmente. Esta es la cosa m\u00e1s importante a la que hay que prestar atenci\u00f3n despu\u00e9s de la emergencia. Si la planta muere despu\u00e9s de la emergencia, lo m\u00e1s probable es que se deba a un exceso de agua.<\/span><\/p>\n<\/p>\n<p>Los kits de semillas de \u00e1rboles bons\u00e1i son opciones populares para las personas interesadas en comenzar su viaje de bons\u00e1i desde el principio, desde la semilla hasta un \u00e1rbol bons\u00e1i maduro. Estos kits contienen t\u00edpicamente el esencial necesitado para crecer un \u00e1rbol de los bonsai de las semillas. Aqu\u00ed es lo que usted puede ser que encuentre en un kit de las semillas del \u00e1rbol de los bonsai:<\/p>\n<ul>\n<li>\n<p><strong>Semillas de bons\u00e1i:<\/strong> Estos kits suelen incluir semillas de diversas especies de \u00e1rboles bons\u00e1i, como el arce japon\u00e9s, el pino, el enebro, el cerezo en flor u otras variedades populares. Las semillas pueden ser espec\u00edficas para el cultivo de bons\u00e1is de interior o exterior.<\/p>\n<\/li>\n<li>\n<p><strong>Medio de cultivo o suelo:<\/strong> Sustrato o medio de cultivo especialmente formulado para la germinaci\u00f3n de semillas de bons\u00e1i. Esta mezcla de tierra est\u00e1 dise\u00f1ada para proporcionar los nutrientes y el drenaje necesarios para la germinaci\u00f3n de las semillas y el crecimiento temprano.<\/p>\n<\/li>\n<li>\n<p><strong>Macetas en miniatura o bandejas para semilleros:<\/strong> Peque\u00f1as macetas o bandejas dise\u00f1adas para plantar las semillas del bons\u00e1i y permitir que broten y crezcan. Estos recipientes suelen tener orificios de drenaje adecuados para evitar el riego excesivo.<\/p>\n<\/li>\n<li>\n<p><strong>Instrucciones o gu\u00eda:<\/strong> Instrucciones detalladas o una gu\u00eda que explica el proceso de plantaci\u00f3n, germinaci\u00f3n y cuidado de las semillas de bons\u00e1is. Esta gu\u00eda suele abarcar aspectos como la profundidad de plantaci\u00f3n, el riego, las necesidades de luz y los cuidados continuos.<\/p>\n<\/li>\n<li>\n<p><strong>Etiquetas o rotuladores:<\/strong> Algunos kits pueden incluir marcadores o etiquetas para ayudar a identificar las distintas especies de \u00e1rboles a medida que crecen.<\/p>\n<\/li>\n<\/ul>\n<p>A la hora de elegir un kit de semillas de bons\u00e1i, tenga en cuenta factores como los tipos de \u00e1rboles que le interesan, si son variedades de interior o exterior y las instrucciones espec\u00edficas que incluye el kit. Adem\u00e1s, tenga en cuenta la calidad de las semillas y de la mezcla de tierra suministrada, as\u00ed como la exhaustividad de las instrucciones.<\/p>\n<p>Recuerde que el cultivo de bons\u00e1is a partir de semillas requiere paciencia y atenci\u00f3n. Es un proceso m\u00e1s largo que empezar con un \u00e1rbol joven precultivado, ya que las semillas tardan en germinar y convertirse en un \u00e1rbol maduro. El proceso puede durar varios a\u00f1os antes de conseguir el aspecto de bons\u00e1i deseado.<\/p>","protected":false},"excerpt":{"rendered":"<p>4 variedades populares de mini \u00e1rboles bons\u00e1i sin OGM, marcadores de plantas de bamb\u00fa, caja de regalo de madera - Kits de iniciaci\u00f3n de semillas de \u00e1rboles Bonzie, cultivo de jard\u00edn interior Bonzai, idea de regalos de jardiner\u00eda<\/p>","protected":false},"featured_media":17454,"comment_status":"closed","ping_status":"closed","template":"","meta":[],"product_cat":[40],"product_tag":[104,102,41,103,43,112],"acf":[],"_links":{"self":[{"href":"https:\/\/www.garden-kit.com\/es\/wp-json\/wp\/v2\/product\/1425"}],"collection":[{"href":"https:\/\/www.garden-kit.com\/es\/wp-json\/wp\/v2\/product"}],"about":[{"href":"https:\/\/www.garden-kit.com\/es\/wp-json\/wp\/v2\/types\/product"}],"replies":[{"embeddable":true,"href":"https:\/\/www.garden-kit.com\/es\/wp-json\/wp\/v2\/comments?post=1425"}],"wp:featuredmedia":[{"embeddable":true,"href":"https:\/\/www.garden-kit.com\/es\/wp-json\/wp\/v2\/media\/17454"}],"wp:attachment":[{"href":"https:\/\/www.garden-kit.com\/es\/wp-json\/wp\/v2\/media?parent=1425"}],"wp:term":[{"taxonomy":"product_cat","embeddable":true,"href":"https:\/\/www.garden-kit.com\/es\/wp-json\/wp\/v2\/product_cat?post=1425"},{"taxonomy":"product_tag","embeddable":true,"href":"https:\/\/www.garden-kit.com\/es\/wp-json\/wp\/v2\/product_tag?post=1425"}],"curies":[{"name":"wp","href":"https:\/\/api.w.org\/{rel}","templated":true}]}}