{"id":1485,"date":"2022-08-23T23:38:19","date_gmt":"2022-08-23T15:38:19","guid":{"rendered":"http:\/\/www.garden-kit.com\/product\/herb-garden-growing-kit\/"},"modified":"2023-04-03T11:37:14","modified_gmt":"2023-04-03T03:37:14","slug":"herb-garden-growing-kit","status":"publish","type":"product","link":"https:\/\/www.garden-kit.com\/es\/product\/herb-garden-growing-kit\/","title":{"rendered":"Kit de cultivo de jard\u00edn de hierbas"},"content":{"rendered":"<p style=\"font-size: 16px\"><span style=\"font-family: arial, helvetica, sans-serif\">Kit de cultivo de jard\u00edn de hierbas \u2013 Kit completo \u2013 Cultiva f\u00e1cilmente 4 hierbas de interior a partir de semillas (albahaca, cilantro, cebollino y perejil) y gu\u00eda completa \u2013 Regalos \u00fanicos de jardiner\u00eda para mujeres y hombres: Kit de iniciaci\u00f3n de plantas Plantas de vainilla, este tipo de planta tiene una fragancia \u00fanica , y suele tener las funciones de condimentar, hacer especias o extraer aceites esenciales.<\/span><br \/><span style=\"font-family: arial, helvetica, sans-serif\">En comparaci\u00f3n con las flores, se pueden admirar y comer, y son pr\u00e1cticas. En comparaci\u00f3n con los vegetales, son hermosos y f\u00e1ciles de cuidar y son m\u00e1s adecuados para plantar en casa. Las plantas arom\u00e1ticas tambi\u00e9n son muy populares en pa\u00edses extranjeros. Muchas familias plantar\u00e1n algunas macetas de hierbas en cocinas luminosas. Cuando cocine, simplemente quite dos hojas y t\u00edrelas a la olla para cocinar una comida deliciosa.<\/span><\/p>\n<h3 style=\"font-size: 19px\"><span style=\"font-family: arial, helvetica, sans-serif\">Descripci\u00f3n general<\/span><\/h3>\n<table>\n<tbody>\n<tr>\n<td width=\"298\">\n<p style=\"font-size: 16px\">Instrucciones de cuidado del producto<\/p>\n<\/td>\n<td width=\"298\">\n<p style=\"font-size: 16px\">Disponible<\/p>\n<\/td>\n<\/tr>\n<tr>\n<td width=\"298\">\n<p style=\"font-size: 16px\">Tipo de producto vegetal<\/p>\n<\/td>\n<td width=\"298\">\n<p style=\"font-size: 16px\">Hierbas<\/p>\n<\/td>\n<\/tr>\n<tr>\n<td width=\"298\">\n<p style=\"font-size: 16px\">Caracter\u00edstica especial<\/p>\n<\/td>\n<td width=\"298\">\n<p style=\"font-size: 16px\">Cultivo Interior-Exterior<\/p>\n<\/td>\n<\/tr>\n<tr>\n<td width=\"298\">\n<p style=\"font-size: 16px\">Marca<\/p>\n<\/td>\n<td width=\"298\">\n<p style=\"font-size: 16px\">Juego de jard\u00edn<\/p>\n<\/td>\n<\/tr>\n<tr>\n<td width=\"298\">\n<p style=\"font-size: 16px\">Lugar de origen<\/p>\n<\/td>\n<td width=\"298\">\n<p style=\"font-size: 16px\">Fuji\u00e1n, China<\/p>\n<\/td>\n<\/tr>\n<tr>\n<td width=\"298\">\n<p style=\"font-size: 16px\">ODM\/OEM<\/p>\n<\/td>\n<td width=\"298\">\n<p style=\"font-size: 16px\">Disponible<\/p>\n<\/td>\n<\/tr>\n<tr>\n<td width=\"298\">\n<p style=\"font-size: 16px\">MOQ para pedidos personalizados<\/p>\n<\/td>\n<td width=\"298\">\n<p style=\"font-size: 16px\">3000 piezas<\/p>\n<\/td>\n<\/tr>\n<tr>\n<td width=\"298\">\n<p style=\"font-size: 16px\">costo de la muestra<\/p>\n<\/td>\n<td width=\"298\">\n<p style=\"font-size: 16px\">US$400\/muestra, devoluci\u00f3n completa despu\u00e9s del pedido de nosotros<\/p>\n<\/td>\n<\/tr>\n<\/tbody>\n<\/table>\n<p style=\"font-size: 16px;line-height: 1.5\"><span style=\"font-family: arial, helvetica, sans-serif\">Kit de inicio de hierbas para interiores de 18 piezas preparado: todo lo que necesita para traer la alegr\u00eda de cultivar hierbas sabrosas a su vida o la de un ser querido. Es simple: nuestras conjeturas sobre el cultivo de hierbas a partir de semillas, lo guiar\u00e1n en cada paso del camino. \u00a1Plantalo! <\/span><br \/><span style=\"font-family: arial, helvetica, sans-serif\">Los siguientes elementos est\u00e1n incluidos en el kit. 4 macetas de fibra de bamb\u00fa 4 discos de tierra prefertilizados 4 paquetes de semillas frescas 4 marcadores de plantas de bamb\u00fa 1 medidor de humedad 1 gu\u00eda de plantaci\u00f3n paso a paso 1 caja de regalo personalizada Pot It: 4 macetas reutilizables: del tama\u00f1o adecuado para pl\u00e1ntulas, con amplio drenaje y bandejas de goteo innovadoras. Guardar y reutilizar. Siembra: 4 paquetes de semillas premium \u2013 4 hierbas diferentes: albahaca, perejil, ceboll\u00edn y cilantro. Todas las semillas se prueban para las tasas de germinaci\u00f3n m\u00e1s altas. Alim\u00e9ntelo: 4 discos de suelo ricos en nutrientes: agregue agua y se hinchar\u00e1n hasta 6-8 veces su tama\u00f1o original. Pre-fertilizar. Medidor de humedad: \u00a1nunca sobre plantas bajo el agua! Vea ahora cu\u00e1nta agua necesitan sus plantas. M\u00e1rcalo: 4 marcadores de bamb\u00fa: los marcadores te ayudan a identificar tus pl\u00e1ntulas a medida que crecen. \u00a1Ac\u00e9ptalo! :C\u00f3mo usar: lo explicamos paso a paso para que pueda cultivar hierbas fabulosas. Plante su camino de alegr\u00eda: \u00a1\u00e1melo o le devolvemos su dinero! Si encuentra dificultades con cualquier aspecto del proceso, no dude en ponerse en contacto con nosotros. Estamos comprometidos a ayudarlo hasta que obtenga los resultados que desea.<\/span><\/p>\n<h3 style=\"font-size: 19px\"><span style=\"font-family: arial, helvetica, sans-serif\">Albahaca:<\/span><\/h3>\n<p style=\"font-size: 16px\"><span style=\"font-family: arial, helvetica, sans-serif;font-size: 16px\">Periodo de floraci\u00f3n: julio a octubre<\/span><br \/><span style=\"font-family: arial, helvetica, sans-serif;font-size: 16px\">Categor\u00eda: hierba bienal<\/span><br \/><span style=\"font-family: arial, helvetica, sans-serif;font-size: 16px\">Familia: Lamiaceae<\/span><br \/><span style=\"font-family: arial, helvetica, sans-serif;font-size: 16px\">H\u00e1bitos: Me gustan los lugares c\u00e1lidos y soleados, el suelo debe ser f\u00e9rtil y es dif\u00edcil germinar por debajo de los 20 grados.<\/span><br \/><span style=\"font-family: arial, helvetica, sans-serif;font-size: 16px\">Resistencia al fr\u00edo: d\u00e9bil<\/span><br \/><span style=\"font-family: arial, helvetica, sans-serif;font-size: 16px\">Altura de la planta: 50~80cm<\/span><br \/><span style=\"font-family: arial, helvetica, sans-serif;font-size: 16px\">Propagaci\u00f3n: siembra (pertenece a semillas de tama\u00f1o mediano, se puede sembrar con bloques de pl\u00e1ntulas o bandejas de agujeros, 2 semillas por hoyo o transmisi\u00f3n en vivo), esquejes<\/span><br \/><span style=\"font-family: arial, helvetica, sans-serif;font-size: 16px\">Temperatura adecuada para la germinaci\u00f3n: 20~30 grados<\/span><br \/><span style=\"font-family: arial, helvetica, sans-serif;font-size: 16px\">Tiempo de germinaci\u00f3n: 5~10 d\u00edas<\/span><br \/><span style=\"font-family: arial, helvetica, sans-serif;font-size: 16px\">Temperatura adecuada para el crecimiento: 20~35 grados<\/span><\/p>\n<p style=\"font-size: 16px;line-height: 1.5\"><span style=\"font-family: arial, helvetica, sans-serif\">Tres condiciones esenciales para la germinaci\u00f3n de semillas: temperatura, luz y humedad<\/span><br \/><span style=\"font-family: arial, helvetica, sans-serif\">Temperatura: En t\u00e9rminos generales, la temperatura de germinaci\u00f3n de las semillas de vainilla est\u00e1 entre 20-30 grados, dependiendo de la especie. Por ejemplo, la temperatura de germinaci\u00f3n de la lavanda es de 28-30 grados. Para la menta, puede estar a 20-25 grados.<\/span><br \/><span style=\"font-family: arial, helvetica, sans-serif\">Iluminaci\u00f3n: seg\u00fan los requisitos de luz para la germinaci\u00f3n de semillas, se divide en tres tipos: buena luz, aversi\u00f3n a la luz y luz concurrente. Buena luz significa que las semillas deben estar expuestas a la luz para la germinaci\u00f3n, y aversi\u00f3n a la luz significa que las semillas deben estar cubiertas para la germinaci\u00f3n. Bajo germinaci\u00f3n y fotofobia, la germinaci\u00f3n de semillas no tiene requisitos estrictos sobre la luz. Las hierbas comunes son generalmente semillas af\u00f3bicas a la luz. Es decir, las semillas no necesitan luz para germinar.<\/span><br \/><span style=\"font-family: arial, helvetica, sans-serif\">Humedad: Durante el proceso de germinaci\u00f3n, las semillas deben tener suficiente agua para completar todo el proceso de germinaci\u00f3n.<\/span><\/p>\n<h3 style=\"font-size: 19px;line-height: 1.5\"><span style=\"font-family: arial, helvetica, sans-serif\">Manejo post-siembra:<\/span><\/h3>\n<p style=\"font-size: 16px;line-height: 1.5\"><span style=\"font-family: arial, helvetica, sans-serif\">Para la siembra, la caja de semillas debe colocarse en un lugar fresco sin luz solar directa. La caja se puede cubrir con una tela de vidrio o pl\u00e1stico y luego se puede abrir despu\u00e9s de que las semillas germinen. Las semillas que necesitan germinar en la oscuridad se pueden cubrir con una capa de tela negra o peri\u00f3dico. El riego debe hacerse con extremo cuidado para no lavar las semillas.<\/span><\/p><\/p>","protected":false},"excerpt":{"rendered":"<p>Kit de cultivo de jard\u00edn de hierbas \u2013 Kit completo \u2013 Cultiva f\u00e1cilmente 4 hierbas de interior a partir de semillas (albahaca, cilantro, cebollino y perejil) y gu\u00eda completa \u2013 Regalos \u00fanicos de jardiner\u00eda para mujeres y hombres: kit de inicio de plantas<\/p>","protected":false},"featured_media":13349,"comment_status":"open","ping_status":"closed","template":"","meta":[],"product_cat":[50],"product_tag":[183,52,179,176,568,181,178],"acf":[],"_links":{"self":[{"href":"https:\/\/www.garden-kit.com\/es\/wp-json\/wp\/v2\/product\/1485"}],"collection":[{"href":"https:\/\/www.garden-kit.com\/es\/wp-json\/wp\/v2\/product"}],"about":[{"href":"https:\/\/www.garden-kit.com\/es\/wp-json\/wp\/v2\/types\/product"}],"replies":[{"embeddable":true,"href":"https:\/\/www.garden-kit.com\/es\/wp-json\/wp\/v2\/comments?post=1485"}],"wp:featuredmedia":[{"embeddable":true,"href":"https:\/\/www.garden-kit.com\/es\/wp-json\/wp\/v2\/media\/13349"}],"wp:attachment":[{"href":"https:\/\/www.garden-kit.com\/es\/wp-json\/wp\/v2\/media?parent=1485"}],"wp:term":[{"taxonomy":"product_cat","embeddable":true,"href":"https:\/\/www.garden-kit.com\/es\/wp-json\/wp\/v2\/product_cat?post=1485"},{"taxonomy":"product_tag","embeddable":true,"href":"https:\/\/www.garden-kit.com\/es\/wp-json\/wp\/v2\/product_tag?post=1485"}],"curies":[{"name":"wp","href":"https:\/\/api.w.org\/{rel}","templated":true}]}}