{"id":14889,"date":"2023-05-09T11:43:49","date_gmt":"2023-05-09T03:43:49","guid":{"rendered":"https:\/\/www.garden-kit.com\/product\/plantable-bookmarks\/"},"modified":"2024-03-07T10:13:48","modified_gmt":"2024-03-07T02:13:48","slug":"plantable-bookmarks","status":"publish","type":"product","link":"https:\/\/www.garden-kit.com\/es\/product\/plantable-bookmarks\/","title":{"rendered":"Marcadores Plantables"},"content":{"rendered":"<p>Un marcap\u00e1ginas para plantar es un tipo de marcap\u00e1ginas ecol\u00f3gico que no s\u00f3lo puede utilizarse como un marcap\u00e1ginas normal, sino que tambi\u00e9n puede plantarse en el momento adecuado para que las semillas germinen y se conviertan en hermosas plantas. Este tipo de marcap\u00e1ginas suele estar hecho de papel biodegradable con algunas semillas de plantas, como flores, plantas, verduras, etc., intercaladas en el papel.<\/p>\n<p>El uso de marcadores plantables puede hacer que las personas presten m\u00e1s atenci\u00f3n a la protecci\u00f3n del medio ambiente y el equilibrio ecol\u00f3gico, y al plantar las semillas en el marcador, tambi\u00e9n puede acercar a las personas a la naturaleza y aumentar la diversi\u00f3n de la vida.<\/p>\n<h3 style=\"font-size: 19px\">Ventajas de los marcap\u00e1ginas plantables<\/h3>\n<p>Los marcadores plantables tienen varias ventajas:<\/p>\n<ol>\n<li>Protecci\u00f3n del medio ambiente: Los marcap\u00e1ginas de bricolaje para plantar suelen estar hechos de materiales biodegradables y pueden enterrarse directamente en la tierra despu\u00e9s de su uso sin contaminar el medio ambiente.<\/li>\n<li>Pr\u00e1ctico: adem\u00e1s de utilizarse como marcap\u00e1ginas, los marcap\u00e1ginas plantables tambi\u00e9n pueden plantarse en el momento adecuado para que las semillas germinen y se conviertan en hermosas plantas. Esto no s\u00f3lo cumplir\u00e1 una funci\u00f3n decorativa, sino que tambi\u00e9n aumentar\u00e1 la diversi\u00f3n de vivir.<\/li>\n<li>Econ\u00f3mico: En comparaci\u00f3n con los marcap\u00e1ginas ordinarios, aunque los marcap\u00e1ginas plantables diy pueden ser ligeramente m\u00e1s caros, pero tienen una vida \u00fatil m\u00e1s larga, y pueden desempe\u00f1ar un papel decorativo y de protecci\u00f3n del medio ambiente, por lo que son m\u00e1s econ\u00f3micos y pr\u00e1cticos en su uso a largo plazo.<\/li>\n<\/ol>\n<p>En resumen, los marcap\u00e1ginas plantables no s\u00f3lo son pr\u00e1cticos, sino que tambi\u00e9n tienen m\u00faltiples ventajas, como la protecci\u00f3n del medio ambiente, la educaci\u00f3n y la econom\u00eda, que son bien recibidas y favorecidas por cada vez m\u00e1s personas.<\/p>\n<h3 style=\"font-size: 19px\">El significado educativo de los marcap\u00e1ginas plantables<\/h3>\n<p>Adem\u00e1s de las m\u00faltiples ventajas de protecci\u00f3n del medio ambiente, practicidad y decoraci\u00f3n, los marcap\u00e1ginas plantados DIY tambi\u00e9n tienen cierto significado educativo.<\/p>\n<p>En primer lugar, los marcap\u00e1ginas plantables pueden ayudar a los ni\u00f1os a comprender el proceso de germinaci\u00f3n de las semillas y a desarrollar su capacidad de observaci\u00f3n, paciencia y sentido de la responsabilidad. Cuando los ni\u00f1os entierran las semillas en la tierra, las observan y esperan a que germinen y crezcan, pueden tener una comprensi\u00f3n m\u00e1s profunda del proceso de crecimiento de las plantas y una percepci\u00f3n y un sentimiento m\u00e1s profundos de la naturaleza.<\/p>\n<p>En segundo lugar, los marcap\u00e1ginas DIY plantables pueden ayudar a los ni\u00f1os a aprender los conceptos b\u00e1sicos de las plantas, como sus nombres, caracter\u00edsticas y entorno de crecimiento. Al mismo tiempo, los ni\u00f1os pueden aprender la importancia de las plantas y c\u00f3mo proteger el medio ambiente y el equilibrio ecol\u00f3gico en el proceso de plantaci\u00f3n.<\/p>\n<p>Finalmente, mediante el uso de marcadores plantables, los padres pueden explorar la naturaleza y aprender sobre las plantas con sus hijos, mejorando la relaci\u00f3n entre padres e hijos y tambi\u00e9n pudiendo tener un impacto positivo en la salud mental de sus hijos.<\/p>\n<h3 style=\"font-size: 19px\">C\u00f3mo cuidar el marcap\u00e1ginas plantable<\/h3>\n<p>Col\u00f3quelos en un lugar bien iluminado: los marcadores plantables necesitan mucha luz solar para germinar y crecer, por lo que colocarlos junto a una ventana o en un balc\u00f3n es una buena opci\u00f3n.<\/p>\n<ol>\n<li>Riega semanalmente: Mantener la tierra h\u00fameda es clave para que las semillas germinen, por lo que debes regar una vez a la semana. Sin embargo, tambi\u00e9n es importante evitar regar en exceso, ya que esto puede hacer que la tierra se humedezca demasiado.<\/li>\n<li>Controle la temperatura: para la mayor\u00eda de las plantas, una temperatura entre 15 \u00b0C y 25 \u00b0C es \u00f3ptima para el crecimiento. Por lo tanto, debe mantener la temperatura ambiente lo m\u00e1s adecuada posible.<\/li>\n<li>Preste atenci\u00f3n a cambiar las macetas en el momento adecuado: si el marcador plantable produce brotes, entonces debe trasplantarse r\u00e1pidamente a un suelo y una maceta adecuados.<\/li>\n<li>Fertilice regularmente: a medida que crece el marcador plantable, debe fertilizarse en el momento adecuado para proporcionar los nutrientes necesarios.<\/li>\n<\/ol>\n<p>En resumen, el cuidado de un marcap\u00e1ginas vegetal requiere algo de paciencia y atenci\u00f3n, pero si sigues los m\u00e9todos anteriores, conseguir\u00e1s un regalo divertido, ecol\u00f3gico y lleno de vida.<\/p>\n<h3 style=\"font-size: 19px\">Preguntas m\u00e1s frecuentes<\/h3>\n<p>P: \u00bfQu\u00e9 son las semillas en el marcap\u00e1ginas plantable?<br \/>R: Por lo general, las semillas en un marcador plantable son semillas de flores o vegetales f\u00e1ciles de cultivar, como girasoles, menta, r\u00e1banos, etc. Sin embargo, el tipo exacto y la cantidad de semillas pueden ser diferentes. Sin embargo, el tipo exacto y la cantidad de semillas pueden variar de un fabricante a otro.<\/p>\n<p>P: \u00bfC\u00f3mo necesito usar el marcap\u00e1ginas plantable?<br \/>R: Cuando utilice un marcap\u00e1ginas plantable, util\u00edcelo primero como un marcap\u00e1ginas normal. Cuando necesite reemplazar el marcador, enti\u00e9rrelo en el suelo, teniendo cuidado de enterrarlo profundamente, ri\u00e9guelo bien y luego espere a que las semillas germinen y crezcan.<\/p>\n<p>P: \u00bfD\u00f3nde se pueden plantar marcadores plantables?<br \/>R: Los marcap\u00e1ginas DIY se pueden plantar en cualquier lugar apto para ello, como macetas, jardines o parterres exteriores. Sin embargo, cuando elijas un lugar para plantar, debes prestar atenci\u00f3n a condiciones como la luz solar plena y un buen drenaje.<\/p>\n<p>P: \u00bfCu\u00e1l es la vida \u00fatil de un marcap\u00e1ginas plantable?<br \/>R: La vida \u00fatil de los marcap\u00e1ginas plantables diy depende del m\u00e9todo de almacenamiento y de las condiciones ambientales, normalmente entre 6 meses y 1 a\u00f1o. El almacenamiento debe evitar las altas temperaturas y la humedad.<\/p>\n<p>P: \u00bfCu\u00e1nto cuestan los marcap\u00e1ginas plantables?<br \/>R: El precio de los marcap\u00e1ginas plantados var\u00eda seg\u00fan el fabricante, el tipo y la cantidad de semillas, etc. En general, los marcap\u00e1ginas plantados son un poco m\u00e1s caros que los marcap\u00e1ginas normales, pero tambi\u00e9n tienen muchas ventajas, como ser m\u00e1s ecol\u00f3gicos, pr\u00e1cticos y decorativos.<\/p>\n<h3 style=\"list-style-type: revert;font-size: 19px\">C\u00f3mo se hacen los marcadores plantables<\/h3>\n<p style=\"list-style-type: revert\">Los marcap\u00e1ginas plantados se hacen incrustando semillas en el papel. El papel utilizado suele estar hecho de materiales reciclados, y las semillas pueden variar en funci\u00f3n del tipo de planta que vaya a crecer. Las semillas se mezclan con una pasta hecha de papel reciclado y agua, y luego se extiende la mezcla y se deja secar. Una vez seca, se corta en forma de marcap\u00e1ginas y se empaqueta para su venta. El proceso es sencillo y requiere un m\u00ednimo de recursos, lo que lo convierte en una opci\u00f3n respetuosa con el medio ambiente.<\/p>\n<h3 style=\"list-style-type: revert;font-size: 19px\">Los diferentes tipos de marcadores Plantable disponibles<\/h3>\n<p style=\"list-style-type: revert\">Los marcadores plantables vienen en una variedad de formas, tama\u00f1os y dise\u00f1os. Algunos tienen forma de hojas, flores o animales, mientras que otros tienen impresas citas inspiradoras o referencias literarias. Los tipos de semillas incrustadas en los marcadores tambi\u00e9n pueden variar. Algunos marcadores contienen semillas de flores silvestres, mientras que otros contienen hierbas o vegetales. La variedad de opciones disponibles hace que sea f\u00e1cil encontrar un marcap\u00e1ginas plantable que se adapte a su estilo e intereses personales.<\/p>\n<h3 style=\"list-style-type: revert;font-size: 19px\">C\u00f3mo usar marcadores plantables<\/h3>\n<p style=\"list-style-type: revert\">Utilizar un marcap\u00e1ginas vegetal es muy sencillo. Util\u00edzalo como lo har\u00edas con un marcap\u00e1ginas tradicional para marcar tu lugar en un libro. Cuando termines de leer el libro, en lugar de tirar el marcap\u00e1ginas, pl\u00e1ntalo en la tierra. Aseg\u00farate de seguir las instrucciones que vienen con el marcap\u00e1ginas para que las semillas crezcan con \u00e9xito. Con un poco de cuidado y paciencia, pronto tendr\u00e1s una planta creciendo de tu marcap\u00e1ginas.<\/p>\n<h3 style=\"list-style-type: revert;font-size: 19px\">El impacto de los marcadores Plantable en la experiencia de lectura<\/h3>\n<p style=\"list-style-type: revert\">Los marcap\u00e1ginas DIY plantables a\u00f1aden un toque \u00fanico a la experiencia de la lectura. No s\u00f3lo son funcionales, sino tambi\u00e9n visualmente atractivos. El acto de plantar el marcap\u00e1ginas despu\u00e9s de terminar el libro tambi\u00e9n crea una sensaci\u00f3n de conexi\u00f3n con la naturaleza y el medio ambiente. Es una forma peque\u00f1a pero significativa de incorporar la sostenibilidad a nuestra vida cotidiana.<\/p>\n<h3 style=\"list-style-type: revert;font-size: 19px\">Marcap\u00e1ginas DIY Plantable: una gu\u00eda paso a paso<\/h3>\n<p style=\"list-style-type: revert\">Hacer tus propios marcadores plantables es un proyecto de bricolaje divertido y f\u00e1cil. Aqu\u00ed est\u00e1 c\u00f3mo hacerlo:<\/p>\n<ol style=\"list-style-type: revert\">\n<li>Re\u00fana materiales: papel reciclado, agua, semillas, una licuadora, un taz\u00f3n y un cortador de galletas con la forma que elija.<\/li>\n<li>Mezcle el papel y el agua en una licuadora hasta que se forme una pulpa.<\/li>\n<li>Vierta la pulpa en un taz\u00f3n y mezcle las semillas.<\/li>\n<li>Usa el cortador de galletas para cortar la pulpa en la forma que prefieras.<\/li>\n<li>Coloque los marcadores en una superficie plana para que se sequen durante 24 horas.<\/li>\n<li>Una vez que los marcadores est\u00e9n secos, \u00a1estar\u00e1n listos para usar!<\/li>\n<\/ol>\n<h3 style=\"list-style-type: revert;font-size: 19px\">Conclusi\u00f3n<\/h3>\n<p style=\"list-style-type: revert\">Los marcap\u00e1ginas plantables son una forma peque\u00f1a pero significativa de incorporar la sostenibilidad a nuestros h\u00e1bitos de lectura. Con ellos reducimos los residuos de papel, fomentamos la biodiversidad y apoyamos el medio ambiente. Con una gran variedad de opciones disponibles, hay un marcap\u00e1ginas para cada persona. As\u00ed que, la pr\u00f3xima vez que cojas un libro, piensa en utilizar un marcap\u00e1ginas vegetal y ver\u00e1s c\u00f3mo crece tu amor por la lectura y la naturaleza.<\/p>","protected":false},"excerpt":{"rendered":"<p>No vuelvas a perder la p\u00e1gina con nuestros marcap\u00e1ginas plantables. Fabricados con materiales ecol\u00f3gicos, estos marcap\u00e1ginas llevan incrustadas semillas de flores silvestres que se pueden plantar despu\u00e9s de usarlos. S\u00f3lo tienes que meter el marcap\u00e1ginas en la tierra, regarlo regularmente y ver c\u00f3mo crece hasta convertirse en una hermosa planta. Disponibles en una gran variedad de divertidos dise\u00f1os, nuestros marcap\u00e1ginas plantables son la forma perfecta de marcar tu lugar en tu libro favorito y, al mismo tiempo, tener un impacto positivo en el medio ambiente. Desp\u00eddete de los aburridos marcap\u00e1ginas de papel y da la bienvenida a nuestros marcap\u00e1ginas plantables, sostenibles y con estilo.<\/p><\/p>","protected":false},"featured_media":17852,"comment_status":"open","ping_status":"closed","template":"","meta":[],"product_cat":[67],"product_tag":[692,696,697,649,698,691,693,699,694,695],"acf":[],"_links":{"self":[{"href":"https:\/\/www.garden-kit.com\/es\/wp-json\/wp\/v2\/product\/14889"}],"collection":[{"href":"https:\/\/www.garden-kit.com\/es\/wp-json\/wp\/v2\/product"}],"about":[{"href":"https:\/\/www.garden-kit.com\/es\/wp-json\/wp\/v2\/types\/product"}],"replies":[{"embeddable":true,"href":"https:\/\/www.garden-kit.com\/es\/wp-json\/wp\/v2\/comments?post=14889"}],"wp:featuredmedia":[{"embeddable":true,"href":"https:\/\/www.garden-kit.com\/es\/wp-json\/wp\/v2\/media\/17852"}],"wp:attachment":[{"href":"https:\/\/www.garden-kit.com\/es\/wp-json\/wp\/v2\/media?parent=14889"}],"wp:term":[{"taxonomy":"product_cat","embeddable":true,"href":"https:\/\/www.garden-kit.com\/es\/wp-json\/wp\/v2\/product_cat?post=14889"},{"taxonomy":"product_tag","embeddable":true,"href":"https:\/\/www.garden-kit.com\/es\/wp-json\/wp\/v2\/product_tag?post=14889"}],"curies":[{"name":"wp","href":"https:\/\/api.w.org\/{rel}","templated":true}]}}