{"id":1507,"date":"2022-08-23T23:41:02","date_gmt":"2022-08-23T15:41:02","guid":{"rendered":"http:\/\/www.garden-kit.com\/product\/indoor-herb-garden-starter-kit\/"},"modified":"2023-04-03T11:35:52","modified_gmt":"2023-04-03T03:35:52","slug":"indoor-herb-garden-starter-kit-2","status":"publish","type":"product","link":"https:\/\/www.garden-kit.com\/es\/product\/indoor-herb-garden-starter-kit-2\/","title":{"rendered":"Kit de inicio de jard\u00edn de hierbas para interiores"},"content":{"rendered":"<h3 style=\"line-height: 1.5;font-size: 19px\"><span style=\"font-family: arial, helvetica, sans-serif;font-size: 16px\">Descripci\u00f3n general<\/span><\/h3>\n<table style=\"border-collapse: collapse;width: 100%;height: 248px\">\n<tbody>\n<tr style=\"height: 30.8438px\">\n<td style=\"width: 49.4196%;height: 30.8438px\" width=\"298\"><span style=\"font-family: arial, helvetica, sans-serif;font-size: 16px\">Instrucciones de cuidado del producto<\/span><\/td>\n<td style=\"width: 49.4196%;height: 30.8438px\" width=\"298\"><span style=\"font-family: arial, helvetica, sans-serif;font-size: 16px\">Disponible<\/span><\/td>\n<\/tr>\n<tr style=\"height: 30.8438px\">\n<td style=\"width: 49.4196%;height: 30.8438px\" width=\"298\"><span style=\"font-family: arial, helvetica, sans-serif;font-size: 16px\">Tipo de producto vegetal<\/span><\/td>\n<td style=\"width: 49.4196%;height: 30.8438px\" width=\"298\"><span style=\"font-family: arial, helvetica, sans-serif;font-size: 16px\">Hierbas<\/span><\/td>\n<\/tr>\n<tr style=\"height: 30.8438px\">\n<td style=\"width: 49.4196%;height: 30.8438px\" width=\"298\"><span style=\"font-family: arial, helvetica, sans-serif;font-size: 16px\">Caracter\u00edstica especial<\/span><\/td>\n<td style=\"width: 49.4196%;height: 30.8438px\" width=\"298\"><span style=\"font-family: arial, helvetica, sans-serif;font-size: 16px\">Cultivo Interior-Exterior<\/span><\/td>\n<\/tr>\n<tr style=\"height: 30.8438px\">\n<td style=\"width: 49.4196%;height: 30.8438px\" width=\"298\"><span style=\"font-family: arial, helvetica, sans-serif;font-size: 16px\">Marca<\/span><\/td>\n<td style=\"width: 49.4196%;height: 30.8438px\" width=\"298\"><span style=\"font-family: arial, helvetica, sans-serif;font-size: 16px\">Juego de jard\u00edn<\/span><\/td>\n<\/tr>\n<tr style=\"height: 30.8438px\">\n<td style=\"width: 49.4196%;height: 30.8438px\" width=\"298\"><span style=\"font-family: arial, helvetica, sans-serif;font-size: 16px\">Lugar de origen<\/span><\/td>\n<td style=\"width: 49.4196%;height: 30.8438px\" width=\"298\"><span style=\"font-family: arial, helvetica, sans-serif;font-size: 16px\">Fuji\u00e1n, China<\/span><\/td>\n<\/tr>\n<tr style=\"height: 30.8438px\">\n<td style=\"width: 49.4196%;height: 30.8438px\" width=\"298\"><span style=\"font-family: arial, helvetica, sans-serif;font-size: 16px\">ODM\/OEM<\/span><\/td>\n<td style=\"width: 49.4196%;height: 30.8438px\" width=\"298\"><span style=\"font-family: arial, helvetica, sans-serif;font-size: 16px\">Disponible<\/span><\/td>\n<\/tr>\n<tr style=\"height: 30.8438px\">\n<td style=\"width: 49.4196%;height: 30.8438px\" width=\"298\"><span style=\"font-family: arial, helvetica, sans-serif;font-size: 16px\">MOQ para pedidos personalizados<\/span><\/td>\n<td style=\"width: 49.4196%;height: 30.8438px\" width=\"298\"><span style=\"font-family: arial, helvetica, sans-serif;font-size: 16px\">3000 piezas<\/span><\/td>\n<\/tr>\n<tr style=\"height: 32.0938px\">\n<td style=\"width: 49.4196%;height: 32.0938px\" width=\"298\"><span style=\"font-family: arial, helvetica, sans-serif;font-size: 16px\">costo de la muestra<\/span><\/td>\n<td style=\"width: 49.4196%;height: 32.0938px\" width=\"298\"><span style=\"font-family: arial, helvetica, sans-serif;font-size: 16px\">US$400\/muestra, devoluci\u00f3n completa despu\u00e9s de nuestro pedido<\/span><\/td>\n<\/tr>\n<\/tbody>\n<\/table>\n<p style=\"line-height: 1.5\">&nbsp;<\/p>\n<p style=\"line-height: 1.5\"><span style=\"font-family: arial, helvetica, sans-serif;font-size: 16px\">Kit de inicio de hierbas para interiores de 18 piezas preparado: todo lo que necesita para traer la alegr\u00eda de cultivar hierbas sabrosas a su vida o la de un ser querido. Es simple: nuestras conjeturas sobre el cultivo de hierbas a partir de semillas, lo guiar\u00e1n en cada paso del camino. \u00a1Plantalo!<\/span><\/p>\n<p style=\"line-height: 1.5\">&nbsp;<\/p>\n<p style=\"line-height: 1.5\"><span style=\"font-family: arial, helvetica, sans-serif;font-size: 16px\">Los siguientes elementos est\u00e1n incluidos en el kit.<\/span><\/p>\n<p style=\"line-height: 1.5\"><span style=\"font-family: arial, helvetica, sans-serif;font-size: 16px\">4 paquetes de semillas para plantas de interior,<\/span><\/p>\n<p style=\"line-height: 1.5\"><span style=\"font-family: arial, helvetica, sans-serif;font-size: 16px\">1 tijera de jardiner\u00eda,<\/span><\/p>\n<p style=\"line-height: 1.5\"><span style=\"font-family: arial, helvetica, sans-serif;font-size: 16px\">4 bolsas de cultivo de arpillera,<\/span><\/p>\n<p style=\"line-height: 1.5\"><span style=\"font-family: arial, helvetica, sans-serif;font-size: 16px\">4 discos de tierra para macetas,<\/span><\/p>\n<p style=\"line-height: 1.5\"><span style=\"font-family: arial, helvetica, sans-serif;font-size: 16px\">4 marcadores de plantas de bamb\u00fa,<\/span><\/p>\n<p style=\"line-height: 1.5\"><span style=\"font-family: arial, helvetica, sans-serif;font-size: 16px\">1 macetero de madera<\/span><\/p>\n<p style=\"line-height: 1.5\">&nbsp;<\/p>\n<p style=\"line-height: 1.5\"><span style=\"font-family: arial, helvetica, sans-serif;font-size: 16px\">Cultiva tu propio jard\u00edn de hierbas: disfruta de los sabores frescos del cilantro de cosecha propia, el perejil italiano de hoja grande, el tomillo ingl\u00e9s y la albahaca genovesa, \u00a1directamente del jard\u00edn de hierbas de tu cocina a tu plato! Tanto si acaba de plantar su primera planta de menta como si ya es un experto en jardiner\u00eda de interior, nuestros kits de jard\u00edn de hierbas incluyen semillas de alta calidad reci\u00e9n cosechadas para prosperar en su jard\u00edn de hierbas de interior.<\/span><\/p>\n<p style=\"line-height: 1.5\">&nbsp;<\/p>\n<p style=\"line-height: 1.5\"><span style=\"font-family: arial, helvetica, sans-serif;font-size: 16px\">Todo lo que necesita para su jard\u00edn de hierbas en el alf\u00e9izar de la ventana: nuestro kit b\u00e1sico de jard\u00edn de hierbas para interiores ya contiene todos los suministros que necesita para comenzar, incluidas instrucciones detalladas, 4 paquetes de semillas de plantas de interior, tijeras de jard\u00edn, 4 bolsas de cultivo de arpillera, 4 Una bandeja de tierra para macetas, 4 marcadores de plantas de bamb\u00fa y una caja de madera que tambi\u00e9n sirve como maceta. \u00a1Ning\u00fan viaje adicional a la guarder\u00eda!<\/span><\/p>\n<p style=\"line-height: 1.5\">&nbsp;<\/p>\n<p style=\"line-height: 1.5\"><span style=\"font-family: arial, helvetica, sans-serif;font-size: 16px\">Soporte de crecimiento experto: hemos ido m\u00e1s all\u00e1 cuando se trata de soporte. Nuestro kit de inicio de jard\u00edn de hierbas viene con un equipo de expertos en jardiner\u00eda y jardineros para responder preguntas, un cultivador ayuda al bot a trabajar a trav\u00e9s de FB Messenger, una comunidad privada de cultivadores de FB para obtener ayuda adicional de otros clientes y nuestras sugerencias de jardineros, instrucciones detalladas y videos instructivos. . No solo est\u00e1 comprando un kit de hierbas para interiores, \u00a1est\u00e1 recibiendo orientaci\u00f3n en su viaje de jardiner\u00eda!<\/span><\/p>\n<p style=\"line-height: 1.5\">&nbsp;<\/p>\n<p style=\"line-height: 1.5\"><span style=\"font-family: arial, helvetica, sans-serif;font-size: 16px\">Regalos \u00fanicos para los jardineros novatos y los pulgares verdes: nuestros kits de hierbas son perfectos como regalos de inauguraci\u00f3n de la casa, kits de crecimiento de plantas para ni\u00f1os, regalos para cocineros y aquellos a los que les encanta cocinar, regalos para mujeres, regalos de jardiner\u00eda o cualquier persona que busque cultivar hierbas para jardiner\u00eda de interior. regalo para los amantes de las plantas! Sea cual sea la ocasi\u00f3n, este juego de hierbas es una gran adici\u00f3n a cualquier cocina, ventana o patio. \u00a1Incluso puede transferir plantas establecidas de un kit de jard\u00edn de hierbas para interiores a un jard\u00edn casero al aire libre!<\/span><\/p>\n<p style=\"line-height: 1.5\">&nbsp;<\/p>\n<p style=\"line-height: 1.5\"><span style=\"font-family: arial, helvetica, sans-serif;font-size: 16px\">Siempre cultivado en China: en el kit de jard\u00edn, nuestro objetivo es hacer que el arte de cultivar plantas sea simple y f\u00e1cil. accesible para todos. \u00a1Deseamos que su viaje de jardiner\u00eda interior sea un \u00e9xito! Nuestras semillas heredadas de hierbas no transg\u00e9nicas siempre se cultivan y prueban en China.<\/span><\/p><\/p>","protected":false},"excerpt":{"rendered":"<p>Heirloom, Semillas de hierbas sin OGM - Semillas de cilantro, perejil, tomillo de albahaca, tierra para macetas, macetas, tijeras - Kits de cultivo de bricolaje para cultivar hierbas en interiores, cocina, balc\u00f3n, alf\u00e9izar de ventana<\/p>","protected":false},"featured_media":13342,"comment_status":"open","ping_status":"closed","template":"","meta":[],"product_cat":[50],"product_tag":[183,179,181,55,178],"acf":[],"_links":{"self":[{"href":"https:\/\/www.garden-kit.com\/es\/wp-json\/wp\/v2\/product\/1507"}],"collection":[{"href":"https:\/\/www.garden-kit.com\/es\/wp-json\/wp\/v2\/product"}],"about":[{"href":"https:\/\/www.garden-kit.com\/es\/wp-json\/wp\/v2\/types\/product"}],"replies":[{"embeddable":true,"href":"https:\/\/www.garden-kit.com\/es\/wp-json\/wp\/v2\/comments?post=1507"}],"wp:featuredmedia":[{"embeddable":true,"href":"https:\/\/www.garden-kit.com\/es\/wp-json\/wp\/v2\/media\/13342"}],"wp:attachment":[{"href":"https:\/\/www.garden-kit.com\/es\/wp-json\/wp\/v2\/media?parent=1507"}],"wp:term":[{"taxonomy":"product_cat","embeddable":true,"href":"https:\/\/www.garden-kit.com\/es\/wp-json\/wp\/v2\/product_cat?post=1507"},{"taxonomy":"product_tag","embeddable":true,"href":"https:\/\/www.garden-kit.com\/es\/wp-json\/wp\/v2\/product_tag?post=1507"}],"curies":[{"name":"wp","href":"https:\/\/api.w.org\/{rel}","templated":true}]}}